{"id":2182,"date":"2024-11-20T02:57:43","date_gmt":"2024-11-20T02:57:43","guid":{"rendered":"https:\/\/keweicorten.com\/?post_type=product&#038;p=2182"},"modified":"2024-11-20T02:57:44","modified_gmt":"2024-11-20T02:57:44","slug":"korteninis-a588-grk-plienas","status":"publish","type":"product","link":"https:\/\/keweicorten.com\/lt\/korteninis-a588-grk-plienas\/","title":{"rendered":"Kortenas A588 GrK plienas"},"content":{"rendered":"<p>Corteno A588 GrK plieno savyb\u0117s ir privalumai:<br \/>\nAtsparumas oro s\u0105lygoms: A588 GrK plienas pasi\u017eymi dideliu atsparumu oro s\u0105lygoms ir gali b\u016bti atsparus atmosferos korozijai.<br \/>\nMechanin\u0117s savyb\u0117s: Plienas pasi\u017eymi dideliu atsparumu tempimui ir takumo riba kambario temperat\u016broje bei geromis pailg\u0117jimo savyb\u0117mis.<br \/>\nPla\u010diai naudojamas: Da\u017enai naudojamas tiltuose, dideliuose konteineriuose, kaminuose ir kitose konstrukcijose, ypa\u010d aplinkoje, kurioje reikia didelio atsparumo atmosferos poveikiui.<\/p>\n<p>U\u017esakymas ir pakavimas:<br \/>\nMinimalus u\u017esakymo dydis: Paprastai 1 tona ar daugiau, priklausomai nuo tiek\u0117jo reikalavim\u0173.<br \/>\nPakuot\u0117: Paprastai naudojamos vandeniui nelaid\u017eios plastikin\u0117s pakuot\u0117s, pakuot\u0117s su paketais arba birios transporto priemon\u0117s, kad b\u016bt\u0173 u\u017etikrintas saugumas transportavimo metu.<\/p>\n<table style=\"height: 411px;\" width=\"555\">\n<thead>\n<tr>\n<th>Turtas<\/th>\n<th>Vert\u0117<\/th>\n<\/tr>\n<\/thead>\n<tbody>\n<tr>\n<td><strong>Chemin\u0117 sud\u0117tis<\/strong><\/td>\n<td><\/td>\n<\/tr>\n<tr>\n<td>- Anglis (C)<\/td>\n<td>\u2264 0,27%<\/td>\n<\/tr>\n<tr>\n<td>- Manganas (Mn)<\/td>\n<td>0.65-1.30%<\/td>\n<\/tr>\n<tr>\n<td>- Fosforas (P)<\/td>\n<td>\u2264 0,04%<\/td>\n<\/tr>\n<tr>\n<td>- Siera (S)<\/td>\n<td>\u2264 0,05%<\/td>\n<\/tr>\n<tr>\n<td>- Silicis (Si)<\/td>\n<td>0.20-0.60%<\/td>\n<\/tr>\n<tr>\n<td>- Varis (Cu)<\/td>\n<td>0.20-0.40%<\/td>\n<\/tr>\n<tr>\n<td>- Nikelis (Ni)<\/td>\n<td>0.20-0.50%<\/td>\n<\/tr>\n<tr>\n<td>- Chromas (Cr)<\/td>\n<td>0.40-0.70%<\/td>\n<\/tr>\n<tr>\n<td><strong>Mechanin\u0117s savyb\u0117s<\/strong><\/td>\n<td><\/td>\n<\/tr>\n<tr>\n<td>- Tempimo j\u0117ga<\/td>\n<td>450-630 MPa<\/td>\n<\/tr>\n<tr>\n<td>- Derlingumo stipris<\/td>\n<td>\u2265 345 MPa<\/td>\n<\/tr>\n<tr>\n<td>- Pailg\u0117jimas<\/td>\n<td>\u2265 20%<\/td>\n<\/tr>\n<\/tbody>\n<\/table>\n<p><a href=\"https:\/\/keweicorten.com\/lt\"><img fetchpriority=\"high\" decoding=\"async\" class=\"alignnone wp-image-2183\" title=\"Kortenas A588 GrK plienas\" src=\"https:\/\/keweicorten.com\/wp-content\/uploads\/2024\/11\/\u8010\u5019\u94a2\u677f\u666f\u89c2\u5899\u5546\u6d1b@\u89c4\u683c\u9f50\u5168-\u5efa\u6750\u7f51_782f696a.jpg\" alt=\"Corten A588 GrK plienas pritaikytas, didmenin\u0117 prekyba, pigus, parduodamas, sand\u0117lyje-keweicorten\" width=\"558\" height=\"558\" srcset=\"https:\/\/keweicorten.com\/wp-content\/uploads\/2024\/11\/\u8010\u5019\u94a2\u677f\u666f\u89c2\u5899\u5546\u6d1b@\u89c4\u683c\u9f50\u5168-\u5efa\u6750\u7f51_782f696a.jpg 700w, https:\/\/keweicorten.com\/wp-content\/uploads\/2024\/11\/\u8010\u5019\u94a2\u677f\u666f\u89c2\u5899\u5546\u6d1b@\u89c4\u683c\u9f50\u5168-\u5efa\u6750\u7f51_782f696a-300x300.jpg 300w, https:\/\/keweicorten.com\/wp-content\/uploads\/2024\/11\/\u8010\u5019\u94a2\u677f\u666f\u89c2\u5899\u5546\u6d1b@\u89c4\u683c\u9f50\u5168-\u5efa\u6750\u7f51_782f696a-150x150.jpg 150w, https:\/\/keweicorten.com\/wp-content\/uploads\/2024\/11\/\u8010\u5019\u94a2\u677f\u666f\u89c2\u5899\u5546\u6d1b@\u89c4\u683c\u9f50\u5168-\u5efa\u6750\u7f51_782f696a-12x12.jpg 12w, https:\/\/keweicorten.com\/wp-content\/uploads\/2024\/11\/\u8010\u5019\u94a2\u677f\u666f\u89c2\u5899\u5546\u6d1b@\u89c4\u683c\u9f50\u5168-\u5efa\u6750\u7f51_782f696a-600x600.jpg 600w, https:\/\/keweicorten.com\/wp-content\/uploads\/2024\/11\/\u8010\u5019\u94a2\u677f\u666f\u89c2\u5899\u5546\u6d1b@\u89c4\u683c\u9f50\u5168-\u5efa\u6750\u7f51_782f696a-100x100.jpg 100w\" sizes=\"(max-width: 558px) 100vw, 558px\" \/><\/a><\/p>\n<table style=\"height: 72px;\" width=\"699\">\n<tbody>\n<tr>\n<td><strong>Parai\u0161kos<\/strong><\/td>\n<td>Tiltai, dideli konteineriai, kaminai, lauko statiniai<\/td>\n<\/tr>\n<tr>\n<td><strong>Atsparumas korozijai<\/strong><\/td>\n<td>Puikus atsparumas atmosferos korozijai<\/td>\n<\/tr>\n<\/tbody>\n<\/table>\n<p>&nbsp;<\/p>","protected":false},"excerpt":{"rendered":"<p>\"Corten A588 GrK\" plienas yra atmosferos poveikiui atsparus plienas, pasi\u017eymintis puikiu atsparumu korozijai ir mechanin\u0117mis savyb\u0117mis veikiant atmosferos s\u0105lygoms. \u0160is plienas yra didelio stiprio ma\u017eai legiruotas plienas, daugiausia sudarytas i\u0161 gele\u017eies, anglies, silicio, mangano ir vario, jame yra nedidelis kiekis fosforo, sieros, nikelio ir chromo.<\/p>","protected":false},"featured_media":2183,"comment_status":"open","ping_status":"closed","template":"","meta":{"_eb_attr":"","_monsterinsights_skip_tracking":false,"_monsterinsights_sitenote_active":false,"_monsterinsights_sitenote_note":"","_monsterinsights_sitenote_category":0,"_uf_show_specific_survey":0,"_uf_disable_surveys":false},"product_brand":[],"product_cat":[21],"product_tag":[],"class_list":{"0":"post-2182","1":"product","2":"type-product","3":"status-publish","4":"has-post-thumbnail","6":"product_cat-weather-resistant-steel-plate","8":"first","9":"instock","10":"shipping-taxable","11":"product-type-simple"},"_links":{"self":[{"href":"https:\/\/keweicorten.com\/lt\/wp-json\/wp\/v2\/product\/2182"}],"collection":[{"href":"https:\/\/keweicorten.com\/lt\/wp-json\/wp\/v2\/product"}],"about":[{"href":"https:\/\/keweicorten.com\/lt\/wp-json\/wp\/v2\/types\/product"}],"replies":[{"embeddable":true,"href":"https:\/\/keweicorten.com\/lt\/wp-json\/wp\/v2\/comments?post=2182"}],"version-history":[{"count":1,"href":"https:\/\/keweicorten.com\/lt\/wp-json\/wp\/v2\/product\/2182\/revisions"}],"predecessor-version":[{"id":2186,"href":"https:\/\/keweicorten.com\/lt\/wp-json\/wp\/v2\/product\/2182\/revisions\/2186"}],"wp:featuredmedia":[{"embeddable":true,"href":"https:\/\/keweicorten.com\/lt\/wp-json\/wp\/v2\/media\/2183"}],"wp:attachment":[{"href":"https:\/\/keweicorten.com\/lt\/wp-json\/wp\/v2\/media?parent=2182"}],"wp:term":[{"taxonomy":"product_brand","embeddable":true,"href":"https:\/\/keweicorten.com\/lt\/wp-json\/wp\/v2\/product_brand?post=2182"},{"taxonomy":"product_cat","embeddable":true,"href":"https:\/\/keweicorten.com\/lt\/wp-json\/wp\/v2\/product_cat?post=2182"},{"taxonomy":"product_tag","embeddable":true,"href":"https:\/\/keweicorten.com\/lt\/wp-json\/wp\/v2\/product_tag?post=2182"}],"curies":[{"name":"wp","href":"https:\/\/api.w.org\/{rel}","templated":true}]}}