{"id":2644,"date":"2024-12-02T02:50:12","date_gmt":"2024-12-02T02:50:12","guid":{"rendered":"https:\/\/keweicorten.com\/?post_type=product&#038;p=2644"},"modified":"2025-01-15T06:14:19","modified_gmt":"2025-01-15T06:14:19","slug":"granuliu-turgus","status":"publish","type":"product","link":"https:\/\/keweicorten.com\/lt\/granuliu-turgus\/","title":{"rendered":"granuli\u0173 turgus"},"content":{"rendered":"<p>\"Rocket Pellet\" krosnel\u0117s yra efektyv\u016bs, aplinkai nekenksmingi degimo \u012frenginiai, paprastai naudojami nam\u0173 \u0161ildymui ir lauko reikm\u0117ms. Juose suderintas raketin\u0117s krosnel\u0117s degimo efektyvumas ir granuli\u0173 kuro ekonomi\u0161kumas bei tvarumas.<\/p>\n<h2>Kokios yra raketin\u0117s granuli\u0173 krosnies charakteristikos\uff1f<\/h2>\n<ul>\n<li>Efektyvus degimas:<br \/>\nD\u0117l raketin\u0117s krosnies konstrukcijos degimo kameroje gali b\u016bti itin auk\u0161ta temperat\u016bra, tod\u0117l kuras visi\u0161kai sudega ir suma\u017e\u0117ja i\u0161metam\u0173j\u0173 duj\u0173 emisija.<\/li>\n<li>Naudojant granuli\u0173 kur\u0105:<br \/>\nGalima deginti atsinaujinant\u012f biomas\u0117s kur\u0105, pavyzd\u017eiui, medienos ir gr\u016bd\u0173 granules, o tai yra ekonomi\u0161ka ir ekologi\u0161ka.<\/li>\n<li>Ma\u017ea emisija:<br \/>\nSuma\u017eina anglies dioksido ir kenksming\u0173 med\u017eiag\u0173 i\u0161metim\u0105, tod\u0117l labai tinka vietov\u0117se, kuriose taikomi auk\u0161ti aplinkos apsaugos reikalavimai.<\/li>\n<li>Perne\u0161amumas:<br \/>\nKai kurie modeliai yra ma\u017ei, juos lengva ne\u0161iotis ir montuoti, jie tinka stovyklavimui lauke ir avariniam naudojimui.<\/li>\n<li>Daugiafunkcinis:<br \/>\nJ\u012f galima naudoti \u0161ildymui, maisto ruo\u0161imui, vandens virimui ir pan.<\/li>\n<\/ul>\n<p><a href=\"https:\/\/keweicorten.com\/lt\/susisiekite-su-mumis\/\"><img fetchpriority=\"high\" decoding=\"async\" class=\"alignnone wp-image-2645\" title=\"granuli\u0173 turgus\" src=\"https:\/\/keweicorten.com\/wp-content\/uploads\/2024\/12\/Pellet-torch-.jpg\" alt=\"granuli\u0173 tourch fabrikas, Kinija, kaina, gamintojai, tiek\u0117jai, pritaikyti, didmenin\u0117 prekyba, pig\u016bs, parduodami, sand\u0117lyje.-keweicorten \" width=\"678\" height=\"678\" srcset=\"https:\/\/keweicorten.com\/wp-content\/uploads\/2024\/12\/Pellet-torch-.jpg 899w, https:\/\/keweicorten.com\/wp-content\/uploads\/2024\/12\/Pellet-torch--300x300.jpg 300w, https:\/\/keweicorten.com\/wp-content\/uploads\/2024\/12\/Pellet-torch--150x150.jpg 150w, https:\/\/keweicorten.com\/wp-content\/uploads\/2024\/12\/Pellet-torch--768x768.jpg 768w, https:\/\/keweicorten.com\/wp-content\/uploads\/2024\/12\/Pellet-torch--12x12.jpg 12w, https:\/\/keweicorten.com\/wp-content\/uploads\/2024\/12\/Pellet-torch--600x600.jpg 600w, https:\/\/keweicorten.com\/wp-content\/uploads\/2024\/12\/Pellet-torch--100x100.jpg 100w\" sizes=\"(max-width: 678px) 100vw, 678px\" \/><\/a><\/p>\n<p>Taikymo scenarijus<br \/>\nNam\u0173 \u0161ildymas: Tinka ma\u017eiems namams, mediniams namams ar gara\u017eams \u0161altuoju met\u0173 laiku.<br \/>\nVeikla lauke: stovyklavimas, kepsnin\u0117s ir kt.<\/p>\n<p>Pirkimo pasi\u016blymas<br \/>\nSuderinamumas su degalais: Pasirinkite model\u012f, tinkam\u0105 vietiniam biomas\u0117s kurui.<br \/>\nKrosnies med\u017eiaga: auk\u0161tos kokyb\u0117s auk\u0161tai temperat\u016brai atsparus plienas arba ner\u016bdijan\u010dio plieno med\u017eiaga yra patvaresn\u0117.<br \/>\nSaugu naudoti: Patikrinkite d\u016bm\u0173 filtravim\u0105 ir liepsnos kontrol\u0119.<br \/>\nPrek\u0117s \u017eenklo k\u016brimas ir aptarnavimas po pardavimo: Pasirinkite patikim\u0105 gamintoj\u0105 ar tiek\u0117j\u0105.<\/p>\n<p><a href=\"https:\/\/keweicorten.com\/lt\/susisiekite-su-mumis\/\"><img decoding=\"async\" class=\"alignnone wp-image-2646 size-full\" title=\"med\u017eio granuli\u0173 \u0161ildytuvas\" src=\"https:\/\/keweicorten.com\/wp-content\/uploads\/2024\/12\/s-l500.jpg\" alt=\"med\u017eio granuli\u0173 \u0161ildytuvo kaina, gamintojai, tiek\u0117jai, pritaikyti, didmenin\u0117 prekyba, pig\u016bs, parduodami, sand\u0117lyje.-keweicorten\" width=\"375\" height=\"500\" srcset=\"https:\/\/keweicorten.com\/wp-content\/uploads\/2024\/12\/s-l500.jpg 375w, https:\/\/keweicorten.com\/wp-content\/uploads\/2024\/12\/s-l500-225x300.jpg 225w, https:\/\/keweicorten.com\/wp-content\/uploads\/2024\/12\/s-l500-9x12.jpg 9w\" sizes=\"(max-width: 375px) 100vw, 375px\" \/><\/a><\/p>","protected":false},"excerpt":{"rendered":"<p>Granulin\u0117s krosnel\u0117s - tai modern\u016bs degimo \u012frenginiai, naudojantys biomas\u0117s granuli\u0173 kur\u0105 (pvz., med\u017eio granules), pla\u010diai naudojami nam\u0173 \u0161ildymui ir komercin\u0117se patalpose.<\/p>","protected":false},"featured_media":2647,"comment_status":"open","ping_status":"closed","template":"","meta":{"_eb_attr":"","_monsterinsights_skip_tracking":false,"_monsterinsights_sitenote_active":false,"_monsterinsights_sitenote_note":"","_monsterinsights_sitenote_category":0,"_uf_show_specific_survey":0,"_uf_disable_surveys":false},"product_brand":[],"product_cat":[52],"product_tag":[],"class_list":{"0":"post-2644","1":"product","2":"type-product","3":"status-publish","4":"has-post-thumbnail","6":"product_cat-wood-pellet-tourch","8":"first","9":"instock","10":"shipping-taxable","11":"product-type-simple"},"_links":{"self":[{"href":"https:\/\/keweicorten.com\/lt\/wp-json\/wp\/v2\/product\/2644"}],"collection":[{"href":"https:\/\/keweicorten.com\/lt\/wp-json\/wp\/v2\/product"}],"about":[{"href":"https:\/\/keweicorten.com\/lt\/wp-json\/wp\/v2\/types\/product"}],"replies":[{"embeddable":true,"href":"https:\/\/keweicorten.com\/lt\/wp-json\/wp\/v2\/comments?post=2644"}],"version-history":[{"count":1,"href":"https:\/\/keweicorten.com\/lt\/wp-json\/wp\/v2\/product\/2644\/revisions"}],"predecessor-version":[{"id":2650,"href":"https:\/\/keweicorten.com\/lt\/wp-json\/wp\/v2\/product\/2644\/revisions\/2650"}],"wp:featuredmedia":[{"embeddable":true,"href":"https:\/\/keweicorten.com\/lt\/wp-json\/wp\/v2\/media\/2647"}],"wp:attachment":[{"href":"https:\/\/keweicorten.com\/lt\/wp-json\/wp\/v2\/media?parent=2644"}],"wp:term":[{"taxonomy":"product_brand","embeddable":true,"href":"https:\/\/keweicorten.com\/lt\/wp-json\/wp\/v2\/product_brand?post=2644"},{"taxonomy":"product_cat","embeddable":true,"href":"https:\/\/keweicorten.com\/lt\/wp-json\/wp\/v2\/product_cat?post=2644"},{"taxonomy":"product_tag","embeddable":true,"href":"https:\/\/keweicorten.com\/lt\/wp-json\/wp\/v2\/product_tag?post=2644"}],"curies":[{"name":"wp","href":"https:\/\/api.w.org\/{rel}","templated":true}]}}