{"id":2860,"date":"2024-12-17T02:38:43","date_gmt":"2024-12-17T02:38:43","guid":{"rendered":"https:\/\/keweicorten.com\/?post_type=product&#038;p=2860"},"modified":"2025-01-15T06:13:36","modified_gmt":"2025-01-15T06:13:36","slug":"ugniavietes-dubuo-2","status":"publish","type":"product","link":"https:\/\/keweicorten.com\/lt\/ugniavietes-dubuo-2\/","title":{"rendered":"Ugniaviet\u0117s dubuo"},"content":{"rendered":"<p>Populiar\u0117jant gyvenimo b\u016bdui lauke, ugniakuras \"Fire Pit Bowl\" tapo populiariu sod\u0173, kiem\u0173 ir kiemeli\u0173 pasirinkimu. Nesvarbu, ar leid\u017eiate laik\u0105 su \u0161eima, ar puosel\u0117jate atmosfer\u0105 draug\u0173 susib\u016brime, gra\u017eiai suprojektuotas ugniaviet\u0117s dubuo gali u\u017eimti centrin\u0119 viet\u0105.<\/p>\n<h2>Ugniakuro dubens privalumai:<\/h2>\n<ul>\n<li>Mados dizainas<br \/>\nPaprasto dizaino ugniakuro duben\u012f galima pritaikyti prie \u012fvairi\u0173 lauko stili\u0173 - nuo modernaus iki senovinio - ir lengvai priderinti.<\/li>\n<li>Korteninis plienas Orui atsparus plienas: Atsparus korozijai, nat\u016bralios r\u016bd\u017ei\u0173 i\u0161vaizdos, nereikalaujantis daug prie\u017ei\u016bros ir ilgaam\u017eis.<br \/>\nLengva \u012fdiegti ir perkelti<br \/>\nPalyginti su tradicine stacionaria ugniaviete, ugniaviet\u0117s dubuo yra lankstesnis ir gali b\u016bti pastatytas ar perkeltas pagal pageidavim\u0105, kad atitikt\u0173 \u012fvairi\u0173 scenarij\u0173 poreikius.<\/li>\n<li>Tinka visais met\u0173 laikais<br \/>\nNesvarbu, ar \u0161alta \u017eiemos diena, ar v\u0117si vasaros naktis, ugniakuras \"Fire Pit Bowl\" suteikia jaukumo ir \u0161ilumos j\u016bs\u0173 lauko erdv\u0117je.<\/li>\n<\/ul>\n<p><a href=\"https:\/\/keweicorten.com\/lt\/produktai\/\"><img fetchpriority=\"high\" decoding=\"async\" class=\"alignnone wp-image-2861 size-full\" title=\"ugniaviet\u0117s dubuo\" src=\"https:\/\/keweicorten.com\/wp-content\/uploads\/2024\/12\/\u5fae\u4fe1\u56fe\u7247_20230516113533.jpg\" alt=\"Didmenin\u0117 prekyba, pig\u016bs, parduodami, sand\u0117lyje. -keweicorten\" width=\"700\" height=\"500\" srcset=\"https:\/\/keweicorten.com\/wp-content\/uploads\/2024\/12\/\u5fae\u4fe1\u56fe\u7247_20230516113533.jpg 700w, https:\/\/keweicorten.com\/wp-content\/uploads\/2024\/12\/\u5fae\u4fe1\u56fe\u7247_20230516113533-300x214.jpg 300w, https:\/\/keweicorten.com\/wp-content\/uploads\/2024\/12\/\u5fae\u4fe1\u56fe\u7247_20230516113533-18x12.jpg 18w, https:\/\/keweicorten.com\/wp-content\/uploads\/2024\/12\/\u5fae\u4fe1\u56fe\u7247_20230516113533-600x429.jpg 600w\" sizes=\"(max-width: 700px) 100vw, 700px\" \/><\/a><\/p>\n<p><strong>Ugniaviet\u0117s dubens taikymo scenarijai<\/strong><br \/>\nVakar\u0117lis kieme: \u0160ilta ugnis sukuria romanti\u0161k\u0105 socialin\u0119 atmosfer\u0105 \u0161eimai ir draugams.<br \/>\nTerasos apdaila: Lauko baldais pagerinkite erdv\u0117s skon\u012f ir komfort\u0105.<br \/>\nKomercin\u0117 paskirtis: restoran\u0173 ir kavini\u0173 poilsio zonos po atviru dangumi, siekiant pritraukti klientus pasilikti.<\/p>\n<p><strong>Kod\u0117l verta rinktis m\u016bs\u0173 ugniakur\u0105?\u00a0 \u00a0 \u00a0 \u00a0 \u00a0 \u00a0 \u00a0 \u00a0 \u00a0 \u00a0 \u00a0 \u00a0 \u00a0\u00a0 \u00a0 \u00a0 \u00a0 \u00a0 \u00a0 \u00a0 \u00a0 \u00a0\u00a0<\/strong><\/p>\n<ol>\n<li>Auk\u0161tos kokyb\u0117s med\u017eiaga u\u017etikrina gaminio ilgaam\u017ei\u0161kum\u0105.<\/li>\n<li>\u012evair\u016bs stiliai, atitinkantys \u012fvairi\u0173 scenarij\u0173 poreikius.<\/li>\n<li>Individualus aptarnavimas, pagal kliento reikalavimus suprojektuoti unikal\u0173 ugniaviet\u0117s duben\u012f.<\/li>\n<li>Pasaulinis platinimas, efektyvi logistika, u\u017etikrinantis pristatym\u0105 laiku.<\/li>\n<\/ol>\n<p><a href=\"https:\/\/keweicorten.com\/lt\/susisiekite-su-mumis\/\"><img decoding=\"async\" class=\"alignnone wp-image-2862 size-full\" title=\"plienin\u0117 ugniaviet\u0117\" src=\"https:\/\/keweicorten.com\/wp-content\/uploads\/2024\/12\/15.jpg\" alt=\"plieno ugnies duob\u0117 fabrikas, Kinija, kaina, gamintojai, tiek\u0117jai, pritaikyti-keweicorten\" width=\"750\" height=\"750\" srcset=\"https:\/\/keweicorten.com\/wp-content\/uploads\/2024\/12\/15.jpg 750w, https:\/\/keweicorten.com\/wp-content\/uploads\/2024\/12\/15-300x300.jpg 300w, https:\/\/keweicorten.com\/wp-content\/uploads\/2024\/12\/15-150x150.jpg 150w, https:\/\/keweicorten.com\/wp-content\/uploads\/2024\/12\/15-12x12.jpg 12w, https:\/\/keweicorten.com\/wp-content\/uploads\/2024\/12\/15-600x600.jpg 600w, https:\/\/keweicorten.com\/wp-content\/uploads\/2024\/12\/15-100x100.jpg 100w\" sizes=\"(max-width: 750px) 100vw, 750px\" \/><\/a><\/p>\n<p>DUK:<br \/>\nAr reikia pri\u017ei\u016br\u0117ti ugniaviet\u0117s duben\u012f?<br \/>\n\"Corten Steel\" ugniakur\u0173 duben\u0173 beveik nereikia pri\u017ei\u016br\u0117ti, o i\u0161or\u0117je esantis r\u016bd\u017ei\u0173 sluoksnis sukuria nat\u016bral\u0173 apsaugin\u012f barjer\u0105.<\/p>\n<p>Ar ugniaviet\u0117s dubuo yra saugus?<br \/>\nNaudodami laikykit\u0117s saugaus atstumo, saugokite vaikus ir naminius gyv\u016bnus nuo ugnies \u0161altini\u0173 ir laikykit\u0117s saugaus elgesio rekomendacij\u0173.<\/p>\n<p>Kaip i\u0161valyti ugniaviet\u0117s duben\u012f?<br \/>\nAtv\u0117s\u0119 i\u0161valykite pelenus ir nuvalykite pavir\u0161i\u0173 dr\u0117gnu skudur\u0117liu. Laikykite sausai ir saugokite.<\/p>","protected":false},"excerpt":{"rendered":"<p>Puikus ugniakuro dubuo yra ne tik prakti\u0161kas lauko \u0161ildymo \u012frenginys, bet ir gra\u017eus dekoratyvinis meno k\u016brinys. Pripildykite savo lauko erdv\u0119 \u0161ilumos ir gyvybingumo.<\/p>","protected":false},"featured_media":2863,"comment_status":"open","ping_status":"closed","template":"","meta":{"_eb_attr":"","_monsterinsights_skip_tracking":false,"_monsterinsights_sitenote_active":false,"_monsterinsights_sitenote_note":"","_monsterinsights_sitenote_category":0,"_uf_show_specific_survey":0,"_uf_disable_surveys":false},"product_brand":[],"product_cat":[54],"product_tag":[],"class_list":{"0":"post-2860","1":"product","2":"type-product","3":"status-publish","4":"has-post-thumbnail","6":"product_cat-wood-fire-pit","8":"first","9":"instock","10":"shipping-taxable","11":"product-type-simple"},"_links":{"self":[{"href":"https:\/\/keweicorten.com\/lt\/wp-json\/wp\/v2\/product\/2860"}],"collection":[{"href":"https:\/\/keweicorten.com\/lt\/wp-json\/wp\/v2\/product"}],"about":[{"href":"https:\/\/keweicorten.com\/lt\/wp-json\/wp\/v2\/types\/product"}],"replies":[{"embeddable":true,"href":"https:\/\/keweicorten.com\/lt\/wp-json\/wp\/v2\/comments?post=2860"}],"version-history":[{"count":1,"href":"https:\/\/keweicorten.com\/lt\/wp-json\/wp\/v2\/product\/2860\/revisions"}],"predecessor-version":[{"id":2867,"href":"https:\/\/keweicorten.com\/lt\/wp-json\/wp\/v2\/product\/2860\/revisions\/2867"}],"wp:featuredmedia":[{"embeddable":true,"href":"https:\/\/keweicorten.com\/lt\/wp-json\/wp\/v2\/media\/2863"}],"wp:attachment":[{"href":"https:\/\/keweicorten.com\/lt\/wp-json\/wp\/v2\/media?parent=2860"}],"wp:term":[{"taxonomy":"product_brand","embeddable":true,"href":"https:\/\/keweicorten.com\/lt\/wp-json\/wp\/v2\/product_brand?post=2860"},{"taxonomy":"product_cat","embeddable":true,"href":"https:\/\/keweicorten.com\/lt\/wp-json\/wp\/v2\/product_cat?post=2860"},{"taxonomy":"product_tag","embeddable":true,"href":"https:\/\/keweicorten.com\/lt\/wp-json\/wp\/v2\/product_tag?post=2860"}],"curies":[{"name":"wp","href":"https:\/\/api.w.org\/{rel}","templated":true}]}}