{"id":2972,"date":"2024-12-19T01:47:45","date_gmt":"2024-12-19T01:47:45","guid":{"rendered":"https:\/\/keweicorten.com\/?post_type=product&#038;p=2972"},"modified":"2025-01-15T06:12:58","modified_gmt":"2025-01-15T06:12:58","slug":"korteninio-plieno-zidinio-groteles","status":"publish","type":"product","link":"https:\/\/keweicorten.com\/lt\/korteninio-plieno-zidinio-groteles\/","title":{"rendered":"Korteninio plieno \u017eidinio grotel\u0117s"},"content":{"rendered":"<h2 data-pm-slice=\"1 1 []\">Corteno plieno \u017eidinio grotel\u0117s: Puikus j\u016bs\u0173 lauko gyvenamosios erdv\u0117s papildymas<\/h2>\n<p>Kai kalbama apie lauko gyvenamosios zonos pagerinim\u0105, nedaugelis element\u0173 yra tokie universal\u016bs ir vizualiai \u012fsp\u016bdingi kaip \u017eidinio grotel\u0117s i\u0161 korteninio plieno. \u0160is naujovi\u0161kas elementas, derinantis \u017eidinio \u0161ilum\u0105 ir grilio funkcionalum\u0105, pagerina j\u016bs\u0173 kiemo susib\u016brimus ir suteikia modernaus kaimi\u0161ko \u017eavesio.<\/p>\n<h3>Kas yra Corteno plieno \u017eidinio grotel\u0117s?<\/h3>\n<p>Korteninio plieno \u017eidinio kepsnin\u0117 yra dvejopos paskirties lauko elementas, pagamintas i\u0161 atmosferos poveikiui atsparaus plieno, vadinamo korteniniu plienu. Laikui b\u0117gant \u0161i med\u017eiaga \u012fgauna apsaugin\u0119 r\u016bd\u017ei\u0173 patin\u0105 ir sukuria unikali\u0105, nuolat kintan\u010di\u0105 i\u0161vaizd\u0105, kuri puikiai dera su nat\u016bralia aplinka. \u017didinio grotel\u0117s i\u0161 korteninio plieno, sukurtos tiek estetiniam patrauklumui, tiek praktiniam naudojimui, yra patvarios, nereikalaujan\u010dios daug prie\u017ei\u016bros ir atsparios at\u0161iaurioms oro s\u0105lygoms.<\/p>\n<p><a href=\"https:\/\/keweicorten.com\/lt\/susisiekite-su-mumis\/\"><img fetchpriority=\"high\" decoding=\"async\" class=\"alignnone wp-image-2977 size-full\" title=\"corten ugniakuras BBQ \" src=\"https:\/\/keweicorten.com\/wp-content\/uploads\/2024\/12\/\u5fae\u4fe1\u56fe\u7247_20241105151017.png\" alt=\"corten fire pit bbq fabrikas, Kinija, kaina, gamintojai, tiek\u0117jai, pritaikyti, didmenin\u0117 prekyba, pig\u016bs, parduodami, sand\u0117lyje.-keweicorten\" width=\"517\" height=\"517\" srcset=\"https:\/\/keweicorten.com\/wp-content\/uploads\/2024\/12\/\u5fae\u4fe1\u56fe\u7247_20241105151017.png 517w, https:\/\/keweicorten.com\/wp-content\/uploads\/2024\/12\/\u5fae\u4fe1\u56fe\u7247_20241105151017-300x300.png 300w, https:\/\/keweicorten.com\/wp-content\/uploads\/2024\/12\/\u5fae\u4fe1\u56fe\u7247_20241105151017-150x150.png 150w, https:\/\/keweicorten.com\/wp-content\/uploads\/2024\/12\/\u5fae\u4fe1\u56fe\u7247_20241105151017-12x12.png 12w, https:\/\/keweicorten.com\/wp-content\/uploads\/2024\/12\/\u5fae\u4fe1\u56fe\u7247_20241105151017-100x100.png 100w\" sizes=\"(max-width: 517px) 100vw, 517px\" \/><\/a><\/p>\n<h3>\"Corten\" plieno \u017eidini\u0173 groteli\u0173 ypatyb\u0117s<\/h3>\n<ol start=\"1\" data-spread=\"true\">\n<li><strong>Patvarumas:<\/strong> Corteno plienas gars\u0117ja savo tvirtumu ir atsparumu korozijai. Jo savaime u\u017esigr\u016bdinantis pavir\u0161ius u\u017etikrina ilgalaik\u012f veikim\u0105, tod\u0117l jis yra ideali med\u017eiaga lauko darbams.<\/li>\n<li><strong>Kaimi\u0161ka estetika:<\/strong> Nat\u016brali patina suteikia kepsninei unikali\u0105, \u017eemi\u0161k\u0105 i\u0161vaizd\u0105, kuri papuo\u0161 bet koki\u0105 lauko aplink\u0105. Be to, patina kei\u010diasi, suteikdama kepsninei charakterio ir individualumo.<\/li>\n<li><strong>Universalumas:<\/strong> Jame galima \u012frengti ir \u017eidin\u012f \u0161ilumai ir atmosferai sukurti, ir kepsnin\u0119 maistui gaminti. \u0160i dviguba funkcija puikiai tinka lauko vakar\u0117liams ir \u0161eimos susib\u016brimams rengti.<\/li>\n<li><strong>Ma\u017eai prie\u017ei\u016bros:<\/strong> Skirtingai nuo tradicini\u0173 kepsnini\u0173, kortenin\u012f plien\u0105 reikia pri\u017ei\u016br\u0117ti minimaliai. D\u0117l apsaugin\u0117s patinos nereikia da\u017eyti ar sandarinti.<\/li>\n<\/ol>\n<p><a href=\"https:\/\/keweicorten.com\/lt\/susisiekite-su-mumis\/\"><img decoding=\"async\" class=\"alignnone wp-image-2978\" title=\"corten firepit bbq \" src=\"https:\/\/keweicorten.com\/wp-content\/uploads\/2024\/12\/photobank-1.png\" alt=\"ugnies duob\u0117 BBQ fabrikas, Kinija, kaina, gamintojai, tiek\u0117jai, pritaikyti, didmenin\u0117 prekyba, pig\u016bs, parduodami, sand\u0117lyje.-keweicorten\" width=\"463\" height=\"496\" srcset=\"https:\/\/keweicorten.com\/wp-content\/uploads\/2024\/12\/photobank-1.png 624w, https:\/\/keweicorten.com\/wp-content\/uploads\/2024\/12\/photobank-1-280x300.png 280w, https:\/\/keweicorten.com\/wp-content\/uploads\/2024\/12\/photobank-1-11x12.png 11w, https:\/\/keweicorten.com\/wp-content\/uploads\/2024\/12\/photobank-1-600x642.png 600w\" sizes=\"(max-width: 463px) 100vw, 463px\" \/><\/a><a href=\"https:\/\/keweicorten.com\/lt\/susisiekite-su-mumis\/\"><img decoding=\"async\" class=\"alignnone wp-image-2980\" title=\"ugnies duob\u0117 BBQ\" src=\"https:\/\/keweicorten.com\/wp-content\/uploads\/2024\/12\/1.jpg\" alt=\"ugnies duob\u0117 BBQ fabrikas, Kinija, kaina, gamintojai, tiek\u0117jai, pritaikyti, didmenin\u0117 prekyba, pig\u016bs, parduodami, sand\u0117lyje.-keweicorten\" width=\"472\" height=\"472\" srcset=\"https:\/\/keweicorten.com\/wp-content\/uploads\/2024\/12\/1.jpg 819w, https:\/\/keweicorten.com\/wp-content\/uploads\/2024\/12\/1-300x300.jpg 300w, https:\/\/keweicorten.com\/wp-content\/uploads\/2024\/12\/1-150x150.jpg 150w, https:\/\/keweicorten.com\/wp-content\/uploads\/2024\/12\/1-768x768.jpg 768w, https:\/\/keweicorten.com\/wp-content\/uploads\/2024\/12\/1-12x12.jpg 12w, https:\/\/keweicorten.com\/wp-content\/uploads\/2024\/12\/1-600x600.jpg 600w, https:\/\/keweicorten.com\/wp-content\/uploads\/2024\/12\/1-100x100.jpg 100w\" sizes=\"(max-width: 472px) 100vw, 472px\" \/><\/a><\/p>\n<h3>Korteninio plieno \u017eidinio groteli\u0173 pasirinkimo privalumai<\/h3>\n<h4>1. Geresn\u0117 lauko patirtis<\/h4>\n<p>Korteninio plieno \u017eidinio kepsnin\u0117 paver\u010dia j\u016bs\u0173 kiem\u0105 jaukia ir funkcionalia erdve, kurioje gal\u0117site m\u0117gautis i\u0161tisus metus. Nesvarbu, ar v\u0117s\u0173 vakar\u0105 kepsite zefyrus, ar kepsite kepsnius per vasaros kepsnin\u0119, jis taps \u012fsimintin\u0173 susib\u016brim\u0173 centru.<\/p>\n<h4>2. Ekologi\u0161ka med\u017eiaga<\/h4>\n<p>Corteno plienas 100% yra perdirbamas ir pasi\u017eymi ilgaam\u017ei\u0161kumu, tod\u0117l yra tvarus pasirinkimas aplink\u0105 tausojantiems nam\u0173 savininkams.<\/p>\n<h4>3. Pritaikomi dizainai<\/h4>\n<p>\u012evairi\u0173 form\u0173 ir dyd\u017ei\u0173 \u017eidini\u0173 grotel\u0117s i\u0161 korteninio plieno gali b\u016bti pritaikytos prie j\u016bs\u0173 lauko interjero. Nuo eleganti\u0161ko modernaus dizaino iki labiau tradicinio stiliaus - kiekvienas ras sau tinkam\u0105 variant\u0105.<\/p>\n<h4>4. Atsparumas oro s\u0105lygoms<\/h4>\n<p>Skirtingai nuo standartini\u0173 groteli\u0173, kurios laikui b\u0117gant gali sur\u016bdyti arba sugesti, korteninio plieno patina yra apsauginis sluoksnis, u\u017etikrinantis ilgaam\u017ei\u0161kum\u0105 net at\u0161iauriomis klimato s\u0105lygomis.<\/p>\n<p><a href=\"https:\/\/keweicorten.com\/lt\/produktai\/\"><img loading=\"lazy\" decoding=\"async\" class=\"alignnone wp-image-2981 size-full\" title=\"Korteninio plieno ugnies kepsnin\u0117 \" src=\"https:\/\/keweicorten.com\/wp-content\/uploads\/2024\/12\/\u672a\u547d\u540d.jpg\" alt=\"ugnies duob\u0117 BBQ fabrikas, Kinija, kaina, gamintojai, tiek\u0117jai, pritaikyti, didmenin\u0117 prekyba, pig\u016bs, parduodami, sand\u0117lyje.-keweicorten\" width=\"750\" height=\"750\" srcset=\"https:\/\/keweicorten.com\/wp-content\/uploads\/2024\/12\/\u672a\u547d\u540d.jpg 750w, https:\/\/keweicorten.com\/wp-content\/uploads\/2024\/12\/\u672a\u547d\u540d-300x300.jpg 300w, https:\/\/keweicorten.com\/wp-content\/uploads\/2024\/12\/\u672a\u547d\u540d-150x150.jpg 150w, https:\/\/keweicorten.com\/wp-content\/uploads\/2024\/12\/\u672a\u547d\u540d-12x12.jpg 12w, https:\/\/keweicorten.com\/wp-content\/uploads\/2024\/12\/\u672a\u547d\u540d-600x600.jpg 600w, https:\/\/keweicorten.com\/wp-content\/uploads\/2024\/12\/\u672a\u547d\u540d-100x100.jpg 100w\" sizes=\"(max-width: 750px) 100vw, 750px\" \/><\/a><\/p>\n<h3>Patarimai, kaip naudoti ir pri\u017ei\u016br\u0117ti \"Corten\" plieno kepsnin\u0119<\/h3>\n<ul data-spread=\"false\">\n<li><strong>Pradin\u0117 s\u0105ranka:<\/strong> Keptuv\u0119 veikiant lauko s\u0105lygoms, patina susidaro nat\u016braliai.<\/li>\n<li><strong>Valymas:<\/strong> Mink\u0161tu \u0161epet\u0117liu pa\u0161alinkite \u0161iuk\u0161les ar pelenus. Venkite a\u0161tri\u0173 chemini\u0173 med\u017eiag\u0173, nes jos gali sutrikdyti nat\u016bral\u0173 patinos proces\u0105.<\/li>\n<li><strong>Maisto gaminimo pavir\u0161iaus prie\u017ei\u016bra:<\/strong> Reguliariai valykite groteles, kad palaikytum\u0117te higien\u0105 ir i\u0161vengtum\u0117te maisto liku\u010di\u0173 kaupimosi.<\/li>\n<\/ul>","protected":false},"excerpt":{"rendered":"<p>Korteninio plieno \u017eidinio kepsnin\u0117 yra daugiau nei tik lauko aksesuaras - tai investicija \u012f \u0161iltos, kvie\u010dian\u010dios erdv\u0117s \u0161eimai ir draugams suk\u016brim\u0105.<\/p>","protected":false},"featured_media":2977,"comment_status":"open","ping_status":"closed","template":"","meta":{"_eb_attr":"","_monsterinsights_skip_tracking":false,"_monsterinsights_sitenote_active":false,"_monsterinsights_sitenote_note":"","_monsterinsights_sitenote_category":0,"_uf_show_specific_survey":0,"_uf_disable_surveys":false},"product_brand":[],"product_cat":[63],"product_tag":[],"class_list":{"0":"post-2972","1":"product","2":"type-product","3":"status-publish","4":"has-post-thumbnail","6":"product_cat-steel-bbq-grill","8":"first","9":"instock","10":"shipping-taxable","11":"product-type-simple"},"_links":{"self":[{"href":"https:\/\/keweicorten.com\/lt\/wp-json\/wp\/v2\/product\/2972"}],"collection":[{"href":"https:\/\/keweicorten.com\/lt\/wp-json\/wp\/v2\/product"}],"about":[{"href":"https:\/\/keweicorten.com\/lt\/wp-json\/wp\/v2\/types\/product"}],"replies":[{"embeddable":true,"href":"https:\/\/keweicorten.com\/lt\/wp-json\/wp\/v2\/comments?post=2972"}],"version-history":[{"count":1,"href":"https:\/\/keweicorten.com\/lt\/wp-json\/wp\/v2\/product\/2972\/revisions"}],"predecessor-version":[{"id":2982,"href":"https:\/\/keweicorten.com\/lt\/wp-json\/wp\/v2\/product\/2972\/revisions\/2982"}],"wp:featuredmedia":[{"embeddable":true,"href":"https:\/\/keweicorten.com\/lt\/wp-json\/wp\/v2\/media\/2977"}],"wp:attachment":[{"href":"https:\/\/keweicorten.com\/lt\/wp-json\/wp\/v2\/media?parent=2972"}],"wp:term":[{"taxonomy":"product_brand","embeddable":true,"href":"https:\/\/keweicorten.com\/lt\/wp-json\/wp\/v2\/product_brand?post=2972"},{"taxonomy":"product_cat","embeddable":true,"href":"https:\/\/keweicorten.com\/lt\/wp-json\/wp\/v2\/product_cat?post=2972"},{"taxonomy":"product_tag","embeddable":true,"href":"https:\/\/keweicorten.com\/lt\/wp-json\/wp\/v2\/product_tag?post=2972"}],"curies":[{"name":"wp","href":"https:\/\/api.w.org\/{rel}","templated":true}]}}