{"id":2986,"date":"2024-12-23T07:47:35","date_gmt":"2024-12-23T07:47:35","guid":{"rendered":"https:\/\/keweicorten.com\/?post_type=product&#038;p=2986"},"modified":"2025-01-15T06:09:55","modified_gmt":"2025-01-15T06:09:55","slug":"korteninio-plieno-ugniakuras","status":"publish","type":"product","link":"https:\/\/keweicorten.com\/lt\/korteninio-plieno-ugniakuras\/","title":{"rendered":"Korteninio plieno ugniakuras"},"content":{"rendered":"<h3>Corteno plieno ugniakuras: Puikus ilgaam\u017ei\u0161kumo ir stiliaus derinys j\u016bs\u0173 lauko erdvei<\/h3>\n<p>Korteninio plieno ugniaviet\u0117s tampa geriausiu pasirinkimu nam\u0173 savininkams ir lauko entuziastams, ie\u0161kantiems funkcionalaus, bet vizualiai \u012fsp\u016bdingo sodo ar kiemo akcento. Unikalios r\u016bd\u017ei\u0173 i\u0161vaizdos ir \u012fsp\u016bdingo ilgaam\u017ei\u0161kumo korteno plieno ugniakur\u0173 ugniaviet\u0117s suderina estetin\u012f patrauklum\u0105 ir prakti\u0161kum\u0105, tod\u0117l jas privalo tur\u0117ti visi, kurie vertina gyvenim\u0105 lauke.<\/p>\n<h4>Kas yra \"Corten\" plieno ugniakuras?<\/h4>\n<p>Corteno plienas, dar vadinamas atmosferos poveikiu pasi\u017eymin\u010diu plienu, yra didelio atsparumo med\u017eiaga, sukurta atlaikyti gamtos stichijas. Laikui b\u0117gant jis \u012fgauna nat\u016brali\u0105 apsaugin\u0119 patin\u0105, kuri suteikia jam i\u0161skirtin\u0119 r\u016bd\u017ei\u0173 i\u0161vaizd\u0105. \u0160is sluoksnis padidina vizualin\u012f ugniakuro \u017eaves\u012f ir apsaugo j\u012f nuo tolesn\u0117s korozijos, u\u017etikrindamas ilg\u0105 tarnavimo laik\u0105 su minimalia prie\u017ei\u016bra.<\/p>\n<p><img fetchpriority=\"high\" decoding=\"async\" class=\"alignnone size-medium wp-image-2988\" src=\"https:\/\/keweicorten.com\/wp-content\/uploads\/2024\/12\/2-300x300.jpg\" alt=\"\" width=\"300\" height=\"300\" srcset=\"https:\/\/keweicorten.com\/wp-content\/uploads\/2024\/12\/2-300x300.jpg 300w, https:\/\/keweicorten.com\/wp-content\/uploads\/2024\/12\/2-150x150.jpg 150w, https:\/\/keweicorten.com\/wp-content\/uploads\/2024\/12\/2-12x12.jpg 12w, https:\/\/keweicorten.com\/wp-content\/uploads\/2024\/12\/2-600x600.jpg 600w, https:\/\/keweicorten.com\/wp-content\/uploads\/2024\/12\/2-100x100.jpg 100w, https:\/\/keweicorten.com\/wp-content\/uploads\/2024\/12\/2.jpg 750w\" sizes=\"(max-width: 300px) 100vw, 300px\" \/> <img decoding=\"async\" class=\"alignnone size-medium wp-image-2989\" src=\"https:\/\/keweicorten.com\/wp-content\/uploads\/2024\/12\/4-1-300x294.jpg\" alt=\"\" width=\"300\" height=\"294\" srcset=\"https:\/\/keweicorten.com\/wp-content\/uploads\/2024\/12\/4-1-300x294.jpg 300w, https:\/\/keweicorten.com\/wp-content\/uploads\/2024\/12\/4-1-12x12.jpg 12w, https:\/\/keweicorten.com\/wp-content\/uploads\/2024\/12\/4-1-600x587.jpg 600w, https:\/\/keweicorten.com\/wp-content\/uploads\/2024\/12\/4-1.jpg 743w\" sizes=\"(max-width: 300px) 100vw, 300px\" \/><\/p>\n<h4>\"Corten Steel Fire Pit\" privalumai<\/h4>\n<ol>\n<li><strong>Patvarus ir ilgaam\u017eis<\/strong><br \/>\nKorteninio plieno ugniaviet\u0117s pagamintos taip, kad atlaikyt\u0173 ekstremalias oro s\u0105lygas. Apsaugin\u0117 patina apsaugo nuo lietaus, sniego ir kar\u0161\u010dio poveikio, tod\u0117l jas galima naudoti i\u0161tisus metus.<\/li>\n<li><strong>Ma\u017eai prie\u017ei\u016bros<\/strong><br \/>\nSkirtingai nuo tradicini\u0173 ugniakur\u0173, korteninio plieno nereikalauja daug prie\u017ei\u016bros. D\u0117l nat\u016bralios r\u016bd\u017ei\u0173 apdailos nereikia da\u017eyti ar atnaujinti, tod\u0117l galite m\u0117gautis ugniaviete nesir\u016bpindami jos prie\u017ei\u016bra.<\/li>\n<li><strong>Nesenstantis estetinis patrauklumas<\/strong><br \/>\n\u0160ilti, \u017eemi\u0161ki kortino plieno patinos atspalviai puikiai dera su lauko aplinka, sukurdami jauki\u0105 ir kvie\u010dian\u010di\u0105 atmosfer\u0105. Nesvarbu, ar tai b\u016bt\u0173 moderni, ar kaimi\u0161ka aplinka, kortino plieno ugniakuras j\u016bs\u0173 erdvei suteiks rafinuotumo.<\/li>\n<li><strong>Ekologi\u0161kas pasirinkimas<\/strong><br \/>\nCorteno plienas 100% yra perdirbamas, tod\u0117l jis yra ekologi\u0161ka med\u017eiaga. Jos ilgaam\u017ei\u0161kumas dar labiau suma\u017eina keitimo poreik\u012f, taip prisidedant prie tvaraus gyvenimo.<\/li>\n<\/ol>\n<p><img decoding=\"async\" class=\"alignnone wp-image-2979\" src=\"https:\/\/keweicorten.com\/wp-content\/uploads\/2024\/12\/photobank-3-300x134.png\" alt=\"\" width=\"604\" height=\"270\" srcset=\"https:\/\/keweicorten.com\/wp-content\/uploads\/2024\/12\/photobank-3-300x134.png 300w, https:\/\/keweicorten.com\/wp-content\/uploads\/2024\/12\/photobank-3-18x8.png 18w, https:\/\/keweicorten.com\/wp-content\/uploads\/2024\/12\/photobank-3.png 437w\" sizes=\"(max-width: 604px) 100vw, 604px\" \/><\/p>\n<h4>Populiariausi \"Corten\" plieno ugniakur\u0173 panaudojimo b\u016bdai<\/h4>\n<ul>\n<li><strong>Sodo centrinis elementas<\/strong>: Korteninio plieno ugniakur\u0105 naudokite kaip centrin\u012f sodo dizaino ta\u0161k\u0105, papildant\u012f augalus ir kra\u0161tovaizd\u012f.<\/li>\n<li><strong>Terasos \u0161ildymas<\/strong>: I\u0161pl\u0117skite savo lauko erdvi\u0173 naudojimo galimybes \u0161altesniais m\u0117nesiais, naudodami ugniakur\u0105, kuris suteikia \u0161ilumos ir atmosferos.<\/li>\n<li><strong>Socialiniai susitikimai<\/strong>: Sukurkite jauki\u0105 viet\u0105 draugams ir \u0161eimos nariams susiburti, puikiai tinkan\u010di\u0105 kepti zefyrus ar m\u0117gautis vakariniais pokalbiais.<\/li>\n<\/ul>\n<h4>Tinkamos \"Corten Steel Fire Pit\" ugniaviet\u0117s pasirinkimas<\/h4>\n<p>Rinkdamiesi ugniakur\u0105 i\u0161 korteninio plieno, atsi\u017evelkite \u012f tai, kokio dyd\u017eio ir formos ugniakuras geriausiai tinka j\u016bs\u0173 lauko erdvei. Apvalios ir kvadratin\u0117s konstrukcijos populiarios d\u0117l savo universalumo, o dubens formos ugniaviet\u0117s suteikia meninio stiliaus. \u012esitikinkite, kad ugniakuras pagamintas i\u0161 autenti\u0161ko korteninio plieno, kad b\u016bt\u0173 maksimaliai patvarus ir esteti\u0161kas.<\/p>\n<p><a href=\"https:\/\/keweicorten.com\/lt\/susisiekite-su-mumis\/\"><img loading=\"lazy\" decoding=\"async\" class=\"alignnone wp-image-2865 size-medium\" title=\"kortino ugniakuras\" src=\"https:\/\/keweicorten.com\/wp-content\/uploads\/2024\/12\/25-300x300.jpg\" alt=\" pirkti su nuolaidacorten firepit kaina\u3001corten firepit Kainora\u0161tis \u3001corten firepit citata -keweicorten\" width=\"300\" height=\"300\" srcset=\"https:\/\/keweicorten.com\/wp-content\/uploads\/2024\/12\/25-300x300.jpg 300w, https:\/\/keweicorten.com\/wp-content\/uploads\/2024\/12\/25-150x150.jpg 150w, https:\/\/keweicorten.com\/wp-content\/uploads\/2024\/12\/25-12x12.jpg 12w, https:\/\/keweicorten.com\/wp-content\/uploads\/2024\/12\/25-100x100.jpg 100w, https:\/\/keweicorten.com\/wp-content\/uploads\/2024\/12\/25.jpg 500w\" sizes=\"(max-width: 300px) 100vw, 300px\" \/><\/a> <a href=\"https:\/\/keweicorten.com\/lt\/produktai\/\"><img loading=\"lazy\" decoding=\"async\" class=\"alignnone wp-image-2862 size-medium\" title=\"kortino ugniakuras\" src=\"https:\/\/keweicorten.com\/wp-content\/uploads\/2024\/12\/15-300x300.jpg\" alt=\" pirkti su nuolaidacorten firepit kaina\u3001corten firepit Kainora\u0161tis \u3001corten firepit citata -keweicorten\" width=\"300\" height=\"300\" srcset=\"https:\/\/keweicorten.com\/wp-content\/uploads\/2024\/12\/15-300x300.jpg 300w, https:\/\/keweicorten.com\/wp-content\/uploads\/2024\/12\/15-150x150.jpg 150w, https:\/\/keweicorten.com\/wp-content\/uploads\/2024\/12\/15-12x12.jpg 12w, https:\/\/keweicorten.com\/wp-content\/uploads\/2024\/12\/15-600x600.jpg 600w, https:\/\/keweicorten.com\/wp-content\/uploads\/2024\/12\/15-100x100.jpg 100w, https:\/\/keweicorten.com\/wp-content\/uploads\/2024\/12\/15.jpg 750w\" sizes=\"(max-width: 300px) 100vw, 300px\" \/><\/a><\/p>\n<h4>Kod\u0117l verta investuoti \u012f \"Corten Steel Fire Pit\"?<\/h4>\n<p>Korteninio plieno ugniakuras yra daugiau nei tik lauko aksesuaras - tai investicija \u012f stilingos ir funkcionalios lauko aplinkos k\u016brim\u0105. Ilgaam\u017ei\u0161kumas, nedidel\u0117 prie\u017ei\u016bra ir nesenstantis patrauklumas daro j\u012f i\u0161skirtiniu bet kurio kiemo ar terasos elementu.<\/p>\n<p><a href=\"https:\/\/keweicorten.com\/lt\"><img loading=\"lazy\" decoding=\"async\" class=\"alignnone wp-image-2990 size-full\" title=\"kortino ugniakuras\" src=\"https:\/\/keweicorten.com\/wp-content\/uploads\/2024\/12\/\u5fae\u4fe1\u56fe\u7247_20240717104820.jpg\" alt=\" pirkti su nuolaidacorten firepit kaina\u3001corten firepit Kainora\u0161tis \u3001corten firepit citata -keweicorten\" width=\"600\" height=\"338\" srcset=\"https:\/\/keweicorten.com\/wp-content\/uploads\/2024\/12\/\u5fae\u4fe1\u56fe\u7247_20240717104820.jpg 600w, https:\/\/keweicorten.com\/wp-content\/uploads\/2024\/12\/\u5fae\u4fe1\u56fe\u7247_20240717104820-300x169.jpg 300w, https:\/\/keweicorten.com\/wp-content\/uploads\/2024\/12\/\u5fae\u4fe1\u56fe\u7247_20240717104820-18x10.jpg 18w\" sizes=\"(max-width: 600px) 100vw, 600px\" \/><\/a><\/p>","protected":false},"excerpt":{"rendered":"<p>Atraskite kortino plieno ugniakur\u0173 privalumus. Patvarios, stilingos ir nereikalaujan\u010dios daug prie\u017ei\u016bros, jos puikiai papildo bet kuri\u0105 lauko erdv\u0119. Su\u017einokite daugiau dabar!<\/p>","protected":false},"featured_media":2987,"comment_status":"open","ping_status":"closed","template":"","meta":{"_eb_attr":"","_monsterinsights_skip_tracking":false,"_monsterinsights_sitenote_active":false,"_monsterinsights_sitenote_note":"","_monsterinsights_sitenote_category":0,"_uf_show_specific_survey":0,"_uf_disable_surveys":false},"product_brand":[],"product_cat":[54],"product_tag":[],"class_list":{"0":"post-2986","1":"product","2":"type-product","3":"status-publish","4":"has-post-thumbnail","6":"product_cat-wood-fire-pit","8":"first","9":"instock","10":"shipping-taxable","11":"product-type-simple"},"_links":{"self":[{"href":"https:\/\/keweicorten.com\/lt\/wp-json\/wp\/v2\/product\/2986"}],"collection":[{"href":"https:\/\/keweicorten.com\/lt\/wp-json\/wp\/v2\/product"}],"about":[{"href":"https:\/\/keweicorten.com\/lt\/wp-json\/wp\/v2\/types\/product"}],"replies":[{"embeddable":true,"href":"https:\/\/keweicorten.com\/lt\/wp-json\/wp\/v2\/comments?post=2986"}],"version-history":[{"count":1,"href":"https:\/\/keweicorten.com\/lt\/wp-json\/wp\/v2\/product\/2986\/revisions"}],"predecessor-version":[{"id":2991,"href":"https:\/\/keweicorten.com\/lt\/wp-json\/wp\/v2\/product\/2986\/revisions\/2991"}],"wp:featuredmedia":[{"embeddable":true,"href":"https:\/\/keweicorten.com\/lt\/wp-json\/wp\/v2\/media\/2987"}],"wp:attachment":[{"href":"https:\/\/keweicorten.com\/lt\/wp-json\/wp\/v2\/media?parent=2986"}],"wp:term":[{"taxonomy":"product_brand","embeddable":true,"href":"https:\/\/keweicorten.com\/lt\/wp-json\/wp\/v2\/product_brand?post=2986"},{"taxonomy":"product_cat","embeddable":true,"href":"https:\/\/keweicorten.com\/lt\/wp-json\/wp\/v2\/product_cat?post=2986"},{"taxonomy":"product_tag","embeddable":true,"href":"https:\/\/keweicorten.com\/lt\/wp-json\/wp\/v2\/product_tag?post=2986"}],"curies":[{"name":"wp","href":"https:\/\/api.w.org\/{rel}","templated":true}]}}