{"id":2999,"date":"2024-12-25T07:01:12","date_gmt":"2024-12-25T07:01:12","guid":{"rendered":"https:\/\/keweicorten.com\/?post_type=product&#038;p=2999"},"modified":"2025-01-15T06:12:44","modified_gmt":"2025-01-15T06:12:44","slug":"barbekiu-kortenas","status":"publish","type":"product","link":"https:\/\/keweicorten.com\/lt\/barbekiu-kortenas\/","title":{"rendered":"barbekiu kortenas"},"content":{"rendered":"<h2 data-pm-slice=\"1 3 []\">Korteno plieno kepsnin\u0117: Puikus pasirinkimas lauko maisto gaminimo entuziastams<\/h2>\n<p>Jei aistringai m\u0117gstate gaminti maist\u0105 lauke ir norite patobulinti savo kepsnin\u0117s patirt\u012f, kepsnin\u0117, pagaminta i\u0161 korteninio plieno, pakeis \u017eaidimo taisykles. Korteninio plieno kepsnin\u0117s, kuriose dera funkcionalumas, ilgaam\u017ei\u0161kumas ir estetinis patrauklumas, tampa vis populiaresn\u0117s tarp maisto gaminimo lauke entuziast\u0173. \u0160i med\u017eiaga yra puikus pasirinkimas kitai j\u016bs\u0173 kepsninei.<\/p>\n<h4>Kas yra korteninis plienas?<\/h4>\n<p>Korteno plienas, dar vadinamas atmosferos poveikiu pasi\u017eymin\u010diu plienu, yra plieno lydinio tipas, sukurtas taip, kad veikiamas oro s\u0105lyg\u0173 jis \u012fgauna stabili\u0105 r\u016bd\u017ei\u0173 i\u0161vaizd\u0105. D\u0117l \u0161ios unikalios savyb\u0117s jis yra vizualiai \u012fsp\u016bdingas ir labai atsparus korozijai. Skirtingai nei tradicinis plienas, korteninis plienas laikui b\u0117gant \u012fgauna apsaugin\u0119 patin\u0105, kuri apsaugo med\u017eiag\u0105 nuo tolesnio pa\u017eeidimo ir u\u017etikrina ilgalaik\u012f veikim\u0105.<\/p>\n<h4>Corteno plieno kepsnin\u0117s privalumai<\/h4>\n<ol start=\"1\" data-spread=\"true\">\n<li><strong>Patvarumas ir ilgaam\u017ei\u0161kumas<\/strong> Korteninis plienas sukurtas taip, kad atlaikyt\u0173 at\u0161iaurias oro s\u0105lygas, tod\u0117l idealiai tinka naudoti lauke. Jo savyb\u0117s, atsparios korozijai, rei\u0161kia, kad j\u016bs\u0173 \u0161a\u0161lykin\u0117 i\u0161liks funkcionali ir gra\u017ei ilgus metus.<\/li>\n<li><strong>Ma\u017eai prie\u017ei\u016bros<\/strong> D\u0117l nat\u016bralios patinos, kuri susidaro ant korteninio plieno, nereikia da\u017enai atlikti prie\u017ei\u016bros. Skirtingai nuo kit\u0173 med\u017eiag\u0173, kurias reikia da\u017eyti ar sandarinti, korteninio plieno kepsnin\u0117s beveik nereikalauja r\u016bpes\u010di\u0173.<\/li>\n<li><strong>Estetinis patrauklumas<\/strong> Sodr\u016bs, \u017eemi\u0161ki kortino plieno atspalviai suteikia \u0161iuolaiki\u0161kumo ir rafinuotumo bet kuriai lauko erdvei. Nesvarbu, ar pageidaujate minimalistinio dizaino, ar labiau kaimi\u0161kos i\u0161vaizdos, korteninis plienas papildo \u012fvairius lauko stilius.<\/li>\n<li><strong>\u0160ilumos sulaikymas ir paskirstymas<\/strong> Korteno plienas puikiai praleid\u017eia \u0161ilum\u0105 ir u\u017etikrina tolygi\u0105 kepimo temperat\u016br\u0105. \u0160i savyb\u0117 pagerina ant groteli\u0173 kepamo maisto kokyb\u0119 ir kiekvien\u0105 kart\u0105 u\u017etikrina puikius rezultatus.<\/li>\n<\/ol>\n<p><a href=\"https:\/\/keweicorten.com\/lt\"><img fetchpriority=\"high\" decoding=\"async\" class=\"alignnone wp-image-3004 size-medium\" title=\"corten BBQ kepsnin\u0117\u00a0\" src=\"https:\/\/keweicorten.com\/wp-content\/uploads\/2024\/12\/IMG20220916175214-300x300.jpg\" alt=\"pirkti su nuolaida corten BBQ grilis Nemokamas pavyzdys -keweicorten\" width=\"300\" height=\"300\" srcset=\"https:\/\/keweicorten.com\/wp-content\/uploads\/2024\/12\/IMG20220916175214-300x300.jpg 300w, https:\/\/keweicorten.com\/wp-content\/uploads\/2024\/12\/IMG20220916175214-150x150.jpg 150w, https:\/\/keweicorten.com\/wp-content\/uploads\/2024\/12\/IMG20220916175214-12x12.jpg 12w, https:\/\/keweicorten.com\/wp-content\/uploads\/2024\/12\/IMG20220916175214-600x600.jpg 600w, https:\/\/keweicorten.com\/wp-content\/uploads\/2024\/12\/IMG20220916175214-100x100.jpg 100w, https:\/\/keweicorten.com\/wp-content\/uploads\/2024\/12\/IMG20220916175214.jpg 750w\" sizes=\"(max-width: 300px) 100vw, 300px\" \/><\/a><a href=\"https:\/\/keweicorten.com\/lt\/susisiekite-su-mumis\/\"><img decoding=\"async\" class=\"alignnone wp-image-3001 size-medium\" title=\"corten BBQ kepsnin\u0117\u00a0\" src=\"https:\/\/keweicorten.com\/wp-content\/uploads\/2024\/12\/IMG20220916161902-300x300.jpg\" alt=\"pirkti su nuolaida corten BBQ grilis Nemokamas pavyzdys -keweicorten\" width=\"300\" height=\"300\" srcset=\"https:\/\/keweicorten.com\/wp-content\/uploads\/2024\/12\/IMG20220916161902-300x300.jpg 300w, https:\/\/keweicorten.com\/wp-content\/uploads\/2024\/12\/IMG20220916161902-150x150.jpg 150w, https:\/\/keweicorten.com\/wp-content\/uploads\/2024\/12\/IMG20220916161902-12x12.jpg 12w, https:\/\/keweicorten.com\/wp-content\/uploads\/2024\/12\/IMG20220916161902-600x600.jpg 600w, https:\/\/keweicorten.com\/wp-content\/uploads\/2024\/12\/IMG20220916161902-100x100.jpg 100w, https:\/\/keweicorten.com\/wp-content\/uploads\/2024\/12\/IMG20220916161902.jpg 750w\" sizes=\"(max-width: 300px) 100vw, 300px\" \/><\/a> <a href=\"https:\/\/keweicorten.com\/lt\/produkto-kategorija\/ugniakuras\/\"><img decoding=\"async\" class=\"alignnone wp-image-3002 size-medium\" title=\"corten BBQ kepsnin\u0117\" src=\"https:\/\/keweicorten.com\/wp-content\/uploads\/2024\/12\/IMG20220916161905-300x300.jpg\" alt=\"pirkti su nuolaida corten BBQ grilis Nemokamas pavyzdys -keweicorten\" width=\"300\" height=\"300\" srcset=\"https:\/\/keweicorten.com\/wp-content\/uploads\/2024\/12\/IMG20220916161905-300x300.jpg 300w, https:\/\/keweicorten.com\/wp-content\/uploads\/2024\/12\/IMG20220916161905-150x150.jpg 150w, https:\/\/keweicorten.com\/wp-content\/uploads\/2024\/12\/IMG20220916161905-12x12.jpg 12w, https:\/\/keweicorten.com\/wp-content\/uploads\/2024\/12\/IMG20220916161905-600x600.jpg 600w, https:\/\/keweicorten.com\/wp-content\/uploads\/2024\/12\/IMG20220916161905-100x100.jpg 100w, https:\/\/keweicorten.com\/wp-content\/uploads\/2024\/12\/IMG20220916161905.jpg 750w\" sizes=\"(max-width: 300px) 100vw, 300px\" \/><\/a><\/p>\n<h4>Populiariausi \"Corten\" plieno kepsnini\u0173 dizainai<\/h4>\n<ol start=\"1\" data-spread=\"true\">\n<li><strong>Atskiros BBQ kepsnin\u0117s<\/strong> Jie puikiai tinka tiems, kurie nori universalaus ir ne\u0161iojamojo varianto. Jos b\u016bna \u012fvairi\u0173 form\u0173 ir dyd\u017ei\u0173, kad atitikt\u0173 skirtingus maisto ruo\u0161imo poreikius.<\/li>\n<li><strong>BBQ ugniaviet\u0117s<\/strong> \u0160ie dizainai, kuriuose dera kepsnin\u0117s funkcionalumas ir ugniakuro atmosfera, puikiai tinka sve\u010diams linksminti ir jaukiai atmosferai sukurti.<\/li>\n<li><strong>\u012emontuotos BBQ stotys<\/strong> Jei norite pastovesnio \u012frenginio, puikiai tinka kortino plieno \u012fmontuojamos kepsnin\u0117s. Jos gali b\u016bti pritaikytos taip, kad puikiai der\u0117t\u0173 prie j\u016bs\u0173 lauko virtuv\u0117s.<\/li>\n<\/ol>\n<p><a href=\"https:\/\/keweicorten.com\/lt\"><img loading=\"lazy\" decoding=\"async\" class=\"alignnone wp-image-2981 size-full\" title=\"corten barbekiu\" src=\"https:\/\/keweicorten.com\/wp-content\/uploads\/2024\/12\/\u672a\u547d\u540d.jpg\" alt=\"pirkti su nuolaida corten barbecue \" width=\"750\" height=\"750\" srcset=\"https:\/\/keweicorten.com\/wp-content\/uploads\/2024\/12\/\u672a\u547d\u540d.jpg 750w, https:\/\/keweicorten.com\/wp-content\/uploads\/2024\/12\/\u672a\u547d\u540d-300x300.jpg 300w, https:\/\/keweicorten.com\/wp-content\/uploads\/2024\/12\/\u672a\u547d\u540d-150x150.jpg 150w, https:\/\/keweicorten.com\/wp-content\/uploads\/2024\/12\/\u672a\u547d\u540d-12x12.jpg 12w, https:\/\/keweicorten.com\/wp-content\/uploads\/2024\/12\/\u672a\u547d\u540d-600x600.jpg 600w, https:\/\/keweicorten.com\/wp-content\/uploads\/2024\/12\/\u672a\u547d\u540d-100x100.jpg 100w\" sizes=\"(max-width: 750px) 100vw, 750px\" \/><\/a><\/p>\n<h4>Kod\u0117l verta rinktis \"Corten\" plien\u0105 savo kepsninei?<\/h4>\n<ul data-spread=\"false\">\n<li><strong>Ekologi\u0161kas:<\/strong> Korteninis plienas yra perdirbamas, tod\u0117l jis yra tvarus pasirinkimas ekologi\u0161kai s\u0105moningiems vartotojams.<\/li>\n<li><strong>Unikalus sen\u0117jimo procesas:<\/strong> Laikui b\u0117gant plieno i\u0161vaizda pager\u0117ja ir suteikia j\u016bs\u0173 lauko erdvei savitumo.<\/li>\n<li><strong>Atsparumas oro s\u0105lygoms:<\/strong> Jos atsparumas ekstremalioms s\u0105lygoms u\u017etikrina, kad ji i\u0161likt\u0173 funkcionali ir vizualiai patraukli i\u0161tisus metus.<\/li>\n<\/ul>\n<p><a href=\"https:\/\/keweicorten.com\/lt\"><img loading=\"lazy\" decoding=\"async\" class=\"alignnone wp-image-2979 size-full\" title=\"Korteno plieno BBQ kepsnin\u0117 \" src=\"https:\/\/keweicorten.com\/wp-content\/uploads\/2024\/12\/photobank-3.png\" alt=\"pirkti korteninio plieno BBQ kepsnin\u0119 su nuolaida -keweicorten\" width=\"437\" height=\"195\" srcset=\"https:\/\/keweicorten.com\/wp-content\/uploads\/2024\/12\/photobank-3.png 437w, https:\/\/keweicorten.com\/wp-content\/uploads\/2024\/12\/photobank-3-300x134.png 300w, https:\/\/keweicorten.com\/wp-content\/uploads\/2024\/12\/photobank-3-18x8.png 18w\" sizes=\"(max-width: 437px) 100vw, 437px\" \/><\/a><\/p>\n<h4>Patarimai, kaip pri\u017ei\u016br\u0117ti \"Corten\" plieno kepsnin\u0119<\/h4>\n<ul data-spread=\"false\">\n<li>Venkite j\u012f statyti vietose, kuriose nuolat tvyro dr\u0117gm\u0117, kad pernelyg ner\u016bdyt\u0173.<\/li>\n<li>Reguliariai valykite kepsnin\u0117s pavir\u0161i\u0173, kad pa\u0161alintum\u0117te maisto liku\u010dius.<\/li>\n<li>Jei gyvenate regionuose, kuriuose gausiai lyja arba sninga, naudokite apsaugin\u012f dangt\u012f.<\/li>\n<\/ul>","protected":false},"excerpt":{"rendered":"<p data-pm-slice=\"1 1 []\">Korteno plieno kepsnin\u0117s - tai ne tik funkcionalumas, bet ir ilgaam\u017eis, ma\u017eai prie\u017ei\u016bros reikalaujantis ir vizualiai nuostabus centrinis elementas, kuriuo pagerinsite savo gyvenam\u0105j\u0105 erdv\u0119 po atviru dangumi.<\/p>","protected":false},"featured_media":3005,"comment_status":"open","ping_status":"closed","template":"","meta":{"_eb_attr":"","_monsterinsights_skip_tracking":false,"_monsterinsights_sitenote_active":false,"_monsterinsights_sitenote_note":"","_monsterinsights_sitenote_category":0,"_uf_show_specific_survey":0,"_uf_disable_surveys":false},"product_brand":[],"product_cat":[63],"product_tag":[],"class_list":{"0":"post-2999","1":"product","2":"type-product","3":"status-publish","4":"has-post-thumbnail","6":"product_cat-steel-bbq-grill","8":"first","9":"instock","10":"shipping-taxable","11":"product-type-simple"},"_links":{"self":[{"href":"https:\/\/keweicorten.com\/lt\/wp-json\/wp\/v2\/product\/2999"}],"collection":[{"href":"https:\/\/keweicorten.com\/lt\/wp-json\/wp\/v2\/product"}],"about":[{"href":"https:\/\/keweicorten.com\/lt\/wp-json\/wp\/v2\/types\/product"}],"replies":[{"embeddable":true,"href":"https:\/\/keweicorten.com\/lt\/wp-json\/wp\/v2\/comments?post=2999"}],"version-history":[{"count":1,"href":"https:\/\/keweicorten.com\/lt\/wp-json\/wp\/v2\/product\/2999\/revisions"}],"predecessor-version":[{"id":3007,"href":"https:\/\/keweicorten.com\/lt\/wp-json\/wp\/v2\/product\/2999\/revisions\/3007"}],"wp:featuredmedia":[{"embeddable":true,"href":"https:\/\/keweicorten.com\/lt\/wp-json\/wp\/v2\/media\/3005"}],"wp:attachment":[{"href":"https:\/\/keweicorten.com\/lt\/wp-json\/wp\/v2\/media?parent=2999"}],"wp:term":[{"taxonomy":"product_brand","embeddable":true,"href":"https:\/\/keweicorten.com\/lt\/wp-json\/wp\/v2\/product_brand?post=2999"},{"taxonomy":"product_cat","embeddable":true,"href":"https:\/\/keweicorten.com\/lt\/wp-json\/wp\/v2\/product_cat?post=2999"},{"taxonomy":"product_tag","embeddable":true,"href":"https:\/\/keweicorten.com\/lt\/wp-json\/wp\/v2\/product_tag?post=2999"}],"curies":[{"name":"wp","href":"https:\/\/api.w.org\/{rel}","templated":true}]}}