{"id":3033,"date":"2024-12-26T06:38:43","date_gmt":"2024-12-26T06:38:43","guid":{"rendered":"https:\/\/keweicorten.com\/?post_type=product&#038;p=3033"},"modified":"2025-01-15T06:09:20","modified_gmt":"2025-01-15T06:09:20","slug":"modernus-lauko-apsvietimas","status":"publish","type":"product","link":"https:\/\/keweicorten.com\/lt\/modernus-lauko-apsvietimas\/","title":{"rendered":"modernus lauko ap\u0161vietimas"},"content":{"rendered":"<p>\u0160iuolaikinis lauko ap\u0161vietimas suderina funkcionalum\u0105 ir eleganti\u0161k\u0105, \u0161iuolaiki\u0161k\u0105 dizain\u0105. Pateikiame kelet\u0105 populiari\u0173 variant\u0173 ir id\u0117j\u0173:<\/p>\n<p><a href=\"https:\/\/keweicorten.com\/lt\/produktas\/lauko-zibintu-stulpu-zibintai\/\"><img fetchpriority=\"high\" decoding=\"async\" class=\"alignnone wp-image-3038\" title=\"saul\u0117s \u0161viesos lauke\" src=\"https:\/\/keweicorten.com\/wp-content\/uploads\/2024\/12\/\u5fae\u4fe1\u56fe\u7247_20241226134204.jpg\" alt=\"saul\u0117s \u017eibintai lauke Gamyklos, Kinija, kaina, gamintojai, tiek\u0117jai, pritaikyti, didmenin\u0117 prekyba, pig\u016bs, pig\u016bs, parduodami, sand\u0117lyje.-keweicorten\" width=\"865\" height=\"1049\" srcset=\"https:\/\/keweicorten.com\/wp-content\/uploads\/2024\/12\/\u5fae\u4fe1\u56fe\u7247_20241226134204.jpg 1080w, https:\/\/keweicorten.com\/wp-content\/uploads\/2024\/12\/\u5fae\u4fe1\u56fe\u7247_20241226134204-247x300.jpg 247w, https:\/\/keweicorten.com\/wp-content\/uploads\/2024\/12\/\u5fae\u4fe1\u56fe\u7247_20241226134204-844x1024.jpg 844w, https:\/\/keweicorten.com\/wp-content\/uploads\/2024\/12\/\u5fae\u4fe1\u56fe\u7247_20241226134204-768x932.jpg 768w, https:\/\/keweicorten.com\/wp-content\/uploads\/2024\/12\/\u5fae\u4fe1\u56fe\u7247_20241226134204-10x12.jpg 10w, https:\/\/keweicorten.com\/wp-content\/uploads\/2024\/12\/\u5fae\u4fe1\u56fe\u7247_20241226134204-600x728.jpg 600w\" sizes=\"(max-width: 865px) 100vw, 865px\" \/><\/a><\/p>\n<h3><strong>\u0160iuolaikinio lauko ap\u0161vietimo tipai<\/strong><\/h3>\n<ol>\n<li><strong>Kelio \u017eibintai<\/strong>\n<ul>\n<li>\u017demo profilio, minimalistinio dizaino ir LED technologijos.<\/li>\n<li>Med\u017eiagos: Ner\u016bdijantis plienas, korteninis plienas arba aliuminis.<\/li>\n<li>Saul\u0117s energija varomos efektyvaus energijos vartojimo galimyb\u0117s.<\/li>\n<\/ul>\n<\/li>\n<li><strong>Sieniniai \u0161viestuvai<\/strong>\n<ul>\n<li>\u0160varios linijos ir geometrin\u0117s formos sienoms, kiemeliams ar \u012f\u0117jimams.<\/li>\n<li>Dramati\u0161kam efektui pasiekti galima naudoti vir\u0161utin\u012f ir apatin\u012f ap\u0161vietim\u0105.<\/li>\n<\/ul>\n<\/li>\n<li><strong>Stygini\u0173 \u017eibintai<\/strong>\n<ul>\n<li>\u0160iltai balti arba spalv\u0105 kei\u010diantys \u0161viesos diodai, kad sukurt\u0173 atmosfer\u0105.<\/li>\n<li>Tinka pav\u0117sin\u0117ms, sodams ar terasoms.<\/li>\n<\/ul>\n<\/li>\n<li><strong>Pro\u017eektoriai ir pro\u017eektoriai<\/strong>\n<ul>\n<li>Reguliuojami \u0161viestuvai med\u017eiams, architekt\u016bros elementams ar skulpt\u016broms pary\u0161kinti.<\/li>\n<li>I\u0161manieji valdikliai, skirti reguliuoti ap\u0161vietim\u0105 ir spalvas.<\/li>\n<\/ul>\n<\/li>\n<li><strong>Stulpeli\u0173 \u017eibintai<\/strong>\n<ul>\n<li>Laisvai pastatomi modernios estetikos \u017eibintai, skirti va\u017eiuojamosios kelio dalies ar sodo pakra\u0161\u010di\u0173 ap\u0161vietimui.<\/li>\n<li>Da\u017enai turi matin\u012f stikl\u0105 arba integruotus \u0161viesos diodus.<\/li>\n<\/ul>\n<\/li>\n<li><strong>\u012eleid\u017eiamas ap\u0161vietimas<\/strong>\n<ul>\n<li>\u012eleistiniai \u0161viestuvai, skirti palub\u0117ms, laiptams ar takams.<\/li>\n<li>Sukuria vientis\u0105 ir sant\u016bri\u0105 i\u0161vaizd\u0105.<\/li>\n<\/ul>\n<\/li>\n<li><strong>Pakabinami ir lubiniai \u0161viestuvai<\/strong>\n<ul>\n<li>Idealiai tinka dengtoms lauko erdv\u0117ms, pavyzd\u017eiui, verandoms ar pav\u0117sin\u0117ms.<\/li>\n<li>Naudojamos tokios med\u017eiagos kaip stiklas ir atmosferos poveikiui atspar\u016bs metalai.<\/li>\n<\/ul>\n<\/li>\n<\/ol>\n<h3><strong>\u0160iuolaikinio ap\u0161vietimo ypatyb\u0117s<\/strong><\/h3>\n<ul>\n<li><strong>I\u0161manusis valdymas<\/strong>: \"Wi-Fi\" arba \"Bluetooth\" palaikomas nuotolinis valdymas.<\/li>\n<li><strong>Energijos vartojimo efektyvumas<\/strong>: \u0160viesos diod\u0173 ir saul\u0117s energijos naudojimo galimyb\u0117s suma\u017eina energijos suvartojim\u0105.<\/li>\n<li><strong>Patvarios med\u017eiagos<\/strong>: Ilgaam\u017ei\u0161kum\u0105 u\u017etikrina oro s\u0105lygoms atspari apdaila.<\/li>\n<li><strong>Pritaikomi dizainai<\/strong>: Modulin\u0117s sistemos ir reguliuojamas ry\u0161kumas.<\/li>\n<\/ul>\n<p>&nbsp;<\/p>","protected":false},"excerpt":{"rendered":"<p>\u0160iuolaikinis lauko ap\u0161vietimas lauko erdv\u0117ms gali suteikti ir funkcionalumo, ir stiliaus. Ie\u0161kote konkre\u010di\u0173 tip\u0173, pavyzd\u017eiui, LED tak\u0173 \u017eibint\u0173, sienini\u0173 \u0161viestuv\u0173, stygini\u0173 \u0161viestuv\u0173 ar kra\u0161tovaizd\u017eio ap\u0161vietimo?<\/p>","protected":false},"featured_media":3034,"comment_status":"open","ping_status":"closed","template":"","meta":{"_eb_attr":"","_monsterinsights_skip_tracking":false,"_monsterinsights_sitenote_active":false,"_monsterinsights_sitenote_note":"","_monsterinsights_sitenote_category":0,"_uf_show_specific_survey":0,"_uf_disable_surveys":false},"product_brand":[],"product_cat":[61],"product_tag":[],"class_list":{"0":"post-3033","1":"product","2":"type-product","3":"status-publish","4":"has-post-thumbnail","6":"product_cat-light-post","8":"first","9":"instock","10":"shipping-taxable","11":"product-type-simple"},"_links":{"self":[{"href":"https:\/\/keweicorten.com\/lt\/wp-json\/wp\/v2\/product\/3033"}],"collection":[{"href":"https:\/\/keweicorten.com\/lt\/wp-json\/wp\/v2\/product"}],"about":[{"href":"https:\/\/keweicorten.com\/lt\/wp-json\/wp\/v2\/types\/product"}],"replies":[{"embeddable":true,"href":"https:\/\/keweicorten.com\/lt\/wp-json\/wp\/v2\/comments?post=3033"}],"version-history":[{"count":1,"href":"https:\/\/keweicorten.com\/lt\/wp-json\/wp\/v2\/product\/3033\/revisions"}],"predecessor-version":[{"id":3039,"href":"https:\/\/keweicorten.com\/lt\/wp-json\/wp\/v2\/product\/3033\/revisions\/3039"}],"wp:featuredmedia":[{"embeddable":true,"href":"https:\/\/keweicorten.com\/lt\/wp-json\/wp\/v2\/media\/3034"}],"wp:attachment":[{"href":"https:\/\/keweicorten.com\/lt\/wp-json\/wp\/v2\/media?parent=3033"}],"wp:term":[{"taxonomy":"product_brand","embeddable":true,"href":"https:\/\/keweicorten.com\/lt\/wp-json\/wp\/v2\/product_brand?post=3033"},{"taxonomy":"product_cat","embeddable":true,"href":"https:\/\/keweicorten.com\/lt\/wp-json\/wp\/v2\/product_cat?post=3033"},{"taxonomy":"product_tag","embeddable":true,"href":"https:\/\/keweicorten.com\/lt\/wp-json\/wp\/v2\/product_tag?post=3033"}],"curies":[{"name":"wp","href":"https:\/\/api.w.org\/{rel}","templated":true}]}}