{"id":3040,"date":"2024-12-26T06:45:28","date_gmt":"2024-12-26T06:45:28","guid":{"rendered":"https:\/\/keweicorten.com\/?post_type=product&#038;p=3040"},"modified":"2025-01-15T06:09:07","modified_gmt":"2025-01-15T06:09:07","slug":"kiemo-saules-zibintai","status":"publish","type":"product","link":"https:\/\/keweicorten.com\/lt\/kiemo-saules-zibintai\/","title":{"rendered":"kiemo saul\u0117s \u017eibintai"},"content":{"rendered":"<h3 data-pm-slice=\"1 1 []\">Saul\u0117s \u0161viesos kiemams: \u0160viesos \u017eibintai: i\u0161samus vadovas<\/h3>\n<p>Saul\u0117s \u0161viestuvai - tai puikus b\u016bdas ap\u0161viesti kiem\u0105 ir kartu ekologi\u0161kas bei ekonomi\u0161kas b\u016bdas. Jie naudoja atsinaujinan\u010di\u0105 saul\u0117s energij\u0105, ma\u017eina s\u0105skaitas u\u017e elektr\u0105 ir si\u016blo universalias dizaino galimybes \u012fvairiems kiemo stiliams. \u010cia rasite visk\u0105, k\u0105 reikia \u017einoti apie saul\u0117s \u0161viestuv\u0173 pasirinkim\u0105 ir naudojim\u0105 savo lauko erdv\u0117je.<\/p>\n<div>\n<hr \/>\n<\/div>\n<h3><strong>Saul\u0117s \u0161viesos privalumai<\/strong><\/h3>\n<ol start=\"1\" data-spread=\"true\">\n<li><strong>Energijos vartojimo efektyvumas<\/strong><br \/>\nSaul\u0117s \u0161viesa saul\u0117s \u0161vies\u0105 paver\u010dia elektra, tod\u0117l gerokai suma\u017e\u0117ja energijos suvartojimas ir i\u0161laidos. Jie idealiai tinka aplink\u0105 tausojantiems nam\u0173 savininkams.<\/li>\n<li><strong>Lengvas montavimas<\/strong><br \/>\nDauguma saul\u0117s \u017eibint\u0173 yra belaid\u017eiai ir turi lengvai montuojamus komponentus, tod\u0117l juos patogu rinktis \"pasidaryk pats\" entuziastams.<\/li>\n<li><strong>Ma\u017eai prie\u017ei\u016bros<\/strong><br \/>\nSaul\u0117s \u0161viestuvai reikalauja minimalios prie\u017ei\u016bros, nes yra pagaminti i\u0161 patvari\u0173 med\u017eiag\u0173 ir veikia automati\u0161kai, tod\u0117l ilgus metus u\u017etikrina ap\u0161vietim\u0105 be r\u016bpes\u010di\u0173.<\/li>\n<li><strong>Universalus dizainas<\/strong><br \/>\n\u012evairi\u0173 stili\u0173 saul\u0117s \u017eibintai gali atitikti moderni\u0105, kaimi\u0161k\u0105 ar tradicin\u0119 kiemo estetik\u0105.<\/li>\n<\/ol>\n<div>\n<hr \/>\n<\/div>\n<h3><a href=\"https:\/\/keweicorten.com\/lt\/produktas\/kortino-lempa\/\"><img fetchpriority=\"high\" decoding=\"async\" class=\"alignnone wp-image-3045\" title=\"lauko \u017eibintai kiemui\" src=\"https:\/\/keweicorten.com\/wp-content\/uploads\/2024\/12\/\u5fae\u4fe1\u56fe\u7247_20241226134154.jpg\" alt=\"lauko \u017eibintai kiemui\" width=\"850\" height=\"1031\" srcset=\"https:\/\/keweicorten.com\/wp-content\/uploads\/2024\/12\/\u5fae\u4fe1\u56fe\u7247_20241226134154.jpg 1080w, https:\/\/keweicorten.com\/wp-content\/uploads\/2024\/12\/\u5fae\u4fe1\u56fe\u7247_20241226134154-247x300.jpg 247w, https:\/\/keweicorten.com\/wp-content\/uploads\/2024\/12\/\u5fae\u4fe1\u56fe\u7247_20241226134154-844x1024.jpg 844w, https:\/\/keweicorten.com\/wp-content\/uploads\/2024\/12\/\u5fae\u4fe1\u56fe\u7247_20241226134154-768x932.jpg 768w, https:\/\/keweicorten.com\/wp-content\/uploads\/2024\/12\/\u5fae\u4fe1\u56fe\u7247_20241226134154-10x12.jpg 10w, https:\/\/keweicorten.com\/wp-content\/uploads\/2024\/12\/\u5fae\u4fe1\u56fe\u7247_20241226134154-600x728.jpg 600w\" sizes=\"(max-width: 850px) 100vw, 850px\" \/><\/a><\/h3>","protected":false},"excerpt":{"rendered":"<p>Atraskite universalius saul\u0117s \u017eibintus savo kiemui - nuo dekoratyvini\u0173 virveli\u0173 iki prakti\u0161k\u0173 pro\u017eektori\u0173 - ir ekologi\u0161kai bei stilingai pakeiskite savo kiem\u0105.<\/p>","protected":false},"featured_media":3041,"comment_status":"open","ping_status":"closed","template":"","meta":{"_eb_attr":"","_monsterinsights_skip_tracking":false,"_monsterinsights_sitenote_active":false,"_monsterinsights_sitenote_note":"","_monsterinsights_sitenote_category":0,"_uf_show_specific_survey":0,"_uf_disable_surveys":false},"product_brand":[],"product_cat":[61],"product_tag":[],"class_list":{"0":"post-3040","1":"product","2":"type-product","3":"status-publish","4":"has-post-thumbnail","6":"product_cat-light-post","8":"first","9":"instock","10":"shipping-taxable","11":"product-type-simple"},"_links":{"self":[{"href":"https:\/\/keweicorten.com\/lt\/wp-json\/wp\/v2\/product\/3040"}],"collection":[{"href":"https:\/\/keweicorten.com\/lt\/wp-json\/wp\/v2\/product"}],"about":[{"href":"https:\/\/keweicorten.com\/lt\/wp-json\/wp\/v2\/types\/product"}],"replies":[{"embeddable":true,"href":"https:\/\/keweicorten.com\/lt\/wp-json\/wp\/v2\/comments?post=3040"}],"version-history":[{"count":1,"href":"https:\/\/keweicorten.com\/lt\/wp-json\/wp\/v2\/product\/3040\/revisions"}],"predecessor-version":[{"id":3046,"href":"https:\/\/keweicorten.com\/lt\/wp-json\/wp\/v2\/product\/3040\/revisions\/3046"}],"wp:featuredmedia":[{"embeddable":true,"href":"https:\/\/keweicorten.com\/lt\/wp-json\/wp\/v2\/media\/3041"}],"wp:attachment":[{"href":"https:\/\/keweicorten.com\/lt\/wp-json\/wp\/v2\/media?parent=3040"}],"wp:term":[{"taxonomy":"product_brand","embeddable":true,"href":"https:\/\/keweicorten.com\/lt\/wp-json\/wp\/v2\/product_brand?post=3040"},{"taxonomy":"product_cat","embeddable":true,"href":"https:\/\/keweicorten.com\/lt\/wp-json\/wp\/v2\/product_cat?post=3040"},{"taxonomy":"product_tag","embeddable":true,"href":"https:\/\/keweicorten.com\/lt\/wp-json\/wp\/v2\/product_tag?post=3040"}],"curies":[{"name":"wp","href":"https:\/\/api.w.org\/{rel}","templated":true}]}}