{"id":3047,"date":"2024-12-26T06:53:53","date_gmt":"2024-12-26T06:53:53","guid":{"rendered":"https:\/\/keweicorten.com\/?post_type=product&#038;p=3047"},"modified":"2025-01-15T06:08:57","modified_gmt":"2025-01-15T06:08:57","slug":"saules-sodo-zibintai-dekoratyviniai","status":"publish","type":"product","link":"https:\/\/keweicorten.com\/lt\/saules-sodo-zibintai-dekoratyviniai\/","title":{"rendered":"saul\u0117s sodo \u017eibintai dekoratyviniai"},"content":{"rendered":"<p>Sodo smaili\u0173 \u0161viestuvai yra universal\u016bs ir prakti\u0161ki lauko ap\u0161vietimo sprendimai, puikiai tinkantys takams, kra\u0161tovaizd\u017eiui ir architekt\u016briniams elementams ap\u0161viesti. Pateikiame trump\u0105 vadov\u0105, kuris pad\u0117s suprasti j\u0173 privalumus ir naudojimo b\u016bdus:<\/p>\n<h3><strong>Kas yra sodo smaig\u0173 \u017eibintai?<\/strong><\/h3>\n<ul>\n<li><strong>Dizainas<\/strong>: Kompakti\u0161ki \u017eibintai, sumontuoti ant kuol\u0173 (smaig\u0173), kuriuos galima \u012fleisti tiesiai \u012f \u017eem\u0119.<\/li>\n<li><strong>Ap\u0161vietimas<\/strong>: Paprastai maitinami \u0161viesos diodais, kad efektyviai naudot\u0173 energij\u0105 ir ilgai tarnaut\u0173.<\/li>\n<li><strong>Mobilumas<\/strong>: Lengvai kei\u010diama j\u0173 pad\u0117tis, tod\u0117l jas galima pritaikyti prie besikei\u010dian\u010dio sodo i\u0161planavimo.<\/li>\n<\/ul>\n<p><a href=\"https:\/\/keweicorten.com\/lt\"><img fetchpriority=\"high\" decoding=\"async\" class=\"alignnone wp-image-3053\" title=\"saul\u0117s kelio \u017eibintai lauke\" src=\"https:\/\/keweicorten.com\/wp-content\/uploads\/2024\/12\/H46b4bc64fd584a30aac992017855337fC.jpg_960x960.jpg\" alt=\"saul\u0117s kelio \u017eibintai lauko fabrikas, Kinija, kaina, gamintojai, tiek\u0117jai, pritaikyti, didmenin\u0117 prekyba, pig\u016bs, parduodami, sand\u0117lyje.-keweicorten\" width=\"782\" height=\"782\" srcset=\"https:\/\/keweicorten.com\/wp-content\/uploads\/2024\/12\/H46b4bc64fd584a30aac992017855337fC.jpg_960x960.jpg 700w, https:\/\/keweicorten.com\/wp-content\/uploads\/2024\/12\/H46b4bc64fd584a30aac992017855337fC.jpg_960x960-300x300.jpg 300w, https:\/\/keweicorten.com\/wp-content\/uploads\/2024\/12\/H46b4bc64fd584a30aac992017855337fC.jpg_960x960-150x150.jpg 150w, https:\/\/keweicorten.com\/wp-content\/uploads\/2024\/12\/H46b4bc64fd584a30aac992017855337fC.jpg_960x960-12x12.jpg 12w, https:\/\/keweicorten.com\/wp-content\/uploads\/2024\/12\/H46b4bc64fd584a30aac992017855337fC.jpg_960x960-600x600.jpg 600w, https:\/\/keweicorten.com\/wp-content\/uploads\/2024\/12\/H46b4bc64fd584a30aac992017855337fC.jpg_960x960-100x100.jpg 100w\" sizes=\"(max-width: 782px) 100vw, 782px\" \/><\/a><\/p>\n<h3><strong>Funkcijos\u00a0 <\/strong><strong>Sodo smaigalio \u017eibintai<\/strong><\/h3>\n<ol>\n<li><strong>Reguliuojami kampai<\/strong>: Nukreipkite \u0161vies\u0105 taip, kad i\u0161ry\u0161k\u0117t\u0173 augalai, med\u017eiai ar statiniai.<\/li>\n<li><strong>Oro s\u0105lygoms atsparios med\u017eiagos<\/strong>: Pagaminta taip, kad atlaikyt\u0173 liet\u0173, v\u0117j\u0105 ir UV spindulius.<\/li>\n<li><strong>Maitinimo parinktys<\/strong>: Galite rinktis saul\u0117s energija maitinamus, \u017eemos \u012ftampos arba prie elektros tinklo jungiamus modelius.<\/li>\n<li><strong>Patvarumas<\/strong>: Pagaminti i\u0161 tvirt\u0173 med\u017eiag\u0173, pavyzd\u017eiui, ner\u016bdijan\u010dio plieno arba aliuminio.<\/li>\n<\/ol>\n<h3><strong>Sodo smaig\u0173 \u017eibint\u0173 naudojimas<\/strong><\/h3>\n<ol>\n<li><strong>Kelio ap\u0161vietimas<\/strong>: Saugumui ir stiliui u\u017etikrinti i\u0161klokite \u0161aligatvius ar \u012fva\u017eiavimus.<\/li>\n<li><strong>Akcentinis ap\u0161vietimas<\/strong>: I\u0161ry\u0161kinkite tam tikrus sodo elementus, pavyzd\u017eiui, fontanus, skulpt\u016bras ar g\u0117lynus.<\/li>\n<li><strong>Aplinkos ap\u0161vietimas<\/strong>: \u0160iltai ir jaukiai atmosferai sukurti prid\u0117kite \u0161veln\u0173 ap\u0161vietim\u0105.<\/li>\n<li><strong>Sezoninis dekoras<\/strong>: Naudokite \u0161ventin\u0117ms ar atostog\u0173 ekspozicijoms.<\/li>\n<\/ol>\n<p><a href=\"https:\/\/keweicorten.com\/lt\"><img decoding=\"async\" class=\"alignnone wp-image-3054\" title=\"saul\u0117s kelio \u017eibintai lauke\" src=\"https:\/\/keweicorten.com\/wp-content\/uploads\/2024\/12\/Hotel-Decoration-Wall-Lamp-2.jpg\" alt=\"saul\u0117s kelio \u017eibintai lauko fabrikas, Kinija, kaina, gamintojai, tiek\u0117jai, pritaikyti, didmenin\u0117 prekyba, pig\u016bs, parduodami, sand\u0117lyje.-keweicorten\" width=\"765\" height=\"765\" srcset=\"https:\/\/keweicorten.com\/wp-content\/uploads\/2024\/12\/Hotel-Decoration-Wall-Lamp-2.jpg 700w, https:\/\/keweicorten.com\/wp-content\/uploads\/2024\/12\/Hotel-Decoration-Wall-Lamp-2-300x300.jpg 300w, https:\/\/keweicorten.com\/wp-content\/uploads\/2024\/12\/Hotel-Decoration-Wall-Lamp-2-150x150.jpg 150w, https:\/\/keweicorten.com\/wp-content\/uploads\/2024\/12\/Hotel-Decoration-Wall-Lamp-2-12x12.jpg 12w, https:\/\/keweicorten.com\/wp-content\/uploads\/2024\/12\/Hotel-Decoration-Wall-Lamp-2-600x600.jpg 600w, https:\/\/keweicorten.com\/wp-content\/uploads\/2024\/12\/Hotel-Decoration-Wall-Lamp-2-100x100.jpg 100w\" sizes=\"(max-width: 765px) 100vw, 765px\" \/><\/a><\/p>\n<h3><strong>Privalumai<\/strong><\/h3>\n<ul>\n<li><strong>Energijos vartojimo efektyvumas<\/strong>: Da\u017enai turi LED lemputes, kad b\u016bt\u0173 sunaudojama kuo ma\u017eiau energijos.<\/li>\n<li><strong>Pritaikoma vieta<\/strong>: Lengvai perkeliama, kad atitikt\u0173 besikei\u010dian\u010dius poreikius.<\/li>\n<li><strong>Ekonomi\u0161kas<\/strong>: \u012eperkamas ir ilgalaikis.<\/li>\n<\/ul>\n<p><a href=\"https:\/\/keweicorten.com\/lt\"><img decoding=\"async\" class=\"alignnone wp-image-3055\" title=\"saul\u0117s sodo \u017eibintai dekoratyviniai\" src=\"https:\/\/keweicorten.com\/wp-content\/uploads\/2024\/12\/\u5fae\u4fe1\u56fe\u7247_20241226134154-1.jpg\" alt=\"Saul\u0117s sodo \u017eibintai dekoratyviniai fabrikas, Kinija, kaina, gamintojai, tiek\u0117jai, pritaikyti, didmenin\u0117 prekyba, pig\u016bs, parduodami, sand\u0117lyje.-keweicorten\" width=\"797\" height=\"967\" srcset=\"https:\/\/keweicorten.com\/wp-content\/uploads\/2024\/12\/\u5fae\u4fe1\u56fe\u7247_20241226134154-1.jpg 1080w, https:\/\/keweicorten.com\/wp-content\/uploads\/2024\/12\/\u5fae\u4fe1\u56fe\u7247_20241226134154-1-247x300.jpg 247w, https:\/\/keweicorten.com\/wp-content\/uploads\/2024\/12\/\u5fae\u4fe1\u56fe\u7247_20241226134154-1-844x1024.jpg 844w, https:\/\/keweicorten.com\/wp-content\/uploads\/2024\/12\/\u5fae\u4fe1\u56fe\u7247_20241226134154-1-768x932.jpg 768w, https:\/\/keweicorten.com\/wp-content\/uploads\/2024\/12\/\u5fae\u4fe1\u56fe\u7247_20241226134154-1-10x12.jpg 10w, https:\/\/keweicorten.com\/wp-content\/uploads\/2024\/12\/\u5fae\u4fe1\u56fe\u7247_20241226134154-1-600x728.jpg 600w\" sizes=\"(max-width: 797px) 100vw, 797px\" \/><\/a><\/p>","protected":false},"excerpt":{"rendered":"<p>Atraskite universalius saul\u0117s \u017eibintus savo kiemui - nuo dekoratyvini\u0173 virveli\u0173 iki prakti\u0161k\u0173 pro\u017eektori\u0173 - ir ekologi\u0161kai bei stilingai pakeiskite savo kiem\u0105.<\/p>","protected":false},"featured_media":3048,"comment_status":"open","ping_status":"closed","template":"","meta":{"_eb_attr":"","_monsterinsights_skip_tracking":false,"_monsterinsights_sitenote_active":false,"_monsterinsights_sitenote_note":"","_monsterinsights_sitenote_category":0,"_uf_show_specific_survey":0,"_uf_disable_surveys":false},"product_brand":[],"product_cat":[61],"product_tag":[],"class_list":{"0":"post-3047","1":"product","2":"type-product","3":"status-publish","4":"has-post-thumbnail","6":"product_cat-light-post","8":"first","9":"instock","10":"shipping-taxable","11":"product-type-simple"},"_links":{"self":[{"href":"https:\/\/keweicorten.com\/lt\/wp-json\/wp\/v2\/product\/3047"}],"collection":[{"href":"https:\/\/keweicorten.com\/lt\/wp-json\/wp\/v2\/product"}],"about":[{"href":"https:\/\/keweicorten.com\/lt\/wp-json\/wp\/v2\/types\/product"}],"replies":[{"embeddable":true,"href":"https:\/\/keweicorten.com\/lt\/wp-json\/wp\/v2\/comments?post=3047"}],"version-history":[{"count":1,"href":"https:\/\/keweicorten.com\/lt\/wp-json\/wp\/v2\/product\/3047\/revisions"}],"predecessor-version":[{"id":3056,"href":"https:\/\/keweicorten.com\/lt\/wp-json\/wp\/v2\/product\/3047\/revisions\/3056"}],"wp:featuredmedia":[{"embeddable":true,"href":"https:\/\/keweicorten.com\/lt\/wp-json\/wp\/v2\/media\/3048"}],"wp:attachment":[{"href":"https:\/\/keweicorten.com\/lt\/wp-json\/wp\/v2\/media?parent=3047"}],"wp:term":[{"taxonomy":"product_brand","embeddable":true,"href":"https:\/\/keweicorten.com\/lt\/wp-json\/wp\/v2\/product_brand?post=3047"},{"taxonomy":"product_cat","embeddable":true,"href":"https:\/\/keweicorten.com\/lt\/wp-json\/wp\/v2\/product_cat?post=3047"},{"taxonomy":"product_tag","embeddable":true,"href":"https:\/\/keweicorten.com\/lt\/wp-json\/wp\/v2\/product_tag?post=3047"}],"curies":[{"name":"wp","href":"https:\/\/api.w.org\/{rel}","templated":true}]}}