{"id":3057,"date":"2024-12-30T07:11:54","date_gmt":"2024-12-30T07:11:54","guid":{"rendered":"https:\/\/keweicorten.com\/?post_type=product&#038;p=3057"},"modified":"2025-01-15T06:08:48","modified_gmt":"2025-01-15T06:08:48","slug":"stulpeliu-krastovaizdzio-apsvietimas","status":"publish","type":"product","link":"https:\/\/keweicorten.com\/lt\/stulpeliu-krastovaizdzio-apsvietimas\/","title":{"rendered":"stulpeli\u0173 kra\u0161tovaizd\u017eio ap\u0161vietimas"},"content":{"rendered":"<p><a href=\"https:\/\/keweicorten.com\/lt\/produktas\/saules-sodo-zibintai-dekoratyviniai\/\">Stulpeli\u0173 kra\u0161tovaizd\u017eio ap\u0161vietimas<\/a> tai puikus b\u016bdas pagerinti lauko erdvi\u0173 estetik\u0105 ir funkcionalum\u0105. \u0160ie \u0161viestuvai u\u017etikrina \u017eemo lygio aplinkos ap\u0161vietim\u0105, kuris i\u0161ry\u0161kina takus, sodus ir \u012fva\u017eiavimus, o kra\u0161tovaizd\u017eio dizain\u0105 papildo moderniu akcentu.<\/p>\n<p><img fetchpriority=\"high\" decoding=\"async\" class=\"alignnone  wp-image-3063\" src=\"https:\/\/keweicorten.com\/wp-content\/uploads\/2024\/12\/H0f063b61be3a421db180f62d434bd931U.jpg_960x960-300x300.webp\" alt=\"\" width=\"315\" height=\"315\" srcset=\"https:\/\/keweicorten.com\/wp-content\/uploads\/2024\/12\/H0f063b61be3a421db180f62d434bd931U.jpg_960x960-300x300.webp 300w, https:\/\/keweicorten.com\/wp-content\/uploads\/2024\/12\/H0f063b61be3a421db180f62d434bd931U.jpg_960x960-150x150.webp 150w, https:\/\/keweicorten.com\/wp-content\/uploads\/2024\/12\/H0f063b61be3a421db180f62d434bd931U.jpg_960x960-768x768.webp 768w, https:\/\/keweicorten.com\/wp-content\/uploads\/2024\/12\/H0f063b61be3a421db180f62d434bd931U.jpg_960x960-12x12.webp 12w, https:\/\/keweicorten.com\/wp-content\/uploads\/2024\/12\/H0f063b61be3a421db180f62d434bd931U.jpg_960x960-600x600.webp 600w, https:\/\/keweicorten.com\/wp-content\/uploads\/2024\/12\/H0f063b61be3a421db180f62d434bd931U.jpg_960x960-100x100.webp 100w, https:\/\/keweicorten.com\/wp-content\/uploads\/2024\/12\/H0f063b61be3a421db180f62d434bd931U.jpg_960x960.webp 960w\" sizes=\"(max-width: 315px) 100vw, 315px\" \/> <img decoding=\"async\" class=\"alignnone  wp-image-3064\" src=\"https:\/\/keweicorten.com\/wp-content\/uploads\/2024\/12\/Camping-Lantern-LED-Light-1-293x300.webp\" alt=\"\" width=\"307\" height=\"314\" srcset=\"https:\/\/keweicorten.com\/wp-content\/uploads\/2024\/12\/Camping-Lantern-LED-Light-1-293x300.webp 293w, https:\/\/keweicorten.com\/wp-content\/uploads\/2024\/12\/Camping-Lantern-LED-Light-1-768x785.webp 768w, https:\/\/keweicorten.com\/wp-content\/uploads\/2024\/12\/Camping-Lantern-LED-Light-1-12x12.webp 12w, https:\/\/keweicorten.com\/wp-content\/uploads\/2024\/12\/Camping-Lantern-LED-Light-1-600x614.webp 600w, https:\/\/keweicorten.com\/wp-content\/uploads\/2024\/12\/Camping-Lantern-LED-Light-1.webp 790w\" sizes=\"(max-width: 307px) 100vw, 307px\" \/><\/p>\n<p><a href=\"https:\/\/keweicorten.com\/lt\"><img decoding=\"async\" class=\"alignnone wp-image-3066 size-full\" title=\"lauko stulpeliai\" src=\"https:\/\/keweicorten.com\/wp-content\/uploads\/2024\/12\/Decoration-Metal-Hanging-Lantern-Light-6.jpg\" alt=\"lauko stulpeliai Kinija, kaina, gamintojai, tiek\u0117jai, pritaikyti, didmenin\u0117 prekyba, pig\u016bs, parduodami, sand\u0117lyje.-keweicorten\" width=\"500\" height=\"500\" srcset=\"https:\/\/keweicorten.com\/wp-content\/uploads\/2024\/12\/Decoration-Metal-Hanging-Lantern-Light-6.jpg 500w, https:\/\/keweicorten.com\/wp-content\/uploads\/2024\/12\/Decoration-Metal-Hanging-Lantern-Light-6-300x300.jpg 300w, https:\/\/keweicorten.com\/wp-content\/uploads\/2024\/12\/Decoration-Metal-Hanging-Lantern-Light-6-150x150.jpg 150w, https:\/\/keweicorten.com\/wp-content\/uploads\/2024\/12\/Decoration-Metal-Hanging-Lantern-Light-6-12x12.jpg 12w, https:\/\/keweicorten.com\/wp-content\/uploads\/2024\/12\/Decoration-Metal-Hanging-Lantern-Light-6-100x100.jpg 100w\" sizes=\"(max-width: 500px) 100vw, 500px\" \/><\/a><\/p>\n<h3><strong>Pagrindin\u0117s funkcijos <a href=\"https:\/\/keweicorten.com\/lt\/produktas\/kiemo-saules-zibintai\/\">Bollard\u0173 kra\u0161tovaizd\u017eio ap\u0161vietimas<\/a>\uff1a<\/strong><\/h3>\n<ol>\n<li><strong>Kryptinis ap\u0161vietimas<\/strong>\n<ul>\n<li>Kai kuriose konstrukcijose galima reguliuoti spindulius, kad \u0161vies\u0105 b\u016bt\u0173 galima nukreipti ten, kur reikia.<\/li>\n<\/ul>\n<\/li>\n<li><strong>Difuzinis arba fokusuotas ap\u0161vietimas<\/strong>\n<ul>\n<li>Matiniai l\u0119\u0161iai u\u017etikrina \u0161veln\u0173 ir tolyg\u0173 ap\u0161vietim\u0105, o skaidr\u016bs l\u0119\u0161iai sutelkia \u0161vies\u0105 \u012f tam tikras sritis.<\/li>\n<\/ul>\n<\/li>\n<li><strong>Med\u017eiag\u0173 parinktys<\/strong>\n<ul>\n<li><strong>Korteninis plienas:<\/strong> \u012egauna nat\u016brali\u0105 r\u016bd\u017ei\u0173 patin\u0105, puikiai tinka kaimi\u0161kiems ar moderniems kra\u0161tovaizd\u017eiams.<\/li>\n<li><strong>Ner\u016bdijantis plienas:<\/strong> Eleganti\u0161kas, patvarus ir atsparus korozijai.<\/li>\n<li><strong>Milteliais dengtas aliuminis:<\/strong> Lengvas ir \u012fvairi\u0173 spalv\u0173.<\/li>\n<\/ul>\n<\/li>\n<li><strong>Ap\u0161vietimo technologija<\/strong>\n<ul>\n<li>\u0160VIESOS DIODAS: Energij\u0105 taupan\u010dios ir ilgaam\u017e\u0117s.<\/li>\n<li>Saul\u0117s energija: Saul\u0117s energija: savaime i\u0161sikrauna, yra ekologi\u0161ka ir nereikalauja joki\u0173 laid\u0173.<\/li>\n<li>\u017dema \u012ftampa: Saugu ir efektyvu naudoti laidin\u0117se sistemose.<\/li>\n<\/ul>\n<\/li>\n<li><strong>Dizainai ir stiliai<\/strong>\n<ul>\n<li>Moderni\u0173 geometrini\u0173 form\u0173, tradicini\u0173 \u017eibint\u0173 stiliaus stulpeli\u0173 arba dekoratyvini\u0173 i\u0161pjov\u0173.<\/li>\n<\/ul>\n<\/li>\n<li><strong>Auk\u0161\u010dio poky\u010diai<\/strong>\n<ul>\n<li>Trumpi stulpeliai (12-24 coli\u0173): Idealiai tinka sodams arba \u017eemo lygio akcentiniam ap\u0161vietimui.<\/li>\n<li>Auk\u0161ti stulpeliai (24-48 coli\u0173): Geriau tinka takams ir didesn\u0117ms teritorijoms ap\u0161viesti.<\/li>\n<\/ul>\n<\/li>\n<\/ol>\n<p><a href=\"https:\/\/keweicorten.com\/lt\"><img loading=\"lazy\" decoding=\"async\" class=\"alignnone wp-image-3061 size-full\" title=\"modern\u016bs stulpeli\u0173 \u017eibintai\" src=\"https:\/\/keweicorten.com\/wp-content\/uploads\/2024\/12\/Decoration-Metal-Hanging-Lantern-Light-5.jpg\" alt=\"modernus Bollard \u017eibintai fabrikas, Kinija, kaina, gamintojai, tiek\u0117jai, pritaikyti, didmenin\u0117 prekyba, pig\u016bs, parduodami, sand\u0117lyje.-keweicorten\" width=\"500\" height=\"482\" srcset=\"https:\/\/keweicorten.com\/wp-content\/uploads\/2024\/12\/Decoration-Metal-Hanging-Lantern-Light-5.jpg 500w, https:\/\/keweicorten.com\/wp-content\/uploads\/2024\/12\/Decoration-Metal-Hanging-Lantern-Light-5-300x289.jpg 300w, https:\/\/keweicorten.com\/wp-content\/uploads\/2024\/12\/Decoration-Metal-Hanging-Lantern-Light-5-12x12.jpg 12w\" sizes=\"(max-width: 500px) 100vw, 500px\" \/><\/a><\/p>\n<hr \/>\n<h3><strong>Privalumai <a href=\"https:\/\/keweicorten.com\/lt\/produktas\/led-apsvietimas-lauko-duru-zibintai\/\">Kra\u0161tovaizd\u017eio ap\u017eeldinimo stulpeli\u0173 ap\u0161vietimas<\/a>\uff1a<\/strong><\/h3>\n<ol>\n<li><strong>Didesnis saugumas<\/strong>\n<ul>\n<li>Ap\u0161vie\u010dia kelius, suma\u017eina suklupimo pavoj\u0173 ir u\u017etikrina matomum\u0105.<\/li>\n<\/ul>\n<\/li>\n<li><strong>Patobulinta estetika<\/strong>\n<ul>\n<li>I\u0161ry\u0161kinkite pagrindinius elementus, pavyzd\u017eiui, sodo lysves, med\u017eius ar skulpt\u016bras.<\/li>\n<\/ul>\n<\/li>\n<li><strong>Energijos vartojimo efektyvumas<\/strong>\n<ul>\n<li>LED ir saul\u0117s baterij\u0173 galimyb\u0117s suma\u017eina elektros energijos naudojim\u0105 ir prie\u017ei\u016br\u0105.<\/li>\n<\/ul>\n<\/li>\n<li><strong>Ma\u017eai prie\u017ei\u016bros<\/strong>\n<ul>\n<li>Oro s\u0105lygoms atsparios med\u017eiagos ir pa\u017eangios ap\u0161vietimo technologijos reikalauja minimalios prie\u017ei\u016bros.<\/li>\n<\/ul>\n<\/li>\n<\/ol>\n<p><a href=\"https:\/\/keweicorten.com\/lt\"><img loading=\"lazy\" decoding=\"async\" class=\"alignnone wp-image-3058 size-full\" title=\"lauko stulpeliai\" src=\"https:\/\/keweicorten.com\/wp-content\/uploads\/2024\/12\/Courtyard-Antique-Hanging-Metal-Lantern-1.jpg\" alt=\"lauko stulpeliai fabrikas, Kinija, kaina, gamintojai, tiek\u0117jai, pritaikyti, didmenin\u0117 prekyba, pig\u016bs, parduodami, sand\u0117lyje.-keweicorten\" width=\"498\" height=\"500\" srcset=\"https:\/\/keweicorten.com\/wp-content\/uploads\/2024\/12\/Courtyard-Antique-Hanging-Metal-Lantern-1.jpg 498w, https:\/\/keweicorten.com\/wp-content\/uploads\/2024\/12\/Courtyard-Antique-Hanging-Metal-Lantern-1-300x300.jpg 300w, https:\/\/keweicorten.com\/wp-content\/uploads\/2024\/12\/Courtyard-Antique-Hanging-Metal-Lantern-1-150x150.jpg 150w, https:\/\/keweicorten.com\/wp-content\/uploads\/2024\/12\/Courtyard-Antique-Hanging-Metal-Lantern-1-12x12.jpg 12w, https:\/\/keweicorten.com\/wp-content\/uploads\/2024\/12\/Courtyard-Antique-Hanging-Metal-Lantern-1-100x100.jpg 100w\" sizes=\"(max-width: 498px) 100vw, 498px\" \/><\/a><\/p>\n<hr \/>\n<h3><strong>Taikomosios programos <a href=\"https:\/\/keweicorten.com\/lt\/produktas\/kortino-lempa\/\">Stulpeli\u0173 ap\u0161vietimas<\/a>\uff1a<\/strong><\/h3>\n<ol>\n<li><strong>Keliai ir takai<\/strong>\n<ul>\n<li>Vadovaukite p\u0117stiesiems tolygiai i\u0161d\u0117stytais stulpeliais, kad jie \u0161vyt\u0117t\u0173 vienodai.<\/li>\n<\/ul>\n<\/li>\n<li><strong>Priva\u017eiavimo keliai<\/strong>\n<ul>\n<li>Pa\u017eym\u0117kite kra\u0161tus, kad gal\u0117tum\u0117te saugiai jud\u0117ti transporto priemone.<\/li>\n<\/ul>\n<\/li>\n<li><strong>Sodai ir kra\u0161tovaizd\u017eio ypatyb\u0117s<\/strong>\n<ul>\n<li>I\u0161ry\u0161kinkite g\u0117lynus, kr\u016bmus ar vandens telkinius.<\/li>\n<\/ul>\n<\/li>\n<li><strong>Komercin\u0117s erdv\u0117s<\/strong>\n<ul>\n<li>Puikiai tinka kurortuose, parkuose ar vie\u0161uosiuose takuose.<\/li>\n<\/ul>\n<\/li>\n<\/ol>","protected":false},"excerpt":{"rendered":"<p>\"Bollard Landscape Lighting\" si\u016blo modernius, eleganti\u0161kus lauko ap\u0161vietimo sprendimus takams, sodams ir priva\u017eiavimams, kuriuose dera funkcionalumas ir gro\u017eis, siekiant padidinti saugum\u0105 ir pagerinti naktin\u012f kra\u0161tovaizd\u012f.<\/p>","protected":false},"featured_media":3058,"comment_status":"open","ping_status":"closed","template":"","meta":{"_eb_attr":"","_monsterinsights_skip_tracking":false,"_monsterinsights_sitenote_active":false,"_monsterinsights_sitenote_note":"","_monsterinsights_sitenote_category":0,"_uf_show_specific_survey":0,"_uf_disable_surveys":false},"product_brand":[],"product_cat":[61],"product_tag":[],"class_list":{"0":"post-3057","1":"product","2":"type-product","3":"status-publish","4":"has-post-thumbnail","6":"product_cat-light-post","8":"first","9":"instock","10":"shipping-taxable","11":"product-type-simple"},"_links":{"self":[{"href":"https:\/\/keweicorten.com\/lt\/wp-json\/wp\/v2\/product\/3057"}],"collection":[{"href":"https:\/\/keweicorten.com\/lt\/wp-json\/wp\/v2\/product"}],"about":[{"href":"https:\/\/keweicorten.com\/lt\/wp-json\/wp\/v2\/types\/product"}],"replies":[{"embeddable":true,"href":"https:\/\/keweicorten.com\/lt\/wp-json\/wp\/v2\/comments?post=3057"}],"version-history":[{"count":1,"href":"https:\/\/keweicorten.com\/lt\/wp-json\/wp\/v2\/product\/3057\/revisions"}],"predecessor-version":[{"id":3067,"href":"https:\/\/keweicorten.com\/lt\/wp-json\/wp\/v2\/product\/3057\/revisions\/3067"}],"wp:featuredmedia":[{"embeddable":true,"href":"https:\/\/keweicorten.com\/lt\/wp-json\/wp\/v2\/media\/3058"}],"wp:attachment":[{"href":"https:\/\/keweicorten.com\/lt\/wp-json\/wp\/v2\/media?parent=3057"}],"wp:term":[{"taxonomy":"product_brand","embeddable":true,"href":"https:\/\/keweicorten.com\/lt\/wp-json\/wp\/v2\/product_brand?post=3057"},{"taxonomy":"product_cat","embeddable":true,"href":"https:\/\/keweicorten.com\/lt\/wp-json\/wp\/v2\/product_cat?post=3057"},{"taxonomy":"product_tag","embeddable":true,"href":"https:\/\/keweicorten.com\/lt\/wp-json\/wp\/v2\/product_tag?post=3057"}],"curies":[{"name":"wp","href":"https:\/\/api.w.org\/{rel}","templated":true}]}}