{"id":3091,"date":"2025-01-07T07:19:24","date_gmt":"2025-01-07T07:19:24","guid":{"rendered":"https:\/\/keweicorten.com\/?post_type=product&#038;p=3091"},"modified":"2025-01-15T03:58:27","modified_gmt":"2025-01-15T03:58:27","slug":"raketinis-granuliu-degiklis","status":"publish","type":"product","link":"https:\/\/keweicorten.com\/lt\/raketinis-granuliu-degiklis\/","title":{"rendered":"Raketinis granuli\u0173 degiklis"},"content":{"rendered":"<h3 data-pm-slice=\"1 1 []\">Raketinis granuli\u0173 degiklis: Auk\u0161\u010diausias lauko atmosferos sprendimas<\/h3>\n<p>Jei norite savo lauko erdv\u0119 paversti jaukia ir kvie\u010dian\u010dia prieglauda, \"Rocket <strong>granuli\u0173 degiklis<\/strong> gali b\u016bti puikus papildymas. \u0160ie naujovi\u0161ki lauko \u0161ildytuvai ir dekoratyviniai elementai suteikia \u0161ilumos, elegancijos ir yra ekologi\u0161ka alternatyva tradiciniams terasos degikliams. \u0160iame straipsnyje gilinam\u0117s \u012f tai, kod\u0117l granuli\u0173 degikliai tampa privalomu sod\u0173, kiem\u0173 ir lauko rengini\u0173 reikmeniu.<\/p>\n<h4>Kas yra <a href=\"https:\/\/keweicorten.com\/lt\/produktas\/granuliu-turgus\/\">Raketinis granuli\u0173 degiklis<\/a>?<\/h4>\n<p>Granuli\u0173 degiklis - tai lauko \u0161ildytuvas, kurio kurui naudojamos med\u017eio granul\u0117s. Skirtingai nuo tradicini\u0173 degikli\u0173, kuriuose naudojamas dujinis arba skystasis kuras, granuli\u0173 degikliai varomi susl\u0117gtomis medienos granul\u0117mis, kurios yra atsinaujinan\u010dios, nebrangios ir \u012f aplink\u0105 i\u0161meta nedaug ter\u0161al\u0173. \u0160ie deglai sukurti taip, kad u\u017etikrint\u0173 ir \u0161ilum\u0105, ir gra\u017ei\u0105 liepsn\u0105, tod\u0117l yra puikus pasirinkimas tiek funkciniais, tiek estetiniais tikslais.<\/p>\n<p><a href=\"https:\/\/keweicorten.com\/lt\"><img fetchpriority=\"high\" decoding=\"async\" class=\"alignnone wp-image-2656 size-full\" title=\"granuli\u0173 kiemo \u0161ildytuvas \" src=\"https:\/\/keweicorten.com\/wp-content\/uploads\/2024\/12\/\u5fae\u4fe1\u56fe\u7247_20241204151140.jpg\" alt=\"granuli\u0173 kiemo \u0161ildytuvas Gamykla, Kinija, kaina, gamintojai, tiek\u0117jai, pritaikyti, didmenin\u0117 prekyba, pig\u016bs, parduodami, sand\u0117lyje.-keweicorten\" width=\"750\" height=\"750\" srcset=\"https:\/\/keweicorten.com\/wp-content\/uploads\/2024\/12\/\u5fae\u4fe1\u56fe\u7247_20241204151140.jpg 750w, https:\/\/keweicorten.com\/wp-content\/uploads\/2024\/12\/\u5fae\u4fe1\u56fe\u7247_20241204151140-300x300.jpg 300w, https:\/\/keweicorten.com\/wp-content\/uploads\/2024\/12\/\u5fae\u4fe1\u56fe\u7247_20241204151140-150x150.jpg 150w, https:\/\/keweicorten.com\/wp-content\/uploads\/2024\/12\/\u5fae\u4fe1\u56fe\u7247_20241204151140-12x12.jpg 12w, https:\/\/keweicorten.com\/wp-content\/uploads\/2024\/12\/\u5fae\u4fe1\u56fe\u7247_20241204151140-600x600.jpg 600w, https:\/\/keweicorten.com\/wp-content\/uploads\/2024\/12\/\u5fae\u4fe1\u56fe\u7247_20241204151140-100x100.jpg 100w\" sizes=\"(max-width: 750px) 100vw, 750px\" \/><\/a><\/p>\n<h4>Raketini\u0173 granuli\u0173 degikli\u0173 privalumai<\/h4>\n<ol start=\"1\" data-spread=\"true\">\n<li><strong>Ekologi\u0161kas \u0161ildymas<\/strong> Granuli\u0173 degikliai yra ekologi\u0161kas pasirinkimas, nes medienos granul\u0117s gaminamos i\u0161 perdirbt\u0173 medienos atliek\u0173. Jos dega \u0161variai, i\u0161meta kur kas ma\u017eiau anglies dioksido nei i\u0161kastinis kuras, tod\u0117l padeda ma\u017einti anglies p\u0117dsak\u0105.<\/li>\n<li><strong>Ekonomi\u0161kas<\/strong> Medienos granul\u0117s yra pla\u010diai prieinamos ir nebrangios, palyginti su dujomis ar skystuoju kuru. Efektyvaus degimo granuli\u0173 degikliai ilgiau dega, tod\u0117l u\u017e savo pinigus gaunate daugiau naudos.<\/li>\n<li><strong>Estetinis patrauklumas<\/strong> Nat\u016brali granuli\u0173 degiklio liepsna suteikia elegancijos ir \u0161ilumos bet kokiai lauko aplinkai. Nesvarbu, ar rengiate sodo vakar\u0117l\u012f, ar m\u0117gaujat\u0117s ramiu vakaru terasoje, mirganti liepsna sukuria \u017eavi\u0105 atmosfer\u0105.<\/li>\n<li><strong>Universalumas<\/strong> Granuli\u0173 degikliai tinka \u012fvairioms lauko erdv\u0117ms, \u012fskaitant sodus, kiemelius, stovyklavietes ir net komercines patalpas, pavyzd\u017eiui, restoranus ir rengini\u0173 vietas. D\u0117l savo ne\u0161iojamumo ir patogumo naudoti jie yra puikus pasirinkimas bet kokiai progai.<\/li>\n<li><strong>Lengva prie\u017ei\u016bra<\/strong> Skirtingai nuo dujinio ar skystojo kuro variant\u0173, granuli\u0173 degikliams reikia minimalios prie\u017ei\u016bros. Tiesiog pripildykite granuli\u0173 kamer\u0105 ir retkar\u010diais i\u0161valykite pelenus, kad degiklis veikt\u0173 nuolat.<\/li>\n<\/ol>\n<p><a href=\"https:\/\/keweicorten.com\/lt\"><img decoding=\"async\" class=\"alignnone wp-image-2645\" title=\"granuli\u0173 kiemo \u0161ildytuvas\" src=\"https:\/\/keweicorten.com\/wp-content\/uploads\/2024\/12\/Pellet-torch--300x300.jpg\" alt=\"granuli\u0173 kiemo \u0161ildytuvas Gamykla, Kinija, kaina, gamintojai, tiek\u0117jai, pritaikyti, didmenin\u0117 prekyba, pig\u016bs, parduodami, sand\u0117lyje.-keweicorten\" width=\"439\" height=\"439\" srcset=\"https:\/\/keweicorten.com\/wp-content\/uploads\/2024\/12\/Pellet-torch--300x300.jpg 300w, https:\/\/keweicorten.com\/wp-content\/uploads\/2024\/12\/Pellet-torch--150x150.jpg 150w, https:\/\/keweicorten.com\/wp-content\/uploads\/2024\/12\/Pellet-torch--768x768.jpg 768w, https:\/\/keweicorten.com\/wp-content\/uploads\/2024\/12\/Pellet-torch--12x12.jpg 12w, https:\/\/keweicorten.com\/wp-content\/uploads\/2024\/12\/Pellet-torch--600x600.jpg 600w, https:\/\/keweicorten.com\/wp-content\/uploads\/2024\/12\/Pellet-torch--100x100.jpg 100w, https:\/\/keweicorten.com\/wp-content\/uploads\/2024\/12\/Pellet-torch-.jpg 899w\" sizes=\"(max-width: 439px) 100vw, 439px\" \/><\/a> <a href=\"https:\/\/keweicorten.com\/lt\"><img decoding=\"async\" class=\"alignnone wp-image-2646\" title=\"granuli\u0173 kiemo \u0161ildytuvas\" src=\"https:\/\/keweicorten.com\/wp-content\/uploads\/2024\/12\/s-l500-225x300.jpg\" alt=\"granuli\u0173 kiemo \u0161ildytuvas Gamykla, Kinija, kaina, gamintojai, tiek\u0117jai, pritaikyti, didmenin\u0117 prekyba, pig\u016bs, parduodami, sand\u0117lyje.-keweicorten\" width=\"325\" height=\"433\" srcset=\"https:\/\/keweicorten.com\/wp-content\/uploads\/2024\/12\/s-l500-225x300.jpg 225w, https:\/\/keweicorten.com\/wp-content\/uploads\/2024\/12\/s-l500-9x12.jpg 9w, https:\/\/keweicorten.com\/wp-content\/uploads\/2024\/12\/s-l500.jpg 375w\" sizes=\"(max-width: 325px) 100vw, 325px\" \/><\/a><\/p>\n<h4>Kaip pasirinkti tinkam\u0105 raketin\u012f granuli\u0173 degikl\u012f<\/h4>\n<p>Rinkdamiesi granuli\u0173 degikl\u012f atsi\u017evelkite \u012f \u0161iuos veiksnius:<\/p>\n<ul data-spread=\"true\">\n<li><strong>Dydis ir dizainas<\/strong>: Rinkit\u0117s \u017eibintuv\u0117l\u012f, kuris papildyt\u0173 j\u016bs\u0173 lauko erdv\u0119 ir atitikt\u0173 j\u016bs\u0173 estetinius pageidavimus. \u0160iuolaikinis dizainas gali b\u016bti nuo eleganti\u0161ko ir minimalistinio iki kaimi\u0161ko ir tradicinio.<\/li>\n<li><strong>Degimo laikas<\/strong>: Jei reikia ilgesnio degimo laiko renginiams ar ilgiems vakarams, ie\u0161kokite modeli\u0173 su didesn\u0117mis granuli\u0173 kameromis.<\/li>\n<li><strong>Naudojimo paprastumas<\/strong>: Pasirinkite degikl\u012f su paprastais u\u017edegimo ir granuli\u0173 \u012fkrovimo mechanizmais, kad juo b\u016bt\u0173 lengva naudotis.<\/li>\n<li><strong>Med\u017eiagos kokyb\u0117<\/strong>: \u012esitikinkite, kad degiklis pagamintas i\u0161 patvari\u0173 med\u017eiag\u0173, pavyzd\u017eiui, ner\u016bdijan\u010diojo plieno arba kortino plieno, kad b\u016bt\u0173 atsparus lauko s\u0105lygoms.<\/li>\n<\/ul>\n<p><a href=\"https:\/\/keweicorten.com\/lt\"><img loading=\"lazy\" decoding=\"async\" class=\"alignnone wp-image-2657\" title=\"granuli\u0173 kiemo \u0161ildytuvas\" src=\"https:\/\/keweicorten.com\/wp-content\/uploads\/2024\/12\/Pellet_Fackel_Heros_von_Stahlsein-225x300.webp\" alt=\"granuli\u0173 kiemo \u0161ildytuvas Gamykla, Kinija, kaina, gamintojai, tiek\u0117jai, pritaikyti, didmenin\u0117 prekyba, pig\u016bs, parduodami, sand\u0117lyje.-keweicorten\" width=\"316\" height=\"421\" srcset=\"https:\/\/keweicorten.com\/wp-content\/uploads\/2024\/12\/Pellet_Fackel_Heros_von_Stahlsein-225x300.webp 225w, https:\/\/keweicorten.com\/wp-content\/uploads\/2024\/12\/Pellet_Fackel_Heros_von_Stahlsein-768x1024.webp 768w, https:\/\/keweicorten.com\/wp-content\/uploads\/2024\/12\/Pellet_Fackel_Heros_von_Stahlsein-1152x1536.webp 1152w, https:\/\/keweicorten.com\/wp-content\/uploads\/2024\/12\/Pellet_Fackel_Heros_von_Stahlsein-9x12.webp 9w, https:\/\/keweicorten.com\/wp-content\/uploads\/2024\/12\/Pellet_Fackel_Heros_von_Stahlsein-600x800.webp 600w, https:\/\/keweicorten.com\/wp-content\/uploads\/2024\/12\/Pellet_Fackel_Heros_von_Stahlsein.webp 1200w\" sizes=\"(max-width: 316px) 100vw, 316px\" \/><\/a> <a href=\"https:\/\/keweicorten.com\/lt\"><img loading=\"lazy\" decoding=\"async\" class=\"alignnone wp-image-2655\" title=\"granuli\u0173 kiemo \u0161ildytuvas\" src=\"https:\/\/keweicorten.com\/wp-content\/uploads\/2024\/12\/\u5fae\u4fe1\u56fe\u7247_20241204151135-300x300.jpg\" alt=\"granuli\u0173 kiemo \u0161ildytuvas Gamykla, Kinija, kaina, gamintojai, tiek\u0117jai, pritaikyti, didmenin\u0117 prekyba, pig\u016bs, parduodami, sand\u0117lyje.-keweicorten\" width=\"427\" height=\"427\" srcset=\"https:\/\/keweicorten.com\/wp-content\/uploads\/2024\/12\/\u5fae\u4fe1\u56fe\u7247_20241204151135-300x300.jpg 300w, https:\/\/keweicorten.com\/wp-content\/uploads\/2024\/12\/\u5fae\u4fe1\u56fe\u7247_20241204151135-150x150.jpg 150w, https:\/\/keweicorten.com\/wp-content\/uploads\/2024\/12\/\u5fae\u4fe1\u56fe\u7247_20241204151135-12x12.jpg 12w, https:\/\/keweicorten.com\/wp-content\/uploads\/2024\/12\/\u5fae\u4fe1\u56fe\u7247_20241204151135-600x600.jpg 600w, https:\/\/keweicorten.com\/wp-content\/uploads\/2024\/12\/\u5fae\u4fe1\u56fe\u7247_20241204151135-100x100.jpg 100w, https:\/\/keweicorten.com\/wp-content\/uploads\/2024\/12\/\u5fae\u4fe1\u56fe\u7247_20241204151135.jpg 750w\" sizes=\"(max-width: 427px) 100vw, 427px\" \/><\/a><\/p>\n<h4>Populiariausi raketini\u0173 granuli\u0173 degikli\u0173 naudojimo b\u016bdai<\/h4>\n<ol start=\"1\" data-spread=\"false\">\n<li><strong>Sodo ap\u0161vietimas<\/strong>: Strategi\u0161kai i\u0161d\u0117styti granuli\u0173 degikliai sukurs magi\u0161k\u0105 atmosfer\u0105 j\u016bs\u0173 sode.<\/li>\n<li><strong>Terasos \u0161ildymas<\/strong>: V\u0117siais vakarais b\u016bkite \u0161ilti ir jauk\u016bs m\u0117gaudamiesi u\u017eburian\u010dia liepsna.<\/li>\n<li><strong>Rengini\u0173 dekoras<\/strong>: Vestuv\u0117ms, vakar\u0117liams ir lauko renginiams suteikite rafinuotumo.<\/li>\n<li><strong>Komercin\u0117s erdv\u0117s<\/strong>: Pagerinkite lauko valgomojo ar baro teras\u0173 atmosfer\u0105.<\/li>\n<\/ol>\n<h4>Kod\u0117l verta rinktis granuli\u0173 degiklius, o ne tradicinius variantus?<\/h4>\n<p>Palyginti su tradiciniais dujiniais ar skystu kuru varomais degikliais, granuli\u0173 degikliai i\u0161siskiria tvarumu, ekonomi\u0161kumu ir estetiniu \u017eavesiu. Jie saugesni aplinkai ir pasi\u017eymi unikaliu liepsnos ra\u0161tu, kuris juos i\u0161skiria i\u0161 kit\u0173.<\/p>","protected":false},"excerpt":{"rendered":"<p data-pm-slice=\"1 1 []\">Susipa\u017einkite su pla\u010dia \u0161iandien si\u016blom\u0173 granuli\u0173 degikli\u0173 \u012fvairove ir atraskite puikiai j\u016bs\u0173 poreikius atitinkant\u012f degikl\u012f. Ap\u0161vieskite naktis ir sukurkite nepamir\u0161tamus prisiminimus su \u0161iuo naujovi\u0161ku lauko sprendimu.<\/p>","protected":false},"featured_media":2659,"comment_status":"open","ping_status":"closed","template":"","meta":{"_eb_attr":"","_monsterinsights_skip_tracking":false,"_monsterinsights_sitenote_active":false,"_monsterinsights_sitenote_note":"","_monsterinsights_sitenote_category":0,"_uf_show_specific_survey":0,"_uf_disable_surveys":false},"product_brand":[],"product_cat":[52],"product_tag":[],"class_list":{"0":"post-3091","1":"product","2":"type-product","3":"status-publish","4":"has-post-thumbnail","6":"product_cat-wood-pellet-tourch","8":"first","9":"instock","10":"shipping-taxable","11":"product-type-simple"},"_links":{"self":[{"href":"https:\/\/keweicorten.com\/lt\/wp-json\/wp\/v2\/product\/3091"}],"collection":[{"href":"https:\/\/keweicorten.com\/lt\/wp-json\/wp\/v2\/product"}],"about":[{"href":"https:\/\/keweicorten.com\/lt\/wp-json\/wp\/v2\/types\/product"}],"replies":[{"embeddable":true,"href":"https:\/\/keweicorten.com\/lt\/wp-json\/wp\/v2\/comments?post=3091"}],"version-history":[{"count":1,"href":"https:\/\/keweicorten.com\/lt\/wp-json\/wp\/v2\/product\/3091\/revisions"}],"predecessor-version":[{"id":3092,"href":"https:\/\/keweicorten.com\/lt\/wp-json\/wp\/v2\/product\/3091\/revisions\/3092"}],"wp:featuredmedia":[{"embeddable":true,"href":"https:\/\/keweicorten.com\/lt\/wp-json\/wp\/v2\/media\/2659"}],"wp:attachment":[{"href":"https:\/\/keweicorten.com\/lt\/wp-json\/wp\/v2\/media?parent=3091"}],"wp:term":[{"taxonomy":"product_brand","embeddable":true,"href":"https:\/\/keweicorten.com\/lt\/wp-json\/wp\/v2\/product_brand?post=3091"},{"taxonomy":"product_cat","embeddable":true,"href":"https:\/\/keweicorten.com\/lt\/wp-json\/wp\/v2\/product_cat?post=3091"},{"taxonomy":"product_tag","embeddable":true,"href":"https:\/\/keweicorten.com\/lt\/wp-json\/wp\/v2\/product_tag?post=3091"}],"curies":[{"name":"wp","href":"https:\/\/api.w.org\/{rel}","templated":true}]}}