{"id":3294,"date":"2025-01-16T07:32:18","date_gmt":"2025-01-16T07:32:18","guid":{"rendered":"https:\/\/keweicorten.com\/?post_type=product&#038;p=3294"},"modified":"2025-01-16T07:32:18","modified_gmt":"2025-01-16T07:32:18","slug":"pasirinktines-pasto-dezutes","status":"publish","type":"product","link":"https:\/\/keweicorten.com\/lt\/pasirinktines-pasto-dezutes\/","title":{"rendered":"pasirinktin\u0117s pa\u0161to d\u0117\u017eut\u0117s"},"content":{"rendered":"<p>Pa\u0161to d\u0117\u017eut\u0117 yra ne tik funkcionalus daiktas - tai pirmas \u012fsp\u016bdis apie j\u016bs\u0173 namus. Nestandartin\u0117s pa\u0161to d\u0117\u017eut\u0117s - puikus stiliaus, patvarumo ir prakti\u0161kumo derinys, tod\u0117l jos yra b\u016btinas priedas nam\u0173 savininkams, norintiems padidinti savo nam\u0173 patrauklum\u0105.<\/p>\n<h2><strong>Kod\u0117l verta rinktis pasirinktin\u0119 pa\u0161to d\u0117\u017eut\u0119?<\/strong><\/h2>\n<ol>\n<li><strong>Unikal\u016bs dizainai personalizavimui<\/strong><br \/>\nPasirinktin\u0117s pa\u0161to d\u0117\u017eut\u0117s leid\u017eia i\u0161reik\u0161ti savo stili\u0173. Nesvarbu, ar m\u0117gstate modern\u0173 minimalizm\u0105, klasikin\u0119 elegancij\u0105, ar kaimi\u0161k\u0105 \u017eaves\u012f, rasite dizain\u0105, tinkant\u012f kiekvienai estetikai.<\/li>\n<li><strong>Patvarios ir ilgaam\u017e\u0117s med\u017eiagos<\/strong><br \/>\nI\u0161 auk\u0161tos kokyb\u0117s med\u017eiag\u0173, toki\u0173 kaip ner\u016bdijantis plienas, aliuminis ar atmosferos poveikiui atspari mediena, pagamintos individualios pa\u0161to d\u0117\u017eut\u0117s yra atsparios at\u0161iaurioms oro s\u0105lygoms ir i\u0161laiko nepriekai\u0161ting\u0105 i\u0161vaizd\u0105.<\/li>\n<li><strong>I\u0161pl\u0117stinis funkcionalumas<\/strong><br \/>\nDaugelyje pasirinktini\u0173 pa\u0161to d\u0117\u017eu\u010di\u0173 yra papildom\u0173 funkcij\u0173, pavyzd\u017eiui, saugumo u\u017eraktai, didesni skyriai siuntiniams pristatyti ir lengvai pasiekiamos durel\u0117s, kad b\u016bt\u0173 patogu paimti pa\u0161t\u0105.<\/li>\n<li><strong>I\u0161siskirkite savo apylink\u0117se<\/strong><br \/>\nIndividuali pa\u0161to d\u0117\u017eut\u0117 i\u0161skiria j\u016bs\u0173 nuosavyb\u0119, dr\u0105siai pasisakydama ir suteikdama namams individualumo.<\/li>\n<\/ol>\n<table class=\"has-title all magic-1\" style=\"height: 283px;\" width=\"714\">\n<tbody>\n<tr>\n<td colspan=\"1\" rowspan=\"1\">\n<div class=\"magic-2\" data-spm-anchor-id=\"a2700.details.0.i65.5449703bPRyMac\"><b data-spm-anchor-id=\"a2700.pc-decorate.0.i99.124b3333xivJwC\">Produkto pavadinimas<\/b><\/div>\n<\/td>\n<td colspan=\"1\" rowspan=\"1\">\n<div class=\"magic-3\">Metalin\u0117 sienin\u0117 \/ stovo montavimo rakinama pa\u0161to d\u0117\u017eut\u0117<\/div>\n<\/td>\n<\/tr>\n<tr>\n<td colspan=\"1\" rowspan=\"1\">\n<div class=\"magic-2\"><b>Med\u017eiaga<\/b><\/div>\n<\/td>\n<td colspan=\"1\" rowspan=\"1\">\n<div class=\"magic-3\">Metalas<\/div>\n<\/td>\n<\/tr>\n<tr>\n<td colspan=\"1\" rowspan=\"1\">\n<div class=\"magic-2\"><b>Dydis<\/b><\/div>\n<\/td>\n<td colspan=\"1\" rowspan=\"1\">\n<div class=\"magic-3\">Standartinis arba pasirinktinis<\/div>\n<\/td>\n<\/tr>\n<tr>\n<td colspan=\"1\" rowspan=\"1\">\n<div class=\"magic-2\"><b data-spm-anchor-id=\"a2700.pc-decorate.0.i7.50b43333LWQGxq\">Privalumai<\/b><\/div>\n<\/td>\n<td colspan=\"1\" rowspan=\"1\">\n<div class=\"magic-3\">Paprastas montavimas, ilgas tarnavimo laikas, nereikia technin\u0117s prie\u017ei\u016bros<\/div>\n<\/td>\n<\/tr>\n<tr>\n<td colspan=\"1\" rowspan=\"1\">\n<div class=\"magic-2\"><b>Parai\u0161ka<\/b><\/div>\n<\/td>\n<td colspan=\"1\" rowspan=\"1\">\n<div class=\"magic-3\">Prad\u017eia Kiemas, sodas ir lauko aplinka<\/div>\n<\/td>\n<\/tr>\n<tr>\n<td colspan=\"1\" rowspan=\"1\">\n<div class=\"magic-2\"><b data-spm-anchor-id=\"a2700.pc-decorate.0.i11.50b43333LWQGxq\">Spalva<\/b><\/div>\n<\/td>\n<td colspan=\"1\" rowspan=\"1\">\n<div class=\"magic-3\" data-spm-anchor-id=\"a2700.details.0.i66.5449703bPRyMac\">r\u016bd\u017ei\u0173\/juoda\/pritaikyta spalva<\/div>\n<\/td>\n<\/tr>\n<tr>\n<td colspan=\"1\" rowspan=\"1\">\n<div class=\"magic-2\"><b data-spm-anchor-id=\"a2700.pc-decorate.0.i15.50b43333LWQGxq\">Logotipas<\/b><\/div>\n<\/td>\n<td colspan=\"1\" rowspan=\"1\">\n<div class=\"magic-3\">Individualus logotipas<\/div>\n<\/td>\n<\/tr>\n<tr>\n<td colspan=\"1\" rowspan=\"1\">\n<div class=\"magic-2\"><b>Mok\u0117jimo s\u0105lygos<\/b><\/div>\n<\/td>\n<td colspan=\"1\" rowspan=\"1\">\n<div class=\"magic-3\">TT, L\/C, Western Union, paypal<\/div>\n<\/td>\n<\/tr>\n<tr>\n<td colspan=\"1\" rowspan=\"1\">\n<div class=\"magic-2\"><b>MOQ<\/b><\/div>\n<\/td>\n<td colspan=\"1\" rowspan=\"1\">\n<div class=\"magic-3\">20 vnt.<\/div>\n<\/td>\n<\/tr>\n<\/tbody>\n<\/table>\n<h2><strong>Pasirinktini\u0173 pa\u0161to d\u0117\u017eu\u010di\u0173 tipai<\/strong><\/h2>\n<ul>\n<li><strong>Sienin\u0117s pa\u0161to d\u0117\u017eut\u0117s<\/strong>: Idealiai tinka namams, kuriuose ma\u017eai vietos, arba norintiems atrodyti eleganti\u0161kai ir moderniai.<\/li>\n<li><strong>Pa\u0161to d\u0117\u017eut\u0117s, montuojamos ant stovo<\/strong>: Tai klasikinis pasirinkimas, kur\u012f galima individualizuoti naudojant unikal\u0173 stulpeli\u0173 dizain\u0105 ar dekoratyvines detales.<\/li>\n<li><strong>Pakuot\u0117ms pritaikytos pa\u0161to d\u0117\u017eut\u0117s<\/strong>: Sukurta didesniems siuntiniams talpinti, puikiai tinka pirk\u0117jams internetu.<\/li>\n<li><strong>Temin\u0117s pa\u0161to d\u0117\u017eut\u0117s<\/strong>: Papildykite pa\u0161to d\u0117\u017eutes gyv\u016bn\u0173, transporto priemoni\u0173 ar net miniati\u016brini\u0173 nam\u0173 formomis.<\/li>\n<\/ul>\n<p><a href=\"https:\/\/keweicorten.com\/lt\/produktai\/\"><img fetchpriority=\"high\" decoding=\"async\" class=\"alignnone wp-image-3301\" title=\"lai\u0161k\u0173 d\u0117\u017eut\u0117 \" src=\"https:\/\/keweicorten.com\/wp-content\/uploads\/2025\/01\/Pakketbus-Paca-cortenstaal-Com_5632b635.jpg\" alt=\"lai\u0161k\u0173 d\u0117\u017eut\u0117 Gamykla, Kinija, kaina, gamintojai, tiek\u0117jai, pritaikyta, didmenin\u0117 prekyba, pigi, parduodama, sand\u0117lyje.\" width=\"500\" height=\"500\" srcset=\"https:\/\/keweicorten.com\/wp-content\/uploads\/2025\/01\/Pakketbus-Paca-cortenstaal-Com_5632b635.jpg 700w, https:\/\/keweicorten.com\/wp-content\/uploads\/2025\/01\/Pakketbus-Paca-cortenstaal-Com_5632b635-300x300.jpg 300w, https:\/\/keweicorten.com\/wp-content\/uploads\/2025\/01\/Pakketbus-Paca-cortenstaal-Com_5632b635-150x150.jpg 150w, https:\/\/keweicorten.com\/wp-content\/uploads\/2025\/01\/Pakketbus-Paca-cortenstaal-Com_5632b635-12x12.jpg 12w, https:\/\/keweicorten.com\/wp-content\/uploads\/2025\/01\/Pakketbus-Paca-cortenstaal-Com_5632b635-600x600.jpg 600w, https:\/\/keweicorten.com\/wp-content\/uploads\/2025\/01\/Pakketbus-Paca-cortenstaal-Com_5632b635-100x100.jpg 100w\" sizes=\"(max-width: 500px) 100vw, 500px\" \/><\/a><a href=\"https:\/\/keweicorten.com\/lt\/produktai\/\"><img decoding=\"async\" class=\"alignnone wp-image-3300\" title=\"lai\u0161k\u0173 d\u0117\u017eut\u0117 \" src=\"https:\/\/keweicorten.com\/wp-content\/uploads\/2025\/01\/5-Pinterest_adaa15d8.jpg\" alt=\"lai\u0161k\u0173 d\u0117\u017eut\u0117 Gamykla, Kinija, kaina, gamintojai, tiek\u0117jai, pritaikyta, didmenin\u0117 prekyba, pigi, parduodama, sand\u0117lyje.\" width=\"500\" height=\"500\" srcset=\"https:\/\/keweicorten.com\/wp-content\/uploads\/2025\/01\/5-Pinterest_adaa15d8.jpg 700w, https:\/\/keweicorten.com\/wp-content\/uploads\/2025\/01\/5-Pinterest_adaa15d8-300x300.jpg 300w, https:\/\/keweicorten.com\/wp-content\/uploads\/2025\/01\/5-Pinterest_adaa15d8-150x150.jpg 150w, https:\/\/keweicorten.com\/wp-content\/uploads\/2025\/01\/5-Pinterest_adaa15d8-12x12.jpg 12w, https:\/\/keweicorten.com\/wp-content\/uploads\/2025\/01\/5-Pinterest_adaa15d8-600x600.jpg 600w, https:\/\/keweicorten.com\/wp-content\/uploads\/2025\/01\/5-Pinterest_adaa15d8-100x100.jpg 100w\" sizes=\"(max-width: 500px) 100vw, 500px\" \/><\/a><\/p>\n<h2><strong>Kaip pasirinkti tinkam\u0105 pasirinktin\u0119 pa\u0161to d\u0117\u017eut\u0119<\/strong><\/h2>\n<ol>\n<li><strong>Suderinkite su savo nam\u0173 stiliumi<\/strong>: \u012esitikinkite, kad dizainas dera prie j\u016bs\u0173 namo architekt\u016bros ir eksterjero dekoro.<\/li>\n<li><strong>Atsi\u017evelkite \u012f dyd\u012f ir funkcionalum\u0105<\/strong>: Pasirinkite tok\u012f dyd\u012f, kuris atitikt\u0173 j\u016bs\u0173 siun\u010diamos korespondencijos kiek\u012f ir praktinius poreikius.<\/li>\n<li><strong>Pirmenyb\u0117 teikiama patvarumui<\/strong>: Rinkit\u0117s med\u017eiagas, kurios laikui b\u0117gant yra atsparios r\u016bdims, blukimui ir nusid\u0117v\u0117jimui.<\/li>\n<li><strong>Prid\u0117kite asmenini\u0173 akcent\u0173<\/strong>: Graviruokite savo vard\u0105, namo numer\u012f arba pasirinktin\u012f dizain\u0105, kad pa\u0161to d\u0117\u017eut\u0117 b\u016bt\u0173 i\u0161ties unikali.<\/li>\n<\/ol>\n<p>Individualios pa\u0161to d\u0117\u017eut\u0117s yra puikus b\u016bdas pagerinti savo turto estetik\u0105 ir funkcionalum\u0105. Nesvarbu, ar atnaujinate pa\u0161to d\u0117\u017eut\u0119 d\u0117l stiliaus, saugumo, ar patogumo, individuali pa\u0161to d\u0117\u017eut\u0117 yra investicija, kuri j\u016bs\u0173 namams suteikia vert\u0117s ir \u017eavesio.<\/p>\n<p><a href=\"https:\/\/keweicorten.com\/lt\/produktai\/\"><img decoding=\"async\" class=\"alignnone wp-image-3302 size-full\" title=\"Corteno pa\u0161to d\u0117\u017eut\u0117s\" src=\"https:\/\/keweicorten.com\/wp-content\/uploads\/2025\/01\/5-Pinterest_97791459-\u526f\u672c.jpg\" alt=\"Gamykla, Kinija, kaina, gamintojai, tiek\u0117jai, pritaikyti, didmenin\u0117 prekyba, pig\u016bs, parduodami, sand\u0117lyje.\" width=\"700\" height=\"700\" srcset=\"https:\/\/keweicorten.com\/wp-content\/uploads\/2025\/01\/5-Pinterest_97791459-\u526f\u672c.jpg 700w, https:\/\/keweicorten.com\/wp-content\/uploads\/2025\/01\/5-Pinterest_97791459-\u526f\u672c-300x300.jpg 300w, https:\/\/keweicorten.com\/wp-content\/uploads\/2025\/01\/5-Pinterest_97791459-\u526f\u672c-150x150.jpg 150w, https:\/\/keweicorten.com\/wp-content\/uploads\/2025\/01\/5-Pinterest_97791459-\u526f\u672c-12x12.jpg 12w, https:\/\/keweicorten.com\/wp-content\/uploads\/2025\/01\/5-Pinterest_97791459-\u526f\u672c-600x600.jpg 600w, https:\/\/keweicorten.com\/wp-content\/uploads\/2025\/01\/5-Pinterest_97791459-\u526f\u672c-100x100.jpg 100w\" sizes=\"(max-width: 700px) 100vw, 700px\" \/><\/a><\/p>","protected":false},"excerpt":{"rendered":"<p>Atraskite pasirinktines pa\u0161to d\u0117\u017eutes, kuriose dera stilius, ilgaam\u017ei\u0161kumas ir funkcionalumas. Pritaikykite savo pa\u0161to d\u0117\u017eut\u0119, kad padidintum\u0117te patrauklum\u0105 ir u\u017etikrintum\u0117te saugi\u0105 ir ilgalaik\u0119 pa\u0161to d\u0117\u017eut\u0117s saugykl\u0105.<\/p>\n<div class=\"min-moq\" data-spm-anchor-id=\"a2700.details.0.i64.41a469d5spRcDA\">Minimalus u\u017esakymo kiekis: 1 vienetas<\/div>\n<p><span class=\"price\">$145.00-256.00<\/span><\/p>\n<h3><\/h3>","protected":false},"featured_media":3295,"comment_status":"open","ping_status":"closed","template":"","meta":{"_eb_attr":"","_monsterinsights_skip_tracking":false,"_monsterinsights_sitenote_active":false,"_monsterinsights_sitenote_note":"","_monsterinsights_sitenote_category":0,"_uf_show_specific_survey":0,"_uf_disable_surveys":false},"product_brand":[],"product_cat":[60],"product_tag":[],"class_list":{"0":"post-3294","1":"product","2":"type-product","3":"status-publish","4":"has-post-thumbnail","6":"product_cat-mailbox","8":"first","9":"instock","10":"shipping-taxable","11":"product-type-simple"},"_links":{"self":[{"href":"https:\/\/keweicorten.com\/lt\/wp-json\/wp\/v2\/product\/3294"}],"collection":[{"href":"https:\/\/keweicorten.com\/lt\/wp-json\/wp\/v2\/product"}],"about":[{"href":"https:\/\/keweicorten.com\/lt\/wp-json\/wp\/v2\/types\/product"}],"replies":[{"embeddable":true,"href":"https:\/\/keweicorten.com\/lt\/wp-json\/wp\/v2\/comments?post=3294"}],"version-history":[{"count":1,"href":"https:\/\/keweicorten.com\/lt\/wp-json\/wp\/v2\/product\/3294\/revisions"}],"predecessor-version":[{"id":3303,"href":"https:\/\/keweicorten.com\/lt\/wp-json\/wp\/v2\/product\/3294\/revisions\/3303"}],"wp:featuredmedia":[{"embeddable":true,"href":"https:\/\/keweicorten.com\/lt\/wp-json\/wp\/v2\/media\/3295"}],"wp:attachment":[{"href":"https:\/\/keweicorten.com\/lt\/wp-json\/wp\/v2\/media?parent=3294"}],"wp:term":[{"taxonomy":"product_brand","embeddable":true,"href":"https:\/\/keweicorten.com\/lt\/wp-json\/wp\/v2\/product_brand?post=3294"},{"taxonomy":"product_cat","embeddable":true,"href":"https:\/\/keweicorten.com\/lt\/wp-json\/wp\/v2\/product_cat?post=3294"},{"taxonomy":"product_tag","embeddable":true,"href":"https:\/\/keweicorten.com\/lt\/wp-json\/wp\/v2\/product_tag?post=3294"}],"curies":[{"name":"wp","href":"https:\/\/api.w.org\/{rel}","templated":true}]}}