{"id":3412,"date":"2025-02-07T01:55:21","date_gmt":"2025-02-07T01:55:21","guid":{"rendered":"https:\/\/keweicorten.com\/?post_type=product&#038;p=3412"},"modified":"2025-02-07T01:55:22","modified_gmt":"2025-02-07T01:55:22","slug":"sesiakampes-plonos-verzles","status":"publish","type":"product","link":"https:\/\/keweicorten.com\/lt\/sesiakampes-plonos-verzles\/","title":{"rendered":"\u0160e\u0161iakamp\u0117s plonos ver\u017el\u0117s"},"content":{"rendered":"<p>\u0160e\u0161iakamp\u0117s plonos ver\u017el\u0117s, kuri\u0173 gamini\u0173 klas\u0117s yra A ir B, paprastai naudojamos esant ribotai erdvei arba kaip fiksavimo ver\u017el\u0117s kartu su standartin\u0117mis \u0161e\u0161iakamp\u0117mis ver\u017el\u0117mis. \u010cia pateikiamas specifikacij\u0173 suskirstymas:<\/p>\n<h3><strong>Produkto specifikacijos<\/strong><\/h3>\n<ul>\n<li><strong>Standartai:<\/strong> Paprastai atitinka <strong>ISO 4035<\/strong>, <strong>DIN 439<\/strong>, arba <strong>GB\/T 6172<\/strong><\/li>\n<li><strong>Sriegi\u0173 dyd\u017eiai:<\/strong>\n<ul>\n<li><strong>Standartiniai metriniai sriegiai:<\/strong> Nuo M8 iki M52<\/li>\n<li><strong>Smulkaus \u017eingsnio sriegiai:<\/strong> Nuo M8\u00d71 iki M52\u00d73<\/li>\n<\/ul>\n<\/li>\n<li><strong>Med\u017eiag\u0173 parinktys:<\/strong>\n<ul>\n<li>Anglinis plienas (4, 6, 8, 10 klas\u0117s)<\/li>\n<li>Ner\u016bdijantis plienas (A2-70, A4-70)<\/li>\n<li>\u017dalvaris, legiruotasis plienas arba kitos med\u017eiagos pagal pageidavim\u0105<\/li>\n<\/ul>\n<\/li>\n<li><strong>Pavir\u0161iaus apdaila:<\/strong>\n<ul>\n<li>Paprastas<\/li>\n<li>Cinkuota (m\u0117lyna\/balta, geltona, juoda)<\/li>\n<li>Kar\u0161tai cinkuota (HDG)<\/li>\n<li>Juodasis oksidas<\/li>\n<li>Dengtas nikeliu<\/li>\n<\/ul>\n<\/li>\n<\/ul>\n<p><a href=\"https:\/\/keweicorten.com\/lt\"><img fetchpriority=\"high\" decoding=\"async\" class=\"alignnone wp-image-3416\" title=\"Metrin\u0117s \u0161e\u0161iabriaun\u0117s ver\u017el\u0117s\" src=\"https:\/\/keweicorten.com\/wp-content\/uploads\/2025\/02\/\u5fae\u4fe1\u56fe\u7247_20250207094859.png\" alt=\"Metrini\u0173 \u0161e\u0161iakampi\u0173 ver\u017eli\u0173 gamykla, Kinija, kaina, gamintojai, tiek\u0117jai, pritaikyti, didmenin\u0117 prekyba, pig\u016bs, parduodami, sand\u0117lyje.\" width=\"578\" height=\"578\" srcset=\"https:\/\/keweicorten.com\/wp-content\/uploads\/2025\/02\/\u5fae\u4fe1\u56fe\u7247_20250207094859.png 1000w, https:\/\/keweicorten.com\/wp-content\/uploads\/2025\/02\/\u5fae\u4fe1\u56fe\u7247_20250207094859-300x300.png 300w, https:\/\/keweicorten.com\/wp-content\/uploads\/2025\/02\/\u5fae\u4fe1\u56fe\u7247_20250207094859-150x150.png 150w, https:\/\/keweicorten.com\/wp-content\/uploads\/2025\/02\/\u5fae\u4fe1\u56fe\u7247_20250207094859-768x768.png 768w, https:\/\/keweicorten.com\/wp-content\/uploads\/2025\/02\/\u5fae\u4fe1\u56fe\u7247_20250207094859-12x12.png 12w, https:\/\/keweicorten.com\/wp-content\/uploads\/2025\/02\/\u5fae\u4fe1\u56fe\u7247_20250207094859-600x600.png 600w, https:\/\/keweicorten.com\/wp-content\/uploads\/2025\/02\/\u5fae\u4fe1\u56fe\u7247_20250207094859-100x100.png 100w\" sizes=\"(max-width: 578px) 100vw, 578px\" \/><\/a><\/p>\n<p><a href=\"https:\/\/keweicorten.com\/lt\"><img decoding=\"async\" class=\"alignnone wp-image-3415\" title=\"M8-M52 ver\u017el\u0117s \" src=\"https:\/\/keweicorten.com\/wp-content\/uploads\/2025\/02\/\u5fae\u4fe1\u56fe\u7247_20250207094846.png\" alt=\"M8-M52 ver\u017eli\u0173 fabrikas, Kinija, kaina, gamintojai, tiek\u0117jai, pritaikyti, didmenin\u0117 prekyba, pig\u016bs, parduodami, sand\u0117lyje.\" width=\"653\" height=\"653\" srcset=\"https:\/\/keweicorten.com\/wp-content\/uploads\/2025\/02\/\u5fae\u4fe1\u56fe\u7247_20250207094846.png 800w, https:\/\/keweicorten.com\/wp-content\/uploads\/2025\/02\/\u5fae\u4fe1\u56fe\u7247_20250207094846-300x300.png 300w, https:\/\/keweicorten.com\/wp-content\/uploads\/2025\/02\/\u5fae\u4fe1\u56fe\u7247_20250207094846-150x150.png 150w, https:\/\/keweicorten.com\/wp-content\/uploads\/2025\/02\/\u5fae\u4fe1\u56fe\u7247_20250207094846-768x768.png 768w, https:\/\/keweicorten.com\/wp-content\/uploads\/2025\/02\/\u5fae\u4fe1\u56fe\u7247_20250207094846-12x12.png 12w, https:\/\/keweicorten.com\/wp-content\/uploads\/2025\/02\/\u5fae\u4fe1\u56fe\u7247_20250207094846-600x600.png 600w, https:\/\/keweicorten.com\/wp-content\/uploads\/2025\/02\/\u5fae\u4fe1\u56fe\u7247_20250207094846-100x100.png 100w\" sizes=\"(max-width: 653px) 100vw, 653px\" \/><\/a><\/p>\n<p><a href=\"https:\/\/keweicorten.com\/lt\"><img decoding=\"async\" class=\"alignnone wp-image-3413 size-full\" title=\"\u0160e\u0161iakamp\u0117s plonos ver\u017el\u0117s \" src=\"https:\/\/keweicorten.com\/wp-content\/uploads\/2025\/02\/\u5fae\u4fe1\u56fe\u7247_20250207094137.png\" alt=\"\u0160e\u0161iakampi\u0173 plon\u0173 ver\u017eli\u0173 gamykla, Kinija, kaina, gamintojai, tiek\u0117jai, pritaikyti, didmenin\u0117 prekyba, pig\u016bs, parduodami, sand\u0117lyje.\" width=\"500\" height=\"345\" srcset=\"https:\/\/keweicorten.com\/wp-content\/uploads\/2025\/02\/\u5fae\u4fe1\u56fe\u7247_20250207094137.png 500w, https:\/\/keweicorten.com\/wp-content\/uploads\/2025\/02\/\u5fae\u4fe1\u56fe\u7247_20250207094137-300x207.png 300w, https:\/\/keweicorten.com\/wp-content\/uploads\/2025\/02\/\u5fae\u4fe1\u56fe\u7247_20250207094137-18x12.png 18w\" sizes=\"(max-width: 500px) 100vw, 500px\" \/><\/a><a href=\"https:\/\/keweicorten.com\/lt\"><img loading=\"lazy\" decoding=\"async\" class=\"alignnone wp-image-3414\" title=\"\u0160e\u0161iakamp\u0117s plonos ver\u017el\u0117s\" src=\"https:\/\/keweicorten.com\/wp-content\/uploads\/2025\/02\/\u5fae\u4fe1\u56fe\u7247_20250207094218.png\" alt=\"\u0160e\u0161iakampi\u0173 plon\u0173 ver\u017eli\u0173 gamykla, Kinija, kaina, gamintojai, tiek\u0117jai, pritaikyti, didmenin\u0117 prekyba, pig\u016bs, parduodami, sand\u0117lyje.\" width=\"343\" height=\"343\" srcset=\"https:\/\/keweicorten.com\/wp-content\/uploads\/2025\/02\/\u5fae\u4fe1\u56fe\u7247_20250207094218.png 150w, https:\/\/keweicorten.com\/wp-content\/uploads\/2025\/02\/\u5fae\u4fe1\u56fe\u7247_20250207094218-12x12.png 12w, https:\/\/keweicorten.com\/wp-content\/uploads\/2025\/02\/\u5fae\u4fe1\u56fe\u7247_20250207094218-100x100.png 100w\" sizes=\"(max-width: 343px) 100vw, 343px\" \/><\/a><\/p>","protected":false},"excerpt":{"rendered":"<p>\u0160e\u0161iakamp\u0117s plonos ver\u017el\u0117s (A ir B klas\u0117s), specifikacijos M8-M52 ir M8\u00d71-M52\u00d73, tinkamos kompakti\u0161koje erdv\u0117je ir u\u017erakinimui, gaminamos i\u0161 anglinio plieno, ner\u016bdijan\u010diojo plieno ir kit\u0173 med\u017eiag\u0173, \u012fvairios pavir\u0161iaus apdorojimo galimyb\u0117s.<\/p>","protected":false},"featured_media":3416,"comment_status":"open","ping_status":"closed","template":"","meta":{"_eb_attr":"","_monsterinsights_skip_tracking":false,"_monsterinsights_sitenote_active":false,"_monsterinsights_sitenote_note":"","_monsterinsights_sitenote_category":0,"_uf_show_specific_survey":0,"_uf_disable_surveys":false},"product_brand":[],"product_cat":[21],"product_tag":[],"class_list":{"0":"post-3412","1":"product","2":"type-product","3":"status-publish","4":"has-post-thumbnail","6":"product_cat-weather-resistant-steel-plate","8":"first","9":"instock","10":"shipping-taxable","11":"product-type-simple"},"_links":{"self":[{"href":"https:\/\/keweicorten.com\/lt\/wp-json\/wp\/v2\/product\/3412"}],"collection":[{"href":"https:\/\/keweicorten.com\/lt\/wp-json\/wp\/v2\/product"}],"about":[{"href":"https:\/\/keweicorten.com\/lt\/wp-json\/wp\/v2\/types\/product"}],"replies":[{"embeddable":true,"href":"https:\/\/keweicorten.com\/lt\/wp-json\/wp\/v2\/comments?post=3412"}],"version-history":[{"count":1,"href":"https:\/\/keweicorten.com\/lt\/wp-json\/wp\/v2\/product\/3412\/revisions"}],"predecessor-version":[{"id":3419,"href":"https:\/\/keweicorten.com\/lt\/wp-json\/wp\/v2\/product\/3412\/revisions\/3419"}],"wp:featuredmedia":[{"embeddable":true,"href":"https:\/\/keweicorten.com\/lt\/wp-json\/wp\/v2\/media\/3416"}],"wp:attachment":[{"href":"https:\/\/keweicorten.com\/lt\/wp-json\/wp\/v2\/media?parent=3412"}],"wp:term":[{"taxonomy":"product_brand","embeddable":true,"href":"https:\/\/keweicorten.com\/lt\/wp-json\/wp\/v2\/product_brand?post=3412"},{"taxonomy":"product_cat","embeddable":true,"href":"https:\/\/keweicorten.com\/lt\/wp-json\/wp\/v2\/product_cat?post=3412"},{"taxonomy":"product_tag","embeddable":true,"href":"https:\/\/keweicorten.com\/lt\/wp-json\/wp\/v2\/product_tag?post=3412"}],"curies":[{"name":"wp","href":"https:\/\/api.w.org\/{rel}","templated":true}]}}