{"id":3594,"date":"2025-02-18T06:11:30","date_gmt":"2025-02-18T06:11:30","guid":{"rendered":"https:\/\/keweicorten.com\/?post_type=product&#038;p=3594"},"modified":"2025-02-18T06:11:31","modified_gmt":"2025-02-18T06:11:31","slug":"sodo-geliu-vazonai","status":"publish","type":"product","link":"https:\/\/keweicorten.com\/lt\/sodo-geliu-vazonai\/","title":{"rendered":"sodo g\u0117li\u0173 vazonai"},"content":{"rendered":"<p>Sodo g\u0117li\u0173 vazonai yra neatsiejama gyvenimo lauke dalis, juose galima rasti \u012fvairi\u0173 form\u0173, dyd\u017ei\u0173 ir med\u017eiag\u0173, i\u0161 kuri\u0173 galima sukurti patraukli\u0105 erdv\u0119 g\u0117l\u0117ms, augalams ir net naminiams gyv\u016bnams. Nuo tradicini\u0173 sodo lysvi\u0173 iki moderni\u0173 groteli\u0173 - \u0161i\u0173 vazon\u0173 b\u016bna \u012fvairi\u0173 dizain\u0173, nuo dekoratyvini\u0173 iki funkcionali\u0173. Nesvarbu, ar sodinate svog\u016bn\u0117lius, ro\u017ees, ar prieskonines \u017eoleles, tinkamas vazonas gali pagerinti j\u016bs\u0173 kra\u0161tovaizd\u012f tiek esteti\u0161kai, tiek vandens po\u017ei\u016briu.<\/p>\n<hr \/>\n<h3><strong>Sodo g\u0117li\u0173 vazon\u0173 tipai<\/strong><\/h3>\n<ol>\n<li><strong>Tradicin\u0117s sodo lovos<\/strong>\n<ul>\n<li>Tai da\u017eniausiai pasitaikan\u010dios sodo lysv\u0117s, paprastai gaminamos i\u0161 med\u017eio, metalo arba plastiko.<\/li>\n<li>J\u0173 b\u016bna \u012fvairi\u0173 dyd\u017ei\u0173 - nuo ma\u017e\u0173 sod\u0173 vazonuose iki dideli\u0173 lauko lysvi\u0173.<\/li>\n<li>Pavyzd\u017eiui, standartin\u0117 sodo lysv\u0117 da\u017eniausiai yra 30 cm gylio ir plo\u010dio.<\/li>\n<\/ul>\n<\/li>\n<li><strong>Korteninio plieno puodai<\/strong>\n<ul>\n<li>Korteninis plienas yra populiarus pasirinkimas d\u0117l savo tvirtumo ir atsparumo atmosferos poveikiui.<\/li>\n<li>\u0160ie vazonai idealiai tinka svog\u016bn\u0117liams ir prieskonin\u0117ms \u017eolel\u0117ms sodinti ekstremaliomis s\u0105lygomis.<\/li>\n<li>Korteninio plieno puodas gali b\u016bti 40 cm gylio ir plo\u010dio.<\/li>\n<\/ul>\n<\/li>\n<li><strong>Statybos produktai<\/strong>\n<ul>\n<li>Be sodo g\u0117li\u0173 vazon\u0173, \"Corten Steel\" taip pat si\u016blo \u012fvairius statybinius gaminius, tokius kaip tvoros, grotel\u0117s ir metalin\u0117s sijos.<\/li>\n<li>Jie sukurti taip, kad b\u016bt\u0173 patvar\u016bs ir prakti\u0161ki tiek patalpose, tiek lauke.<\/li>\n<\/ul>\n<\/li>\n<\/ol>\n<p><a href=\"https:\/\/keweicorten.com\/lt\/produktai\/\"><img fetchpriority=\"high\" decoding=\"async\" class=\"alignnone wp-image-3600 size-full\" title=\"kortino sodinuk\u0173 d\u0117\u017eut\u0117\" src=\"https:\/\/keweicorten.com\/wp-content\/uploads\/2025\/02\/corten-bench-planter1.jpg\" alt=\"kortino sodinuk\u0173 d\u0117\u017eut\u0117\" width=\"700\" height=\"700\" srcset=\"https:\/\/keweicorten.com\/wp-content\/uploads\/2025\/02\/corten-bench-planter1.jpg 700w, https:\/\/keweicorten.com\/wp-content\/uploads\/2025\/02\/corten-bench-planter1-300x300.jpg 300w, https:\/\/keweicorten.com\/wp-content\/uploads\/2025\/02\/corten-bench-planter1-150x150.jpg 150w, https:\/\/keweicorten.com\/wp-content\/uploads\/2025\/02\/corten-bench-planter1-12x12.jpg 12w, https:\/\/keweicorten.com\/wp-content\/uploads\/2025\/02\/corten-bench-planter1-600x600.jpg 600w, https:\/\/keweicorten.com\/wp-content\/uploads\/2025\/02\/corten-bench-planter1-100x100.jpg 100w\" sizes=\"(max-width: 700px) 100vw, 700px\" \/><\/a><\/p>\n<p><a href=\"https:\/\/keweicorten.com\/lt\/produktai\/\"><img decoding=\"async\" class=\"alignnone wp-image-3599\" title=\"&quot;Korteninio plieno g\u0117li\u0173 vazonas\" src=\"https:\/\/keweicorten.com\/wp-content\/uploads\/2025\/02\/62e9e6527b11d43bfe9df1b2366549c2.jpg\" alt=\"Korteninio plieno g\u0117li\u0173 vazonas\" width=\"698\" height=\"799\" srcset=\"https:\/\/keweicorten.com\/wp-content\/uploads\/2025\/02\/62e9e6527b11d43bfe9df1b2366549c2.jpg 393w, https:\/\/keweicorten.com\/wp-content\/uploads\/2025\/02\/62e9e6527b11d43bfe9df1b2366549c2-262x300.jpg 262w, https:\/\/keweicorten.com\/wp-content\/uploads\/2025\/02\/62e9e6527b11d43bfe9df1b2366549c2-10x12.jpg 10w\" sizes=\"(max-width: 698px) 100vw, 698px\" \/><\/a><\/p>\n<hr \/>\n<h3><strong>Tinkam\u0173 sodo g\u0117li\u0173 vazon\u0173 pasirinkimas<\/strong><\/h3>\n<p>Rinkdamiesi sodo g\u0117li\u0173 vazon\u0105 atsi\u017evelkite \u012f \u0161iuos veiksnius:<\/p>\n<ol>\n<li><strong>Dydis ir forma<\/strong>\n<ul>\n<li>Pasirinkite prie erdv\u0117s ar dizaino deran\u010dius vazonus.<\/li>\n<li>Venkite ma\u017e\u0173 vazon\u0173 dideliems sodams; rinkit\u0117s vidutinio dyd\u017eio vazonus, kad juose tilpt\u0173 didesni augalai.<\/li>\n<\/ul>\n<\/li>\n<li><strong>Med\u017eiaga ir patvarumas<\/strong>\n<ul>\n<li>Korteno plieno vazonai yra patvar\u016bs ir lengvai pri\u017ei\u016brimi, tod\u0117l puikiai tinka svog\u016bn\u0117liams sodinti sud\u0117tingomis s\u0105lygomis.<\/li>\n<li>D\u0117l savo strukt\u016bros tinklelio formos vazonai taip pat yra labai patvar\u016bs, ta\u010diau j\u0173 prie\u017ei\u016brai gali prireikti daugiau d\u0117mesio.<\/li>\n<\/ul>\n<\/li>\n<li><strong>Estetinis patrauklumas<\/strong>\n<ul>\n<li>Rinkit\u0117s vazonus, kurie papildo j\u016bs\u0173 sodo dizain\u0105; daugelis j\u0173 da\u017enai b\u016bna su dekoratyviniais elementais, pavyzd\u017eiui, g\u0117l\u0117mis ar augalais.<\/li>\n<li>Kai kuriuose moderniuose puoduose yra interaktyvi\u0173 element\u0173, pavyzd\u017eiui, LED lemput\u0117s arba jutikliai, kurie suteikia papildomo funkcionalumo ir stiliaus.<\/li>\n<\/ul>\n<\/li>\n<li><strong>Vandens poreikis<\/strong>\n<ul>\n<li>Visada patikrinkite sodinam\u0173 g\u0117li\u0173 vandens poreik\u012f, kad i\u0161vengtum\u0117te perteklinio ar nepakankamo laistymo.<\/li>\n<li>Kai kuriems g\u0117li\u0173 svog\u016bn\u0117liams gali reik\u0117ti nuolatinio laistymo, jei jie yra jautr\u016bs arba juos reikia da\u017enai gen\u0117ti.<\/li>\n<\/ul>\n<\/li>\n<li><strong>Prie\u017ei\u016bros patarimai<\/strong>\n<ul>\n<li>Pri\u017ei\u016br\u0117kite puodus \u0161variai, stipriai juos prispausdami prie pavir\u0161iaus ir mink\u0161tu skudur\u0117liu pa\u0161alindami ne\u0161varumus ir \u0161iuk\u0161les.<\/li>\n<li>Reguliariai prie\u017ei\u016brai naudokite augal\u0173 maist\u0105, ypa\u010d ma\u017eesniems augalams, kurie gali b\u016bti jautresni kenk\u0117jams.<\/li>\n<li>Didesnius augalus, pavyzd\u017eiui, ro\u017ees ar prieskonines \u017eoleles, sodinkite \u012f vazon\u0105 su dirvo\u017eemiu, kad geriau augt\u0173.<\/li>\n<\/ul>\n<\/li>\n<\/ol>\n<hr \/>\n<h3><strong>Ilgalaik\u0117s s\u0117km\u0117s patarimai<\/strong><\/h3>\n<ul>\n<li><strong>Reguliarus laistymas:<\/strong>\u00a0U\u017etikrinkite, kad vazonuose b\u016bt\u0173 nuolat ir pakankamai vandens. Per ma\u017eas vandens kiekis gali nuvysti, o per didelis - pa\u017eeisti jautrius augalus.<\/li>\n<li><strong>Apvaisinimas:<\/strong>\u00a0Tr\u0119\u0161kite tinkamomis tr\u0105\u0161omis, kad augalai b\u016bt\u0173 sveiki, ypa\u010d pav\u0117singose vietose.<\/li>\n<li><strong>S\u0117kl\u0173 \u012fterpimas:<\/strong>\u00a0S\u0117klas tolygiai paskleiskite po vis\u0105 vazono pavir\u0161i\u0173, kad skatintum\u0117te sveik\u0105 augim\u0105. Kai kuri\u0173 g\u0117li\u0173 svog\u016bn\u0117liai m\u0117gsta atviras erdves arba vazonus su ma\u017eomis skylut\u0117mis.<\/li>\n<\/ul>\n<hr \/>\n<h3><strong>I\u0161vada<\/strong><\/h3>\n<p>Sodo g\u0117li\u0173 vazonai yra labai svarbi priemon\u0117 kuriant patrauklias ir funkcionalias lauko erdves. Nuo tradicini\u0173 sodo lysvi\u0173 iki moderni\u0173 groteli\u0173 - \u0161ie vazonai yra \u012fvairi\u0173 med\u017eiag\u0173 ir dizaino, kad atitikt\u0173 skirtingus poreikius. Nesvarbu, ar sodinate svog\u016bn\u0117lius, prieskonines \u017eoleles, ar g\u0117les, tinkamai parinktas vazonas gali padaryti didel\u0119 \u012ftak\u0105 j\u016bs\u0173 kra\u0161tovaizd\u017eiui. Atsi\u017evelgdami \u012f dyd\u012f, med\u017eiag\u0105, estetik\u0105 ir prie\u017ei\u016br\u0105, galite i\u0161sirinkti vazon\u0105, kuris pagerins ir gro\u017e\u012f, ir vandens naudojimo efektyvum\u0105.<\/p>","protected":false},"excerpt":{"rendered":"<div class=\"msg-content MuiBox-root css-0\">\n<div class=\"break-words\">\n<p>Sodo g\u0117li\u0173 vazonas yra universalus daiktas, naudojamas \u012fvairiose lauko erdv\u0117se. Jis gali b\u016bti j\u016bs\u0173 sodo lysv\u0117s prat\u0119simas arba net atskira erdv\u0117 kieme. Pasirinkite vazon\u0105, kuris atitinka j\u016bs\u0173 teritorijos vizij\u0105, nesvarbu, ar jis paprastas ir dekoratyvus, ar visi\u0161kai funkcionalus su \u012fmontuotomis funkcijomis.<\/p>\n<\/div>\n<\/div>","protected":false},"featured_media":3595,"comment_status":"open","ping_status":"closed","template":"","meta":{"_eb_attr":"","_monsterinsights_skip_tracking":false,"_monsterinsights_sitenote_active":false,"_monsterinsights_sitenote_note":"","_monsterinsights_sitenote_category":0,"_uf_show_specific_survey":0,"_uf_disable_surveys":false},"product_brand":[],"product_cat":[59],"product_tag":[],"class_list":{"0":"post-3594","1":"product","2":"type-product","3":"status-publish","4":"has-post-thumbnail","6":"product_cat-flower-pot","8":"first","9":"instock","10":"shipping-taxable","11":"product-type-simple"},"_links":{"self":[{"href":"https:\/\/keweicorten.com\/lt\/wp-json\/wp\/v2\/product\/3594"}],"collection":[{"href":"https:\/\/keweicorten.com\/lt\/wp-json\/wp\/v2\/product"}],"about":[{"href":"https:\/\/keweicorten.com\/lt\/wp-json\/wp\/v2\/types\/product"}],"replies":[{"embeddable":true,"href":"https:\/\/keweicorten.com\/lt\/wp-json\/wp\/v2\/comments?post=3594"}],"version-history":[{"count":1,"href":"https:\/\/keweicorten.com\/lt\/wp-json\/wp\/v2\/product\/3594\/revisions"}],"predecessor-version":[{"id":3601,"href":"https:\/\/keweicorten.com\/lt\/wp-json\/wp\/v2\/product\/3594\/revisions\/3601"}],"wp:featuredmedia":[{"embeddable":true,"href":"https:\/\/keweicorten.com\/lt\/wp-json\/wp\/v2\/media\/3595"}],"wp:attachment":[{"href":"https:\/\/keweicorten.com\/lt\/wp-json\/wp\/v2\/media?parent=3594"}],"wp:term":[{"taxonomy":"product_brand","embeddable":true,"href":"https:\/\/keweicorten.com\/lt\/wp-json\/wp\/v2\/product_brand?post=3594"},{"taxonomy":"product_cat","embeddable":true,"href":"https:\/\/keweicorten.com\/lt\/wp-json\/wp\/v2\/product_cat?post=3594"},{"taxonomy":"product_tag","embeddable":true,"href":"https:\/\/keweicorten.com\/lt\/wp-json\/wp\/v2\/product_tag?post=3594"}],"curies":[{"name":"wp","href":"https:\/\/api.w.org\/{rel}","templated":true}]}}