{"id":3826,"date":"2025-02-27T01:38:24","date_gmt":"2025-02-27T01:38:24","guid":{"rendered":"https:\/\/keweicorten.com\/?post_type=product&#038;p=3826"},"modified":"2025-02-27T01:38:25","modified_gmt":"2025-02-27T01:38:25","slug":"medzio-granuliu-raketinis-sildytuvas","status":"publish","type":"product","link":"https:\/\/keweicorten.com\/lt\/medzio-granuliu-raketinis-sildytuvas\/","title":{"rendered":"med\u017eio granuli\u0173 raketinis \u0161ildytuvas"},"content":{"rendered":"<h2 data-pm-slice=\"1 1 []\"><strong>Med\u017eio granuli\u0173 raketinis \u0161ildytuvas: Efektyvus, ekologi\u0161kas \u0161ildymo sprendimas<\/strong><\/h2>\n<p>A <strong>med\u017eio granuli\u0173 raketinis \u0161ildytuvas<\/strong> tai naujovi\u0161kas ir efektyvus \u0161ildymo sprendimas, kuriame raketin\u0117s krosnel\u0117s principai derinami su med\u017eio granuli\u0173 patogumu. Tai \u0161variai degantis, labai efektyvus b\u016bdas \u0161ildyti namus, \u0161iltnamius, dirbtuves ir lauko erdves.<\/p>\n<h2><strong>Kas yra med\u017eio granuli\u0173 raketinis \u0161ildytuvas?<\/strong><\/h2>\n<p>Med\u017eio granuli\u0173 raketinis \u0161ildytuvas suprojektuotas taip, kad degimo efektyvumas b\u016bt\u0173 kuo didesnis. Jame naudojamas <strong>raketin\u0117s krosnel\u0117s degimo kamera<\/strong>, kuri u\u017etikrina visi\u0161k\u0105 degal\u0173 sudegim\u0105, tod\u0117l suma\u017e\u0117ja d\u016bm\u0173 ir i\u0161metam\u0173j\u0173 ter\u0161al\u0173 kiekis. Skirtingai nuo tradicini\u0173 malkini\u0173 krosneli\u0173, \u0161i sistema leid\u017eia <strong>ilgalaikis ir kontroliuojamas deginimas<\/strong>tod\u0117l tai yra ekonomi\u0161kas ir ekologi\u0161kas pasirinkimas.<\/p>\n<p><img fetchpriority=\"high\" decoding=\"async\" class=\"alignnone size-medium wp-image-2659\" src=\"https:\/\/keweicorten.com\/wp-content\/uploads\/2024\/12\/FeuerfackelimGarten-250x300.webp\" alt=\"\" width=\"250\" height=\"300\" srcset=\"https:\/\/keweicorten.com\/wp-content\/uploads\/2024\/12\/FeuerfackelimGarten-250x300.webp 250w, https:\/\/keweicorten.com\/wp-content\/uploads\/2024\/12\/FeuerfackelimGarten-10x12.webp 10w, https:\/\/keweicorten.com\/wp-content\/uploads\/2024\/12\/FeuerfackelimGarten-600x720.webp 600w, https:\/\/keweicorten.com\/wp-content\/uploads\/2024\/12\/FeuerfackelimGarten.webp 750w\" sizes=\"(max-width: 250px) 100vw, 250px\" \/> <img decoding=\"async\" class=\"alignnone size-medium wp-image-2689\" src=\"https:\/\/keweicorten.com\/wp-content\/uploads\/2024\/12\/\u5fae\u4fe1\u56fe\u7247_20241204151140-1-300x300.jpg\" alt=\"\" width=\"300\" height=\"300\" srcset=\"https:\/\/keweicorten.com\/wp-content\/uploads\/2024\/12\/\u5fae\u4fe1\u56fe\u7247_20241204151140-1-300x300.jpg 300w, https:\/\/keweicorten.com\/wp-content\/uploads\/2024\/12\/\u5fae\u4fe1\u56fe\u7247_20241204151140-1-150x150.jpg 150w, https:\/\/keweicorten.com\/wp-content\/uploads\/2024\/12\/\u5fae\u4fe1\u56fe\u7247_20241204151140-1-12x12.jpg 12w, https:\/\/keweicorten.com\/wp-content\/uploads\/2024\/12\/\u5fae\u4fe1\u56fe\u7247_20241204151140-1-600x600.jpg 600w, https:\/\/keweicorten.com\/wp-content\/uploads\/2024\/12\/\u5fae\u4fe1\u56fe\u7247_20241204151140-1-100x100.jpg 100w, https:\/\/keweicorten.com\/wp-content\/uploads\/2024\/12\/\u5fae\u4fe1\u56fe\u7247_20241204151140-1.jpg 750w\" sizes=\"(max-width: 300px) 100vw, 300px\" \/><\/p>\n<h2><strong>Med\u017eio granuli\u0173 raketinio \u0161ildytuvo naudojimo privalumai<\/strong><\/h2>\n<h3><strong>1. Didelis efektyvumas ir \u0161varus degimas<\/strong><\/h3>\n<ul data-spread=\"false\">\n<li>Svetain\u0117 <strong>raket\u0173 degimo konstrukcija<\/strong> padidina \u0161ilumos kiek\u012f ir suma\u017eina degal\u0173 s\u0105naudas.<\/li>\n<li>Dega auk\u0161toje temperat\u016broje, tod\u0117l beveik visi\u0161kai sudega ir skleid\u017eia ma\u017eiau d\u016bm\u0173.<\/li>\n<li>Gali pasiekti didesn\u012f nei <strong>90%<\/strong>, ma\u017einant atliek\u0173 ir i\u0161metam\u0173j\u0173 ter\u0161al\u0173 kiek\u012f.<\/li>\n<\/ul>\n<h3><strong>2. Ekologi\u0161kas ir tvarus<\/strong><\/h3>\n<ul data-spread=\"false\">\n<li><strong>Jame naudojamos medienos granul\u0117s<\/strong>, kuris yra atsinaujinantis biomas\u0117s kuras.<\/li>\n<li>Gamina daug <strong>ma\u017eiau i\u0161metamo anglies dioksido.<\/strong> palyginti su tradicin\u0117mis malkomis k\u016brenamomis krosnel\u0117mis.<\/li>\n<li>Ma\u017eina priklausomyb\u0119 nuo i\u0161kastinio kuro ir skatina tvar\u0173 \u0161ildym\u0105.<\/li>\n<\/ul>\n<h3><strong>3. Ekonomi\u0161kas \u0161ildymo sprendimas<\/strong><\/h3>\n<ul data-spread=\"false\">\n<li>Med\u017eio granul\u0117s da\u017enai yra pigesn\u0117s ir lengviau prieinamos nei malkos ar dujos.<\/li>\n<li>Ma\u017eesn\u0117s degal\u0173 s\u0105naudos rei\u0161kia. <strong>ilgesnis degimo laikas su ma\u017eiau papildym\u0173<\/strong>.<\/li>\n<li>Kai kuriuose modeliuose yra <strong>gravitacinis arba automatinis granuli\u0173 tiekimas<\/strong>, reikalaujantis minimalaus naudotojo \u012fsiki\u0161imo.<\/li>\n<\/ul>\n<h3><strong>4. Universalios programos<\/strong><\/h3>\n<ul data-spread=\"false\">\n<li>Idealiai tinka <strong>nam\u0173 \u0161ildymas, \u0161iltnamiai, dirbtuv\u0117s ir lauko erdv\u0117s.<\/strong>.<\/li>\n<li>Jis gali b\u016bti naudojamas <strong>gyvenimas be tinklo<\/strong> ir avarinis \u0161ildymas.<\/li>\n<li>Kai kuriuose modeliuose yra \u012fmontuotas <strong>kar\u0161to vandens \u0161ildymo sistema<\/strong>, pridedant papildom\u0173 funkcij\u0173.<\/li>\n<\/ul>\n<p><img decoding=\"async\" class=\"alignnone size-medium wp-image-3827\" src=\"https:\/\/keweicorten.com\/wp-content\/uploads\/2025\/02\/pellet-heater-291x300.png\" alt=\"\" width=\"291\" height=\"300\" srcset=\"https:\/\/keweicorten.com\/wp-content\/uploads\/2025\/02\/pellet-heater-291x300.png 291w, https:\/\/keweicorten.com\/wp-content\/uploads\/2025\/02\/pellet-heater-993x1024.png 993w, https:\/\/keweicorten.com\/wp-content\/uploads\/2025\/02\/pellet-heater-768x792.png 768w, https:\/\/keweicorten.com\/wp-content\/uploads\/2025\/02\/pellet-heater-12x12.png 12w, https:\/\/keweicorten.com\/wp-content\/uploads\/2025\/02\/pellet-heater-600x619.png 600w, https:\/\/keweicorten.com\/wp-content\/uploads\/2025\/02\/pellet-heater.png 1029w\" sizes=\"(max-width: 291px) 100vw, 291px\" \/> <img loading=\"lazy\" decoding=\"async\" class=\"alignnone size-medium wp-image-3828\" src=\"https:\/\/keweicorten.com\/wp-content\/uploads\/2025\/02\/\u5fae\u4fe1\u56fe\u7247_20240124111607-300x300.jpg\" alt=\"\" width=\"300\" height=\"300\" srcset=\"https:\/\/keweicorten.com\/wp-content\/uploads\/2025\/02\/\u5fae\u4fe1\u56fe\u7247_20240124111607-300x300.jpg 300w, https:\/\/keweicorten.com\/wp-content\/uploads\/2025\/02\/\u5fae\u4fe1\u56fe\u7247_20240124111607-150x150.jpg 150w, https:\/\/keweicorten.com\/wp-content\/uploads\/2025\/02\/\u5fae\u4fe1\u56fe\u7247_20240124111607-12x12.jpg 12w, https:\/\/keweicorten.com\/wp-content\/uploads\/2025\/02\/\u5fae\u4fe1\u56fe\u7247_20240124111607-600x600.jpg 600w, https:\/\/keweicorten.com\/wp-content\/uploads\/2025\/02\/\u5fae\u4fe1\u56fe\u7247_20240124111607-100x100.jpg 100w, https:\/\/keweicorten.com\/wp-content\/uploads\/2025\/02\/\u5fae\u4fe1\u56fe\u7247_20240124111607.jpg 750w\" sizes=\"(max-width: 300px) 100vw, 300px\" \/><\/p>\n<h2><strong>Kaip veikia med\u017eio granuli\u0173 raketinis \u0161ildytuvas?<\/strong><\/h2>\n<ol start=\"1\" data-spread=\"false\">\n<li><strong>Kuro \u012fkrovimas:<\/strong> Medienos granul\u0117s \u012f degimo kamer\u0105 tiekiamos rankiniu b\u016bdu arba per gravitacin\u012f bunker\u012f.<\/li>\n<li><strong>Raket\u0173 degimas:<\/strong> Kuras dega labai gerai izoliuotame kameroje, tod\u0117l susidaro intensyvi \u0161iluma ir efektyvus degimas.<\/li>\n<li><strong>\u0160ilumos perdavimas:<\/strong> \u0160iluma absorbuojama ir efektyviai paskirstoma, da\u017enai per \u0161ilumokait\u012f arba \u0161ilumin\u0119 mas\u0119.<\/li>\n<li><strong>Minimalus atliek\u0173 kiekis:<\/strong> I\u0161metamosios dujos beveik visi\u0161kai sudega, tod\u0117l suma\u017e\u0117ja d\u016bm\u0173 ir lieka labai ma\u017eai pelen\u0173.<\/li>\n<\/ol>\n<h2><strong>Tinkamo med\u017eio granuli\u0173 raketinio \u0161ildytuvo pasirinkimas<\/strong><\/h2>\n<p>Rinkdamiesi <strong>med\u017eio granuli\u0173 raketinis \u0161ildytuvas<\/strong>, apsvarstykite:<\/p>\n<ul data-spread=\"false\">\n<li><strong>Dydis ir \u0161ildymo paj\u0117gumas:<\/strong> \u012esitikinkite, kad jis atitinka j\u016bs\u0173 \u0161ildymo poreikius.<\/li>\n<li><strong>Statybin\u0117 med\u017eiaga:<\/strong> Ie\u0161kokite patvari\u0173 med\u017eiag\u0173, pvz. <strong>ner\u016bdijantis plienas arba atmosferos poveikiui atsparus plienas<\/strong> ilgaam\u017ei\u0161kum\u0105.<\/li>\n<li><strong>Granuli\u0173 tiekimo mechanizmas:<\/strong> Gravitacin\u0117s ir automatin\u0117s sistemos.<\/li>\n<li><strong>Perne\u0161amumo ir montavimo reikalavimai:<\/strong> Kai kurie modeliai yra kompakti\u0161ki ir lengvai montuojami, tod\u0117l puikiai tinka mobiliesiems namams ir nameliams.<\/li>\n<\/ul>\n<p>A <strong>med\u017eio granuli\u0173 raketinis \u0161ildytuvas<\/strong> yra puikus pasirinkimas ie\u0161kantiems <strong>ekologi\u0161kas, didelio efektyvumo ir ekonomi\u0161kas.<\/strong> \u0161ildymo sprendimas. Nesvarbu, ar jums reikia \u0161ilumos namams, \u0161iltnamiui, ar namelyje be elektros, \u0161i \u0161ildymo sistema u\u017etikrina patikim\u0105 ir tvari\u0105 \u0161ilum\u0105 su minimaliu i\u0161metam\u0173j\u0173 ter\u0161al\u0173 kiekiu.<\/p>\n<p>Jei ie\u0161kote <strong>auk\u0161tos kokyb\u0117s med\u017eio granuli\u0173 raketinis \u0161ildytuvas<\/strong>, susisiekite su mumis dar \u0161iandien, kad su\u017einotum\u0117te geriausius variantus!<\/p>","protected":false},"excerpt":{"rendered":"<p>Wood Pellet Rocket Heater: Efficient, Eco-Friendly Heating Solution A wood pellet rocket heater is an innovative and efficient heating solution that combines the principles of a rocket stove with the convenience of wood pellets. It offers a clean-burning, highly efficient way to heat homes, greenhouses, workshops, and outdoor spaces. What is a Wood Pellet Rocket [&hellip;]<\/p>","protected":false},"featured_media":3828,"comment_status":"open","ping_status":"closed","template":"","meta":{"_eb_attr":"","_monsterinsights_skip_tracking":false,"_monsterinsights_sitenote_active":false,"_monsterinsights_sitenote_note":"","_monsterinsights_sitenote_category":0,"_uf_show_specific_survey":0,"_uf_disable_surveys":false},"product_brand":[],"product_cat":[52],"product_tag":[],"class_list":{"0":"post-3826","1":"product","2":"type-product","3":"status-publish","4":"has-post-thumbnail","6":"product_cat-wood-pellet-tourch","8":"first","9":"instock","10":"shipping-taxable","11":"product-type-simple"},"_links":{"self":[{"href":"https:\/\/keweicorten.com\/lt\/wp-json\/wp\/v2\/product\/3826"}],"collection":[{"href":"https:\/\/keweicorten.com\/lt\/wp-json\/wp\/v2\/product"}],"about":[{"href":"https:\/\/keweicorten.com\/lt\/wp-json\/wp\/v2\/types\/product"}],"replies":[{"embeddable":true,"href":"https:\/\/keweicorten.com\/lt\/wp-json\/wp\/v2\/comments?post=3826"}],"version-history":[{"count":1,"href":"https:\/\/keweicorten.com\/lt\/wp-json\/wp\/v2\/product\/3826\/revisions"}],"predecessor-version":[{"id":3833,"href":"https:\/\/keweicorten.com\/lt\/wp-json\/wp\/v2\/product\/3826\/revisions\/3833"}],"wp:featuredmedia":[{"embeddable":true,"href":"https:\/\/keweicorten.com\/lt\/wp-json\/wp\/v2\/media\/3828"}],"wp:attachment":[{"href":"https:\/\/keweicorten.com\/lt\/wp-json\/wp\/v2\/media?parent=3826"}],"wp:term":[{"taxonomy":"product_brand","embeddable":true,"href":"https:\/\/keweicorten.com\/lt\/wp-json\/wp\/v2\/product_brand?post=3826"},{"taxonomy":"product_cat","embeddable":true,"href":"https:\/\/keweicorten.com\/lt\/wp-json\/wp\/v2\/product_cat?post=3826"},{"taxonomy":"product_tag","embeddable":true,"href":"https:\/\/keweicorten.com\/lt\/wp-json\/wp\/v2\/product_tag?post=3826"}],"curies":[{"name":"wp","href":"https:\/\/api.w.org\/{rel}","templated":true}]}}