{"id":3887,"date":"2025-03-07T06:03:46","date_gmt":"2025-03-07T06:03:46","guid":{"rendered":"https:\/\/keweicorten.com\/?post_type=product&#038;p=3887"},"modified":"2025-03-07T06:03:47","modified_gmt":"2025-03-07T06:03:47","slug":"4x8-304-nerudijancio-plieno-lakstas","status":"publish","type":"product","link":"https:\/\/keweicorten.com\/lt\/4x8-304-nerudijancio-plieno-lakstas\/","title":{"rendered":"4 \u00d7 8 304 ner\u016bdijan\u010dio plieno lak\u0161tas"},"content":{"rendered":"<h2><strong>Pavadinimas: 4 \u00d7 8 304 ner\u016bdijan\u010dio plieno lak\u0161tas: 304 plieninio ner\u016bdijan\u010dio plieno vamzd\u017ei\u0173: savyb\u0117s, specifikacijos, privalumai ir sprendimai j\u016bs\u0173 poreikiams<\/strong><\/h2>\n<p>Kai reikia pasirinkti tinkam\u0105 med\u017eiag\u0105 pramoniniam ir komerciniam naudojimui, reikia <strong>4\u00d78 304 ner\u016bdijan\u010dio plieno lak\u0161tas<\/strong> i\u0161siskiria ypatingu patvarumu, universalumu ir atsparumu korozijai. \u0160io tipo ner\u016bdijan\u010dio plieno lak\u0161tai d\u0117l savo puiki\u0173 eksploatacini\u0173 savybi\u0173 pla\u010diai naudojami \u012fvairiuose sektoriuose, \u012fskaitant statyb\u0105, gamyb\u0105 ir dizain\u0105. \u0160iame straipsnyje gilinsim\u0117s \u012f pagrindines savybes, specifikacijas, privalumus ir tai, kaip m\u016bs\u0173 gaminys i\u0161sprend\u017eia da\u017eniausius klient\u0173 skaudulius.<\/p>\n<h2><strong>4 \u00d7 8 304 ner\u016bdijan\u010dio plieno lak\u0161to savyb\u0117s<\/strong><\/h2>\n<ul>\n<li><strong>Med\u017eiagos sud\u0117tis<\/strong>: 304 ner\u016bdijan\u010diojo plieno lak\u0161tas daugiausia gaminamas i\u0161 gele\u017eies, chromo (18%) ir nikelio (8%), tod\u0117l yra stiprus, r\u016bdims atsparus lydinys, tinkantis \u012fvairioms reikm\u0117ms.<\/li>\n<li><strong>Pavir\u0161iaus apdaila<\/strong>: Paprastai jis b\u016bna \u0161lifuotas arba su veidrodine apdaila, tod\u0117l yra esteti\u0161kas, j\u012f lengva pri\u017ei\u016br\u0117ti ir valyti.<\/li>\n<li><strong>Dydis ir storis<\/strong>: Standartiniai 4 \u00d7 8 lap\u0173 matmenys (48 x 96 coli\u0173) idealiai tinka \u012fvairiems projektams. Priklausomai nuo poreiki\u0173, jis gali b\u016bti \u012fvairaus storio - nuo 0,02\" iki 0,25\" ar daugiau.<\/li>\n<li><strong>Atsparumas korozijai<\/strong>: 304 ner\u016bdijan\u010dio plieno lak\u0161tas yra labai atsparus korozijai, oksidacijai ir r\u016bdims, tod\u0117l puikiai tinka tiek patalp\u0173 viduje, tiek lauke, ypa\u010d tose vietose, kurias veikia at\u0161iaur\u016bs elementai.<\/li>\n<li><strong>Temperat\u016bros tolerancija<\/strong>: Jis gali atlaikyti \u012fvairias temperat\u016bras neprarasdamas strukt\u016brinio vientisumo, tod\u0117l tinka naudoti esant auk\u0161tai temperat\u016brai.<a href=\"https:\/\/keweicorten.com\/lt\/produktai\/\"><img fetchpriority=\"high\" decoding=\"async\" class=\"alignnone\" title=\"304 lapo kaina SS304 4X8\" src=\"https:\/\/image.made-in-china.com\/2f0j00ASclVDJBQwgr\/China-304-Sheet-Price-SS304-4X8-201-Circle-0-6mm-Thick-Steel-Sheets-Stainless-Steel-Sheet.jpg\" alt=\"Kinija 304 lak\u0161t\u0173 kaina SS304 4X8 201 apskritimas 0,6 mm storio plieno lak\u0161tai kaina-keweicorten\" width=\"730\" height=\"548\" \/><\/a><\/li>\n<\/ul>\n<h2><strong>4 \u00d7 8 304 ner\u016bdijan\u010dio plieno lak\u0161to specifikacijos<\/strong><\/h2>\n<ul>\n<li><strong>Matmenys<\/strong>: 4 p\u0117d\u0173 x 8 p\u0117d\u0173 (1200 mm x 2400 mm)<\/li>\n<li><strong>Storis<\/strong>: Galimi storiai nuo 0,02\u2033 (0,5 mm) iki 0,25\u2033 (6,35 mm) arba pagal u\u017esakym\u0105<\/li>\n<li><strong>Svoris<\/strong>: Priklauso nuo storio, bet paprastai apie 6,5-10 kg vienam lak\u0161tui.<\/li>\n<li><strong>Klas\u0117<\/strong>: 304 yra da\u017eniausiai naudojama ner\u016bdijan\u010diojo plieno r\u016b\u0161is, pasi\u017eyminti puikiu plasti\u0161kumu ir atsparumu korozijai.<\/li>\n<li><strong>Apdailos parinktys<\/strong>: Da\u017eniausiai pasitaikan\u010dios apdailos r\u016b\u0161ys yra 2B, Nr. 1, Nr. 4 ir veidrodin\u0117 apdaila.<\/li>\n<li>\u010cia yra <strong>4 \u00d7 8 304 ner\u016bdijan\u010dio plieno lak\u0161tas<\/strong> parametras<\/li>\n<\/ul>\n<table>\n<thead>\n<tr>\n<th><strong>Parametras<\/strong><\/th>\n<th><strong>Apra\u0161ymas<\/strong><\/th>\n<\/tr>\n<\/thead>\n<tbody>\n<tr>\n<td><strong>Med\u017eiaga<\/strong><\/td>\n<td>304 ner\u016bdijantis plienas (18% chromo, 8% nikelio)<\/td>\n<\/tr>\n<tr>\n<td><strong>Matmenys<\/strong><\/td>\n<td>Standartinis dydis: 1200 mm x 2400 mm (4'x8\u2032)<\/td>\n<\/tr>\n<tr>\n<td><strong>Storis<\/strong><\/td>\n<td>0,3 mm - 6 mm (galimi individual\u016bs dyd\u017eiai)<\/td>\n<\/tr>\n<tr>\n<td><strong>Pavir\u0161iaus apdaila<\/strong><\/td>\n<td>2B (lygus), Nr. 1 (\u0161iurk\u0161tus), Nr. 4 (\u0161lifuotas), veidrodinis pavir\u0161ius<\/td>\n<\/tr>\n<tr>\n<td><strong>Atsparumas korozijai<\/strong><\/td>\n<td>Puikus atsparumas korozijai, tinka dr\u0117gnoje, chemin\u0117je ir auk\u0161tos temperat\u016bros aplinkoje<\/td>\n<\/tr>\n<tr>\n<td><strong>Tempimo j\u0117ga<\/strong><\/td>\n<td>520 - 720 MPa<\/td>\n<\/tr>\n<tr>\n<td><strong>Derlingumo stipris<\/strong><\/td>\n<td>215 MPa<\/td>\n<\/tr>\n<tr>\n<td><strong>Pailg\u0117jimas<\/strong><\/td>\n<td>40%<\/td>\n<\/tr>\n<tr>\n<td><strong>Tankis<\/strong><\/td>\n<td>8,0 g\/cm\u00b3<\/td>\n<\/tr>\n<tr>\n<td><strong>Atsparumas kar\u0161\u010diui<\/strong><\/td>\n<td>Temperat\u016bros diapazonas: nuo -196 \u00b0C iki 870 \u00b0C<\/td>\n<\/tr>\n<tr>\n<td><strong>Suvirinamumas<\/strong><\/td>\n<td>Geras suvirinamumas, tinka TIG, MIG ir lankiniam suvirinimui<\/td>\n<\/tr>\n<tr>\n<td><strong>Magnetin\u0117s savyb\u0117s<\/strong><\/td>\n<td>Nemagnetinis, tinkamas naudoti, kai reikia ma\u017eo magnetizmo<\/td>\n<\/tr>\n<tr>\n<td><strong>Pavir\u0161iaus kokyb\u0117<\/strong><\/td>\n<td>Galimos \u012fvairios pavir\u0161iaus apdailos, tinkan\u010dios dekoratyviniams, maisto pramon\u0117s ir chemijos pramon\u0117s tikslams.<\/td>\n<\/tr>\n<\/tbody>\n<\/table>\n<p><a href=\"https:\/\/keweicorten.com\/lt\/produktai\/\"><img decoding=\"async\" class=\"alignnone\" title=\"1 mm 0,8 mm storio 4x8 aisi 304 ner\u016bdijan\u010dio plieno lak\u0161t\u0173 kaina \" src=\"https:\/\/ts1.tc.mm.bing.net\/th\/id\/R-C.1d94e5fc7d93d7e8e4893f03447e48b9?rik=weqVghXE7QJ4sw&amp;riu=http%3a%2f%2fg02.s.alicdn.com%2fkf%2fHTB1qDm4IVXXXXa0XVXXq6xXFXXXu%2f222252506%2fHTB1qDm4IVXXXXa0XVXXq6xXFXXXu.jpg&amp;ehk=THQ%2fN0FaOqebkqTIwLN%2bkM16Uh04%2bseg2wa3T%2b52JQM%3d&amp;risl=&amp;pid=ImgRaw&amp;r=0\" alt=\"1 mm 0,8 mm storio 4x8 aisi 304 ner\u016bdijan\u010dio plieno lak\u0161t\u0173 kaina u\u017e kilogram\u0105 - keweicorten\" width=\"750\" height=\"600\" \/><\/a><\/p>\n<h2><strong>4 \u00d7 8 304 ner\u016bdijan\u010dio plieno lak\u0161t\u0173 privalumai<\/strong><\/h2>\n<ol>\n<li><strong>Didelis patvarumas ir ilgaam\u017ei\u0161kumas<\/strong>: 304 ner\u016bdijan\u010diojo plieno tvirtumas u\u017etikrina, kad lak\u0161tai i\u0161laiko savo vientisum\u0105 net ir daugel\u012f met\u0173 veikiami \u012fvairi\u0173 aplinkos veiksni\u0173, \u012fskaitant dr\u0117gm\u0119 ir ekstremali\u0105 temperat\u016br\u0105.<\/li>\n<li><strong>Lengva prie\u017ei\u016bra<\/strong>: Ner\u016bdijan\u010dio plieno lak\u0161tus, kuri\u0173 pavir\u0161ius lygus, lengva valyti, pri\u017ei\u016br\u0117ti ir neleid\u017eia daugintis bakterijoms, tod\u0117l jie idealiai tinka higieni\u0161koje aplinkoje, pavyzd\u017eiui, virtuv\u0117se ir ligonin\u0117se.<\/li>\n<li><strong>Estetinis lankstumas<\/strong>: 304 ner\u016bdijan\u010dio plieno lak\u0161tas gali b\u016bti naudojamas tiek pramon\u0117je, tiek dekoratyviniams tikslams, nes yra \u012fvairios apdailos, pasi\u017eymi eleganti\u0161ka ir modernia i\u0161vaizda.<\/li>\n<li><strong>Nemagnetinis<\/strong>: Tai nemagnetin\u0117 med\u017eiaga, tod\u0117l j\u0105 naudinga naudoti ten, kur magnetizmas kelia susir\u016bpinim\u0105, pavyzd\u017eiui, jautrioje elektronikoje ar medicinos prietaisuose.<\/li>\n<li><strong>Labai atsparus korozijai<\/strong>: Didelis chromo kiekis u\u017etikrina puik\u0173 atsparum\u0105 korozijai, ypa\u010d at\u0161iaurioms chemin\u0117ms med\u017eiagoms, r\u016bg\u0161tims ir s\u016briam vandeniui, tod\u0117l idealiai tinka j\u016brinei aplinkai.<\/li>\n<li><strong>Puikus formuojamumas<\/strong>: 304 ner\u016bdijan\u010diojo plieno lak\u0161t\u0105 lengva pjaustyti, lenkti ir formuoti, tod\u0117l j\u012f galima naudoti individualiam dizainui - nuo pramonini\u0173 komponent\u0173 iki buitin\u0117s technikos ir bald\u0173.<\/li>\n<\/ol>\n<h3>Produkto pardavimo ta\u0161kas<\/h3>\n<ul>\n<li><strong>\u00a01: dideli prie\u017ei\u016bros reikalavimai<\/strong>\n<ul>\n<li><em>Sprendimas<\/em>: 304 ner\u016bdijan\u010diojo plieno lak\u0161tas reikalauja minimalios prie\u017ei\u016bros d\u0117l lygaus, korozijai atsparaus pavir\u0161iaus. Reguliarus valymas yra paprastas ir nereikalauja brangi\u0173 ar sud\u0117ting\u0173 \u012franki\u0173, tod\u0117l klientas sutaupo ir laiko, ir pinig\u0173.<\/li>\n<\/ul>\n<\/li>\n<li><strong>\u00a02: Patvarumo problemos at\u0161iaurioje aplinkoje<\/strong>\n<ul>\n<li><em>Sprendimas<\/em>: D\u0117l puikaus atsparumo korozijai 304 ner\u016bdijan\u010diojo plieno lak\u0161tas puikiai tinka dr\u0117gm\u0117s, chemini\u0173 med\u017eiag\u0173 ir ekstremali\u0173 temperat\u016br\u0173 veikiamai aplinkai. Nesvarbu, ar \u0161i med\u017eiaga naudojama virtuv\u0117se, gamyklose, ar lauko \u012frenginiuose, ji bus ilgaam\u017e\u0117, tod\u0117l i\u0161vengsite brangiai kainuojan\u010dio remonto ir keitimo.<\/li>\n<\/ul>\n<\/li>\n<li><strong>\u00a03: nenuosekli kokyb\u0117 rinkoje<\/strong>\n<ul>\n<li><em>Sprendimas<\/em>: M\u016bs\u0173 <strong>4\u00d78 304 ner\u016bdijan\u010dio plieno lak\u0161tai<\/strong> \u012fsigyjami i\u0161 auk\u0161\u010diausios klas\u0117s gamintoj\u0173 ir grie\u017etai tikrinama j\u0173 kokyb\u0117, tod\u0117l kaskart gaunate auk\u0161tos kokyb\u0117s gamin\u012f. Si\u016blome vis\u0105 spektr\u0105 specifikacij\u0173, kad patenkintume unikalius klient\u0173 poreikius.<\/li>\n<\/ul>\n<\/li>\n<li><strong>4: dyd\u017eio ir pritaikymo nelankstumas<\/strong>\n<ul>\n<li><em>Sprendimas<\/em>: Si\u016blome individualias 4 \u00d7 8 304 ner\u016bdijan\u010dio plieno lak\u0161t\u0173 pjaustymo ir dyd\u017eio parinktis. Nesvarbu, ar jums reikia ma\u017eesni\u0173 matmen\u0173, tam tikro storio, ar unikalios apdailos, mes galime pritaikyti gamin\u012f tiksliai pagal j\u016bs\u0173 reikalavimus.<\/li>\n<\/ul>\n<\/li>\n<\/ul>\n<h3><strong>M\u016bs\u0173 pardavimo privalumai<\/strong><\/h3>\n<ol>\n<li><strong>Auk\u0161\u010diausios kokyb\u0117s u\u017etikrinimas<\/strong>: Pirmenyb\u0119 teikiame auk\u0161\u010diausios kokyb\u0117s med\u017eiagoms ir grie\u017etai kokyb\u0117s kontrolei, kad m\u016bs\u0173 304 ner\u016bdijan\u010dio plieno lak\u0161tai atitikt\u0173 auk\u0161\u010diausius pramon\u0117s standartus.<\/li>\n<li><strong>Konkurencinga kainodara<\/strong>: Nepaisant auk\u0161\u010diausios kokyb\u0117s, m\u016bs\u0173 kainos i\u0161lieka konkurencingos, tod\u0117l si\u016blome ekonomi\u0161kus sprendimus, nesuma\u017einant na\u0161umo.<\/li>\n<li><strong>Individual\u016bs sprendimai<\/strong>: Si\u016blome specialiai pritaikytus gaminius, atitinkan\u010dius unikalius projekto reikalavimus - nuo skirtingo storio iki specialios apdailos ir matmen\u0173.<\/li>\n<li><strong>Greitas ir patikimas pristatymas<\/strong>: Suprantame, kaip svarbu laiku pristatyti prekes. Naudodamiesi efektyvia logistika, j\u016bs\u0173 u\u017esakymas jus pasieks greitai ir u\u017etikrinsite, kad j\u016bs\u0173 projekto terminai bus \u012fvykdyti.<\/li>\n<li><strong>Ekspert\u0173 pagalba<\/strong>: M\u016bs\u0173 komanda visada pasirengusi pad\u0117ti pasirinkti gamin\u012f, patarti, kaip j\u012f taikyti, ir suteikti pagalb\u0105 po pirkimo, kad j\u016bs\u0173 patirtis b\u016bt\u0173 sklandi.<\/li>\n<\/ol>\n<h3><strong>I\u0161vada<\/strong><\/h3>\n<p>Svetain\u0117 <strong>4\u00d78 304 ner\u016bdijan\u010dio plieno lak\u0161tas<\/strong> yra universali, patvari ir ekonomi\u0161ka med\u017eiaga, idealiai tinkanti \u012fvairioms reikm\u0117ms. Nesvarbu, ar dirbate su statybos projektu, virtuv\u0117s dizainu, ar laiv\u0173 \u012franga, 304 ner\u016bdijan\u010diojo plieno lak\u0161tai si\u016blo ilgalaikius sprendimus. Naudodamiesi pasirinktin\u0117mis parinktimis ir \u012fsipareigojimu u\u017etikrinti kokyb\u0119, si\u016blome gaminius, kurie tiksliai atitinka j\u016bs\u0173 poreikius ir kartu i\u0161sprend\u017eia bendrus pramon\u0117s i\u0161\u0161\u016bkius. Rinkit\u0117s m\u016bs\u0173 <strong>304 ner\u016bdijan\u010dio plieno lak\u0161tai<\/strong> d\u0117l auk\u0161\u010diausios kokyb\u0117s, ilgaam\u017ei\u0161kumo ir vert\u0117s.<\/p>","protected":false},"excerpt":{"rendered":"<div class=\"flex max-w-full flex-col flex-grow\">\n<div class=\"min-h-8 text-message relative flex w-full flex-col items-end gap-2 whitespace-normal break-words text-start [.text-message+&amp;]:mt-5\" dir=\"auto\" data-message-author-role=\"assistant\" data-message-id=\"a7210d0d-b6a3-498d-a09c-d926ca0c436e\" data-message-model-slug=\"gpt-4o-mini\">\n<div class=\"flex w-full flex-col gap-1 empty:hidden first:pt-[3px]\">\n<div class=\"markdown prose w-full break-words dark:prose-invert light\">\n<p data-start=\"91\" data-end=\"386\" data-is-last-node=\"\" data-is-only-node=\"\"><strong data-start=\"91\" data-end=\"124\">4 \u00d7 8 304 ner\u016bdijan\u010dio plieno lak\u0161tas<\/strong> - Patvar\u016bs, atspar\u016bs korozijai ir universal\u016bs, idealiai tinka pramoniniam, architekt\u016briniam ir dekoratyviniam naudojimui. Lengvai pri\u017ei\u016brimas ir atsparus auk\u0161toms temperat\u016broms, jis puikiai tinka virtuv\u0117ms, baldams ir kt. Galimi pritaikomi dyd\u017eiai ir apdaila.<\/p>\n<\/div>\n<\/div>\n<\/div>\n<\/div>","protected":false},"featured_media":3888,"comment_status":"open","ping_status":"closed","template":"","meta":{"_eb_attr":"","_monsterinsights_skip_tracking":false,"_monsterinsights_sitenote_active":false,"_monsterinsights_sitenote_note":"","_monsterinsights_sitenote_category":0,"_uf_show_specific_survey":0,"_uf_disable_surveys":false},"product_brand":[],"product_cat":[21],"product_tag":[],"class_list":{"0":"post-3887","1":"product","2":"type-product","3":"status-publish","4":"has-post-thumbnail","6":"product_cat-weather-resistant-steel-plate","8":"first","9":"instock","10":"shipping-taxable","11":"product-type-simple"},"_links":{"self":[{"href":"https:\/\/keweicorten.com\/lt\/wp-json\/wp\/v2\/product\/3887"}],"collection":[{"href":"https:\/\/keweicorten.com\/lt\/wp-json\/wp\/v2\/product"}],"about":[{"href":"https:\/\/keweicorten.com\/lt\/wp-json\/wp\/v2\/types\/product"}],"replies":[{"embeddable":true,"href":"https:\/\/keweicorten.com\/lt\/wp-json\/wp\/v2\/comments?post=3887"}],"version-history":[{"count":1,"href":"https:\/\/keweicorten.com\/lt\/wp-json\/wp\/v2\/product\/3887\/revisions"}],"predecessor-version":[{"id":3890,"href":"https:\/\/keweicorten.com\/lt\/wp-json\/wp\/v2\/product\/3887\/revisions\/3890"}],"wp:featuredmedia":[{"embeddable":true,"href":"https:\/\/keweicorten.com\/lt\/wp-json\/wp\/v2\/media\/3888"}],"wp:attachment":[{"href":"https:\/\/keweicorten.com\/lt\/wp-json\/wp\/v2\/media?parent=3887"}],"wp:term":[{"taxonomy":"product_brand","embeddable":true,"href":"https:\/\/keweicorten.com\/lt\/wp-json\/wp\/v2\/product_brand?post=3887"},{"taxonomy":"product_cat","embeddable":true,"href":"https:\/\/keweicorten.com\/lt\/wp-json\/wp\/v2\/product_cat?post=3887"},{"taxonomy":"product_tag","embeddable":true,"href":"https:\/\/keweicorten.com\/lt\/wp-json\/wp\/v2\/product_tag?post=3887"}],"curies":[{"name":"wp","href":"https:\/\/api.w.org\/{rel}","templated":true}]}}