{"id":491,"date":"2024-07-15T02:29:11","date_gmt":"2024-07-15T02:29:11","guid":{"rendered":"https:\/\/keweicorten.com\/?post_type=product&#038;p=491"},"modified":"2025-01-15T06:29:12","modified_gmt":"2025-01-15T06:29:12","slug":"korteninio-plieno-groteles","status":"publish","type":"product","link":"https:\/\/keweicorten.com\/lt\/korteninio-plieno-groteles\/","title":{"rendered":"Korteninio plieno grotel\u0117s"},"content":{"rendered":"<h2>Kokios yra BBQ grilio savyb\u0117s\uff1f<\/h2>\n<ul>\n<li><strong>Patvarumas:<\/strong> Auk\u0161tos kokyb\u0117s korteninio plieno kepsnin\u0117, pagaminta i\u0161 tvirt\u0173 med\u017eiag\u0173, toki\u0173 kaip ner\u016bdijantis plienas ar ketus, gali sudominti \u017emones, ie\u0161kan\u010dius ilgalaik\u0117s investicijos, galin\u010dios atlaikyti da\u017en\u0105 naudojim\u0105 ir \u012fvairias oro s\u0105lygas.<\/li>\n<li><strong>Universalumas:<\/strong>\u00a0BBQ kepsnin\u0117s, si\u016blan\u010dios \u012fvairias kepimo galimybes, pavyzd\u017eiui, kepimo ant groteli\u0173, r\u016bkymo ar net apkepimo funkcijas, gali patikti tiems, kurie m\u0117gsta eksperimentuoti su skirtingais kepimo b\u016bdais ir skoniais.<\/li>\n<li><strong>Lengva naudoti:<\/strong> D\u0117l intuityvaus ir patogaus dizaino bei toki\u0173 funkcij\u0173 kaip paprasta u\u017edegimo sistema, reguliuojami kaitinimo parametrai ir patog\u016bs valymo mechanizmai korteninio plieno kepsnin\u0117s gali tapti patrauklesn\u0117s asmenims, norintiems be vargo kepti ant groteli\u0173.<\/li>\n<li><strong>Dydis ir virimo plotas:<\/strong>\u00a0BBQ kepsnin\u0117s su didele kepimo erdve, keliais degikliais ir papildomomis funkcijomis, pavyzd\u017eiui, \u0161oniniais staliukais ar laikymo skyriais, gali b\u016bti patrauklios tiems, kurie m\u0117gsta rengti susib\u016brimus ar gaminti maist\u0105 didesnei \u017emoni\u0173 grupei.<\/li>\n<\/ul>\n<p><strong>Estetika:<\/strong> Korteninio plieno kepsnin\u0117s dizainas ir i\u0161vaizda, \u012fskaitant eleganti\u0161k\u0105 apdail\u0105, modern\u0173 ar klasikin\u012f stili\u0173 ir spalv\u0173 galimybes, gali b\u016bti labai svarb\u016bs pritraukiant pirk\u0117jus, kurie vertina lauko kepimo \u012frangos vizualin\u012f patrauklum\u0105.<\/p>\n<h2>Naudojant \"Corten\" plieno groteles:<\/h2>\n<ul>\n<li>Sezoninis naudojimas: Corteno plieno grotel\u0117s idealiai tinka naudoti lauke d\u0117l unikalaus r\u016bd\u017ei\u0173 pavir\u0161iaus, kuris susidaro veikiant oro s\u0105lygoms. Nenaudojamas kepsnines rekomenduojama laikyti sausoje ir v\u0117dinamoje vietoje.<\/li>\n<li>Paruo\u0161imas prie\u0161 kepim\u0105 ant groteli\u0173: Prie\u0161 naudodami i\u0161valykite ir \u012fkaitinkite kepsnin\u0119, kad pa\u0161alintum\u0117te bet kokius liku\u010dius ar ne\u0161varumus ir u\u017etikrinkite, kad kepsnin\u0117s pavir\u0161ius b\u016bt\u0173 sausas.<\/li>\n<li>Barbekiu maistas: Kepimo ant groteli\u0173 metu reguliuokite kaitinim\u0105 ir kaitinimo plot\u0105 pagal skirtingus ingredientus ir kepimo poreikius. Venkite brai\u017eyti kepsnin\u0119 metaliniais \u012frankiais, kad nesugadintum\u0117te pavir\u0161iaus.<\/li>\n<li>Valymas ir prie\u017ei\u016bra: Po kepimo ant groteli\u0173 i\u0161valykite kepsnin\u0119 tinkamomis valymo priemon\u0117mis, kad pavir\u0161ius b\u016bt\u0173 \u0161varus ir i\u0161laikyt\u0173 savo i\u0161vaizd\u0105. Reguliari prie\u017ei\u016bra ir tvarkymas gali pailginti kepsnin\u0117s tarnavimo laik\u0105.<\/li>\n<\/ul>\n<p>&nbsp;<\/p>","protected":false},"excerpt":{"rendered":"<p>\"Corten\" plieno kepsnin\u0117 b\u016bt\u0173 patvari ir vizualiai patraukli lauko kepsnini\u0173 gaminimo galimyb\u0117, nes d\u0117l atmosferos poveikio ji tampa esteti\u0161kai patraukli. Ta\u010diau svarbu atkreipti d\u0117mes\u012f \u012f tai, kad \"Corten\" plienas gali sur\u016bdyti ir nuda\u017eyti aplinkinius pavir\u0161ius, tod\u0117l rekomenduojama j\u012f statyti tose vietose, kur tai nekelia r\u016bpes\u010di\u0173.<\/p>","protected":false},"featured_media":492,"comment_status":"open","ping_status":"closed","template":"","meta":{"_eb_attr":"","_monsterinsights_skip_tracking":false,"_monsterinsights_sitenote_active":false,"_monsterinsights_sitenote_note":"","_monsterinsights_sitenote_category":0,"_uf_show_specific_survey":0,"_uf_disable_surveys":false},"product_brand":[],"product_cat":[63],"product_tag":[],"class_list":{"0":"post-491","1":"product","2":"type-product","3":"status-publish","4":"has-post-thumbnail","6":"product_cat-steel-bbq-grill","8":"first","9":"instock","10":"featured","11":"shipping-taxable","12":"product-type-simple"},"_links":{"self":[{"href":"https:\/\/keweicorten.com\/lt\/wp-json\/wp\/v2\/product\/491"}],"collection":[{"href":"https:\/\/keweicorten.com\/lt\/wp-json\/wp\/v2\/product"}],"about":[{"href":"https:\/\/keweicorten.com\/lt\/wp-json\/wp\/v2\/types\/product"}],"replies":[{"embeddable":true,"href":"https:\/\/keweicorten.com\/lt\/wp-json\/wp\/v2\/comments?post=491"}],"version-history":[{"count":1,"href":"https:\/\/keweicorten.com\/lt\/wp-json\/wp\/v2\/product\/491\/revisions"}],"predecessor-version":[{"id":3238,"href":"https:\/\/keweicorten.com\/lt\/wp-json\/wp\/v2\/product\/491\/revisions\/3238"}],"wp:featuredmedia":[{"embeddable":true,"href":"https:\/\/keweicorten.com\/lt\/wp-json\/wp\/v2\/media\/492"}],"wp:attachment":[{"href":"https:\/\/keweicorten.com\/lt\/wp-json\/wp\/v2\/media?parent=491"}],"wp:term":[{"taxonomy":"product_brand","embeddable":true,"href":"https:\/\/keweicorten.com\/lt\/wp-json\/wp\/v2\/product_brand?post=491"},{"taxonomy":"product_cat","embeddable":true,"href":"https:\/\/keweicorten.com\/lt\/wp-json\/wp\/v2\/product_cat?post=491"},{"taxonomy":"product_tag","embeddable":true,"href":"https:\/\/keweicorten.com\/lt\/wp-json\/wp\/v2\/product_tag?post=491"}],"curies":[{"name":"wp","href":"https:\/\/api.w.org\/{rel}","templated":true}]}}