{"id":671,"date":"2024-07-16T07:00:36","date_gmt":"2024-07-16T07:00:36","guid":{"rendered":"https:\/\/keweicorten.com\/?post_type=product&#038;p=671"},"modified":"2025-01-15T06:28:52","modified_gmt":"2025-01-15T06:28:52","slug":"korteninio-plieno-ekranai","status":"publish","type":"product","link":"https:\/\/keweicorten.com\/lt\/korteninio-plieno-ekranai\/","title":{"rendered":"Korteninio plieno ekranai"},"content":{"rendered":"<table class=\"has-title all magic-8\" style=\"height: 141px;\" width=\"651\">\n<tbody>\n<tr>\n<td colspan=\"1\" rowspan=\"1\">\n<div class=\"magic-9\" data-spm-anchor-id=\"a2700.details.0.i41.1c02dc31QPyZ9q\">Produkto pavadinimas<\/div>\n<\/td>\n<td colspan=\"1\" rowspan=\"1\">\n<div class=\"magic-10\">corten plieno vilos metaliniai vartai ir tvora kiemui<\/div>\n<\/td>\n<\/tr>\n<tr>\n<td colspan=\"1\" rowspan=\"1\" data-spm-anchor-id=\"a2700.details.0.i42.1c02dc31QPyZ9q\">\n<div class=\"magic-9\">Dydis<\/div>\n<\/td>\n<td colspan=\"1\" rowspan=\"1\">\n<div class=\"magic-10\">Kliento dydis<\/div>\n<\/td>\n<\/tr>\n<tr>\n<td colspan=\"1\" rowspan=\"1\">\n<div class=\"magic-9\">Med\u017eiaga<\/div>\n<\/td>\n<td colspan=\"1\" rowspan=\"1\">\n<div class=\"magic-10\">korteninis plienas<\/div>\n<\/td>\n<\/tr>\n<tr>\n<td colspan=\"1\" rowspan=\"1\">\n<div class=\"magic-9\">Modelis<\/div>\n<\/td>\n<td colspan=\"1\" rowspan=\"1\">\n<div class=\"magic-10\">Augalai, Gyv\u016bnas, Abstraktus.Miesto arba kliento dydis<\/div>\n<\/td>\n<\/tr>\n<tr>\n<td colspan=\"1\" rowspan=\"1\">\n<div class=\"magic-9\">Spalva<\/div>\n<\/td>\n<td colspan=\"1\" rowspan=\"1\">\n<div class=\"magic-10\">originalus arba i\u0161 anksto restauruotas<\/div>\n<\/td>\n<\/tr>\n<tr>\n<td colspan=\"1\" rowspan=\"1\">\n<div class=\"magic-9\">Naudotas<\/div>\n<\/td>\n<td colspan=\"1\" rowspan=\"1\">\n<div class=\"magic-10\">Namai ir sodas<\/div>\n<\/td>\n<\/tr>\n<\/tbody>\n<\/table>\n<p>Corteno ekrano plok\u0161t\u0117s privalumai ir jos taikymas sodininkyst\u0117s dizaine:<\/p>\n<p>1. Atsparumas oro s\u0105lygoms: Korteno plienas puikiai atsparus atmosferos poveikiui ir gali ilgai prie\u0161intis oksidacinei korozijai lauko aplinkoje, jam nereikia papildom\u0173 apsaugini\u0173 dang\u0173.<\/p>\n<p>2. Unikali i\u0161vaizda: Korteninis plienas pasi\u017eymi unikalia koroduoto plieno i\u0161vaizda, o jo koroduotas sluoksnis sudaro nat\u016brali\u0105 apsaugin\u0119 pl\u0117vel\u0119, tod\u0117l jo pavir\u0161ius atrodo labai savitas ir gra\u017eus.<\/p>\n<p>3. Ilgas tarnavimo laikas: D\u0117l atsparumo atmosferos poveikiui ir didelio stiprumo Corteno plieno gaminiai ilgai tarnauja, tod\u0117l suma\u017e\u0117ja technin\u0117s prie\u017ei\u016bros ir keitimo i\u0161laidos.<\/p>\n<p>Sodininkyst\u0117s ir dar\u017eininkyst\u0117s srityje korteninio plieno ekranai gali b\u016bti naudojami \u0161iose srityse:<\/p>\n<p>1. Ekrano pertvara: Tai gali sukurti priva\u010di\u0105 erdv\u0119, u\u017estoti vaizd\u0105 ir kartu suteikti sodininkyst\u0117s kra\u0161tovaizd\u017eiui gro\u017eio d\u0117l savo unikalios i\u0161vaizdos.<\/p>\n<p>2. Sodo apdaila: kortino plieno ekranai gali b\u016bti naudojami kaip dekoratyviniai sodo elementai, derantys prie augal\u0173, akmen\u0173 ir kit\u0173 element\u0173, kad padidint\u0173 kra\u0161tovaizd\u017eio lyg\u012f ir vizualin\u012f poveik\u012f.<\/p>\n<p>3. Sodo ribos: korteninio plieno ekranai taip pat gali b\u016bti naudojami sodo riboms apibr\u0117\u017eti, skirtingoms funkcin\u0117ms zonoms atskirti ir kartu atlikti dekoratyvin\u012f vaidmen\u012f.<\/p>\n<p><a href=\"https:\/\/keweicorten.com\/lt\/susisiekite-su-mumis\/\"><img fetchpriority=\"high\" decoding=\"async\" class=\"wp-image-677 size-full\" src=\"https:\/\/keweicorten.com\/wp-content\/uploads\/2024\/07\/\u5fae\u4fe1\u56fe\u7247_20230914112941.jpg\" alt=\"\" width=\"750\" height=\"439\" srcset=\"https:\/\/keweicorten.com\/wp-content\/uploads\/2024\/07\/\u5fae\u4fe1\u56fe\u7247_20230914112941.jpg 750w, https:\/\/keweicorten.com\/wp-content\/uploads\/2024\/07\/\u5fae\u4fe1\u56fe\u7247_20230914112941-300x176.jpg 300w, https:\/\/keweicorten.com\/wp-content\/uploads\/2024\/07\/\u5fae\u4fe1\u56fe\u7247_20230914112941-600x351.jpg 600w\" sizes=\"(max-width: 750px) 100vw, 750px\" \/><\/a><\/p>","protected":false},"excerpt":{"rendered":"<p>Product Name corten steel villas metal gate and fence for backyard Size Customer Size Material corten steel Pattern Plants, Animal, Abstract.Urban or customer size Color original or pre-rusted Used Home and Garden The advantages of Corten screen panel and its application in horticultural design: 1. Weather resistance: Corten steel has excellent weather resistance and can [&hellip;]<\/p>","protected":false},"featured_media":672,"comment_status":"open","ping_status":"closed","template":"","meta":{"_eb_attr":"","_monsterinsights_skip_tracking":false,"_monsterinsights_sitenote_active":false,"_monsterinsights_sitenote_note":"","_monsterinsights_sitenote_category":0,"_uf_show_specific_survey":0,"_uf_disable_surveys":false},"product_brand":[],"product_cat":[57],"product_tag":[],"class_list":{"0":"post-671","1":"product","2":"type-product","3":"status-publish","4":"has-post-thumbnail","6":"product_cat-screen-panel","8":"first","9":"instock","10":"shipping-taxable","11":"product-type-simple"},"_links":{"self":[{"href":"https:\/\/keweicorten.com\/lt\/wp-json\/wp\/v2\/product\/671"}],"collection":[{"href":"https:\/\/keweicorten.com\/lt\/wp-json\/wp\/v2\/product"}],"about":[{"href":"https:\/\/keweicorten.com\/lt\/wp-json\/wp\/v2\/types\/product"}],"replies":[{"embeddable":true,"href":"https:\/\/keweicorten.com\/lt\/wp-json\/wp\/v2\/comments?post=671"}],"version-history":[{"count":1,"href":"https:\/\/keweicorten.com\/lt\/wp-json\/wp\/v2\/product\/671\/revisions"}],"predecessor-version":[{"id":3236,"href":"https:\/\/keweicorten.com\/lt\/wp-json\/wp\/v2\/product\/671\/revisions\/3236"}],"wp:featuredmedia":[{"embeddable":true,"href":"https:\/\/keweicorten.com\/lt\/wp-json\/wp\/v2\/media\/672"}],"wp:attachment":[{"href":"https:\/\/keweicorten.com\/lt\/wp-json\/wp\/v2\/media?parent=671"}],"wp:term":[{"taxonomy":"product_brand","embeddable":true,"href":"https:\/\/keweicorten.com\/lt\/wp-json\/wp\/v2\/product_brand?post=671"},{"taxonomy":"product_cat","embeddable":true,"href":"https:\/\/keweicorten.com\/lt\/wp-json\/wp\/v2\/product_cat?post=671"},{"taxonomy":"product_tag","embeddable":true,"href":"https:\/\/keweicorten.com\/lt\/wp-json\/wp\/v2\/product_tag?post=671"}],"curies":[{"name":"wp","href":"https:\/\/api.w.org\/{rel}","templated":true}]}}