{"id":847,"date":"2024-07-19T02:28:12","date_gmt":"2024-07-19T02:28:12","guid":{"rendered":"https:\/\/keweicorten.com\/?post_type=product&#038;p=847"},"modified":"2025-01-15T06:28:40","modified_gmt":"2025-01-15T06:28:40","slug":"cinkuoto-plieno-vejos-apvadai","status":"publish","type":"product","link":"https:\/\/keweicorten.com\/lt\/cinkuoto-plieno-vejos-apvadai\/","title":{"rendered":"cinkuoto plieno vejos apvadai"},"content":{"rendered":"<h2>Cinkuoto plieno sodo briaun\u0173 montavimo \u017eingsniai yra tokie:<\/h2>\n<p>1. Paruo\u0161kite montavimo viet\u0105 - pa\u0161alinkite pikt\u017eoles, purv\u0105 ir \u0161iuk\u0161les.<br \/>\n2. Pa\u017eym\u0117kite kra\u0161to pad\u0117t\u012f pagal sodininkyst\u0117s ir dar\u017eininkyst\u0117s dizaino poreikius.<br \/>\n3. Sodo kra\u0161t\u0105 sumontuokite j\u012f i\u0161ilgai pa\u017eym\u0117tos linijos arba kra\u0161to vietos ir pabaksnokite kastuvu.<br \/>\n4. Fiksuotas kra\u0161tas: Naudokite prie kra\u0161to pritvirtintas fiksuot\u0105sias dalis arba \u017eem\u0117s vinis, kad tvirtai pritvirtintum\u0117te kra\u0161t\u0105 prie \u017eem\u0117s ir u\u017etikrintum\u0117te, jog jis neatsipalaiduos.<\/p>\n<h2>Cinkuoto plieno kra\u0161tus pri\u017ei\u016br\u0117kite taip:<\/h2>\n<p>1. Reguliariai valykite: Naudokite mink\u0161t\u0105 \u0161luost\u0119 arba \u0161epet\u012f sodo kra\u0161to pavir\u0161iui valyti, kad nesikaupt\u0173 dulk\u0117s ir ne\u0161varumai.<br \/>\n2. Venkite sm\u016bgio: Venkite sm\u016bgi\u0173 kietais daiktais \u012f sodo kra\u0161t\u0105, kad i\u0161vengtum\u0117te \u012fbr\u0117\u017eim\u0173 ar deformacijos, o tai tur\u0117t\u0173 \u012ftakos i\u0161vaizdai.<br \/>\n3. Patikrinkite, ar n\u0117ra r\u016bd\u017ei\u0173: Jei reikia, galite purk\u0161ti prie\u017ei\u016bros da\u017eais.<br \/>\n4. Jei pasteb\u0117jote, kad sodo pakra\u0161tyje yra vandens nuot\u0117kis, laiku j\u012f sutvarkykite arba pakeiskite, kad pakra\u0161tys neprarast\u0173 savo vaidmens ir gro\u017eio.<\/p>\n<h2>Cinkuoto plieno briauna turi \u0161iuos privalumus ir naudojimo b\u016bdus:<\/h2>\n<p>Privalumai:<br \/>\n1. Didelis patvarumas: Cinkuotas plienas yra atsparus r\u016bdims ir korozijai, pasi\u017eymi ilgaam\u017ei\u0161kumu ir gali atlaikyti at\u0161iaurias lauko s\u0105lygas.<br \/>\n2. Didelis stiprumas: Plienas yra pakankamai tvirtas, kad veiksmingai apsaugot\u0173 sodo kra\u0161t\u0105 nuo pa\u017eeidim\u0173, taip pat atlaikyt\u0173 spaudim\u0105 ir susid\u016brimus.<br \/>\n3. patrauklus ir prakti\u0161kas: Cinkuoto plieno sodo briaunos yra patrauklios i\u0161vaizdos ir \u012fvairi\u0173 ra\u0161t\u0173, kurie gali veiksmingai pagerinti bendr\u0105 sodo gro\u017e\u012f, taip pat atskirti erdv\u0119 ir sutvirtinti dirvo\u017eem\u012f.<\/p>\n<h2>Kaip naudoti:<\/h2>\n<p>1. \u012erengimo b\u016bdas: Atlikite pirmiau nurodytus montavimo veiksmus, kad sodo kra\u0161tas b\u016bt\u0173 tvirtai sumontuotas ir atitikt\u0173 projekto reikalavimus.<br \/>\n2. Taikymo scenarijus: Tinka vis\u0173 r\u016b\u0161i\u0173 sodams, kiemams, kra\u0161tovaizd\u017eiui ir kitoms vietoms.<br \/>\n3. Prie\u017ei\u016bros b\u016bdas: Reguliarus valymas, tikrinimas ir apdorojimas pagal pirmiau min\u0117t\u0105 prie\u017ei\u016bros metod\u0105, kad sodo kra\u0161tas ilgai i\u0161likt\u0173 geros b\u016bkl\u0117s.<\/p>\n<div style=\"width: 800px;\" class=\"wp-video\"><!--[if lt IE 9]><script>document.createElement('video');<\/script><![endif]-->\n<video class=\"wp-video-shortcode\" id=\"video-847-1\" width=\"800\" height=\"450\" poster=\"https:\/\/keweicorten.com\/wp-content\/uploads\/2024\/07\/IMG20211202155822-scaled.jpg\" preload=\"metadata\" controls=\"controls\"><source type=\"video\/mp4\" src=\"https:\/\/keweicorten.com\/wp-content\/uploads\/2024\/07\/DJI_20211202_160445_497_video.mp4?_=1\" \/><a href=\"https:\/\/keweicorten.com\/wp-content\/uploads\/2024\/07\/DJI_20211202_160445_497_video.mp4\">https:\/\/keweicorten.com\/wp-content\/uploads\/2024\/07\/DJI_20211202_160445_497_video.mp4<\/a><\/video><\/div>","protected":false},"excerpt":{"rendered":"<p>Pasirinkite \"Corten\" sodo kra\u0161t\u0105, kad sukurtum\u0117te asmenin\u0119 lauko erdv\u0119 su unikaliu skoniu ir stiliumi.<br \/>\nOro s\u0105lygoms atspar\u016bs plieniniai sodo apvadai suteikia moderni\u0105 ir esteti\u0161k\u0105 vert\u0119 j\u016bs\u0173 terasai ar sodui.<\/p>","protected":false},"featured_media":849,"comment_status":"open","ping_status":"closed","template":"","meta":{"_eb_attr":"","_monsterinsights_skip_tracking":false,"_monsterinsights_sitenote_active":false,"_monsterinsights_sitenote_note":"","_monsterinsights_sitenote_category":0,"_uf_show_specific_survey":0,"_uf_disable_surveys":false},"product_brand":[],"product_cat":[58],"product_tag":[],"class_list":{"0":"post-847","1":"product","2":"type-product","3":"status-publish","4":"has-post-thumbnail","6":"product_cat-garden-edging","8":"first","9":"instock","10":"shipping-taxable","11":"product-type-simple"},"_links":{"self":[{"href":"https:\/\/keweicorten.com\/lt\/wp-json\/wp\/v2\/product\/847"}],"collection":[{"href":"https:\/\/keweicorten.com\/lt\/wp-json\/wp\/v2\/product"}],"about":[{"href":"https:\/\/keweicorten.com\/lt\/wp-json\/wp\/v2\/types\/product"}],"replies":[{"embeddable":true,"href":"https:\/\/keweicorten.com\/lt\/wp-json\/wp\/v2\/comments?post=847"}],"version-history":[{"count":1,"href":"https:\/\/keweicorten.com\/lt\/wp-json\/wp\/v2\/product\/847\/revisions"}],"predecessor-version":[{"id":3235,"href":"https:\/\/keweicorten.com\/lt\/wp-json\/wp\/v2\/product\/847\/revisions\/3235"}],"wp:featuredmedia":[{"embeddable":true,"href":"https:\/\/keweicorten.com\/lt\/wp-json\/wp\/v2\/media\/849"}],"wp:attachment":[{"href":"https:\/\/keweicorten.com\/lt\/wp-json\/wp\/v2\/media?parent=847"}],"wp:term":[{"taxonomy":"product_brand","embeddable":true,"href":"https:\/\/keweicorten.com\/lt\/wp-json\/wp\/v2\/product_brand?post=847"},{"taxonomy":"product_cat","embeddable":true,"href":"https:\/\/keweicorten.com\/lt\/wp-json\/wp\/v2\/product_cat?post=847"},{"taxonomy":"product_tag","embeddable":true,"href":"https:\/\/keweicorten.com\/lt\/wp-json\/wp\/v2\/product_tag?post=847"}],"curies":[{"name":"wp","href":"https:\/\/api.w.org\/{rel}","templated":true}]}}