{"id":1019,"date":"2024-09-10T07:54:50","date_gmt":"2024-09-10T07:54:50","guid":{"rendered":"https:\/\/keweicorten.com\/?post_type=product&#038;p=1019"},"modified":"2025-01-15T06:28:11","modified_gmt":"2025-01-15T06:28:11","slug":"pilarete-de-corten","status":"publish","type":"product","link":"https:\/\/keweicorten.com\/pt\/pilarete-de-corten\/","title":{"rendered":"pilarete de corten"},"content":{"rendered":"<h2>Vantagens das aplica\u00e7\u00f5es do poste de amarra\u00e7\u00e3o de corten\uff1a<\/h2>\n<ol>\n<li>Forte resist\u00eancia \u00e0 corros\u00e3o: Sempre que o a\u00e7o para intemperismo \u00e9 exposto a um ambiente atmosf\u00e9rico, a superf\u00edcie forma uma tinta de \u00f3xido substancial, que evita efetivamente a corros\u00e3o de mais candidatos e prolonga a vida \u00fatil do material. O a\u00e7o para intemperismo exige menos revestimento e manuten\u00e7\u00e3o durante a opera\u00e7\u00e3o em compara\u00e7\u00e3o com o a\u00e7o comum, gra\u00e7as \u00e0 sua excepcional resist\u00eancia \u00e0 corros\u00e3o, o que resulta em pagamentos de manuten\u00e7\u00e3o mais baixos.<\/li>\n<li>Boas propriedades mec\u00e2nicas.<\/li>\n<li>Est\u00e9tica: quando o a\u00e7o para intemperismo \u00e9 usado por um per\u00edodo de tempo, a superf\u00edcie forma uma cor de ferrugem exclusiva, com um bom efeito est\u00e9tico, adequado para edif\u00edcios, pontes e outras ocasi\u00f5es que exigem efeitos visuais.<\/li>\n<li>\u00a0Favor\u00e1vel ao meio ambiente: o a\u00e7o resistente \u00e0s intemp\u00e9ries pode ser reciclado, de acordo com as exig\u00eancias do desenvolvimento sustent\u00e1vel, adequado aos modernos conceitos de prote\u00e7\u00e3o ambiental.<\/li>\n<li>Ampla gama de aplica\u00e7\u00f5es: Amplamente utilizado em pontes, edif\u00edcios, esta\u00e7\u00f5es ferrovi\u00e1rias, cont\u00eaineres, torres de energia e\u00f3lica e outros campos, adequado para todos os tipos de condi\u00e7\u00f5es clim\u00e1ticas adversas.<\/li>\n<\/ol>\n<table border=\"1\">\n<tbody>\n<tr>\n<td><span data-spm-anchor-id=\"a2700.details.0.i39.110e3b73M5Suk8\">Nome do produto<\/span><\/td>\n<td>Bollard Lawn Garden Light Moderno Bollard de a\u00e7o Corten Light<\/td>\n<\/tr>\n<tr>\n<td>Corpo principal Mat\u00e9ria-prima<\/td>\n<td>A\u00e7o corten<\/td>\n<\/tr>\n<tr>\n<td>Pot\u00eancia do LED<\/td>\n<td>10W, 12W<\/td>\n<\/tr>\n<tr>\n<td>Grada\u00e7\u00e3o de IP<\/td>\n<td>IP65, IP66<\/td>\n<\/tr>\n<tr>\n<td>Cor da superf\u00edcie<\/td>\n<td>Enferrujado ou personalizado<\/td>\n<\/tr>\n<\/tbody>\n<\/table>\n<h2>A aplica\u00e7\u00e3o da l\u00e2mpada CORTEN no design:<\/h2>\n<p>1. Est\u00e9tica e exclusividade: o a\u00e7o resistente \u00e0s intemp\u00e9ries formar\u00e1 uma cor de ferrugem exclusiva ap\u00f3s a oxida\u00e7\u00e3o, que pode ser integrada ao ambiente natural para criar uma paisagem urbana harmoniosa, acrescentando um senso de arte e hist\u00f3ria.<\/p>\n<p>2. Durabilidade e baixo custo de manuten\u00e7\u00e3o: o a\u00e7o para intemperismo tem excelente resist\u00eancia \u00e0 corros\u00e3o e \u00e9 adequado para uso em v\u00e1rias condi\u00e7\u00f5es clim\u00e1ticas, reduzindo a necessidade de manuten\u00e7\u00e3o e substitui\u00e7\u00e3o causada por ferrugem e corros\u00e3o, o que \u00e9 uma importante vantagem econ\u00f4mica para a gest\u00e3o urbana.<\/p>\n<p>3. Forte capacidade de suporte: os postes de ilumina\u00e7\u00e3o de a\u00e7o resistente \u00e0s intemp\u00e9ries t\u00eam boas propriedades mec\u00e2nicas e podem suportar v\u00e1rios tipos de equipamentos e dispositivos de ilumina\u00e7\u00e3o para atender \u00e0s necessidades de diferentes fun\u00e7\u00f5es da cidade.<\/p>\n<p>4. Projeto flex\u00edvel: O a\u00e7o para intemp\u00e9ries tem bom desempenho de processamento e pode ser personalizado de acordo com o planejamento urbano geral e as necessidades de design de diferentes formas e alturas de postes de ilumina\u00e7\u00e3o, aumentando a diversidade e a flexibilidade do design.<\/p>\n<p>5. Compat\u00edvel com outros materiais: o a\u00e7o resistente \u00e0s intemp\u00e9ries pode ser combinado com madeira, vidro, concreto e outros materiais de constru\u00e7\u00e3o para criar uma variedade de estilos de postes de ilumina\u00e7\u00e3o que enriquecem as camadas e a diversidade das paisagens urbanas.<\/p>\n<p>6. efeito de ilumina\u00e7\u00e3o noturna: os postes de ilumina\u00e7\u00e3o de a\u00e7o resistente \u00e0s intemp\u00e9ries podem cooperar com as l\u00e2mpadas LED para proporcionar economia de energia e efeitos de ilumina\u00e7\u00e3o brilhante, al\u00e9m de melhorar a seguran\u00e7a e a beleza da paisagem urbana noturna.<\/p>\n<p><img fetchpriority=\"high\" decoding=\"async\" class=\"\" src=\"https:\/\/sc04.alicdn.com\/kf\/H2b2d3df904e24b97815012213c5f0d04m\/268101461\/H2b2d3df904e24b97815012213c5f0d04m.jpg\" width=\"893\" height=\"670\" \/><\/p>\n<table class=\"all magic-14\" style=\"height: 253px;\" width=\"892\">\n<tbody>\n<tr>\n<td colspan=\"1\" rowspan=\"1\">\n<div class=\"magic-15\" data-spm-anchor-id=\"a2700.details.0.i40.46752983hcnmIO\"><b data-spm-anchor-id=\"a2700.pc-decorate.0.i12.a91e3333LxMsYh\">Nome do produto<\/b><\/div>\n<\/td>\n<td colspan=\"1\" rowspan=\"1\">\n<div class=\"magic-16\">Luzes de a\u00e7o corten para jardins e p\u00e1tios externos Caixas de luz de cabe\u00e7o de LED<\/div>\n<\/td>\n<\/tr>\n<tr>\n<td colspan=\"1\" rowspan=\"1\">\n<div class=\"magic-15\"><b>Material<\/b><\/div>\n<\/td>\n<td colspan=\"1\" rowspan=\"1\">\n<div class=\"magic-16\">A\u00e7o corten \/ a\u00e7o para intemp\u00e9ries, etc.<\/div>\n<\/td>\n<\/tr>\n<tr>\n<td colspan=\"1\" rowspan=\"1\">\n<div class=\"magic-15\"><b>Tamanho<\/b><\/div>\n<\/td>\n<td colspan=\"1\" rowspan=\"1\">\n<div class=\"magic-16\">\n<p>Altura (mm): 800 mm, 600 mm;<\/p>\n<div data-spm-anchor-id=\"a2700.pc-decorate.0.i28.2edb3333TKEWqO\">Di\u00e2metro \/ Largura (mm): 120 mm, 150 mm;<\/div>\n<div data-spm-anchor-id=\"a2700.pc-decorate.0.i28.2edb3333TKEWqO\">ou como requisito<\/div>\n<\/div>\n<\/td>\n<\/tr>\n<tr>\n<td colspan=\"1\" rowspan=\"1\">\n<div class=\"magic-15\"><b>Cor<\/b><\/div>\n<\/td>\n<td colspan=\"1\" rowspan=\"1\">\n<div class=\"magic-16\">Vermelho ferrugem ou conforme personalizado<\/div>\n<\/td>\n<\/tr>\n<tr>\n<td colspan=\"1\" rowspan=\"1\">\n<div class=\"magic-17\"><b>Tens\u00e3o de entrada (V)<\/b><\/div>\n<\/td>\n<td colspan=\"1\" rowspan=\"1\">\n<div class=\"magic-18\">AC 220V( \u00b1 10%)<\/div>\n<\/td>\n<\/tr>\n<tr>\n<td colspan=\"1\" rowspan=\"1\">\n<div class=\"magic-19\"><b data-spm-anchor-id=\"a2700.pc-decorate.0.i6.2edb3333TKEWqO\">Tratamento de superf\u00edcie<\/b><\/div>\n<\/td>\n<td colspan=\"1\" rowspan=\"1\">\n<div class=\"magic-20\">Pr\u00e9-enferrujado, personalizado<\/div>\n<\/td>\n<\/tr>\n<tr>\n<td colspan=\"1\" rowspan=\"1\">\n<div class=\"magic-15\"><b>Servi\u00e7o adicional<\/b><\/div>\n<\/td>\n<td colspan=\"1\" rowspan=\"1\">\n<div class=\"magic-16\">Podemos produzir uma variedade de luzes de poste de amarra\u00e7\u00e3o de LED para jardim de acordo com os projetos, desenhos, amostras e requisitos detalhados dos clientes:<\/div>\n<\/td>\n<\/tr>\n<\/tbody>\n<\/table>\n<div class=\"J_module\">\n<div class=\"detail-decorate-json-renderer-container\">\n<div class=\"magic-10\">\n<div class=\"magic-11\">\n<div class=\"magic-12\">\n<div class=\"magic-13\"><b>Servi\u00e7o do fabricante:<br \/>\n<\/b>De acordo com o desenho ou a amostra do cliente, fornecemos uma variedade de projetos, processamento, tratamento de superf\u00edcie e tecnologia de produtos de cabe\u00e7os leves.<br \/>\n<b>Servi\u00e7o OEM: <\/b><\/p>\n<div>\n<p>Os engenheiros da SHKW CORTEN far\u00e3o desenhos CAD ou arquivos 3D para projetos de produtos.<\/p>\n<p><b>Servi\u00e7o on-line:<br \/>\n<\/b>Resposta oportuna on-line pelo Trademanager, e-mail ou whatsapp\/Wechat. Mantenha contato por e-mail, telefone. O suporte on-line \u00e9 fornecido 7*24 horas!<b><u><a href=\"https:\/\/keweicorten.com\/pt\/entre-em-contato-conosco\/\" target=\"_blank\" rel=\"noopener\">Se tiver algum problema, entre em contato conosco.<\/a><\/u><\/b><br \/>\n<b><br \/>\n<\/b><\/p>\n<div><b>Servi\u00e7o de venda:<br \/>\n<\/b>\u00a0Oferecemos um servi\u00e7o atencioso de pr\u00e9-atendimento e p\u00f3s-venda.<\/div>\n<\/div>\n<\/div>\n<\/div>\n<\/div>\n<\/div>\n<\/div>\n<\/div>","protected":false},"excerpt":{"rendered":"<p>O a\u00e7o para intemp\u00e9ries est\u00e1 se tornando cada vez mais popular no campo da constru\u00e7\u00e3o e da infraestrutura devido ao seu desempenho superior e \u00e0 sua economia.<\/p>","protected":false},"featured_media":1011,"comment_status":"open","ping_status":"closed","template":"","meta":{"_eb_attr":"","_monsterinsights_skip_tracking":false,"_monsterinsights_sitenote_active":false,"_monsterinsights_sitenote_note":"","_monsterinsights_sitenote_category":0,"_uf_show_specific_survey":0,"_uf_disable_surveys":false},"product_brand":[],"product_cat":[61],"product_tag":[],"class_list":{"0":"post-1019","1":"product","2":"type-product","3":"status-publish","4":"has-post-thumbnail","6":"product_cat-light-post","8":"first","9":"instock","10":"shipping-taxable","11":"product-type-simple"},"_links":{"self":[{"href":"https:\/\/keweicorten.com\/pt\/wp-json\/wp\/v2\/product\/1019"}],"collection":[{"href":"https:\/\/keweicorten.com\/pt\/wp-json\/wp\/v2\/product"}],"about":[{"href":"https:\/\/keweicorten.com\/pt\/wp-json\/wp\/v2\/types\/product"}],"replies":[{"embeddable":true,"href":"https:\/\/keweicorten.com\/pt\/wp-json\/wp\/v2\/comments?post=1019"}],"version-history":[{"count":2,"href":"https:\/\/keweicorten.com\/pt\/wp-json\/wp\/v2\/product\/1019\/revisions"}],"predecessor-version":[{"id":1021,"href":"https:\/\/keweicorten.com\/pt\/wp-json\/wp\/v2\/product\/1019\/revisions\/1021"}],"wp:featuredmedia":[{"embeddable":true,"href":"https:\/\/keweicorten.com\/pt\/wp-json\/wp\/v2\/media\/1011"}],"wp:attachment":[{"href":"https:\/\/keweicorten.com\/pt\/wp-json\/wp\/v2\/media?parent=1019"}],"wp:term":[{"taxonomy":"product_brand","embeddable":true,"href":"https:\/\/keweicorten.com\/pt\/wp-json\/wp\/v2\/product_brand?post=1019"},{"taxonomy":"product_cat","embeddable":true,"href":"https:\/\/keweicorten.com\/pt\/wp-json\/wp\/v2\/product_cat?post=1019"},{"taxonomy":"product_tag","embeddable":true,"href":"https:\/\/keweicorten.com\/pt\/wp-json\/wp\/v2\/product_tag?post=1019"}],"curies":[{"name":"wp","href":"https:\/\/api.w.org\/{rel}","templated":true}]}}