{"id":1090,"date":"2024-09-11T03:01:04","date_gmt":"2024-09-11T03:01:04","guid":{"rendered":"https:\/\/keweicorten.com\/?post_type=product&#038;p=1090"},"modified":"2025-01-15T06:18:33","modified_gmt":"2025-01-15T06:18:33","slug":"vasos-grandes-para-flores-ao-ar-livre","status":"publish","type":"product","link":"https:\/\/keweicorten.com\/pt\/vasos-grandes-para-flores-ao-ar-livre\/","title":{"rendered":"vasos grandes para flores ao ar livre"},"content":{"rendered":"<h2>Vantagens e aplica\u00e7\u00f5es do vaso de flores externo de a\u00e7o resistente \u00e0s intemp\u00e9ries\uff1a<\/h2>\n<hr \/>\n<p>O a\u00e7o para intemp\u00e9ries tem excelente resist\u00eancia \u00e0 corros\u00e3o e \u00e0s intemp\u00e9ries, e pode manter um desempenho est\u00e1vel sob v\u00e1rias condi\u00e7\u00f5es clim\u00e1ticas. Al\u00e9m disso, sua apar\u00eancia enferrujada exclusiva n\u00e3o s\u00f3 aumenta a est\u00e9tica, mas tamb\u00e9m se mistura harmoniosamente com o ambiente natural.<\/p>\n<p>&nbsp;<\/p>\n<figure id=\"attachment_1091\" aria-describedby=\"caption-attachment-1091\" style=\"width: 794px\" class=\"wp-caption alignleft\"><img fetchpriority=\"high\" decoding=\"async\" class=\"wp-image-1091\" src=\"https:\/\/keweicorten.com\/wp-content\/uploads\/2024\/09\/\u5fae\u4fe1\u56fe\u7247_20230707144213-300x300.jpg\" alt=\"\" width=\"794\" height=\"794\" srcset=\"https:\/\/keweicorten.com\/wp-content\/uploads\/2024\/09\/\u5fae\u4fe1\u56fe\u7247_20230707144213-300x300.jpg 300w, https:\/\/keweicorten.com\/wp-content\/uploads\/2024\/09\/\u5fae\u4fe1\u56fe\u7247_20230707144213-150x150.jpg 150w, https:\/\/keweicorten.com\/wp-content\/uploads\/2024\/09\/\u5fae\u4fe1\u56fe\u7247_20230707144213-12x12.jpg 12w, https:\/\/keweicorten.com\/wp-content\/uploads\/2024\/09\/\u5fae\u4fe1\u56fe\u7247_20230707144213-600x600.jpg 600w, https:\/\/keweicorten.com\/wp-content\/uploads\/2024\/09\/\u5fae\u4fe1\u56fe\u7247_20230707144213-100x100.jpg 100w, https:\/\/keweicorten.com\/wp-content\/uploads\/2024\/09\/\u5fae\u4fe1\u56fe\u7247_20230707144213.jpg 750w\" sizes=\"(max-width: 794px) 100vw, 794px\" \/><figcaption id=\"caption-attachment-1091\" class=\"wp-caption-text\">flor de corten por<\/figcaption><\/figure>\n<h3><\/h3>\n<h3><\/h3>\n<h3><\/h3>\n<h3><\/h3>\n<h3><\/h3>\n<h3><\/h3>\n<h3><\/h3>\n<h3><\/h3>\n<h3><\/h3>\n<h3><\/h3>\n<h3><\/h3>\n<h3><\/h3>\n<h3><\/h3>\n<h3><\/h3>\n<h3><\/h3>\n<h3><\/h3>\n<h3><\/h3>\n<h3><\/h3>\n<h3><\/h3>\n<h3>As vantagens dos vasos grandes para flores ao ar livre\uff1a<\/h3>\n<ul>\n<li>Durabilidade: O vaso de a\u00e7o resistente \u00e0s intemp\u00e9ries pode suportar condi\u00e7\u00f5es clim\u00e1ticas extremas, com longa vida \u00fatil.<br \/>\nBaixo custo de manuten\u00e7\u00e3o: Devido \u00e0 sua resist\u00eancia \u00e0 corros\u00e3o, a frequ\u00eancia de manuten\u00e7\u00e3o e substitui\u00e7\u00e3o \u00e9 reduzida.<br \/>\nEst\u00e9tica: O design de apar\u00eancia exclusiva o torna um destaque na decora\u00e7\u00e3o de horticultura.<br \/>\nProte\u00e7\u00e3o ambiental: O a\u00e7o resistente \u00e0s intemp\u00e9ries pode ser reciclado, em linha com o conceito de desenvolvimento sustent\u00e1vel.<\/li>\n<\/ul>\n<h3>O cen\u00e1rio de aplica\u00e7\u00e3o de vasos grandes para flores ao ar livre\uff1a<\/h3>\n<ul>\n<li>O vaso de a\u00e7o para flores \u00e9 adequado para muitas ocasi\u00f5es, incluindo parques urbanos, pra\u00e7as comerciais, jardins particulares e assim por diante. Suas diversas op\u00e7\u00f5es de design e tamanho permitem que ele atenda \u00e0s exig\u00eancias de diferentes ambientes e necessidades.<\/li>\n<li>Os vasos de a\u00e7o resistentes a intemp\u00e9ries para flores ao ar livre se tornaram uma op\u00e7\u00e3o importante no design moderno de horticultura devido ao seu excelente desempenho e bela apar\u00eancia. Com a aten\u00e7\u00e3o das pessoas para o embelezamento ambiental e o desenvolvimento sustent\u00e1vel, as perspectivas de aplica\u00e7\u00e3o dos vasos de flores de a\u00e7o resistentes \u00e0s intemp\u00e9ries ser\u00e3o mais amplas.<\/li>\n<\/ul>\n<table border=\"1\">\n<tbody>\n<tr>\n<td><span data-spm-anchor-id=\"a2700.details.0.i39.14133542hOt861\">Nome do produto<\/span><\/td>\n<td data-spm-anchor-id=\"a2700.details.0.i43.14133542hOt861\">Caixa para plantas externas de a\u00e7o corten Vasos de flores para plantas de jardim personalizados Caixa externa Plantador de cubos de a\u00e7o corten<\/td>\n<\/tr>\n<tr>\n<td data-spm-anchor-id=\"a2700.details.0.i40.14133542hOt861\">Material<\/td>\n<td data-spm-anchor-id=\"a2700.details.0.i42.14133542hOt861\">A\u00e7o cor-ten A\u00e7o carbono . inoxid\u00e1vel<\/td>\n<\/tr>\n<tr>\n<td>Acabamento<\/td>\n<td>Enferrujado ou com revestimento em p\u00f3<\/td>\n<\/tr>\n<tr>\n<td>Tamanho normal<\/td>\n<td>100x45x45cm . 120x50x60cm . 150x50x60cm . 200x50x60cm<\/td>\n<\/tr>\n<tr>\n<td>Design<\/td>\n<td>Aceita personaliza\u00e7\u00e3o<\/td>\n<\/tr>\n<tr>\n<td>aplicativo<\/td>\n<td>Decora\u00e7\u00e3o de ambientes internos e externos<\/td>\n<\/tr>\n<\/tbody>\n<\/table>\n<p><a href=\"https:\/\/keweicorten.com\/pt\/entre-em-contato-conosco\/\"><img decoding=\"async\" class=\"alignnone\" title=\" Caixa de plantas\" src=\"https:\/\/sc04.alicdn.com\/kf\/H0b0c474c4364463c955113ae286e19faM\/223026859\/H0b0c474c4364463c955113ae286e19faM.png\" alt=\"Caixa para plantas externas de a\u00e7o corten Vasos de flores para plantas de jardim personalizados Caixa externa Plantador de cubos de a\u00e7o corten\" width=\"881\" height=\"292\" \/><\/a><\/p>\n<p>1.Pergunta: A ferrugem manchar\u00e1 a superf\u00edcie em que estiver assentada?<\/p>\n<p>Resposta: Vamos borrifar um l\u00edquido qu\u00edmico para manter a ferrugem dentro<\/p>\n<p>&nbsp;<\/p>\n<p>2. Pergunta: quanto isso pesa?<br \/>\nResposta: Verifique com o fabricante, pois h\u00e1 v\u00e1rios tamanhos.<\/p>\n<p>&nbsp;<\/p>\n<p>3. Pergunta: Quanto pesa o L88*W30*H75 CM?<\/p>\n<p>Resposta: 36KG<\/p>\n<p>&nbsp;<\/p>\n<p>4. Pergunta: Ele pode ser preparado e pintado antes de come\u00e7ar a enferrujar?<br \/>\nResposta: N\u00e3o, a beleza do plantador \u00e9 quando ele come\u00e7a a enferrujar. Ele n\u00e3o foi feito para ser pintado.<\/p>\n<p>&nbsp;<\/p>\n<p>5. Pergunta: O panter panited est\u00e1 dispon\u00edvel?<\/p>\n<p>Resposta: \u00c9 claro que n\u00e3o temos apenas a jardineira com superf\u00edcie enferrujada, mas tamb\u00e9m as com revestimento em p\u00f3.<\/p>","protected":false},"excerpt":{"rendered":"<p>O vaso de flores de a\u00e7o resistente \u00e0s intemp\u00e9ries \u00e9 um material de vaso de flores muito comum no cultivo moderno de flores. Ele \u00e9 feito de a\u00e7o de alta qualidade com durabilidade, resist\u00eancia \u00e0 corros\u00e3o e resist\u00eancia \u00e0s intemp\u00e9ries extremamente altas. No cultivo de flores, as vantagens dos vasos de a\u00e7o resistente \u00e0s intemp\u00e9ries s\u00e3o \u00f3bvias<\/p>","protected":false},"featured_media":1092,"comment_status":"open","ping_status":"closed","template":"","meta":{"_eb_attr":"","_monsterinsights_skip_tracking":false,"_monsterinsights_sitenote_active":false,"_monsterinsights_sitenote_note":"","_monsterinsights_sitenote_category":0,"_uf_show_specific_survey":0,"_uf_disable_surveys":false},"product_brand":[],"product_cat":[59],"product_tag":[],"class_list":{"0":"post-1090","1":"product","2":"type-product","3":"status-publish","4":"has-post-thumbnail","6":"product_cat-flower-pot","8":"first","9":"instock","10":"shipping-taxable","11":"product-type-simple"},"_links":{"self":[{"href":"https:\/\/keweicorten.com\/pt\/wp-json\/wp\/v2\/product\/1090"}],"collection":[{"href":"https:\/\/keweicorten.com\/pt\/wp-json\/wp\/v2\/product"}],"about":[{"href":"https:\/\/keweicorten.com\/pt\/wp-json\/wp\/v2\/types\/product"}],"replies":[{"embeddable":true,"href":"https:\/\/keweicorten.com\/pt\/wp-json\/wp\/v2\/comments?post=1090"}],"version-history":[{"count":7,"href":"https:\/\/keweicorten.com\/pt\/wp-json\/wp\/v2\/product\/1090\/revisions"}],"predecessor-version":[{"id":1099,"href":"https:\/\/keweicorten.com\/pt\/wp-json\/wp\/v2\/product\/1090\/revisions\/1099"}],"wp:featuredmedia":[{"embeddable":true,"href":"https:\/\/keweicorten.com\/pt\/wp-json\/wp\/v2\/media\/1092"}],"wp:attachment":[{"href":"https:\/\/keweicorten.com\/pt\/wp-json\/wp\/v2\/media?parent=1090"}],"wp:term":[{"taxonomy":"product_brand","embeddable":true,"href":"https:\/\/keweicorten.com\/pt\/wp-json\/wp\/v2\/product_brand?post=1090"},{"taxonomy":"product_cat","embeddable":true,"href":"https:\/\/keweicorten.com\/pt\/wp-json\/wp\/v2\/product_cat?post=1090"},{"taxonomy":"product_tag","embeddable":true,"href":"https:\/\/keweicorten.com\/pt\/wp-json\/wp\/v2\/product_tag?post=1090"}],"curies":[{"name":"wp","href":"https:\/\/api.w.org\/{rel}","templated":true}]}}