{"id":1105,"date":"2024-09-11T06:42:20","date_gmt":"2024-09-11T06:42:20","guid":{"rendered":"https:\/\/keweicorten.com\/?post_type=product&#038;p=1105"},"modified":"2025-01-15T06:18:22","modified_gmt":"2025-01-15T06:18:22","slug":"decoracao-de-jardins","status":"publish","type":"product","link":"https:\/\/keweicorten.com\/pt\/decoracao-de-jardins\/","title":{"rendered":"ornamentos e est\u00e1tuas de jardim"},"content":{"rendered":"<h2>Como escolher a escultura de a\u00e7o resistente \u00e0s intemp\u00e9ries certa para seu jardim\uff1f<\/h2>\n<p>Considere o estilo do jardim<\/p>\n<p>Primeiro, considere o estilo do jardim. Diferentes estilos de jardim precisam de diferentes esculturas para decor\u00e1-los. Por exemplo, os jardins europeus s\u00e3o adequados para esculturas grandes e complexas, enquanto os jardins japoneses s\u00e3o mais adequados para esculturas simples e simples. Portanto, ao escolher uma escultura de a\u00e7o resistente \u00e0s intemp\u00e9ries, \u00e9 necess\u00e1rio escolher de acordo com o estilo do jardim.<\/p>\n<p>Considere a forma e o tamanho dos ornamentos e est\u00e1tuas do jardim<\/p>\n<p>Tamb\u00e9m \u00e9 muito importante escolher a forma e o tamanho da escultura. Dependendo do tamanho e do padr\u00e3o do jardim, diferentes formas e tamanhos de esculturas s\u00e3o selecionados. Por exemplo, os jardins pequenos s\u00e3o adequados para a escolha de esculturas pequenas, enquanto os jardins grandes podem escolher esculturas maiores.<\/p>\n<p>Considere o material dos ornamentos e est\u00e1tuas de jardim<\/p>\n<p>A escultura de a\u00e7o para intemp\u00e9ries \u00e9 um material muito dur\u00e1vel e pode ser usada tanto em ambientes internos quanto externos. Entretanto, ao escolher uma escultura, tamb\u00e9m \u00e9 necess\u00e1rio considerar o uso espec\u00edfico. Se a escultura for usada em ambientes externos, \u00e9 necess\u00e1rio escolher materiais com capacidade de expans\u00e3o e contra\u00e7\u00e3o t\u00e9rmica, resist\u00eancia ao vento, boa resist\u00eancia a intemp\u00e9ries e boa resist\u00eancia \u00e0 corros\u00e3o. O a\u00e7o para intemp\u00e9ries \u00e9 o material ideal com essas caracter\u00edsticas.<\/p>\n<p>Considere a cor da escultura<\/p>\n<p>As esculturas de a\u00e7o para intemperismo geralmente s\u00e3o cinzas, mas podem ser tratadas conforme necess\u00e1rio, como pintura, para que tenham cores e efeitos diferentes. Ao escolher uma escultura, considere se sua cor pode combinar com o estilo geral de cores do jardim.<\/p>\n<p>Considere o tema de sua escultura<\/p>\n<p>Voc\u00ea tamb\u00e9m precisa escolher o tema da escultura de acordo com suas pr\u00f3prias prefer\u00eancias e necessidades. Por exemplo, quem gosta da natureza pode escolher esculturas de plantas ou animais, enquanto quem gosta de estilos modernos pode escolher esculturas abstratas e assim por diante.<\/p>\n<div style=\"width: 800px;\" class=\"wp-video\"><!--[if lt IE 9]><script>document.createElement('video');<\/script><![endif]-->\n<video class=\"wp-video-shortcode\" id=\"video-1105-1\" width=\"800\" height=\"450\" poster=\"https:\/\/keweicorten.com\/wp-content\/uploads\/2024\/09\/\u5fae\u4fe1\u56fe\u7247_20231019115916.jpg\" autoplay=\"1\" preload=\"metadata\" controls=\"controls\"><source type=\"video\/mp4\" src=\"https:\/\/keweicorten.com\/wp-content\/uploads\/2024\/09\/\u89c6\u989121min.mp4?_=1\" \/><a href=\"https:\/\/keweicorten.com\/wp-content\/uploads\/2024\/09\/\u89c6\u989121min.mp4\">https:\/\/keweicorten.com\/wp-content\/uploads\/2024\/09\/\u89c6\u989121min.mp4<\/a><\/video><\/div>\n<h2>A escultura de jardim em a\u00e7o resistente \u00e0s intemp\u00e9ries tem as seguintes caracter\u00edsticas:<\/h2>\n<p>Grande durabilidade: o a\u00e7o resistente a intemp\u00e9ries com tratamento especial pode resistir \u00e0 eros\u00e3o de v\u00e1rios climas rigorosos por um longo per\u00edodo, manter um efeito reflexivo mais longo, de modo que a escultura de jardim n\u00e3o seja facilmente danificada no ambiente externo e tenha uma longa vida \u00fatil.<\/p>\n<p>Forte capacidade anticorrosiva: A escultura de jardim em a\u00e7o resistente \u00e0s intemp\u00e9ries \u00e9 feita de materiais sint\u00e9ticos especiais, que t\u00eam forte capacidade anticorrosiva e n\u00e3o ser\u00e3o afetados por fatores externos, como chuva, sol, areia e n\u00e9voa salina, para garantir sua prote\u00e7\u00e3o eficaz no ambiente externo.<\/p>\n<p>Alta est\u00e9tica: A escultura de jardim em a\u00e7o resistente \u00e0s intemp\u00e9ries adota tecnologia avan\u00e7ada, pode ser moldada de acordo com diferentes culturas e caracter\u00edsticas do The Times, tem diferentes formas, bela apar\u00eancia, caracter\u00edsticas \u00fanicas e se tornou uma bela paisagem no ambiente do jardim.<\/p>\n<p>Cores ricas: Os materiais de produ\u00e7\u00e3o de esculturas de jardim em a\u00e7o resistente \u00e0s intemp\u00e9ries podem n\u00e3o apenas apresentar cores naturais, mas tamb\u00e9m ser pintados para criar formas coloridas, enriquecer a imagem dos jardins urbanos e ser cheios de vitalidade.<\/p>\n<figure style=\"width: 602px\" class=\"wp-caption aligncenter\"><a href=\"https:\/\/keweicorten.com\/pt\/entre-em-contato-conosco\/\"><img fetchpriority=\"high\" decoding=\"async\" title=\"Ornamentos e est\u00e1tuas de jardim\" src=\"https:\/\/www.keweistove.com\/uploads\/39684\/garden-ornaments-and-statues02482.jpg\" alt=\"Ornamentos e est\u00e1tuas de jardim\" width=\"602\" height=\"602\" \/><\/a><figcaption class=\"wp-caption-text\">Ornamentos e est\u00e1tuas de jardim<\/figcaption><\/figure>\n<p><img decoding=\"async\" class=\"aligncenter\" src=\"https:\/\/www.keweistove.com\/Content\/uploads\/2023970354\/202307121511574ab65c7ec9ae440c88788f735e2204f7.jpg\" alt=\"produto-750-750\" width=\"626\" height=\"626\" \/><\/p>\n<div class=\"text\">Essa escultura de a\u00e7o corten se tornar\u00e1 um elemento atraente para o seu jardim. Essa obra de arte em a\u00e7o inoxid\u00e1vel pode ser personalizada em v\u00e1rios tamanhos. Ela criar\u00e1 um ponto focal impressionante quando for colocada no exterior.<\/div>\n<div class=\"text\">A escultura personalizada para decora\u00e7\u00e3o de jardins pode ser personalizada de acordo com diferentes necessidades. Os designers podem criar e desenvolver esculturas adequadas com base nas necessidades dos clientes e do ambiente, de modo que estejam mais alinhadas com a est\u00e9tica e os h\u00e1bitos de vida das pessoas modernas. As esculturas personalizadas podem refletir totalmente o profissionalismo e a regularidade dos clientes, tornando-os mais exclusivos e \u00fanicos no espa\u00e7o.<\/div>","protected":false},"excerpt":{"rendered":"<p>Visite nosso site para encontrar decora\u00e7\u00f5es de jardim e est\u00e1tuas requintadas que aprimoram perfeitamente seu ambiente externo. Uma variedade de op\u00e7\u00f5es para atender \u00e0s necessidades de todos os entusiastas de jardinagem<\/p>","protected":false},"featured_media":1108,"comment_status":"open","ping_status":"closed","template":"","meta":{"_eb_attr":"","_monsterinsights_skip_tracking":false,"_monsterinsights_sitenote_active":false,"_monsterinsights_sitenote_note":"","_monsterinsights_sitenote_category":0,"_uf_show_specific_survey":0,"_uf_disable_surveys":false},"product_brand":[],"product_cat":[62],"product_tag":[],"class_list":{"0":"post-1105","1":"product","2":"type-product","3":"status-publish","4":"has-post-thumbnail","6":"product_cat-corten-sculpture","8":"first","9":"instock","10":"shipping-taxable","11":"product-type-simple"},"_links":{"self":[{"href":"https:\/\/keweicorten.com\/pt\/wp-json\/wp\/v2\/product\/1105"}],"collection":[{"href":"https:\/\/keweicorten.com\/pt\/wp-json\/wp\/v2\/product"}],"about":[{"href":"https:\/\/keweicorten.com\/pt\/wp-json\/wp\/v2\/types\/product"}],"replies":[{"embeddable":true,"href":"https:\/\/keweicorten.com\/pt\/wp-json\/wp\/v2\/comments?post=1105"}],"version-history":[{"count":1,"href":"https:\/\/keweicorten.com\/pt\/wp-json\/wp\/v2\/product\/1105\/revisions"}],"predecessor-version":[{"id":1109,"href":"https:\/\/keweicorten.com\/pt\/wp-json\/wp\/v2\/product\/1105\/revisions\/1109"}],"wp:featuredmedia":[{"embeddable":true,"href":"https:\/\/keweicorten.com\/pt\/wp-json\/wp\/v2\/media\/1108"}],"wp:attachment":[{"href":"https:\/\/keweicorten.com\/pt\/wp-json\/wp\/v2\/media?parent=1105"}],"wp:term":[{"taxonomy":"product_brand","embeddable":true,"href":"https:\/\/keweicorten.com\/pt\/wp-json\/wp\/v2\/product_brand?post=1105"},{"taxonomy":"product_cat","embeddable":true,"href":"https:\/\/keweicorten.com\/pt\/wp-json\/wp\/v2\/product_cat?post=1105"},{"taxonomy":"product_tag","embeddable":true,"href":"https:\/\/keweicorten.com\/pt\/wp-json\/wp\/v2\/product_tag?post=1105"}],"curies":[{"name":"wp","href":"https:\/\/api.w.org\/{rel}","templated":true}]}}