{"id":1110,"date":"2024-09-11T07:19:01","date_gmt":"2024-09-11T07:19:01","guid":{"rendered":"https:\/\/keweicorten.com\/?post_type=product&#038;p=1110"},"modified":"2025-01-15T06:16:12","modified_gmt":"2025-01-15T06:16:12","slug":"escultura","status":"publish","type":"product","link":"https:\/\/keweicorten.com\/pt\/escultura\/","title":{"rendered":"escultura moderna de parede"},"content":{"rendered":"<table class=\"table\" border=\"1\" cellspacing=\"1\" cellpadding=\"1\">\n<tbody>\n<tr>\n<td>Nome do produto<\/td>\n<td>Outdoor Modern metal craft corten steel sculpture garden leaf<\/td>\n<\/tr>\n<tr>\n<td>Material<\/td>\n<td>a\u00e7o corten, a\u00e7o doce, etc.<\/td>\n<\/tr>\n<tr>\n<td>Cor<\/td>\n<td>Revestido com p\u00f3 ou vermelho enferrujado<\/td>\n<\/tr>\n<tr>\n<td><strong>EMBALAGEM:<\/strong><\/td>\n<td>CAIXAS DE MADEIRA<\/td>\n<\/tr>\n<tr>\n<td>Usado<\/td>\n<td>decora\u00e7\u00e3o de casa<\/td>\n<\/tr>\n<\/tbody>\n<\/table>\n<p>Por que escolher uma escultura de parede moderna?<\/p>\n<p>As esculturas de parede modernas s\u00e3o muito dur\u00e1veis. S\u00e3o feitas de a\u00e7o de alta qualidade resistente a intemp\u00e9ries e podem suportar uma variedade de condi\u00e7\u00f5es clim\u00e1ticas, incluindo chuva, sol, frio e ondas de calor. Esse material decorativo \u00e9 uma excelente op\u00e7\u00e3o para quem deseja que as decora\u00e7\u00f5es externas do jardim mantenham sua est\u00e9tica por muitos anos.<\/p>\n<p>A escultura de parede moderna \u00e9 lindamente decorada. Esse material decorativo tem um formato muito exclusivo e cores brilhantes, que podem real\u00e7ar a beleza do jardim. Muitas pessoas tamb\u00e9m gostam da decora\u00e7\u00e3o de jardim em a\u00e7o resistente \u00e0s intemp\u00e9ries, pois ela traz um toque moderno e pode dar um toque de estilo ao jardim.<\/p>\n<p>Esse material decorativo \u00e9 muito amig\u00e1vel ao meio ambiente. Devido \u00e0 sua longa vida \u00fatil, ele n\u00e3o produz muitos res\u00edduos e lixo. Al\u00e9m disso, como seu material \u00e9 a\u00e7o, ele pode ser usado duas vezes e n\u00e3o causa polui\u00e7\u00e3o ambiental.<\/p>\n<p>As esculturas de parede modernas tamb\u00e9m s\u00e3o muito f\u00e1ceis de instalar. Muitas marcas podem oferecer m\u00f3dulos e componentes pr\u00e9-fabricados para diferentes cen\u00e1rios, que os usu\u00e1rios podem combinar livremente de acordo com suas necessidades.<\/p>\n<p>A escolha de uma decora\u00e7\u00e3o de jardim em a\u00e7o resistente \u00e0s intemp\u00e9ries \u00e9 uma op\u00e7\u00e3o positiva, ecol\u00f3gica, bonita e dur\u00e1vel. Ela pode trazer inspira\u00e7\u00e3o ilimitada e deixar seu jardim ainda mais colorido.<\/p>\n<p>A decora\u00e7\u00e3o de jardim em a\u00e7o resistente \u00e0s intemp\u00e9ries \u00e9 um tipo de material com amplo valor de aplica\u00e7\u00e3o, que pode ser usado como espa\u00e7o decorativo e de embelezamento.<\/p>\n<div class=\"J_module\">\n<figure id=\"attachment_1112\" aria-describedby=\"caption-attachment-1112\" style=\"width: 500px\" class=\"wp-caption alignnone\"><a href=\"https:\/\/keweicorten.com\/pt\/?attachment_id=1112\"><img fetchpriority=\"high\" decoding=\"async\" class=\"wp-image-1112\" title=\"esculturas de parede grandes\" src=\"https:\/\/keweicorten.com\/wp-content\/uploads\/2024\/09\/photobank-52-300x300.jpg\" alt=\"\" width=\"500\" height=\"500\" srcset=\"https:\/\/keweicorten.com\/wp-content\/uploads\/2024\/09\/photobank-52-300x300.jpg 300w, https:\/\/keweicorten.com\/wp-content\/uploads\/2024\/09\/photobank-52-150x150.jpg 150w, https:\/\/keweicorten.com\/wp-content\/uploads\/2024\/09\/photobank-52-12x12.jpg 12w, https:\/\/keweicorten.com\/wp-content\/uploads\/2024\/09\/photobank-52-600x600.jpg 600w, https:\/\/keweicorten.com\/wp-content\/uploads\/2024\/09\/photobank-52-100x100.jpg 100w, https:\/\/keweicorten.com\/wp-content\/uploads\/2024\/09\/photobank-52.jpg 700w\" sizes=\"(max-width: 500px) 100vw, 500px\" \/><\/a><figcaption id=\"caption-attachment-1112\" class=\"wp-caption-text\">esculturas de parede grandes<\/figcaption><\/figure>\n<div data-section=\"AliMagic-1caf3d\" data-section-title=\"Our Services\" data-spm-anchor-id=\"a2700.details.0.i38.5f3c554eic1XgH\">\n<figure id=\"attachment_1111\" aria-describedby=\"caption-attachment-1111\" style=\"width: 502px\" class=\"wp-caption alignnone\"><a href=\"https:\/\/keweicorten.com\/pt\"><img decoding=\"async\" class=\"wp-image-1111\" title=\"esculturas para venda\" src=\"https:\/\/keweicorten.com\/wp-content\/uploads\/2024\/09\/photobank-109-300x300.jpg\" alt=\"\" width=\"502\" height=\"502\" srcset=\"https:\/\/keweicorten.com\/wp-content\/uploads\/2024\/09\/photobank-109-300x300.jpg 300w, https:\/\/keweicorten.com\/wp-content\/uploads\/2024\/09\/photobank-109-150x150.jpg 150w, https:\/\/keweicorten.com\/wp-content\/uploads\/2024\/09\/photobank-109-12x12.jpg 12w, https:\/\/keweicorten.com\/wp-content\/uploads\/2024\/09\/photobank-109-600x600.jpg 600w, https:\/\/keweicorten.com\/wp-content\/uploads\/2024\/09\/photobank-109-100x100.jpg 100w, https:\/\/keweicorten.com\/wp-content\/uploads\/2024\/09\/photobank-109.jpg 700w\" sizes=\"(max-width: 502px) 100vw, 502px\" \/><\/a><figcaption id=\"caption-attachment-1111\" class=\"wp-caption-text\">. esculturas para venda<\/figcaption><\/figure>\n<\/div>\n<div id=\"ali-anchor-AliMagic-1caf3d\" class=\"magic-7\" data-section=\"AliMagic-1caf3d\" data-section-title=\"Our Services\" data-spm-anchor-id=\"a2700.details.0.i38.5f3c554eic1XgH\">Nossos servi\u00e7os<\/div>\n<\/div>\n<div class=\"J_module\">\n<div class=\"detail-decorate-json-renderer-container\">\n<div class=\"magic-0\">\n<div class=\"magic-1\">\n<div class=\"magic-2\">\n<div class=\"magic-3\"><span class=\"magic-24\">Entraremos em contato com voc\u00ea em uma hora.<\/span><\/div>\n<div class=\"magic-3\"><span class=\"magic-24\">Voc\u00ea pode enviar um e-mail ou entrar em contato conosco pelo whatsapp, que responderemos o mais r\u00e1pido poss\u00edvel.<br \/>\n<\/span><\/div>\n<div><\/div>\n<div class=\"magic-3\"><span class=\"magic-24\">2. Servi\u00e7o personalizado gratuito.<br \/>\nSe voc\u00ea ainda n\u00e3o o projetou, entre em contato conosco, pois uma equipe de designers profissionais estar\u00e1 \u00e0 sua disposi\u00e7\u00e3o.<br \/>\nPodemos personaliz\u00e1-lo exatamente como voc\u00ea deseja.<br \/>\n<\/span><\/div>\n<div><\/div>\n<div class=\"magic-3\"><span class=\"magic-24\">3. Informaremos aos clientes cada etapa do processo de produ\u00e7\u00e3o. Podemos tirar fotos de cada etapa da produ\u00e7\u00e3o e da embalagem.<br \/>\nPodemos lhe enviar as fotos para confirma\u00e7\u00e3o.<br \/>\n<\/span><\/div>\n<div><\/div>\n<div class=\"magic-3\"><span class=\"magic-24\">4. Podemos fornecer os melhores produtos e o servi\u00e7o mais atencioso.<br \/>\n<\/span><\/div>\n<div class=\"magic-3\"><\/div>\n<\/div>\n<\/div>\n<\/div>\n<\/div>\n<\/div>","protected":false},"excerpt":{"rendered":"<p>A escultura moderna de parede \u00e9 uma maneira maravilhosa de acrescentar beleza e interesse a qualquer espa\u00e7o. Quer esteja decorando uma casa ou uma empresa, esse tipo de arte pode ajud\u00e1-lo a criar uma atmosfera acolhedora, inspiradora e edificante.<\/p>","protected":false},"featured_media":1113,"comment_status":"open","ping_status":"closed","template":"","meta":{"_eb_attr":"","_monsterinsights_skip_tracking":false,"_monsterinsights_sitenote_active":false,"_monsterinsights_sitenote_note":"","_monsterinsights_sitenote_category":0,"_uf_show_specific_survey":0,"_uf_disable_surveys":false},"product_brand":[],"product_cat":[62],"product_tag":[],"class_list":{"0":"post-1110","1":"product","2":"type-product","3":"status-publish","4":"has-post-thumbnail","6":"product_cat-corten-sculpture","8":"first","9":"instock","10":"shipping-taxable","11":"product-type-simple"},"_links":{"self":[{"href":"https:\/\/keweicorten.com\/pt\/wp-json\/wp\/v2\/product\/1110"}],"collection":[{"href":"https:\/\/keweicorten.com\/pt\/wp-json\/wp\/v2\/product"}],"about":[{"href":"https:\/\/keweicorten.com\/pt\/wp-json\/wp\/v2\/types\/product"}],"replies":[{"embeddable":true,"href":"https:\/\/keweicorten.com\/pt\/wp-json\/wp\/v2\/comments?post=1110"}],"version-history":[{"count":1,"href":"https:\/\/keweicorten.com\/pt\/wp-json\/wp\/v2\/product\/1110\/revisions"}],"predecessor-version":[{"id":1114,"href":"https:\/\/keweicorten.com\/pt\/wp-json\/wp\/v2\/product\/1110\/revisions\/1114"}],"wp:featuredmedia":[{"embeddable":true,"href":"https:\/\/keweicorten.com\/pt\/wp-json\/wp\/v2\/media\/1113"}],"wp:attachment":[{"href":"https:\/\/keweicorten.com\/pt\/wp-json\/wp\/v2\/media?parent=1110"}],"wp:term":[{"taxonomy":"product_brand","embeddable":true,"href":"https:\/\/keweicorten.com\/pt\/wp-json\/wp\/v2\/product_brand?post=1110"},{"taxonomy":"product_cat","embeddable":true,"href":"https:\/\/keweicorten.com\/pt\/wp-json\/wp\/v2\/product_cat?post=1110"},{"taxonomy":"product_tag","embeddable":true,"href":"https:\/\/keweicorten.com\/pt\/wp-json\/wp\/v2\/product_tag?post=1110"}],"curies":[{"name":"wp","href":"https:\/\/api.w.org\/{rel}","templated":true}]}}