{"id":1115,"date":"2024-09-11T07:57:32","date_gmt":"2024-09-11T07:57:32","guid":{"rendered":"https:\/\/keweicorten.com\/?post_type=product&#038;p=1115"},"modified":"2025-01-15T06:16:04","modified_gmt":"2025-01-15T06:16:04","slug":"fogueira-2","status":"publish","type":"product","link":"https:\/\/keweicorten.com\/pt\/fogueira-2\/","title":{"rendered":"Fogueira de madeira ao ar livre"},"content":{"rendered":"<h2>Durabilidade da fogueira de madeira externa de a\u00e7o resistente \u00e0s intemp\u00e9ries\uff1a<\/h2>\n<p>A fogueira de madeira para uso externo \u00e9 um equipamento para uso externo muito pr\u00e1tico e dur\u00e1vel, que pode ser conveniente para parques comunit\u00e1rios, acampamentos ao ar livre, churrascos ao ar livre e outras ocasi\u00f5es. Ela \u00e9 capaz de suportar os desafios de v\u00e1rias condi\u00e7\u00f5es clim\u00e1ticas e ambientes naturais, portanto, tem boa durabilidade.<\/p>\n<p>O a\u00e7o resistente a intemp\u00e9ries \u00e9 um material de liga especial, que tem excelente resist\u00eancia \u00e0 corros\u00e3o e durabilidade. No uso de fogueiras, o a\u00e7o resistente a intemp\u00e9ries pode resistir ao impacto de altas temperaturas e ambientes \u00famidos, e n\u00e3o \u00e9 f\u00e1cil de enferrujar e oxidar. Portanto, a fogueira externa de a\u00e7o resistente \u00e0s intemp\u00e9ries \u00e9 muito adequada para uso externo e pode suportar um grande n\u00famero de demandas por um longo tempo.<\/p>\n<p>A fogueira de madeira para uso externo tamb\u00e9m tem um bom design estrutural e tratamento de detalhes. Ela \u00e9 feita de chapas grossas de a\u00e7o, com um toque fino na superf\u00edcie e forte resist\u00eancia mec\u00e2nica, fatores importantes para garantir a durabilidade. Ao mesmo tempo, tamb\u00e9m leva em considera\u00e7\u00e3o as necessidades reais do usu\u00e1rio, incluindo tamanho, forma, design \u00e0 prova de vento etc., para que esteja mais de acordo com o ambiente e as necessidades de uso externo.<\/p>\n<p>A lareira de madeira para uso externo oferece vantagens significativas de durabilidade e seguran\u00e7a. Ela pode resistir aos desafios de v\u00e1rios climas rigorosos e ambientes naturais, al\u00e9m de proporcionar uma experi\u00eancia de uso confort\u00e1vel e conveniente ao ar livre por um longo tempo. Ao escolher equipamentos para ambientes externos, vale a pena considerar o excelente desempenho das fogueiras de a\u00e7o para ambientes externos.<\/p>\n<figure id=\"attachment_1117\" aria-describedby=\"caption-attachment-1117\" style=\"width: 474px\" class=\"wp-caption aligncenter\"><a href=\"https:\/\/keweicorten.com\/pt\"><img fetchpriority=\"high\" decoding=\"async\" class=\"wp-image-1117\" title=\"fogueira\" src=\"https:\/\/keweicorten.com\/wp-content\/uploads\/2024\/09\/photobank-41-300x300.jpg\" alt=\"fogueira\" width=\"474\" height=\"474\" srcset=\"https:\/\/keweicorten.com\/wp-content\/uploads\/2024\/09\/photobank-41-300x300.jpg 300w, https:\/\/keweicorten.com\/wp-content\/uploads\/2024\/09\/photobank-41-150x150.jpg 150w, https:\/\/keweicorten.com\/wp-content\/uploads\/2024\/09\/photobank-41-12x12.jpg 12w, https:\/\/keweicorten.com\/wp-content\/uploads\/2024\/09\/photobank-41-100x100.jpg 100w, https:\/\/keweicorten.com\/wp-content\/uploads\/2024\/09\/photobank-41.jpg 576w\" sizes=\"(max-width: 474px) 100vw, 474px\" \/><\/a><figcaption id=\"caption-attachment-1117\" class=\"wp-caption-text\">fogueira<\/figcaption><\/figure>\n<figure id=\"attachment_1116\" aria-describedby=\"caption-attachment-1116\" style=\"width: 472px\" class=\"wp-caption aligncenter\"><a href=\"https:\/\/keweicorten.com\/pt\"><img decoding=\"async\" class=\"wp-image-1116\" title=\"fogueira\" src=\"https:\/\/keweicorten.com\/wp-content\/uploads\/2024\/09\/photobank-35-300x300.jpg\" alt=\"fogueira\" width=\"472\" height=\"472\" srcset=\"https:\/\/keweicorten.com\/wp-content\/uploads\/2024\/09\/photobank-35-300x300.jpg 300w, https:\/\/keweicorten.com\/wp-content\/uploads\/2024\/09\/photobank-35-150x150.jpg 150w, https:\/\/keweicorten.com\/wp-content\/uploads\/2024\/09\/photobank-35-12x12.jpg 12w, https:\/\/keweicorten.com\/wp-content\/uploads\/2024\/09\/photobank-35-100x100.jpg 100w, https:\/\/keweicorten.com\/wp-content\/uploads\/2024\/09\/photobank-35.jpg 512w\" sizes=\"(max-width: 472px) 100vw, 472px\" \/><\/a><figcaption id=\"caption-attachment-1116\" class=\"wp-caption-text\">fogueira<\/figcaption><\/figure>\n<table class=\"table\" style=\"height: 238px;\" border=\"1\" width=\"729\" cellspacing=\"1\" cellpadding=\"1\">\n<tbody>\n<tr>\n<td><strong>Produto<\/strong><\/td>\n<td>Fogueira sem fuma\u00e7a para p\u00e1tio<\/td>\n<\/tr>\n<tr>\n<td><strong>Material<\/strong><\/td>\n<td>A\u00e7o corten<\/td>\n<\/tr>\n<tr>\n<td><strong>Di\u00e2metro<\/strong><\/td>\n<td>60cm, 70cm, 80cm, 90cm, 100cm, 120cm, 150cm, 180cm<\/td>\n<\/tr>\n<tr>\n<td><strong>Espessura<\/strong><\/td>\n<td>2 mm, 3 mm, 4 mm, 5 mm<\/td>\n<\/tr>\n<tr>\n<td><strong>Acabamento<\/strong><\/td>\n<td>\u00d3xido de ferro<\/td>\n<\/tr>\n<tr>\n<td><strong>Pacote<\/strong><\/td>\n<td>Caixa de compensado, palete de ferro<\/td>\n<\/tr>\n<\/tbody>\n<\/table>\n<p><a href=\"https:\/\/keweicorten.com\/pt\"><img decoding=\"async\" class=\"aligncenter\" title=\"Fogueira de metal com churrasqueira\" src=\"https:\/\/sc04.alicdn.com\/kf\/Hf2d2a0356e6c427bba74e4cf2540f967g\/221559437\/Hf2d2a0356e6c427bba74e4cf2540f967g.png?size=x0\" alt=\"Fogueira de metal com churrasqueira\" width=\"750\" height=\"750\" \/><\/a><\/p>\n<p>As lareiras de a\u00e7o corten s\u00e3o um \u00f3timo complemento para qualquer quintal ou espa\u00e7o externo. Elas n\u00e3o apenas fornecem calor durante as noites mais frias, mas tamb\u00e9m acrescentam uma est\u00e9tica bonita e exclusiva ao seu espa\u00e7o.<\/p>\n<p>O a\u00e7o corten \u00e9 conhecido por sua durabilidade e propriedades resistentes \u00e0s intemp\u00e9ries, o que o torna perfeito para espa\u00e7os externos. O a\u00e7o desenvolve uma apar\u00eancia natural de ferrugem com o tempo, o que acrescenta personalidade e interesse visual \u00e0 sua fogueira.<\/p>\n<p>Essas lareiras s\u00e3o fornecidas em v\u00e1rios formatos e tamanhos, para que voc\u00ea possa escolher a perfeita para o seu ambiente. Quer voc\u00ea prefira uma fogueira redonda em forma de tigela ou um design mais contempor\u00e2neo, h\u00e1 uma fogueira de a\u00e7o Corten que se adequar\u00e1 ao seu estilo.<\/p>\n<p>Outra grande vantagem das lareiras de a\u00e7o Corten \u00e9 como elas podem transformar seu espa\u00e7o ao ar livre em um ponto de encontro aconchegante para a fam\u00edlia e os amigos. N\u00e3o h\u00e1 nada melhor do que sentar-se ao redor de uma fogueira, apreciar o calor e assar marshmallows. Voc\u00ea pode criar mem\u00f3rias duradouras com seus entes queridos enquanto aprecia a beleza que uma fogueira de a\u00e7o Corten traz para o seu quintal.<\/p>","protected":false},"excerpt":{"rendered":"<p>Se estiver procurando melhorar seu quintal ou espa\u00e7o externo, vale a pena considerar uma fogueira de a\u00e7o Corten. Elas proporcionam calor, estilo e um ambiente aconchegante. Com sua durabilidade e propriedades resistentes \u00e0s intemp\u00e9ries, voc\u00ea poder\u00e1 desfrutar da sua fogueira por muitos anos.<\/p>","protected":false},"featured_media":1118,"comment_status":"open","ping_status":"closed","template":"","meta":{"_eb_attr":"","_monsterinsights_skip_tracking":false,"_monsterinsights_sitenote_active":false,"_monsterinsights_sitenote_note":"","_monsterinsights_sitenote_category":0,"_uf_show_specific_survey":0,"_uf_disable_surveys":false},"product_brand":[],"product_cat":[54],"product_tag":[],"class_list":{"0":"post-1115","1":"product","2":"type-product","3":"status-publish","4":"has-post-thumbnail","6":"product_cat-wood-fire-pit","8":"first","9":"instock","10":"shipping-taxable","11":"product-type-simple"},"_links":{"self":[{"href":"https:\/\/keweicorten.com\/pt\/wp-json\/wp\/v2\/product\/1115"}],"collection":[{"href":"https:\/\/keweicorten.com\/pt\/wp-json\/wp\/v2\/product"}],"about":[{"href":"https:\/\/keweicorten.com\/pt\/wp-json\/wp\/v2\/types\/product"}],"replies":[{"embeddable":true,"href":"https:\/\/keweicorten.com\/pt\/wp-json\/wp\/v2\/comments?post=1115"}],"version-history":[{"count":2,"href":"https:\/\/keweicorten.com\/pt\/wp-json\/wp\/v2\/product\/1115\/revisions"}],"predecessor-version":[{"id":1120,"href":"https:\/\/keweicorten.com\/pt\/wp-json\/wp\/v2\/product\/1115\/revisions\/1120"}],"wp:featuredmedia":[{"embeddable":true,"href":"https:\/\/keweicorten.com\/pt\/wp-json\/wp\/v2\/media\/1118"}],"wp:attachment":[{"href":"https:\/\/keweicorten.com\/pt\/wp-json\/wp\/v2\/media?parent=1115"}],"wp:term":[{"taxonomy":"product_brand","embeddable":true,"href":"https:\/\/keweicorten.com\/pt\/wp-json\/wp\/v2\/product_brand?post=1115"},{"taxonomy":"product_cat","embeddable":true,"href":"https:\/\/keweicorten.com\/pt\/wp-json\/wp\/v2\/product_cat?post=1115"},{"taxonomy":"product_tag","embeddable":true,"href":"https:\/\/keweicorten.com\/pt\/wp-json\/wp\/v2\/product_tag?post=1115"}],"curies":[{"name":"wp","href":"https:\/\/api.w.org\/{rel}","templated":true}]}}