{"id":1131,"date":"2024-09-12T02:07:38","date_gmt":"2024-09-12T02:07:38","guid":{"rendered":"https:\/\/keweicorten.com\/?post_type=product&#038;p=1131"},"modified":"2025-01-15T06:15:32","modified_gmt":"2025-01-15T06:15:32","slug":"recurso-de-agua-em-aco-corten","status":"publish","type":"product","link":"https:\/\/keweicorten.com\/pt\/recurso-de-agua-em-aco-corten\/","title":{"rendered":"Recurso de \u00e1gua em a\u00e7o corten"},"content":{"rendered":"<table>\n<tbody>\n<tr>\n<td valign=\"center\" width=\"223\"><a>Nome<\/a><\/td>\n<td valign=\"center\" width=\"517\">Fonte com cascata de metal para ambientes externos Fontes com elementos de \u00e1gua em a\u00e7o corten para decora\u00e7\u00e3o de jardins<\/td>\n<\/tr>\n<tr>\n<td valign=\"center\" width=\"223\">Material<\/td>\n<td valign=\"center\" width=\"517\">\u00a0A\u00e7o inoxid\u00e1vel 304\/316, CORTEN<\/td>\n<\/tr>\n<tr>\n<td valign=\"center\" width=\"223\">Uso<\/td>\n<td valign=\"center\" width=\"517\">Decora\u00e7\u00e3o de jardins e parques<\/td>\n<\/tr>\n<tr>\n<td valign=\"center\" width=\"223\">Cor<\/td>\n<td valign=\"center\" width=\"517\">Prata ,RUSTY<\/td>\n<\/tr>\n<tr>\n<td valign=\"center\" width=\"223\">Designs<\/td>\n<td valign=\"center\" width=\"517\">Todos os designs podem ser personalizados<\/td>\n<\/tr>\n<tr>\n<td valign=\"center\" width=\"223\">MOQ<\/td>\n<td valign=\"center\" width=\"517\">1 pe\u00e7a<\/td>\n<\/tr>\n<tr>\n<td rowspan=\"6\" valign=\"center\" width=\"223\">Vantagens<\/td>\n<td valign=\"center\" width=\"517\">N\u00f3s somos a f\u00e1brica<\/td>\n<\/tr>\n<tr>\n<td valign=\"center\" width=\"517\">muita experi\u00eancia em fabrica\u00e7\u00e3o e exporta\u00e7\u00e3o<\/td>\n<\/tr>\n<tr>\n<td valign=\"center\" width=\"517\">Podemos oferecer um pre\u00e7o competitivo<\/td>\n<\/tr>\n<tr>\n<td valign=\"center\" width=\"517\">Equipe de design profissional<\/td>\n<\/tr>\n<tr>\n<td valign=\"center\" width=\"517\">Grande experi\u00eancia como agente de transporte a\u00e9reo, mar\u00edtimo ou ferrovi\u00e1rio<\/td>\n<\/tr>\n<tr>\n<td valign=\"center\" width=\"517\">\u00a0Vendas e servi\u00e7o p\u00f3s-venda<\/td>\n<\/tr>\n<tr>\n<td valign=\"center\" width=\"223\">Condi\u00e7\u00f5es de pagamento<\/td>\n<td valign=\"center\" width=\"517\">T\/T, Trade Assurance, Paypal, Western Union, cart\u00e3o de cr\u00e9dito<\/td>\n<\/tr>\n<tr>\n<td valign=\"center\" width=\"223\">Embalagem<\/td>\n<td valign=\"center\" width=\"517\">Caixa de madeira resistente com espuma interna \u00e0 prova d'\u00e1gua e de choque<\/td>\n<\/tr>\n<tr>\n<td valign=\"center\" width=\"223\">Prazo de entrega<\/td>\n<td valign=\"center\" width=\"517\">De 35 a 40 dias ap\u00f3s o dep\u00f3sito, sem incluir o tempo de confirma\u00e7\u00e3o e corre\u00e7\u00e3o do molde de argila<\/td>\n<\/tr>\n<\/tbody>\n<\/table>\n<h2>Vantagens do recurso de \u00e1gua em a\u00e7o corten<\/h2>\n<p>Essa fonte de \u00e1gua de a\u00e7o corten \u00e9 feita de a\u00e7o inoxid\u00e1vel\/a\u00e7o corten com cor prateada ou enferrujada, e \u00e9 absolutamente uma decora\u00e7\u00e3o ideal para seu jardim particular. A estrutura \u00fanica e atmosf\u00e9rica proporciona um ver\u00e3o fresco e confort\u00e1vel. Voc\u00ea pode desfrutar de belos momentos no jardim com sua fam\u00edlia e amigos. Fornecemos v\u00e1rios estilos, tamanhos e materiais de sua prefer\u00eancia. Recomendamos a\u00e7o inoxid\u00e1vel ou a\u00e7o para intemp\u00e9ries.<\/p>\n<p><img fetchpriority=\"high\" decoding=\"async\" class=\"\" src=\"https:\/\/sc04.alicdn.com\/kf\/H48150a6b46654a21b8eb4ef77a3b7107X\/255157415\/H48150a6b46654a21b8eb4ef77a3b7107X.png\" width=\"587\" height=\"587\" \/><\/p>\n<h3>Excelente resist\u00eancia \u00e0 corros\u00e3o<\/h3>\n<p>O material de a\u00e7o para intemp\u00e9ries, ap\u00f3s tratamento especial, tem forte resist\u00eancia \u00e0 corros\u00e3o, pode resistir a uma variedade de subst\u00e2ncias qu\u00edmicas e fatores ambientais, sendo especialmente adequado para ambientes industriais adversos e locais qu\u00edmicos.<\/p>\n<h3>Resist\u00eancia a intemp\u00e9ries e durabilidade<\/h3>\n<p>O a\u00e7o resistente \u00e0s intemp\u00e9ries tem boa resist\u00eancia \u00e0s intemp\u00e9ries, pode resistir com efic\u00e1cia ao vento e \u00e0 chuva, aos raios ultravioleta e a outros fatores clim\u00e1ticos, prolongar a vida \u00fatil e reduzir bastante os custos de manuten\u00e7\u00e3o.<\/p>\n<p>Desempenho da prote\u00e7\u00e3o t\u00e9rmica<br \/>\nO a\u00e7o resistente a intemp\u00e9ries pode isolar efetivamente a radia\u00e7\u00e3o t\u00e9rmica, adequado para ambientes metal\u00fargicos e de alta temperatura na \u00e1rea de trabalho, para proteger os trabalhadores e os equipamentos contra danos.<\/p>\n<h3>Redu\u00e7\u00e3o de poeira e ru\u00eddo<\/h3>\n<p>A estrutura da cortina de \u00e1gua pode bloquear efetivamente a difus\u00e3o de poeira, fuma\u00e7a e outras part\u00edculas, criar um ambiente de trabalho limpo e ter um certo efeito de redu\u00e7\u00e3o de ru\u00eddo.<\/p>\n<h3>Est\u00e9tica<\/h3>\n<p>A apar\u00eancia do a\u00e7o para intemp\u00e9ries \u00e9 moderna e visualmente atraente, e pode ser integrada a uma variedade de estilos arquitet\u00f4nicos para real\u00e7ar a beleza geral do edif\u00edcio.<\/p>\n<h3>Baixo custo de manuten\u00e7\u00e3o<\/h3>\n<p>Devido \u00e0 durabilidade e \u00e0 resist\u00eancia \u00e0 corros\u00e3o do a\u00e7o para intemp\u00e9ries, o custo geral de manuten\u00e7\u00e3o e substitui\u00e7\u00e3o \u00e9 muito baixo, e o uso a longo prazo pode economizar muito dinheiro.<\/p>\n<h3>Prote\u00e7\u00e3o ambiental<\/h3>\n<p>A cortina de a\u00e7o resistente a intemp\u00e9ries pode isolar com efic\u00e1cia subst\u00e2ncias nocivas, reduzir a propaga\u00e7\u00e3o de poluentes e atender aos requisitos de prote\u00e7\u00e3o ambiental durante a produ\u00e7\u00e3o e o uso.<\/p>\n<h3>Alta seguran\u00e7a<\/h3>\n<p>O uso de cortinas de a\u00e7o resistentes \u00e0s intemp\u00e9ries pode proteger com efic\u00e1cia a seguran\u00e7a dos trabalhadores e dos equipamentos, reduzir o risco de acidentes e proporcionar um ambiente de trabalho mais seguro para os funcion\u00e1rios.<\/p>\n<h3>Flexibilidade de aplicativos<\/h3>\n<p>A cortina de a\u00e7o \u00e0 prova de intemp\u00e9ries pode ser personalizada de acordo com diferentes necessidades, adequada para uma variedade de locais, seja industrial, de constru\u00e7\u00e3o ou de prote\u00e7\u00e3o ambiental, voc\u00ea pode encontrar a aplica\u00e7\u00e3o correspondente.<\/p>\n<figure style=\"width: 750px\" class=\"wp-caption alignnone\"><a href=\"https:\/\/keweicorten.com\/pt\"><img decoding=\"async\" title=\"Cortina de chuva de a\u00e7o corten met\u00e1lico\" src=\"https:\/\/www.keweistove.com\/uploads\/39684\/products\/20240604160439b3453.jpg?size=750x0\" alt=\"fonte de \u00e1gua\" width=\"750\" height=\"535\" \/><\/a><figcaption class=\"wp-caption-text\">Cortina de chuva de a\u00e7o corten met\u00e1lico<\/figcaption><\/figure>\n<table class=\"has-title hight-light-first-column all magic-29\" style=\"height: 148px;\" width=\"749\">\n<tbody>\n<tr>\n<td colspan=\"1\" rowspan=\"1\">\n<div class=\"magic-30\" data-spm-anchor-id=\"a2700.details.0.i43.43c8614cX0B5cl\">Nome<\/div>\n<\/td>\n<td colspan=\"4\" rowspan=\"1\">\n<div class=\"magic-31\">mesa de \u00e1gua de a\u00e7o corten para jardim com recurso de \u00e1gua para fonte externa<\/div>\n<\/td>\n<\/tr>\n<tr>\n<td colspan=\"1\" rowspan=\"1\">\n<div class=\"magic-30\">material<\/div>\n<\/td>\n<td colspan=\"4\" rowspan=\"1\">\n<div class=\"magic-31\">a\u00e7o corten<\/div>\n<\/td>\n<\/tr>\n<tr>\n<td colspan=\"1\" rowspan=\"1\">\n<div class=\"magic-30\">tipos de venda quente<\/div>\n<\/td>\n<td colspan=\"4\" rowspan=\"1\">\n<div class=\"magic-31\">fonte de \u00e1gua, cortina de chuva, mesa de \u00e1gua<\/div>\n<\/td>\n<\/tr>\n<tr>\n<td colspan=\"1\" rowspan=\"1\">\n<div class=\"magic-30\">personalizado<\/div>\n<\/td>\n<td colspan=\"4\" rowspan=\"1\">\n<div class=\"magic-34\">dispon\u00edvel<\/div>\n<\/td>\n<\/tr>\n<\/tbody>\n<\/table>\n<figure style=\"width: 750px\" class=\"wp-caption alignnone\"><a href=\"https:\/\/keweicorten.com\/pt\"><img decoding=\"async\" title=\"Cortina de chuva de a\u00e7o corten met\u00e1lico\" src=\"https:\/\/www.keweistove.com\/uploads\/39684\/products\/p2024060415530822cfb.png?size=750x0\" alt=\"Cortina de chuva de a\u00e7o corten met\u00e1lico\" width=\"750\" height=\"386\" \/><\/a><figcaption class=\"wp-caption-text\">Cortina de chuva de a\u00e7o corten met\u00e1lico<\/figcaption><\/figure>\n<div class=\"J_module\">\n<div data-section=\"AliMagic-0xfsiv\" data-section-title=\"FAQ\" data-spm-anchor-id=\"a2700.details.0.i39.35342bacfqBWEo\"><\/div>\n<div id=\"ali-anchor-AliMagic-0xfsiv\" class=\"magic-0\" data-section=\"AliMagic-0xfsiv\" data-section-title=\"FAQ\" data-spm-anchor-id=\"a2700.details.0.i39.35342bacfqBWEo\">PERGUNTAS FREQUENTES<\/div>\n<\/div>\n<div class=\"J_module\">\n<div class=\"detail-decorate-json-renderer-container\">\n<div class=\"magic-20\">\n<div class=\"magic-23\">\n<div class=\"magic-24\">\n<div class=\"magic-25\">\n<div class=\"magic-11\"><span class=\"magic-6\" style=\"font-family: Arial;\">P: Voc\u00eas fabricam produtos personalizados com base em nossos desenhos ou ideias?<\/span><\/div>\n<div class=\"magic-11\" data-spm-anchor-id=\"a2700.details.0.i38.35342bacfqBWEo\">R: Sim.<\/div>\n<div><\/div>\n<div class=\"magic-11\">P: Qual \u00e9 o MOQ?<\/div>\n<div class=\"magic-11\" data-spm-anchor-id=\"a2700.details.0.i37.35342bacfqBWEo\">R: Normalmente, n\u00e3o definimos o MOQ, mas quanto mais, mais barato. Al\u00e9m disso, temos o prazer de fazer prot\u00f3tipos ou amostras para os clientes a fim de garantir o padr\u00e3o de qualidade.<\/div>\n<div class=\"magic-11\"><\/div>\n<div class=\"magic-11\">P: O revestimento em p\u00f3 \u00e9 feito por voc\u00eas mesmos?<\/div>\n<div class=\"magic-11\" data-spm-anchor-id=\"a2700.details.0.i40.35342bacfqBWEo\">R: Sim, somos uma f\u00e1brica profissional de fabrica\u00e7\u00e3o de chapas met\u00e1licas que oferece um conjunto completo de servi\u00e7os de fabrica\u00e7\u00e3o, inclusive corte a laser.<\/div>\n<div class=\"magic-11\"><\/div>\n<div class=\"magic-11\">P: Voc\u00eas poderiam nos ajudar com o armazenamento?<\/div>\n<div class=\"magic-11\"><span class=\"magic-22\">R: Claro.<\/span><\/div>\n<\/div>\n<\/div>\n<\/div>\n<\/div>\n<\/div>\n<\/div>","protected":false},"excerpt":{"rendered":"<p>Somos especializados em fornecer produtos de cortina de a\u00e7o \u00e0 prova de intemp\u00e9ries de alta qualidade para uma variedade de ambientes industriais, a fim de garantir seguran\u00e7a e durabilidade.<\/p>","protected":false},"featured_media":1132,"comment_status":"open","ping_status":"closed","template":"","meta":{"_eb_attr":"","_monsterinsights_skip_tracking":false,"_monsterinsights_sitenote_active":false,"_monsterinsights_sitenote_note":"","_monsterinsights_sitenote_category":0,"_uf_show_specific_survey":0,"_uf_disable_surveys":false},"product_brand":[],"product_cat":[56],"product_tag":[],"class_list":{"0":"post-1131","1":"product","2":"type-product","3":"status-publish","4":"has-post-thumbnail","6":"product_cat-water-feature","8":"first","9":"instock","10":"shipping-taxable","11":"product-type-simple"},"_links":{"self":[{"href":"https:\/\/keweicorten.com\/pt\/wp-json\/wp\/v2\/product\/1131"}],"collection":[{"href":"https:\/\/keweicorten.com\/pt\/wp-json\/wp\/v2\/product"}],"about":[{"href":"https:\/\/keweicorten.com\/pt\/wp-json\/wp\/v2\/types\/product"}],"replies":[{"embeddable":true,"href":"https:\/\/keweicorten.com\/pt\/wp-json\/wp\/v2\/comments?post=1131"}],"version-history":[{"count":4,"href":"https:\/\/keweicorten.com\/pt\/wp-json\/wp\/v2\/product\/1131\/revisions"}],"predecessor-version":[{"id":1136,"href":"https:\/\/keweicorten.com\/pt\/wp-json\/wp\/v2\/product\/1131\/revisions\/1136"}],"wp:featuredmedia":[{"embeddable":true,"href":"https:\/\/keweicorten.com\/pt\/wp-json\/wp\/v2\/media\/1132"}],"wp:attachment":[{"href":"https:\/\/keweicorten.com\/pt\/wp-json\/wp\/v2\/media?parent=1131"}],"wp:term":[{"taxonomy":"product_brand","embeddable":true,"href":"https:\/\/keweicorten.com\/pt\/wp-json\/wp\/v2\/product_brand?post=1131"},{"taxonomy":"product_cat","embeddable":true,"href":"https:\/\/keweicorten.com\/pt\/wp-json\/wp\/v2\/product_cat?post=1131"},{"taxonomy":"product_tag","embeddable":true,"href":"https:\/\/keweicorten.com\/pt\/wp-json\/wp\/v2\/product_tag?post=1131"}],"curies":[{"name":"wp","href":"https:\/\/api.w.org\/{rel}","templated":true}]}}