{"id":1137,"date":"2024-09-12T03:07:39","date_gmt":"2024-09-12T03:07:39","guid":{"rendered":"https:\/\/keweicorten.com\/?post_type=product&#038;p=1137"},"modified":"2025-01-15T06:15:24","modified_gmt":"2025-01-15T06:15:24","slug":"borda-de-aco-corten-para-jardim","status":"publish","type":"product","link":"https:\/\/keweicorten.com\/pt\/borda-de-aco-corten-para-jardim\/","title":{"rendered":"Borda de a\u00e7o corten para jardim"},"content":{"rendered":"<h2>Aplica\u00e7\u00e3o de bordas de jardim de a\u00e7o corten<\/h2>\n<p>O defletor de a\u00e7o para intemp\u00e9ries \u00e9 um material usado no campo da engenharia civil e da constru\u00e7\u00e3o, com excelente resist\u00eancia \u00e0 corros\u00e3o e for\u00e7a, amplamente utilizado nos seguintes aspectos:<\/p>\n<ul>\n<li>DAMS de terra e muros de conten\u00e7\u00e3o<\/li>\n<li>Obras rodovi\u00e1rias e ferrovi\u00e1rias<\/li>\n<li>Projeto de conserva\u00e7\u00e3o de \u00e1gua<\/li>\n<li>Suporte ao po\u00e7o da funda\u00e7\u00e3o<\/li>\n<\/ul>\n<ul>\n<li>Engenharia paisag\u00edstica<\/li>\n<li>Instala\u00e7\u00e3o de prote\u00e7\u00e3o<\/li>\n<\/ul>\n<p>A borda de jardim de a\u00e7o Corten \u00e9 uma placa estrutural feita de a\u00e7o para intemp\u00e9ries (como o a\u00e7o Corten), usada principalmente para reter, apoiar ou proteger o solo em v\u00e1rios projetos de engenharia. O a\u00e7o para intemp\u00e9ries tem excelente resist\u00eancia \u00e0 corros\u00e3o e boa resist\u00eancia mec\u00e2nica.<\/p>\n<table class=\"has-title all magic-11\" style=\"height: 70px;\" width=\"577\">\n<tbody>\n<tr>\n<td colspan=\"1\" rowspan=\"1\">\n<div class=\"magic-12\" data-spm-anchor-id=\"a2700.details.0.i39.58e96c3bcoRvcr\">material<\/div>\n<\/td>\n<td colspan=\"1\" rowspan=\"1\">\n<div class=\"magic-13\">chapa de a\u00e7o corten<\/div>\n<\/td>\n<\/tr>\n<tr>\n<td colspan=\"1\" rowspan=\"1\">\n<div class=\"magic-12\">tamanho<\/div>\n<\/td>\n<td colspan=\"1\" rowspan=\"1\">\n<div class=\"magic-13\">1.6*1075*100\/150+100mm<\/div>\n<\/td>\n<\/tr>\n<tr>\n<td colspan=\"1\" rowspan=\"1\">\n<div class=\"magic-12\">superf\u00edcie<\/div>\n<\/td>\n<td colspan=\"1\" rowspan=\"1\">\n<div class=\"magic-13\">pintado ou enferrujado<\/div>\n<\/td>\n<\/tr>\n<\/tbody>\n<\/table>\n<figure id=\"attachment_1140\" aria-describedby=\"caption-attachment-1140\" style=\"width: 300px\" class=\"wp-caption alignnone\"><img fetchpriority=\"high\" decoding=\"async\" class=\"size-medium wp-image-1140\" src=\"https:\/\/keweicorten.com\/wp-content\/uploads\/2024\/09\/\u5fae\u4fe1\u56fe\u7247_202307211703502-300x300.jpg\" alt=\"\" width=\"300\" height=\"300\" srcset=\"https:\/\/keweicorten.com\/wp-content\/uploads\/2024\/09\/\u5fae\u4fe1\u56fe\u7247_202307211703502-300x300.jpg 300w, https:\/\/keweicorten.com\/wp-content\/uploads\/2024\/09\/\u5fae\u4fe1\u56fe\u7247_202307211703502-150x150.jpg 150w, https:\/\/keweicorten.com\/wp-content\/uploads\/2024\/09\/\u5fae\u4fe1\u56fe\u7247_202307211703502-12x12.jpg 12w, https:\/\/keweicorten.com\/wp-content\/uploads\/2024\/09\/\u5fae\u4fe1\u56fe\u7247_202307211703502-600x600.jpg 600w, https:\/\/keweicorten.com\/wp-content\/uploads\/2024\/09\/\u5fae\u4fe1\u56fe\u7247_202307211703502-100x100.jpg 100w, https:\/\/keweicorten.com\/wp-content\/uploads\/2024\/09\/\u5fae\u4fe1\u56fe\u7247_202307211703502.jpg 750w\" sizes=\"(max-width: 300px) 100vw, 300px\" \/><figcaption id=\"caption-attachment-1140\" class=\"wp-caption-text\">CORTEN EDGING<\/figcaption><\/figure>\n<h2>Caracter\u00edsticas das bordas de a\u00e7o corten para jardins<\/h2>\n<p>Resist\u00eancia \u00e0 corros\u00e3o: Uma camada de pel\u00edcula de \u00f3xido formada na superf\u00edcie do a\u00e7o para intemperismo pode resistir com efic\u00e1cia \u00e0 eros\u00e3o da chuva e dos poluentes, de modo que ele possa manter um bom desempenho em ambientes \u00famidos e adversos.<\/p>\n<p>Alta resist\u00eancia: O a\u00e7o para intemperismo tem alta resist\u00eancia \u00e0 tra\u00e7\u00e3o e \u00e0 compress\u00e3o e pode suportar maior press\u00e3o do solo.<\/p>\n<p>Manuten\u00e7\u00e3o simples: Devido \u00e0 sua excelente resist\u00eancia a intemp\u00e9ries, o defletor de a\u00e7o para intemp\u00e9ries requer baixos custos de manuten\u00e7\u00e3o durante o uso.<\/p>\n<p>Est\u00e9tica: A textura de ferrugem formada naturalmente na superf\u00edcie do a\u00e7o envelhecido pode agregar beleza, sendo adequada para a arquitetura urbana e paisag\u00edstica.<\/p>\n<p><img decoding=\"async\" class=\"\" src=\"https:\/\/sc04.alicdn.com\/kf\/H254e4e58aa4a4cd7ae5f7f5b9a8def6eJ\/223026859\/H254e4e58aa4a4cd7ae5f7f5b9a8def6eJ.jpg\" width=\"595\" height=\"595\" \/><\/p>\n<div class=\"text-title\">\n<h2 class=\"magic-9\"><b class=\"magic-24\"><span class=\"magic-10\" style=\"color: #000000;\" data-spm-anchor-id=\"a2700.details.0.i44.6227b6fedKS63A\">Introdu\u00e7\u00e3o ao a\u00e7o corten enferrujado<\/span><\/b><\/h2>\n<p><span class=\"magic-15\" style=\"color: #000000;\" data-spm-anchor-id=\"a2700.details.0.i46.6227b6fedKS63A\"><b data-spm-anchor-id=\"a2700.details.0.i45.6227b6fedKS63A\">A\u00e7o corten<\/b>\u00a0O produto manter\u00e1 a superf\u00edcie preta original quando comprado pela primeira vez. V\u00e1rios meses depois, parecer\u00e1 manchado antes de receber uma camada de cor uniforme e agrad\u00e1vel. Isso \u00e9 causado pelas diferen\u00e7as no solo, nas condi\u00e7\u00f5es do ar e em seus diferentes locais. <\/span><\/p>\n<div><span class=\"magic-15\" style=\"color: #000000;\">\u00a0<\/span><\/div>\n<div><span class=\"magic-15\" style=\"color: #000000;\">Por fim, voc\u00ea ter\u00e1 a bela cor Rusty, como mostra a foto \u00e0 direita. Al\u00e9m disso, temos o processamento do Rusty diretamente, sem perda de tempo.<\/span><\/div>\n<div>\n<div class=\"mceTemp\">\nCORTEN EDGING<\/p>\n<figure style=\"width: 750px\" class=\"wp-caption alignnone\"><a href=\"https:\/\/keweicorten.com\/pt\"><img decoding=\"async\" title=\"bordas de A\u00c7O corten\" src=\"https:\/\/sc02.alicdn.com\/kf\/H650f0e63dacb4e35bd6d646fd2d0975cK\/235950374\/H650f0e63dacb4e35bd6d646fd2d0975cK.jpg\" alt=\"\" width=\"750\" height=\"404\" \/><\/a><figcaption class=\"wp-caption-text\">bordas de A\u00c7O corten<\/figcaption><\/figure>\n<\/div>\n<\/div>","protected":false},"excerpt":{"rendered":"<p>Escolha a borda do jardim de a\u00e7o Corten para desfrutar de alta qualidade e design elegante, criando um espa\u00e7o externo exclusivo que aprimora a beleza e a funcionalidade geral do jardim.<\/p>","protected":false},"featured_media":1138,"comment_status":"open","ping_status":"closed","template":"","meta":{"_eb_attr":"","_monsterinsights_skip_tracking":false,"_monsterinsights_sitenote_active":false,"_monsterinsights_sitenote_note":"","_monsterinsights_sitenote_category":0,"_uf_show_specific_survey":0,"_uf_disable_surveys":false},"product_brand":[],"product_cat":[58],"product_tag":[],"class_list":{"0":"post-1137","1":"product","2":"type-product","3":"status-publish","4":"has-post-thumbnail","6":"product_cat-garden-edging","8":"first","9":"instock","10":"shipping-taxable","11":"product-type-simple"},"_links":{"self":[{"href":"https:\/\/keweicorten.com\/pt\/wp-json\/wp\/v2\/product\/1137"}],"collection":[{"href":"https:\/\/keweicorten.com\/pt\/wp-json\/wp\/v2\/product"}],"about":[{"href":"https:\/\/keweicorten.com\/pt\/wp-json\/wp\/v2\/types\/product"}],"replies":[{"embeddable":true,"href":"https:\/\/keweicorten.com\/pt\/wp-json\/wp\/v2\/comments?post=1137"}],"version-history":[{"count":2,"href":"https:\/\/keweicorten.com\/pt\/wp-json\/wp\/v2\/product\/1137\/revisions"}],"predecessor-version":[{"id":1142,"href":"https:\/\/keweicorten.com\/pt\/wp-json\/wp\/v2\/product\/1137\/revisions\/1142"}],"wp:featuredmedia":[{"embeddable":true,"href":"https:\/\/keweicorten.com\/pt\/wp-json\/wp\/v2\/media\/1138"}],"wp:attachment":[{"href":"https:\/\/keweicorten.com\/pt\/wp-json\/wp\/v2\/media?parent=1137"}],"wp:term":[{"taxonomy":"product_brand","embeddable":true,"href":"https:\/\/keweicorten.com\/pt\/wp-json\/wp\/v2\/product_brand?post=1137"},{"taxonomy":"product_cat","embeddable":true,"href":"https:\/\/keweicorten.com\/pt\/wp-json\/wp\/v2\/product_cat?post=1137"},{"taxonomy":"product_tag","embeddable":true,"href":"https:\/\/keweicorten.com\/pt\/wp-json\/wp\/v2\/product_tag?post=1137"}],"curies":[{"name":"wp","href":"https:\/\/api.w.org\/{rel}","templated":true}]}}