{"id":1143,"date":"2024-09-12T03:32:05","date_gmt":"2024-09-12T03:32:05","guid":{"rendered":"https:\/\/keweicorten.com\/?post_type=product&#038;p=1143"},"modified":"2025-01-15T06:15:15","modified_gmt":"2025-01-15T06:15:15","slug":"bordas-de-jardim","status":"publish","type":"product","link":"https:\/\/keweicorten.com\/pt\/bordas-de-jardim\/","title":{"rendered":"Borda de corten para paisagismo"},"content":{"rendered":"<div class=\"text-title\">\n<figure style=\"width: 750px\" class=\"wp-caption alignnone\"><a href=\"https:\/\/keweicorten.com\/pt\/entre-em-contato-conosco\/\"><img fetchpriority=\"high\" decoding=\"async\" title=\"Borda de corten para paisagismo\" src=\"https:\/\/sc04.alicdn.com\/kf\/A4a230982885047639f8ccbda507af4993\/276435419\/A4a230982885047639f8ccbda507af4993.jpg\" alt=\"Borda de corten para paisagismo\" width=\"750\" height=\"454\" \/><\/a><figcaption class=\"wp-caption-text\">Borda de corten para paisagismo<\/figcaption><\/figure>\n<h2 class=\"magic-9\"><b class=\"magic-22\"><span class=\"magic-10\" style=\"color: #000000;\" data-spm-anchor-id=\"a2700.details.0.i40.6227b6fedKS63A\">A\u00e7o corten Aplica\u00e7\u00e3o:<\/span><\/b><\/h2>\n<\/div>\n<div class=\"text-content\">\n<p><span class=\"magic-15\" style=\"color: #000000;\" data-spm-anchor-id=\"a2700.details.0.i49.6227b6fedKS63A\">O a\u00e7o corten \u00e9 um a\u00e7o resistente \u00e0s intemp\u00e9ries. Esse material \u00e9 um a\u00e7o resistente \u00e0 corros\u00e3o que, se n\u00e3o for revestido, desenvolve uma p\u00e1tina na camada externa.\u00a0<\/span><\/p>\n<div><span style=\"color: #000000;\"><br \/>\n<\/span><\/p>\n<div><span style=\"color: #000000;\">Essa p\u00e1tina protege o a\u00e7o contra corros\u00e3o adicional. \u00c9 uma liga de a\u00e7o de alta resist\u00eancia e \u00e9 usada quando se deseja maior resist\u00eancia e um material com ciclo de vida mais longo.<\/span><\/div>\n<div>\n<table style=\"height: 212px;\" width=\"746\">\n<tbody>\n<tr>\n<td colspan=\"1\" rowspan=\"1\">\n<div data-spm-anchor-id=\"a2700.details.0.i42.448a13b5E0l0Oz\">Nome do produto<\/div>\n<\/td>\n<td colspan=\"1\" rowspan=\"1\">\n<div>A\u00e7o Galvanizado e Corten A\u00e7o com revestimento em p\u00f3 preto Borda de a\u00e7o para paisagismo<\/div>\n<\/td>\n<\/tr>\n<tr>\n<td colspan=\"1\" rowspan=\"1\">\n<div>Material<\/div>\n<\/td>\n<td colspan=\"1\" rowspan=\"1\">\n<div>A\u00e7o corten, a\u00e7o galvanizado, etc.<\/div>\n<\/td>\n<\/tr>\n<tr>\n<td colspan=\"1\" rowspan=\"1\">\n<div data-spm-anchor-id=\"a2700.details.0.i41.448a13b5E0l0Oz\">Tamanho<\/div>\n<\/td>\n<td colspan=\"1\" rowspan=\"1\">\n<div>Face de 100 mm, 150 mm ou personalizada<\/div>\n<\/td>\n<\/tr>\n<tr>\n<td colspan=\"1\" rowspan=\"1\">\n<div>Espig\u00f5es<\/div>\n<\/td>\n<td colspan=\"1\" rowspan=\"1\">\n<div>Com ou sem<\/div>\n<\/td>\n<\/tr>\n<tr>\n<td colspan=\"1\" rowspan=\"1\">\n<div>Cor<\/div>\n<\/td>\n<td colspan=\"1\" rowspan=\"1\">\n<div>A\u00e7o natural, v\u00e1rias cores<\/div>\n<\/td>\n<\/tr>\n<tr>\n<td colspan=\"1\" rowspan=\"1\">\n<div>Plantas<\/div>\n<\/td>\n<td colspan=\"1\" rowspan=\"1\">\n<div>Plantas verdes, plantas artificiais<\/div>\n<\/td>\n<\/tr>\n<\/tbody>\n<\/table>\n<\/div>\n<div>\n<figure style=\"width: 750px\" class=\"wp-caption alignnone\"><a href=\"https:\/\/keweicorten.com\/pt\/entre-em-contato-conosco\/\"><img decoding=\"async\" title=\"Borda de a\u00e7o corten para paisagismo\" src=\"https:\/\/sc02.alicdn.com\/kf\/H650f0e63dacb4e35bd6d646fd2d0975cK\/235950374\/H650f0e63dacb4e35bd6d646fd2d0975cK.jpg\" alt=\"Borda de a\u00e7o corten para paisagismo\" width=\"750\" height=\"404\" \/><\/a><figcaption class=\"wp-caption-text\">Borda de a\u00e7o corten para paisagismo<\/figcaption><\/figure>\n<\/div>\n<h2>COMO INSTALAR<\/h2>\n<p>O espig\u00e3o da borda corten para paisagismo corta a sujeira com facilidade. Cada tira pode ser instalada em menos de 1 minuto e se mant\u00e9m firmemente no lugar. \u00c9 incrivelmente f\u00e1cil de instalar - na verdade, as \u00fanicas ferramentas necess\u00e1rias s\u00e3o um bloco de madeira de 4\u2033 x 2\u2033 e um martelo.<\/p>\n<figure style=\"width: 635px\" class=\"wp-caption alignnone\"><a href=\"https:\/\/keweicorten.com\/pt\/entre-em-contato-conosco\/\"><img decoding=\"async\" title=\"Borda de gramado de corten\" src=\"https:\/\/sc04.alicdn.com\/kf\/HTB1kC8LQFXXXXcTXFXXq6xXFXXX5\/223026859\/HTB1kC8LQFXXXXcTXFXXq6xXFXXX5.jpg\" alt=\"Borda de gramado de corten\" width=\"635\" height=\"477\" \/><\/a><figcaption class=\"wp-caption-text\">Borda de gramado de corten<\/figcaption><\/figure>\n<p>O conjunto de bordas de corten para paisagens externas cria um ponto focal acolhedor para sua \u00e1rea de conviv\u00eancia externa. Constru\u00eddas em a\u00e7o dur\u00e1vel com acabamento oxidado pela ferrugem, essas bordas apresentam um design simples com pontas. As bordas transmitem uma vibra\u00e7\u00e3o r\u00fastica moderna que elevar\u00e1 a apar\u00eancia das \u00e1reas de seu p\u00e1tio e terra\u00e7o. Utilize essas bordas e jardineiras para abrigar seus arbustos ou flores. Perfeito como um conjunto e melhor ainda quando usado em v\u00e1rias unidades.<\/p>\n<h2>Algumas vantagens de <span class=\"keyword _ngcontent-dwf-109\" aria-hidden=\"false\">Borda de a\u00e7o corten <\/span>na horticultura:<\/h2>\n<p>Resist\u00eancia \u00e0 corros\u00e3o<br \/>\nO a\u00e7o corten tem boa resist\u00eancia \u00e0 corros\u00e3o e forma uma pel\u00edcula protetora contra a corros\u00e3o em sua superf\u00edcie, o que pode prevenir efetivamente a corros\u00e3o adicional e garantir sua estabilidade a longo prazo, inclusive ao lidar com ambientes \u00famidos e produtos qu\u00edmicos no solo.<\/p>\n<p>Est\u00e9tica<\/p>\n<p>Estabilidade estrutural<br \/>\nDevido \u00e0 sua alta resist\u00eancia e rigidez, as placas de reten\u00e7\u00e3o de Corten sustentam o solo de forma eficaz, evitam a eros\u00e3o e a eros\u00e3o do solo e garantem a estabilidade de longo prazo dos projetos de horticultura.<\/p>\n<p>Baixo custo de manuten\u00e7\u00e3o<br \/>\nO a\u00e7o corten tem requisitos de manuten\u00e7\u00e3o mais baixos do que outros materiais.<\/p>\n<p>Prote\u00e7\u00e3o ambiental<\/p>\n<p>versatilidade<br \/>\nLimites e divis\u00f5es ou \u00e1reas de paisagem.<br \/>\nAl\u00edvio aprimorado<br \/>\nCanteiros de flores ou hortas<\/p>\n<p>F\u00e1cil de instalar<br \/>\nO a\u00e7o corten pode ser cortado em diferentes formas e tamanhos, conforme necess\u00e1rio<\/p>\n<\/div>\n<\/div>","protected":false},"excerpt":{"rendered":"<p>Explore nossos produtos de borda Corten para obter solu\u00e7\u00f5es de jardinagem dur\u00e1veis e esteticamente agrad\u00e1veis. Aprimore seu espa\u00e7o externo e desfrute de qualidade duradoura com design exclusivo.<\/p>","protected":false},"featured_media":1144,"comment_status":"open","ping_status":"closed","template":"","meta":{"_eb_attr":"","_monsterinsights_skip_tracking":false,"_monsterinsights_sitenote_active":false,"_monsterinsights_sitenote_note":"","_monsterinsights_sitenote_category":0,"_uf_show_specific_survey":0,"_uf_disable_surveys":false},"product_brand":[],"product_cat":[58],"product_tag":[],"class_list":{"0":"post-1143","1":"product","2":"type-product","3":"status-publish","4":"has-post-thumbnail","6":"product_cat-garden-edging","8":"first","9":"instock","10":"shipping-taxable","11":"product-type-simple"},"_links":{"self":[{"href":"https:\/\/keweicorten.com\/pt\/wp-json\/wp\/v2\/product\/1143"}],"collection":[{"href":"https:\/\/keweicorten.com\/pt\/wp-json\/wp\/v2\/product"}],"about":[{"href":"https:\/\/keweicorten.com\/pt\/wp-json\/wp\/v2\/types\/product"}],"replies":[{"embeddable":true,"href":"https:\/\/keweicorten.com\/pt\/wp-json\/wp\/v2\/comments?post=1143"}],"version-history":[{"count":2,"href":"https:\/\/keweicorten.com\/pt\/wp-json\/wp\/v2\/product\/1143\/revisions"}],"predecessor-version":[{"id":1878,"href":"https:\/\/keweicorten.com\/pt\/wp-json\/wp\/v2\/product\/1143\/revisions\/1878"}],"wp:featuredmedia":[{"embeddable":true,"href":"https:\/\/keweicorten.com\/pt\/wp-json\/wp\/v2\/media\/1144"}],"wp:attachment":[{"href":"https:\/\/keweicorten.com\/pt\/wp-json\/wp\/v2\/media?parent=1143"}],"wp:term":[{"taxonomy":"product_brand","embeddable":true,"href":"https:\/\/keweicorten.com\/pt\/wp-json\/wp\/v2\/product_brand?post=1143"},{"taxonomy":"product_cat","embeddable":true,"href":"https:\/\/keweicorten.com\/pt\/wp-json\/wp\/v2\/product_cat?post=1143"},{"taxonomy":"product_tag","embeddable":true,"href":"https:\/\/keweicorten.com\/pt\/wp-json\/wp\/v2\/product_tag?post=1143"}],"curies":[{"name":"wp","href":"https:\/\/api.w.org\/{rel}","templated":true}]}}