{"id":1159,"date":"2024-09-12T08:59:48","date_gmt":"2024-09-12T08:59:48","guid":{"rendered":"https:\/\/keweicorten.com\/?post_type=product&#038;p=1159"},"modified":"2025-01-15T06:27:40","modified_gmt":"2025-01-15T06:27:40","slug":"cuba-de-incendio-em-aco-corten","status":"publish","type":"product","link":"https:\/\/keweicorten.com\/pt\/cuba-de-incendio-em-aco-corten\/","title":{"rendered":"cuba de inc\u00eandio em a\u00e7o corten"},"content":{"rendered":"<h2><strong>Vantagens de um Fire Bowl de a\u00e7o corten<\/strong><\/h2>\n<ol>\n<li><strong>Durabilidade<\/strong>: O a\u00e7o corten \u00e9 altamente dur\u00e1vel e resistente \u00e0 corros\u00e3o devido \u00e0 sua capacidade de desenvolver uma camada protetora de ferrugem. Essa p\u00e1tina protege o a\u00e7o de outros danos causados pelas intemp\u00e9ries, permitindo que a tigela de fogo resista a condi\u00e7\u00f5es clim\u00e1ticas adversas sem se deteriorar.<\/li>\n<li><strong>Apelo est\u00e9tico<\/strong>: Os tons ricos e terrosos da superf\u00edcie enferrujada criam uma apar\u00eancia quente e r\u00fastica que combina bem com ambientes naturais. Com o tempo, a tigela de fogo adquire uma apar\u00eancia mais madura e texturizada, tornando-se um ponto focal em jardins, p\u00e1tios ou terra\u00e7os.<\/li>\n<li><strong>Baixa manuten\u00e7\u00e3o<\/strong>: Diferentemente das lareiras de a\u00e7o comuns, que exigem repintura frequente ou tratamentos anticorrosivos, as lareiras de Corten praticamente n\u00e3o precisam de manuten\u00e7\u00e3o. A camada de ferrugem serve como prote\u00e7\u00e3o, reduzindo a necessidade de manuten\u00e7\u00e3o.<\/li>\n<li><strong>Resist\u00eancia ao calor<\/strong>: O a\u00e7o corten tem excelente resist\u00eancia ao calor, o que o torna ideal para fogueiras. Ele pode suportar altas temperaturas sem deformar ou rachar, garantindo o uso a longo prazo.<\/li>\n<li><strong>Sustentabilidade<\/strong>: As bacias de fogo de corten s\u00e3o ecologicamente corretas, pois s\u00e3o feitas de a\u00e7o recicl\u00e1vel e t\u00eam uma longa vida \u00fatil, reduzindo o desperd\u00edcio e a necessidade de substitui\u00e7\u00f5es.<\/li>\n<\/ol>\n<figure style=\"width: 750px\" class=\"wp-caption alignnone\"><a href=\"https:\/\/keweicorten.com\/pt\/entre-em-contato-conosco\/\"><img fetchpriority=\"high\" decoding=\"async\" title=\"fogueira de corten\" src=\"http:\/\/sc04.alicdn.com\/kf\/H77c1eb0f864d442bafb1efb104310746P\/252624420\/H77c1eb0f864d442bafb1efb104310746P.jpg\" alt=\"fogueira de corten\" width=\"750\" height=\"321\" \/><\/a><figcaption class=\"wp-caption-text\">fogueira de corten<\/figcaption><\/figure>\n<h2><strong>Aplica\u00e7\u00f5es de um Fire Bowl de Corten<\/strong><\/h2>\n<ol>\n<li><strong>Fogueiras externas<\/strong>: As bacias de fogo de corten s\u00e3o perfeitas para espa\u00e7os de conviv\u00eancia ao ar livre, proporcionando calor e um ponto de encontro para amigos e familiares. Seu design atemporal complementa paisagens modernas, r\u00fasticas e de estilo industrial.<\/li>\n<li><strong>Decora\u00e7\u00e3o de jardim ou p\u00e1tio<\/strong>: Essas bacias de inc\u00eandio podem ser usadas como pe\u00e7as decorativas mesmo quando n\u00e3o estiverem em uso. Sua apar\u00eancia natural enferrujada acrescenta personalidade a jardins, p\u00e1tios ou jardins internos, servindo como elementos funcionais e est\u00e9ticos.<\/li>\n<li><strong>Espa\u00e7os comerciais<\/strong>: As bacias de inc\u00eandio de cort\u00eanio tamb\u00e9m s\u00e3o usadas em espa\u00e7os comerciais, como restaurantes, hot\u00e9is e parques p\u00fablicos. Seu impressionante apelo visual e sua durabilidade as tornam adequadas para a cria\u00e7\u00e3o de fogueiras em ambientes externos.<\/li>\n<\/ol>\n<figure style=\"width: 743px\" class=\"wp-caption alignnone\"><a href=\"https:\/\/keweicorten.com\/pt\"><img decoding=\"async\" title=\"tigela para fogueira de a\u00e7o corten\" src=\"https:\/\/sc04.alicdn.com\/kf\/H14ba7ae6c2fc4278a692757a35209734O\/268101461\/H14ba7ae6c2fc4278a692757a35209734O.jpg\" alt=\"tigela para fogueira de a\u00e7o corten\" width=\"743\" height=\"507\" \/><\/a><figcaption class=\"wp-caption-text\">tigela para fogueira de a\u00e7o corten<\/figcaption><\/figure>\n<h2><strong>Cuidados e manuten\u00e7\u00e3o<\/strong><\/h2>\n<p>Embora as bacias de inc\u00eandio de Corten exijam pouca manuten\u00e7\u00e3o, \u00e9 importante:<\/p>\n<ul>\n<li>Coloque-os em uma \u00e1rea bem ventilada para permitir o desenvolvimento uniforme da p\u00e1tina.<\/li>\n<li>Evite usar produtos qu\u00edmicos agressivos para limpar o recipiente, pois isso pode danificar a camada protetora de ferrugem.<\/li>\n<li>Remova regularmente as cinzas e os detritos para evitar o ac\u00famulo e melhorar o fluxo de ar durante o uso.<\/li>\n<\/ul>","protected":false},"excerpt":{"rendered":"<p>Uma fogueira \u00e9 uma maneira segura e segura de trazer a sensa\u00e7\u00e3o r\u00fastica de uma fogueira para o seu quintal, deck ou p\u00e1tio.<\/p>","protected":false},"featured_media":1160,"comment_status":"open","ping_status":"closed","template":"","meta":{"_eb_attr":"","_monsterinsights_skip_tracking":false,"_monsterinsights_sitenote_active":false,"_monsterinsights_sitenote_note":"","_monsterinsights_sitenote_category":0,"_uf_show_specific_survey":0,"_uf_disable_surveys":false},"product_brand":[],"product_cat":[54],"product_tag":[],"class_list":{"0":"post-1159","1":"product","2":"type-product","3":"status-publish","4":"has-post-thumbnail","6":"product_cat-wood-fire-pit","8":"first","9":"instock","10":"shipping-taxable","11":"product-type-simple"},"_links":{"self":[{"href":"https:\/\/keweicorten.com\/pt\/wp-json\/wp\/v2\/product\/1159"}],"collection":[{"href":"https:\/\/keweicorten.com\/pt\/wp-json\/wp\/v2\/product"}],"about":[{"href":"https:\/\/keweicorten.com\/pt\/wp-json\/wp\/v2\/types\/product"}],"replies":[{"embeddable":true,"href":"https:\/\/keweicorten.com\/pt\/wp-json\/wp\/v2\/comments?post=1159"}],"version-history":[{"count":1,"href":"https:\/\/keweicorten.com\/pt\/wp-json\/wp\/v2\/product\/1159\/revisions"}],"predecessor-version":[{"id":1161,"href":"https:\/\/keweicorten.com\/pt\/wp-json\/wp\/v2\/product\/1159\/revisions\/1161"}],"wp:featuredmedia":[{"embeddable":true,"href":"https:\/\/keweicorten.com\/pt\/wp-json\/wp\/v2\/media\/1160"}],"wp:attachment":[{"href":"https:\/\/keweicorten.com\/pt\/wp-json\/wp\/v2\/media?parent=1159"}],"wp:term":[{"taxonomy":"product_brand","embeddable":true,"href":"https:\/\/keweicorten.com\/pt\/wp-json\/wp\/v2\/product_brand?post=1159"},{"taxonomy":"product_cat","embeddable":true,"href":"https:\/\/keweicorten.com\/pt\/wp-json\/wp\/v2\/product_cat?post=1159"},{"taxonomy":"product_tag","embeddable":true,"href":"https:\/\/keweicorten.com\/pt\/wp-json\/wp\/v2\/product_tag?post=1159"}],"curies":[{"name":"wp","href":"https:\/\/api.w.org\/{rel}","templated":true}]}}