{"id":1185,"date":"2024-09-13T02:16:19","date_gmt":"2024-09-13T02:16:19","guid":{"rendered":"https:\/\/keweicorten.com\/?post_type=product&#038;p=1185"},"modified":"2025-01-15T06:27:24","modified_gmt":"2025-01-15T06:27:24","slug":"fogueira-retangular","status":"publish","type":"product","link":"https:\/\/keweicorten.com\/pt\/fogueira-retangular\/","title":{"rendered":"fogueira retangular"},"content":{"rendered":"<h2>Fogueira retangular de a\u00e7o corten para maior durabilidade:<\/h2>\n<p>O a\u00e7o Corten (tamb\u00e9m conhecido como a\u00e7o para intemp\u00e9ries) \u00e9 uma liga de a\u00e7o com boa resist\u00eancia \u00e0 corros\u00e3o, comumente usada em produtos como m\u00f3veis para exteriores, constru\u00e7\u00e3o e fogueiras. A durabilidade da fogueira retangular feita de a\u00e7o Corten se reflete principalmente nos seguintes aspectos:<\/p>\n<p>Resist\u00eancia \u00e0 corros\u00e3o: a camada de corros\u00e3o formada na superf\u00edcie do a\u00e7o Corten pode proteger efetivamente o metal interno e evitar mais corros\u00e3o. Isso o torna excelente em ambientes externos, especialmente em climas \u00famidos ou chuvosos.<\/p>\n<p>Resist\u00eancia a altas temperaturas: O a\u00e7o corten pode resistir a altas temperaturas, sendo adequado para uso como material para fogueiras. Em um ambiente de alta temperatura, suas propriedades f\u00edsicas n\u00e3o ser\u00e3o afetadas significativamente.<\/p>\n<p>Bela apar\u00eancia: o a\u00e7o corten formar\u00e1 uma cor \u00fanica de ferrugem com o tempo, acrescentando uma beleza natural \u00e0 fogueira e, com o tempo, essa apar\u00eancia se aprofundar\u00e1 gradualmente, diferente de outros materiais da fogueira.<\/p>\n<p>For\u00e7a e resist\u00eancia: O a\u00e7o corten tem alta resist\u00eancia, boa tenacidade e pode suportar grandes pesos e impactos, portanto, n\u00e3o \u00e9 f\u00e1cil danific\u00e1-lo no uso di\u00e1rio.<\/p>\n<p>Manuten\u00e7\u00e3o simples: Embora o a\u00e7o corten possa enferrujar, ele geralmente n\u00e3o requer manuten\u00e7\u00e3o especial. A limpeza e a inspe\u00e7\u00e3o ocasionais podem mant\u00ea-lo em boas condi\u00e7\u00f5es.<\/p>\n<figure style=\"width: 560px\" class=\"wp-caption alignnone\"><a href=\"https:\/\/keweicorten.com\/pt\/entre-em-contato-conosco\/\"><img fetchpriority=\"high\" decoding=\"async\" class=\"\" title=\"fogueira\" src=\"https:\/\/sc04.alicdn.com\/kf\/H60df13f6dc9647ea9a7650652491828df\/253038816\/H60df13f6dc9647ea9a7650652491828df.jpg\" alt=\"\" width=\"560\" height=\"560\" \/><\/a><figcaption class=\"wp-caption-text\">fogueira<\/figcaption><\/figure>\n<p>Essa fogueira com aquecedor para ambientes externos \u00e9 perfeita para criar uma atmosfera aconchegante e convidativa em seu espa\u00e7o de conviv\u00eancia ao ar livre, seja em um p\u00e1tio, deck ou quintal. Ele fornece calor e ambiente, permitindo que voc\u00ea aproveite o ar livre mesmo durante as esta\u00e7\u00f5es mais frias.<\/p>\n<figure style=\"width: 557px\" class=\"wp-caption alignnone\"><a href=\"https:\/\/keweicorten.com\/pt\"><img decoding=\"async\" class=\"\" title=\"Fogueira a g\u00e1s\" src=\"https:\/\/sc04.alicdn.com\/kf\/Hc231db4a5b974aa583a6dbafea6de497j\/253038816\/Hc231db4a5b974aa583a6dbafea6de497j.jpg\" alt=\"\" width=\"557\" height=\"557\" \/><\/a><figcaption class=\"wp-caption-text\">Fogueira a g\u00e1s<\/figcaption><\/figure>\n<div class=\"J_module\">\n<div class=\"detail-decorate-json-renderer-container\">\n<div class=\"magic-8\">\n<div class=\"magic-9\">\n<div class=\"magic-10\" data-spm-anchor-id=\"a2700.details.0.i44.15a8483bWMzzev\">\n<div class=\"magic-11\"><span data-spm-anchor-id=\"a2700.details.0.i43.15a8483bWMzzev\">Com sua constru\u00e7\u00e3o dur\u00e1vel, sistema de combust\u00edvel eficiente e experi\u00eancia de fogo natural, essa fogueira com aquecedor para ambientes externos \u00e9 uma \u00f3tima op\u00e7\u00e3o para quem quer se divertir.<br \/>\nAl\u00e9m disso, o sistema \u00e9 um complemento para qualquer espa\u00e7o externo. Ele oferece funcionalidade e est\u00e9tica, o que o torna um investimento vers\u00e1til e duradouro.<\/span><\/div>\n<\/div>\n<\/div>\n<\/div>\n<\/div>\n<\/div>\n<div class=\"J_module\">\n<div class=\"J_module\">\n<p id=\"ali-anchor-AliMagic-c3jg5w\" class=\"magic-3\" data-section=\"AliMagic-c3jg5w\" data-section-title=\"Exhibition\" data-spm-anchor-id=\"a2700.details.0.i45.15a8483bWMzzev\">Exposi\u00e7\u00e3o<\/p>\n<\/div>\n<div class=\"J_module\">\n<div class=\"icbu-pc-images magic-0\">\n<div>\n<div class=\"flex-layout-v\">\n<div class=\"flex-layout-h magic-0\">\n<div class=\"magic-39\">\n<figure style=\"width: 700px\" class=\"wp-caption alignnone\"><a href=\"https:\/\/keweicorten.com\/pt\"><img decoding=\"async\" class=\"magic-40\" title=\"mesa com fogo\" src=\"https:\/\/sc04.alicdn.com\/kf\/H9226ec0116f94907a0411307640a9146o\/253038816\/H9226ec0116f94907a0411307640a9146o.jpg\" alt=\"\" width=\"700\" height=\"200\" data-src=\"\/\/sc04.alicdn.com\/kf\/H9226ec0116f94907a0411307640a9146o\/253038816\/H9226ec0116f94907a0411307640a9146o.jpg\" \/><\/a><figcaption class=\"wp-caption-text\">mesa com fogo<\/figcaption><\/figure>\n<\/div>\n<\/div>\n<\/div>\n<\/div>\n<\/div>\n<\/div>\n<div class=\"J_module\">\n<div class=\"icbu-pc-images magic-0\">\n<div>\n<div class=\"flex-layout-v\">\n<div class=\"flex-layout-h magic-0\">\n<div class=\"magic-39\">\n<figure style=\"width: 700px\" class=\"wp-caption alignnone\"><a href=\"https:\/\/keweicorten.com\/pt\"><img loading=\"lazy\" decoding=\"async\" class=\"magic-40\" title=\"FOG\u00c3O \" src=\"https:\/\/sc04.alicdn.com\/kf\/H4ed416c0efba48138a0d71bfbaf9f14dF\/253038816\/H4ed416c0efba48138a0d71bfbaf9f14dF.jpg\" alt=\"\" width=\"700\" height=\"200\" data-src=\"\/\/sc04.alicdn.com\/kf\/H4ed416c0efba48138a0d71bfbaf9f14dF\/253038816\/H4ed416c0efba48138a0d71bfbaf9f14dF.jpg\" \/><\/a><figcaption class=\"wp-caption-text\">FOG\u00c3O<\/figcaption><\/figure>\n<\/div>\n<\/div>\n<\/div>\n<\/div>\n<\/div>\n<\/div>\n<\/div>","protected":false},"excerpt":{"rendered":"<p>A durabilidade das lareiras retangulares de a\u00e7o Corten \u00e9 muito boa, mas, para prolongar sua vida \u00fatil, geralmente \u00e9 recomend\u00e1vel evitar longos per\u00edodos de imers\u00e3o em \u00e1gua e garantir que a lareira possa ser bem ventilada quando n\u00e3o estiver em uso.<\/p>\n<table class=\"has-title all magic-30\">\n<tbody>\n<tr>\n<td colspan=\"1\" rowspan=\"1\">\n<div class=\"magic-31\" data-spm-anchor-id=\"a2700.details.0.i47.15a8483bWMzzev\">item<\/div>\n<\/td>\n<td colspan=\"1\" rowspan=\"1\">\n<div class=\"magic-32\">valor<\/div>\n<\/td>\n<\/tr>\n<tr>\n<td colspan=\"1\" rowspan=\"1\">\n<div class=\"magic-33\">Cor<\/div>\n<\/td>\n<td colspan=\"1\" rowspan=\"1\">\n<div class=\"magic-34\">Vermelho\/preto enferrujado<\/div>\n<\/td>\n<\/tr>\n<tr>\n<td colspan=\"1\" rowspan=\"1\">\n<div class=\"magic-33\">Material<\/div>\n<\/td>\n<td colspan=\"1\" rowspan=\"1\">\n<div class=\"magic-34\">A\u00e7o corten<\/div>\n<\/td>\n<\/tr>\n<tr>\n<td colspan=\"1\" rowspan=\"1\">\n<div class=\"magic-33\">Acabamento<\/div>\n<\/td>\n<td colspan=\"1\" rowspan=\"1\">\n<div class=\"magic-34\">Revestimento em p\u00f3, pintura, galvanizado<\/div>\n<\/td>\n<\/tr>\n<\/tbody>\n<\/table>","protected":false},"featured_media":1191,"comment_status":"open","ping_status":"closed","template":"","meta":{"_eb_attr":"","_monsterinsights_skip_tracking":false,"_monsterinsights_sitenote_active":false,"_monsterinsights_sitenote_note":"","_monsterinsights_sitenote_category":0,"_uf_show_specific_survey":0,"_uf_disable_surveys":false},"product_brand":[],"product_cat":[55],"product_tag":[],"class_list":{"0":"post-1185","1":"product","2":"type-product","3":"status-publish","4":"has-post-thumbnail","6":"product_cat-gas-fire-pit","8":"first","9":"instock","10":"shipping-taxable","11":"product-type-simple"},"_links":{"self":[{"href":"https:\/\/keweicorten.com\/pt\/wp-json\/wp\/v2\/product\/1185"}],"collection":[{"href":"https:\/\/keweicorten.com\/pt\/wp-json\/wp\/v2\/product"}],"about":[{"href":"https:\/\/keweicorten.com\/pt\/wp-json\/wp\/v2\/types\/product"}],"replies":[{"embeddable":true,"href":"https:\/\/keweicorten.com\/pt\/wp-json\/wp\/v2\/comments?post=1185"}],"version-history":[{"count":1,"href":"https:\/\/keweicorten.com\/pt\/wp-json\/wp\/v2\/product\/1185\/revisions"}],"predecessor-version":[{"id":1190,"href":"https:\/\/keweicorten.com\/pt\/wp-json\/wp\/v2\/product\/1185\/revisions\/1190"}],"wp:featuredmedia":[{"embeddable":true,"href":"https:\/\/keweicorten.com\/pt\/wp-json\/wp\/v2\/media\/1191"}],"wp:attachment":[{"href":"https:\/\/keweicorten.com\/pt\/wp-json\/wp\/v2\/media?parent=1185"}],"wp:term":[{"taxonomy":"product_brand","embeddable":true,"href":"https:\/\/keweicorten.com\/pt\/wp-json\/wp\/v2\/product_brand?post=1185"},{"taxonomy":"product_cat","embeddable":true,"href":"https:\/\/keweicorten.com\/pt\/wp-json\/wp\/v2\/product_cat?post=1185"},{"taxonomy":"product_tag","embeddable":true,"href":"https:\/\/keweicorten.com\/pt\/wp-json\/wp\/v2\/product_tag?post=1185"}],"curies":[{"name":"wp","href":"https:\/\/api.w.org\/{rel}","templated":true}]}}