{"id":1192,"date":"2024-09-13T03:01:53","date_gmt":"2024-09-13T03:01:53","guid":{"rendered":"https:\/\/keweicorten.com\/?post_type=product&#038;p=1192"},"modified":"2025-01-15T06:27:15","modified_gmt":"2025-01-15T06:27:15","slug":"churrasqueira","status":"publish","type":"product","link":"https:\/\/keweicorten.com\/pt\/churrasqueira\/","title":{"rendered":"Fogueira de a\u00e7o corten"},"content":{"rendered":"<h2>Vantagens da fogueira de a\u00e7o corten:<\/h2>\n<ul>\n<li>Resist\u00eancia \u00e0 corros\u00e3o: maior durabilidade quando usado em ambientes externos.<\/li>\n<li>\u00a0Bonito: o a\u00e7o corten tem uma apar\u00eancia \u00fanica de ferrugem e, com o tempo, formar\u00e1 um contraste maravilhoso com o ambiente ao redor, criando uma atmosfera natural e art\u00edstica, adequada para uma variedade de paisagens externas.<\/li>\n<li>Baixo custo de manuten\u00e7\u00e3o: Devido \u00e0 sua resist\u00eancia \u00e0s intemp\u00e9ries, a fogueira de a\u00e7o Corten n\u00e3o requer manuten\u00e7\u00e3o e pintura frequentes, em compara\u00e7\u00e3o com o a\u00e7o tradicional, o uso a longo prazo pode economizar custos.<\/li>\n<li>Prote\u00e7\u00e3o ambiental: a produ\u00e7\u00e3o e a reciclagem do a\u00e7o Corten s\u00e3o relativamente amig\u00e1veis ao meio ambiente, e nenhuma subst\u00e2ncia nociva \u00e9 liberada durante o uso, o que est\u00e1 de acordo com a busca das pessoas modernas pela prote\u00e7\u00e3o ambiental verde.<\/li>\n<li>Reten\u00e7\u00e3o t\u00e9rmica: o a\u00e7o corten tem boa condutividade t\u00e9rmica, pode reter o calor de forma eficaz, proporcionar uma experi\u00eancia mais longa de calor e conforto e \u00e9 muito adequado para uso no outono e no inverno.<\/li>\n<li>Design diversificado: O a\u00e7o corten pode ser processado em uma variedade de formas e tamanhos, adequados para diferentes estilos de design de p\u00e1tio ou terra\u00e7o, com flexibilidade.<\/li>\n<li>Seguran\u00e7a: O projeto da fogueira de a\u00e7o Corten geralmente leva em conta fatores de seguran\u00e7a, como estabilidade e medidas de prote\u00e7\u00e3o, e seu uso \u00e9 relativamente seguro.<\/li>\n<\/ul>\n<table class=\"has-title all magic-7\" style=\"height: 242px;\" width=\"717\">\n<tbody>\n<tr>\n<td colspan=\"1\" rowspan=\"1\">\n<div class=\"magic-12\" data-spm-anchor-id=\"a2700.details.0.i40.236d4d79eIl29B\"><span class=\"magic-13\" style=\"color: #000000;\">Nome do produto<\/span><\/div>\n<\/td>\n<td colspan=\"1\" rowspan=\"1\">\n<div class=\"magic-14\"><span class=\"magic-13\" style=\"color: #000000;\">Churrasqueira port\u00e1til de a\u00e7o corten resistente \u00e0s intemp\u00e9ries<\/span><\/div>\n<\/td>\n<\/tr>\n<tr>\n<td colspan=\"1\" rowspan=\"1\">\n<div class=\"magic-12\"><span class=\"magic-13\" style=\"color: #000000;\">Nome da marca<\/span><\/div>\n<\/td>\n<td colspan=\"1\" rowspan=\"1\"><span class=\"magic-13\" style=\"color: #000000;\">SHKW<\/span><\/td>\n<\/tr>\n<tr>\n<td colspan=\"1\" rowspan=\"1\">\n<div class=\"magic-12\"><span class=\"magic-13\" style=\"color: #000000;\">N\u00famero do modelo<\/span><\/div>\n<\/td>\n<td colspan=\"1\" rowspan=\"1\">\n<div class=\"magic-14\"><span class=\"magic-13\" style=\"color: #000000;\">SHKW-BBQ<\/span><span class=\"magic-15\" data-spm-anchor-id=\"a2700.pc-decorate.0.i3.5c623333VNk22J\">07<\/span><\/div>\n<\/td>\n<\/tr>\n<tr>\n<td colspan=\"1\" rowspan=\"1\">\n<div class=\"magic-12\"><span class=\"magic-13\" style=\"color: #000000;\">Material<\/span><\/div>\n<\/td>\n<td colspan=\"1\" rowspan=\"1\">\n<div class=\"magic-14\"><span class=\"magic-13\" style=\"color: #000000;\">A\u00e7o Corten \/ A\u00e7o para intemp\u00e9ries<\/span><\/div>\n<\/td>\n<\/tr>\n<tr>\n<td colspan=\"1\" rowspan=\"1\">\n<div class=\"magic-12\"><span class=\"magic-13\" style=\"color: #000000;\">Tamanho<\/span><\/div>\n<\/td>\n<td colspan=\"1\" rowspan=\"1\">\n<div class=\"magic-14\"><span class=\"magic-13\" style=\"color: #000000;\">Dia: 600\/800\/900\/1000mm, Espessura: 2mm<\/span><\/div>\n<\/td>\n<\/tr>\n<tr>\n<td colspan=\"1\" rowspan=\"1\">\n<div class=\"magic-12\"><span class=\"magic-13\" style=\"color: #000000;\">Pacote<\/span><\/div>\n<\/td>\n<td colspan=\"1\" rowspan=\"1\">\n<div class=\"magic-14\"><span class=\"magic-13\" style=\"color: #000000;\">Parte interna: Papel de espuma antidesgaste, parte externa: Caixa de papel\u00e3o<\/span><\/div>\n<\/td>\n<\/tr>\n<tr>\n<td colspan=\"1\" rowspan=\"1\">\n<div class=\"magic-12\"><span class=\"magic-13\" style=\"color: #000000;\">Tratamento de superf\u00edcie<\/span><\/div>\n<\/td>\n<td colspan=\"1\" rowspan=\"1\">\n<div class=\"magic-14\"><span class=\"magic-13\" style=\"color: #000000;\">Pr\u00e9-enferrujado, pode ser personalizado<\/span><\/div>\n<\/td>\n<\/tr>\n<tr>\n<td colspan=\"1\" rowspan=\"1\">\n<div class=\"magic-12\"><span class=\"magic-13\" style=\"color: #000000;\">MOQ<\/span><\/div>\n<\/td>\n<td colspan=\"1\" rowspan=\"1\">\n<div class=\"magic-14\"><span class=\"magic-13\" style=\"color: #000000;\">10 unidades<\/span><\/div>\n<\/td>\n<\/tr>\n<\/tbody>\n<\/table>\n<figure style=\"width: 550px\" class=\"wp-caption alignnone\"><a href=\"https:\/\/keweicorten.com\/pt\/entre-em-contato-conosco\/\"><img fetchpriority=\"high\" decoding=\"async\" title=\"fogueira no quintal\" src=\"https:\/\/sc04.alicdn.com\/kf\/H642e390ca630457fb4af493b00d4798fV\/235950374\/H642e390ca630457fb4af493b00d4798fV.jpg\" alt=\"\" width=\"550\" height=\"550\" \/><\/a><figcaption class=\"wp-caption-text\">fogueira no quintal<\/figcaption><\/figure>\n<h2>Aplica\u00e7\u00e3o de grades de a\u00e7o para intemp\u00e9ries\uff1a<\/h2>\n<h3>Aplicar\uff1a<\/h3>\n<p>Churrasco ao ar livre: As churrasqueiras de a\u00e7o para intemp\u00e9ries s\u00e3o muito adequadas para uso em locais externos, como quintais, varandas e terra\u00e7os, e podem proporcionar uma experi\u00eancia conveniente de churrasco para reuni\u00f5es familiares e com amigos.<\/p>\n<p>Projeto paisag\u00edstico: A apar\u00eancia enferrujada exclusiva do a\u00e7o resistente \u00e0s intemp\u00e9ries faz dele uma escolha popular na jardinagem moderna e no projeto paisag\u00edstico, que pode ser perfeitamente integrado ao ambiente circundante para real\u00e7ar a beleza do p\u00e1tio.<\/p>\n<p>Locais para refei\u00e7\u00f5es ao ar livre: Restaurantes, cafeterias e outras \u00e1reas de refei\u00e7\u00f5es ao ar livre podem usar grelhas de a\u00e7o para atrair clientes para se divertirem cozinhando e jantando ao ar livre.<\/p>\n<p>Acampamento: A durabilidade e a resist\u00eancia \u00e0 corros\u00e3o do a\u00e7o resistente \u00e0s intemp\u00e9ries fazem dele a op\u00e7\u00e3o ideal para acampar na natureza, capaz de resistir ao mau tempo.<\/p>\n<p>Eventos e festivais: Adequado para mercados, festivais de m\u00fasica, festas ao ar livre e outras ocasi\u00f5es, oferecendo servi\u00e7o de churrasco no local para adicionar uma atmosfera de atividade.<\/p>\n<figure style=\"width: 695px\" class=\"wp-caption alignnone\"><a href=\"https:\/\/keweicorten.com\/pt\/entre-em-contato-conosco\/\"><img decoding=\"async\" title=\"churrasqueira\" src=\"https:\/\/sc04.alicdn.com\/kf\/H813aeec6354044c9964495c20d84b311D\/235950374\/H813aeec6354044c9964495c20d84b311D.png\" alt=\"\" width=\"695\" height=\"295\" \/><\/a><figcaption class=\"wp-caption-text\">churrasqueira<\/figcaption><\/figure>\n<h3>Vantagens\uff1a<\/h3>\n<ul>\n<li>Forte resist\u00eancia a intemp\u00e9ries<\/li>\n<li>Est\u00e9tica<\/li>\n<li>Resist\u00eancia a altas temperaturas<\/li>\n<li>Baixos requisitos de manuten\u00e7\u00e3o<\/li>\n<li>Alta resist\u00eancia<\/li>\n<li>Prote\u00e7\u00e3o ambiental<\/li>\n<li>Design multifuncional<\/li>\n<\/ul>\n<div class=\"J_module\">\n<div id=\"ali-anchor-AliMagic-4f9wm2\" class=\"magic-3\" data-section=\"AliMagic-4f9wm2\" data-section-title=\"More Details\">Mais detalhes<\/div>\n<\/div>\n<div class=\"J_module\">\n<div class=\"icbu-pc-images magic-0\">\n<div class=\"flex-layout-h\">\n<div class=\"flex-layout-v magic-18\">\n<div class=\"magic-19\"><\/div>\n<\/div>\n<div class=\"text-wrapper magic-21\">\n<div class=\"text-wrapper-right text-theme-light text-align-left\">\n<div class=\"text-content\">\n<div><span class=\"magic-13\"><a href=\"https:\/\/keweicorten.com\/pt\"><img decoding=\"async\" class=\"alignnone\" src=\"https:\/\/keweicorten.com\/wp-content\/uploads\/2024\/09\/%E5%BE%AE%E4%BF%A1%E5%9B%BE%E7%89%87_20240219150940-300x232.jpg\" alt=\"\" width=\"413\" height=\"319\" \/><\/a><\/span>- A\u00e7o Corten de 5 mm de espessura - Mini Flat Pack Fire Pit\/Burner - Facilmente desmont\u00e1vel e armazenado em 5 pe\u00e7as<\/div>\n<\/div>\n<\/div>\n<\/div>\n<\/div>\n<\/div>\n<\/div>","protected":false},"excerpt":{"rendered":"<p>As churrasqueiras de a\u00e7o resistente \u00e0s intemp\u00e9ries n\u00e3o s\u00f3 proporcionam aos usu\u00e1rios uma excelente experi\u00eancia culin\u00e1ria, mas tamb\u00e9m acrescentam um toque de beleza natural ao ambiente, tornando-as ideais para a vida ao ar livre.<\/p>","protected":false},"featured_media":1202,"comment_status":"open","ping_status":"closed","template":"","meta":{"_eb_attr":"","_monsterinsights_skip_tracking":false,"_monsterinsights_sitenote_active":false,"_monsterinsights_sitenote_note":"","_monsterinsights_sitenote_category":0,"_uf_show_specific_survey":0,"_uf_disable_surveys":false},"product_brand":[],"product_cat":[63],"product_tag":[],"class_list":{"0":"post-1192","1":"product","2":"type-product","3":"status-publish","4":"has-post-thumbnail","6":"product_cat-steel-bbq-grill","8":"first","9":"instock","10":"shipping-taxable","11":"product-type-simple"},"_links":{"self":[{"href":"https:\/\/keweicorten.com\/pt\/wp-json\/wp\/v2\/product\/1192"}],"collection":[{"href":"https:\/\/keweicorten.com\/pt\/wp-json\/wp\/v2\/product"}],"about":[{"href":"https:\/\/keweicorten.com\/pt\/wp-json\/wp\/v2\/types\/product"}],"replies":[{"embeddable":true,"href":"https:\/\/keweicorten.com\/pt\/wp-json\/wp\/v2\/comments?post=1192"}],"version-history":[{"count":3,"href":"https:\/\/keweicorten.com\/pt\/wp-json\/wp\/v2\/product\/1192\/revisions"}],"predecessor-version":[{"id":1203,"href":"https:\/\/keweicorten.com\/pt\/wp-json\/wp\/v2\/product\/1192\/revisions\/1203"}],"wp:featuredmedia":[{"embeddable":true,"href":"https:\/\/keweicorten.com\/pt\/wp-json\/wp\/v2\/media\/1202"}],"wp:attachment":[{"href":"https:\/\/keweicorten.com\/pt\/wp-json\/wp\/v2\/media?parent=1192"}],"wp:term":[{"taxonomy":"product_brand","embeddable":true,"href":"https:\/\/keweicorten.com\/pt\/wp-json\/wp\/v2\/product_brand?post=1192"},{"taxonomy":"product_cat","embeddable":true,"href":"https:\/\/keweicorten.com\/pt\/wp-json\/wp\/v2\/product_cat?post=1192"},{"taxonomy":"product_tag","embeddable":true,"href":"https:\/\/keweicorten.com\/pt\/wp-json\/wp\/v2\/product_tag?post=1192"}],"curies":[{"name":"wp","href":"https:\/\/api.w.org\/{rel}","templated":true}]}}