{"id":1212,"date":"2024-09-14T01:40:12","date_gmt":"2024-09-14T01:40:12","guid":{"rendered":"https:\/\/keweicorten.com\/?post_type=product&#038;p=1212"},"modified":"2025-01-15T06:27:04","modified_gmt":"2025-01-15T06:27:04","slug":"canteiros-de-jardim-elevados-de-aco-corten","status":"publish","type":"product","link":"https:\/\/keweicorten.com\/pt\/canteiros-de-jardim-elevados-de-aco-corten\/","title":{"rendered":"Canteiros de jardim elevados de a\u00e7o corten"},"content":{"rendered":"<h2>As vantagens dos canteiros elevados de a\u00e7o corten\uff1a<\/h2>\n<ul>\n<li>Durabilidade: A resist\u00eancia \u00e0s intemp\u00e9ries do a\u00e7o Corten significa que ele \u00e9 resistente \u00e0 corros\u00e3o e \u00e0 oxida\u00e7\u00e3o, tendo, portanto, uma vida \u00fatil extremamente longa em ambientes externos. Ap\u00f3s a forma\u00e7\u00e3o de uma camada de ferrugem, o a\u00e7o fica protegido contra ferrugem adicional.<\/li>\n<li>Bonito: a apar\u00eancia enferrujada exclusiva do a\u00e7o Corten pode acrescentar uma est\u00e9tica moderna e industrial ao jardim, e sua cor e textura mudar\u00e3o com o tempo, ajudando a melhorar o efeito visual do projeto geral do jardim.<\/li>\n<li>Prote\u00e7\u00e3o ambiental: o a\u00e7o corten \u00e9 um material recicl\u00e1vel e seu uso pode reduzir o impacto sobre o meio ambiente.<\/li>\n<li>Forte desempenho de suporte: o a\u00e7o corten tem alta resist\u00eancia, pode suportar grandes pesos e \u00e9 adequado para o plantio de plantas ou solo pesados.<\/li>\n<li>\u00a0F\u00e1cil manuten\u00e7\u00e3o: em compara\u00e7\u00e3o com os canteiros elevados feitos de madeira ou de outros materiais, o a\u00e7o Corten requer pouca manuten\u00e7\u00e3o, exigindo apenas a limpeza regular da superf\u00edcie para remover a sujeira e os res\u00edduos de plantas.<\/li>\n<li>\u00a0Bom gerenciamento da \u00e1gua: os canteiros elevados de a\u00e7o corten podem regular com efic\u00e1cia a umidade do solo e evitar o excesso ou a falta de \u00e1gua.<\/li>\n<li>Ventila\u00e7\u00e3o: o design do a\u00e7o corten pode proporcionar um bom ambiente de ventila\u00e7\u00e3o e ajudar no crescimento das ra\u00edzes.<\/li>\n<li>O design mais diversificado: o a\u00e7o corten pode ser processado em uma variedade de formas e tamanhos para atender \u00e0s necessidades de diferentes designs de horticultura.<\/li>\n<li>\u00a0Evitar a eros\u00e3o do solo: A estrutura elevada pode efetivamente evitar a eros\u00e3o e o assentamento do solo, al\u00e9m de manter a posi\u00e7\u00e3o e a qualidade do solo.<\/li>\n<\/ul>\n<figure style=\"width: 679px\" class=\"wp-caption alignnone\"><a href=\"https:\/\/keweicorten.com\/pt\/entre-em-contato-conosco\/\"><img fetchpriority=\"high\" decoding=\"async\" title=\"canteiros elevados de metal\" src=\"https:\/\/sc04.alicdn.com\/kf\/Haf30791119a443b8bd8368e992195dbfZ\/255157415\/Haf30791119a443b8bd8368e992195dbfZ.jpg\" alt=\"\" width=\"679\" height=\"452\" \/><\/a><figcaption class=\"wp-caption-text\">canteiros elevados de metal<\/dd>\n<dd><\/figcaption><\/figure>\n<table class=\"all magic-13\">\n<tbody>\n<tr>\n<td colspan=\"1\" rowspan=\"1\">\n<div class=\"magic-14\">Nome do produto<\/div>\n<\/td>\n<td colspan=\"4\" rowspan=\"1\">\n<div class=\"magic-15\">Borda de jardim em a\u00e7o corten com ferrugem para paisagismo<\/div>\n<\/td>\n<\/tr>\n<tr>\n<td colspan=\"1\" rowspan=\"1\">\n<div class=\"magic-14\">Material<\/div>\n<\/td>\n<td colspan=\"4\" rowspan=\"1\">\n<div class=\"magic-15\">A\u00e7o corten, a\u00e7o inoxid\u00e1vel<\/div>\n<\/td>\n<\/tr>\n<tr>\n<td colspan=\"1\" rowspan=\"1\">\n<div class=\"magic-14\">Tamanho<\/div>\n<\/td>\n<td colspan=\"4\" rowspan=\"1\">\n<div class=\"magic-15\">Comprimento: 1065 mm; parte subterr\u00e2nea: 100 mm; parte subterr\u00e2nea: 95 mm ou personalizado<\/div>\n<\/td>\n<\/tr>\n<tr>\n<td colspan=\"1\" rowspan=\"1\">\n<div class=\"magic-14\">Superf\u00edcie<\/div>\n<\/td>\n<td colspan=\"4\" rowspan=\"1\">\n<div class=\"magic-15\">\u00a0pr\u00e9-incrustado<\/div>\n<\/td>\n<\/tr>\n<tr>\n<td colspan=\"1\" rowspan=\"1\">\n<div class=\"magic-14\">Tecnologia<\/div>\n<\/td>\n<td colspan=\"4\" rowspan=\"1\">\n<div class=\"magic-15\">\u00a0Corte a laser, dobra, perfura\u00e7\u00e3o, soldagem, intemperismo<\/div>\n<\/td>\n<\/tr>\n<tr>\n<td colspan=\"1\" rowspan=\"1\">\n<div class=\"magic-14\">Aplicativo<\/div>\n<\/td>\n<td colspan=\"4\" rowspan=\"1\">\n<div class=\"magic-18\">Decora\u00e7\u00e3o de p\u00e1tios ou \u00e1reas externas<\/div>\n<\/td>\n<\/tr>\n<\/tbody>\n<\/table>\n<figure style=\"width: 695px\" class=\"wp-caption alignnone\"><a href=\"https:\/\/keweicorten.com\/pt\/categoria-produto\/decoracao-de-jardins\/\"><img decoding=\"async\" title=\"venda de canteiros elevados para flores\" src=\"https:\/\/sc04.alicdn.com\/kf\/H124f45da763f46b782562a19b92b7c64S\/255157415\/H124f45da763f46b782562a19b92b7c64S.jpg\" alt=\"\" width=\"695\" height=\"388\" \/><\/a><figcaption class=\"wp-caption-text\">venda de canteiros elevados para flores<\/figcaption><\/figure>\n<p>O a\u00e7o corten passa por um m\u00e9todo de lamina\u00e7\u00e3o a quente durante a produ\u00e7\u00e3o, no qual o a\u00e7o \u00e9 passado entre rolos a temperaturas muito altas. Durante esse processo, o material residual de ferro (conhecido como \"carepa de lamina\u00e7\u00e3o\") se move para a superf\u00edcie. Isso faz com que a ferrugem escorra e manche durante os est\u00e1gios iniciais do processo de envelhecimento. Depois que a camada externa de res\u00edduos de ferro estiver enferrujada, o material ter\u00e1 uma superf\u00edcie est\u00e1vel com o m\u00ednimo de desprendimento ou manchas. O processo pode ser acelerado ou a mat\u00e9ria-prima pode ser \"decapada\", em que um tratamento \u00e1cido \u00e9 usado para remover a carepa de lamina\u00e7\u00e3o antes da entrega.<\/p>\n<figure style=\"width: 702px\" class=\"wp-caption alignnone\"><a href=\"https:\/\/keweicorten.com\/pt\/produto\/borda-de-aco-corten-para-jardim\/\"><img decoding=\"async\" title=\"canteiro elevado galvanizado\" src=\"https:\/\/sc04.alicdn.com\/kf\/H535e1b6a4db344eda5790ec285e0da4bn\/255157415\/H535e1b6a4db344eda5790ec285e0da4bn.jpg\" alt=\"\" width=\"702\" height=\"632\" \/><\/a><figcaption class=\"wp-caption-text\">canteiro elevado galvanizado<\/figcaption><\/figure>","protected":false},"excerpt":{"rendered":"<div class=\"text-title\"><span class=\"magic-33\" data-spm-anchor-id=\"a2700.details.0.i39.162b272adCDyJJ\">Principais caracter\u00edsticas\uff1a<\/span><\/div>\n<div class=\"text-content\">\n<div>A superf\u00edcie cor de ferrugem do a\u00e7o Corten \u00e9 dur\u00e1vel e, ao mesmo tempo, um elemento de estilo.<\/div>\n<\/div>\n<div class=\"text-content\"><span class=\"magic-15\" data-spm-anchor-id=\"a2700.details.0.i46.162b272adCDyJJ\">A cor ferrugem \u00e9 moderna e enfatiza nossos padr\u00f5es de design particularmente elevados. <\/span><\/div>\n<div class=\"text-content\"><span class=\"magic-15\" data-spm-anchor-id=\"a2700.details.0.i46.162b272adCDyJJ\">Praticamente \u00e0 prova de intemp\u00e9ries e praticamente indestrut\u00edvel.<\/span><\/div>\n<div class=\"text-content\"><span class=\"magic-15\" data-spm-anchor-id=\"a2700.details.0.i46.162b272adCDyJJ\">Dur\u00e1vel e bonito.<\/span><\/div>","protected":false},"featured_media":1213,"comment_status":"open","ping_status":"closed","template":"","meta":{"_eb_attr":"","_monsterinsights_skip_tracking":false,"_monsterinsights_sitenote_active":false,"_monsterinsights_sitenote_note":"","_monsterinsights_sitenote_category":0,"_uf_show_specific_survey":0,"_uf_disable_surveys":false},"product_brand":[],"product_cat":[58],"product_tag":[],"class_list":{"0":"post-1212","1":"product","2":"type-product","3":"status-publish","4":"has-post-thumbnail","6":"product_cat-garden-edging","8":"first","9":"instock","10":"shipping-taxable","11":"product-type-simple"},"_links":{"self":[{"href":"https:\/\/keweicorten.com\/pt\/wp-json\/wp\/v2\/product\/1212"}],"collection":[{"href":"https:\/\/keweicorten.com\/pt\/wp-json\/wp\/v2\/product"}],"about":[{"href":"https:\/\/keweicorten.com\/pt\/wp-json\/wp\/v2\/types\/product"}],"replies":[{"embeddable":true,"href":"https:\/\/keweicorten.com\/pt\/wp-json\/wp\/v2\/comments?post=1212"}],"version-history":[{"count":1,"href":"https:\/\/keweicorten.com\/pt\/wp-json\/wp\/v2\/product\/1212\/revisions"}],"predecessor-version":[{"id":1214,"href":"https:\/\/keweicorten.com\/pt\/wp-json\/wp\/v2\/product\/1212\/revisions\/1214"}],"wp:featuredmedia":[{"embeddable":true,"href":"https:\/\/keweicorten.com\/pt\/wp-json\/wp\/v2\/media\/1213"}],"wp:attachment":[{"href":"https:\/\/keweicorten.com\/pt\/wp-json\/wp\/v2\/media?parent=1212"}],"wp:term":[{"taxonomy":"product_brand","embeddable":true,"href":"https:\/\/keweicorten.com\/pt\/wp-json\/wp\/v2\/product_brand?post=1212"},{"taxonomy":"product_cat","embeddable":true,"href":"https:\/\/keweicorten.com\/pt\/wp-json\/wp\/v2\/product_cat?post=1212"},{"taxonomy":"product_tag","embeddable":true,"href":"https:\/\/keweicorten.com\/pt\/wp-json\/wp\/v2\/product_tag?post=1212"}],"curies":[{"name":"wp","href":"https:\/\/api.w.org\/{rel}","templated":true}]}}