{"id":1230,"date":"2024-09-14T08:41:19","date_gmt":"2024-09-14T08:41:19","guid":{"rendered":"https:\/\/keweicorten.com\/?post_type=product&#038;p=1230"},"modified":"2025-01-15T06:26:56","modified_gmt":"2025-01-15T06:26:56","slug":"caixa-de-plantio-para-canteiro-elevado","status":"publish","type":"product","link":"https:\/\/keweicorten.com\/pt\/caixa-de-plantio-para-canteiro-elevado\/","title":{"rendered":"caixa de plantio para canteiro elevado"},"content":{"rendered":"<h2>Caracter\u00edsticas da caixa de plantio de canteiro elevado em a\u00e7o resistente \u00e0s intemp\u00e9ries\uff1a<\/h2>\n<ul>\n<li><strong>Material<\/strong>: Fabricado com a\u00e7o corten de 2 a 4 mm de espessura, o que garante robustez e longevidade. A espessura proporciona integridade estrutural e permite que o plantador resista a condi\u00e7\u00f5es clim\u00e1ticas variadas.<\/li>\n<li><strong>Est\u00e9tica natural<\/strong>: O acabamento cor de ferrugem se desenvolve com o tempo, combinando perfeitamente com o ambiente natural de seu jardim. Essa cor evolui \u00e0 medida que o a\u00e7o envelhece, criando um visual \u00fanico e r\u00fastico.<\/li>\n<li><strong>Durabilidade<\/strong>: Resistentes \u00e0 corros\u00e3o, esses vasos podem suportar elementos ambientais adversos sem se deteriorar, o que os torna uma adi\u00e7\u00e3o duradoura ao seu paisagismo.<\/li>\n<li><strong>Personaliza\u00e7\u00e3o<\/strong>: As op\u00e7\u00f5es de personaliza\u00e7\u00e3o podem incluir v\u00e1rios tamanhos, formas e acabamentos para atender a gostos individuais e projetos de jardins. O formato c\u00f4nico oferece uma silhueta elegante que se destaca em qualquer ambiente.<\/li>\n<li><strong>F\u00e1cil de instalar<\/strong>: Leves em compara\u00e7\u00e3o com outros materiais quando vazios, esses plantadores podem ser facilmente movidos para diferentes locais em seu jardim, conforme necess\u00e1rio.<\/li>\n<li><strong>Drenagem<\/strong>: A drenagem adequada \u00e9 fundamental para a sa\u00fade das plantas. Certifique-se de que as jardineiras tenham orif\u00edcios de drenagem ou caracter\u00edsticas de design que permitam a sa\u00edda do excesso de \u00e1gua.<\/li>\n<\/ul>\n<figure style=\"width: 612px\" class=\"wp-caption alignnone\"><a href=\"https:\/\/keweicorten.com\/pt\"><img fetchpriority=\"high\" decoding=\"async\" title=\"canteiro elevado\" src=\"https:\/\/sc04.alicdn.com\/kf\/H7b8fa5fba8f640418543df2d00059383B\/232904194\/H7b8fa5fba8f640418543df2d00059383B.jpg\" alt=\"\" width=\"612\" height=\"408\" \/><\/a><figcaption class=\"wp-caption-text\">canteiro elevado<\/figcaption><\/figure>\n<p>O canteiro elevado \u00e9 moldado em metal por artes\u00e3os habilidosos que utilizam dobragem precisa do metal para criar um canteiro que \u00e9 montado em formato retangular a partir de quatro pain\u00e9is. Os pain\u00e9is do canteiro se encaixam para formar um recipiente para plantas incrivelmente s\u00f3lido que oferece o m\u00e1ximo de \u00e1rea de plantio.<\/p>\n<table class=\"is-zebra all magic-10\">\n<tbody>\n<tr>\n<td colspan=\"1\" rowspan=\"1\">\n<div class=\"magic-11\" data-spm-anchor-id=\"a2700.details.0.i39.6b435473fC2YOp\"><b>Nome do produto<\/b><\/div>\n<\/td>\n<td colspan=\"1\" rowspan=\"1\">\n<div class=\"magic-12\">Caixas de jardinagem com canteiro elevado de metal enferrujado em a\u00e7o corten<\/div>\n<\/td>\n<\/tr>\n<tr>\n<td colspan=\"1\" rowspan=\"1\">\n<div class=\"magic-11\" data-spm-anchor-id=\"a2700.details.0.i41.6b435473fC2YOp\"><b>Cor<\/b><\/div>\n<\/td>\n<td colspan=\"1\" rowspan=\"1\">\n<div class=\"magic-12\">Cinza ou vermelho-ferrugem<\/div>\n<\/td>\n<\/tr>\n<tr>\n<td colspan=\"1\" rowspan=\"1\">\n<div class=\"magic-11\"><b>Material<\/b><\/div>\n<\/td>\n<td colspan=\"1\" rowspan=\"1\">\n<div class=\"magic-12\">A\u00e7o doce,A\u00e7o corten<\/div>\n<\/td>\n<\/tr>\n<tr>\n<td colspan=\"1\" rowspan=\"1\">\n<div class=\"magic-11\"><b>Tamanho<\/b><\/div>\n<\/td>\n<td colspan=\"1\" rowspan=\"1\">\n<div class=\"magic-12\">\u00a0 L500 x W500x H200 mm\/L800 x W800x H400mm<\/p>\n<div data-spm-anchor-id=\"a2700.pc-decorate.0.i4.26b13333MCzf1x\">\u00a0 L900 x W600 x H300 mm\/ L1200 x W900 x H300 mm<br \/>\n( Seja personalizado)<\/div>\n<\/div>\n<\/td>\n<\/tr>\n<tr>\n<td colspan=\"1\" rowspan=\"1\">\n<div class=\"magic-11\"><b>Espessura<\/b><\/div>\n<\/td>\n<td colspan=\"1\" rowspan=\"1\">\n<div class=\"magic-12\">2-3 mm<\/div>\n<\/td>\n<\/tr>\n<tr>\n<td colspan=\"1\" rowspan=\"1\">\n<div class=\"magic-11\"><b>Tratamento de superf\u00edcie<\/b><\/div>\n<\/td>\n<td colspan=\"1\" rowspan=\"1\">\n<div class=\"magic-12\" data-spm-anchor-id=\"a2700.details.0.i40.6b435473fC2YOp\">Pr\u00e9-enferrujado, pintado de preto, pode ser personalizado<\/div>\n<\/td>\n<\/tr>\n<tr>\n<td colspan=\"1\" rowspan=\"1\">\n<div class=\"magic-11\"><b>MOQ<\/b><\/div>\n<\/td>\n<td colspan=\"1\" rowspan=\"1\">\n<div class=\"magic-12\">4 pe\u00e7as<\/div>\n<\/td>\n<\/tr>\n<tr>\n<td colspan=\"1\" rowspan=\"1\">\n<div class=\"magic-11\"><b>OEM E ODM<\/b><\/div>\n<\/td>\n<td colspan=\"1\" rowspan=\"1\">\n<div class=\"magic-12\">O servi\u00e7o personalizado est\u00e1 dispon\u00edvel.<\/div>\n<\/td>\n<\/tr>\n<\/tbody>\n<\/table>\n<p class=\"magic-5\"><span style=\"font-size: large;\" data-spm-anchor-id=\"a2700.details.0.i40.722e768ceArIts\">Garantia de satisfa\u00e7\u00e3o 100%<\/span><\/p>\n<p class=\"magic-5\" data-spm-anchor-id=\"a2700.details.0.i41.722e768ceArIts\"><span style=\"font-size: large;\"><br \/>\nMaterial - A\u00e7o corten<\/span><\/p>\n<p class=\"magic-5\"><span style=\"font-size: large;\"><br \/>\nProfundidade extra para plantas maiores<\/span><\/p>\n<div class=\"text-content\">As caixas de plantio com canteiros elevados s\u00e3o uma excelente maneira de evitar a compacta\u00e7\u00e3o do solo, proporcionar excelente drenagem e ajudar a impedir que as ervas daninhas do caminho ganhem um ponto de apoio no solo em crescimento, al\u00e9m de permitir que os produtores introduzam diferentes tipos de solo em seus jardins, o que significa que \u00e9 poss\u00edvel cultivar uma s\u00e9rie de frutas e vegetais novos e interessantes.<\/div>\n<figure style=\"width: 613px\" class=\"wp-caption alignnone\"><a href=\"https:\/\/keweicorten.com\/pt\"><img decoding=\"async\" title=\"canteiro elevado para jardim\" src=\"https:\/\/sc04.alicdn.com\/kf\/He51239b636024d93b16c341680a98532y\/223026859\/He51239b636024d93b16c341680a98532y.jpg\" alt=\"\" width=\"613\" height=\"439\" \/><\/a><figcaption class=\"wp-caption-text\">canteiro elevado para jardim<\/figcaption><\/figure>","protected":false},"excerpt":{"rendered":"<p>A placa de a\u00e7o corten (placa de a\u00e7o para parede de cortina vermelha, placa de a\u00e7o para paisagismo, placa de a\u00e7o esculpida) est\u00e1 entre o a\u00e7o comum e a s\u00e9rie de a\u00e7o de liga barata de a\u00e7o inoxid\u00e1vel; a decora\u00e7\u00e3o externa de a\u00e7o corten adota uma nova tecnologia para o desenvolvimento sustent\u00e1vel e a inova\u00e7\u00e3o, e est\u00e1 se tornando a melhor tecnologia de a\u00e7o do mundo.<\/p>\n<table border=\"1\">\n<tbody>\n<tr>\n<td data-spm-anchor-id=\"a2700.details.0.i40.2eb5646aQ18go6\"><span data-spm-anchor-id=\"a2700.details.0.i39.2eb5646aQ18go6\">Nome<br \/>\n<\/span><\/td>\n<td>Plantadores decorativos de metal \/ plantadores altos quadrados \/ plantador grande para exteriores<\/td>\n<\/tr>\n<tr>\n<td>Superf\u00edcie<\/td>\n<td>Pr\u00e9-ferrugem<\/td>\n<\/tr>\n<tr>\n<td>Tecnologia<\/td>\n<td>\u00a0Corte a laser, dobra, perfilamento, soldagem.<\/td>\n<\/tr>\n<tr>\n<td>\u00a0Produtos<\/td>\n<td>vaso de flores de corten, telas de jardim de corten, cerca de corten, plantador de corten, treli\u00e7a de corten, arte de parede de corten, muros de conten\u00e7\u00e3o de a\u00e7o Cor-Ten.<\/td>\n<\/tr>\n<\/tbody>\n<\/table>","protected":false},"featured_media":1231,"comment_status":"open","ping_status":"closed","template":"","meta":{"_eb_attr":"","_monsterinsights_skip_tracking":false,"_monsterinsights_sitenote_active":false,"_monsterinsights_sitenote_note":"","_monsterinsights_sitenote_category":0,"_uf_show_specific_survey":0,"_uf_disable_surveys":false},"product_brand":[],"product_cat":[59],"product_tag":[],"class_list":{"0":"post-1230","1":"product","2":"type-product","3":"status-publish","4":"has-post-thumbnail","6":"product_cat-flower-pot","8":"first","9":"instock","10":"shipping-taxable","11":"product-type-simple"},"_links":{"self":[{"href":"https:\/\/keweicorten.com\/pt\/wp-json\/wp\/v2\/product\/1230"}],"collection":[{"href":"https:\/\/keweicorten.com\/pt\/wp-json\/wp\/v2\/product"}],"about":[{"href":"https:\/\/keweicorten.com\/pt\/wp-json\/wp\/v2\/types\/product"}],"replies":[{"embeddable":true,"href":"https:\/\/keweicorten.com\/pt\/wp-json\/wp\/v2\/comments?post=1230"}],"version-history":[{"count":1,"href":"https:\/\/keweicorten.com\/pt\/wp-json\/wp\/v2\/product\/1230\/revisions"}],"predecessor-version":[{"id":1232,"href":"https:\/\/keweicorten.com\/pt\/wp-json\/wp\/v2\/product\/1230\/revisions\/1232"}],"wp:featuredmedia":[{"embeddable":true,"href":"https:\/\/keweicorten.com\/pt\/wp-json\/wp\/v2\/media\/1231"}],"wp:attachment":[{"href":"https:\/\/keweicorten.com\/pt\/wp-json\/wp\/v2\/media?parent=1230"}],"wp:term":[{"taxonomy":"product_brand","embeddable":true,"href":"https:\/\/keweicorten.com\/pt\/wp-json\/wp\/v2\/product_brand?post=1230"},{"taxonomy":"product_cat","embeddable":true,"href":"https:\/\/keweicorten.com\/pt\/wp-json\/wp\/v2\/product_cat?post=1230"},{"taxonomy":"product_tag","embeddable":true,"href":"https:\/\/keweicorten.com\/pt\/wp-json\/wp\/v2\/product_tag?post=1230"}],"curies":[{"name":"wp","href":"https:\/\/api.w.org\/{rel}","templated":true}]}}