{"id":1234,"date":"2024-09-18T07:48:58","date_gmt":"2024-09-18T07:48:58","guid":{"rendered":"https:\/\/keweicorten.com\/?post_type=product&#038;p=1234"},"modified":"2024-09-18T07:48:59","modified_gmt":"2024-09-18T07:48:59","slug":"aco-corten-a588gra","status":"publish","type":"product","link":"https:\/\/keweicorten.com\/pt\/aco-corten-a588gra\/","title":{"rendered":"A\u00e7o corten A588GRA"},"content":{"rendered":"<h2>As principais caracter\u00edsticas das chapas de a\u00e7o para intemp\u00e9ries:<\/h2>\n<ul>\n<li>Resist\u00eancia \u00e0 corros\u00e3o: O a\u00e7o para intemperismo forma uma apar\u00eancia est\u00e1vel semelhante \u00e0 ferrugem quando exposto aos elementos, que atua como uma camada protetora para evitar uma corros\u00e3o mais profunda. Essa camada de \u00f3xido continua a se desenvolver com o tempo, proporcionando prote\u00e7\u00e3o cont\u00ednua contra o meio ambiente.<\/li>\n<li>Alta resist\u00eancia: O a\u00e7o para intemperismo tem um limite de escoamento mais alto em compara\u00e7\u00e3o com os a\u00e7os estruturais padr\u00e3o, o que o torna adequado para aplica\u00e7\u00f5es estruturais exigentes e permite projetos mais leves e resistentes.<\/li>\n<li>Baixo teor de liga: Cont\u00e9m elementos de liga espec\u00edficos, como cobre, cromo e n\u00edquel, que aumentam a resist\u00eancia a intemp\u00e9ries e a durabilidade geral.<\/li>\n<li>Apelo est\u00e9tico<\/li>\n<li>Livre de manuten\u00e7\u00e3o: Uma das maiores vantagens do a\u00e7o Corten A588GRA \u00e9 sua baixa necessidade de manuten\u00e7\u00e3o. Ap\u00f3s a forma\u00e7\u00e3o da p\u00e1tina protetora, geralmente h\u00e1 pouca necessidade de tratamentos, revestimentos ou repintura.<\/li>\n<li>Resist\u00eancia ambiental: O a\u00e7o para intemp\u00e9ries \u00e9 particularmente adequado para estruturas externas, pois pode suportar v\u00e1rias condi\u00e7\u00f5es atmosf\u00e9ricas, inclusive chuva, neve e temperaturas extremas.<\/li>\n<li>Soldabilidade: Os a\u00e7os para intemperismo Corten Steel A588GRA podem ser soldados da mesma forma que outros a\u00e7os estruturais, embora considera\u00e7\u00f5es espec\u00edficas devam ser levadas em conta com rela\u00e7\u00e3o ao processo de soldagem para manter as propriedades do material.<\/li>\n<li>Longevidade: O a\u00e7o corten A588GRA tem uma longa vida \u00fatil, o que o torna uma op\u00e7\u00e3o econ\u00f4mica ao longo do tempo para estruturas sujeitas a condi\u00e7\u00f5es clim\u00e1ticas adversas.<\/li>\n<li>Formabilidade: Pode ser facilmente moldado em v\u00e1rias formas e estruturas, o que o torna vers\u00e1til para aplica\u00e7\u00f5es arquitet\u00f4nicas e estruturais.<\/li>\n<li>Sustentabilidade: Devido \u00e0 sua durabilidade e baixa manuten\u00e7\u00e3o, o a\u00e7o para intemp\u00e9ries contribui para as pr\u00e1ticas de constru\u00e7\u00e3o sustent\u00e1vel, reduzindo a necessidade de recursos gastos em revestimentos e substitui\u00e7\u00f5es frequentes.<\/li>\n<\/ul>\n<figure style=\"width: 750px\" class=\"wp-caption alignnone\"><a href=\"https:\/\/keweicorten.com\/pt\/entre-em-contato-conosco\/\"><img fetchpriority=\"high\" decoding=\"async\" title=\"chapas de a\u00e7o corten\" src=\"https:\/\/sc04.alicdn.com\/kf\/H4b06690ff5ec4483be228e9342b4f08fn\/239729424\/H4b06690ff5ec4483be228e9342b4f08fn.jpg\" alt=\"\" width=\"750\" height=\"929\" \/><\/a><figcaption class=\"wp-caption-text\">chapas de a\u00e7o corten<\/figcaption><\/figure>\n<table class=\"has-title all magic-9\" style=\"height: 323px;\" width=\"910\">\n<tbody>\n<tr>\n<td colspan=\"1\" rowspan=\"1\">\n<div class=\"magic-10\" data-spm-anchor-id=\"a2700.details.0.i42.4d704381X3PZPe\">Nome do produto<\/div>\n<\/td>\n<td colspan=\"4\" rowspan=\"1\">\n<div class=\"magic-11\">Placa de a\u00e7o resistente a intemp\u00e9ries<\/div>\n<\/td>\n<\/tr>\n<tr>\n<td colspan=\"1\" rowspan=\"1\">\n<div class=\"magic-10\" data-spm-anchor-id=\"a2700.details.0.i41.4d704381X3PZPe\">Padr\u00e3o<\/div>\n<\/td>\n<td colspan=\"4\" rowspan=\"1\">\n<div class=\"magic-11\">DIN GB JIS BA AISI ASTM<\/div>\n<\/td>\n<\/tr>\n<tr>\n<td colspan=\"1\" rowspan=\"1\">\n<div class=\"magic-10\">Comprimento<\/div>\n<\/td>\n<td colspan=\"4\" rowspan=\"1\">\n<div class=\"magic-11\">\u00a0personalizar<\/div>\n<\/td>\n<\/tr>\n<tr>\n<td colspan=\"1\" rowspan=\"1\">\n<div class=\"magic-10\">Largura<\/div>\n<\/td>\n<td colspan=\"4\" rowspan=\"1\">\n<div class=\"magic-11\">personalizar<\/div>\n<\/td>\n<\/tr>\n<tr>\n<td colspan=\"1\" rowspan=\"1\">\n<div class=\"magic-10\">Espessura<\/div>\n<\/td>\n<td colspan=\"4\" rowspan=\"1\">\n<div class=\"magic-11\">2-100 mm ou pode ser personalizado<\/div>\n<\/td>\n<\/tr>\n<tr>\n<td colspan=\"1\" rowspan=\"1\">\n<div class=\"magic-10\">Material<\/div>\n<\/td>\n<td colspan=\"4\" rowspan=\"1\">\n<div class=\"magic-11\">\u00a0Q235NH Q355NH Q355GNH Q295NH Q295GNH Q460NH S235J0WP S235J2WP S235J2W A588grA CortenA CortenB Q345NH Q295NH Q295GNH Q355GNHL 09CuPCrNi-A SPA-H Corten A CortenB Cu-P<\/div>\n<\/td>\n<\/tr>\n<tr>\n<td colspan=\"1\" rowspan=\"1\">\n<div class=\"magic-10\">Pagamento<\/div>\n<\/td>\n<td colspan=\"4\" rowspan=\"1\">\n<div class=\"magic-11\">Balan\u00e7a 30%T\/T + 70%<\/div>\n<\/td>\n<\/tr>\n<tr>\n<td colspan=\"1\" rowspan=\"1\">\n<div class=\"magic-10\">Aplicativo<\/div>\n<\/td>\n<td colspan=\"4\" rowspan=\"1\">\n<div class=\"magic-11\">O a\u00e7o para intemperismo \u00e9 usado principalmente em ferrovias, ve\u00edculos, pontes, torres, energia fotovoltaica, engenharia de alta velocidade e outros setores de longo prazo<br \/>\nexposi\u00e7\u00e3o \u00e0 atmosfera do uso de estruturas de a\u00e7o. Tamb\u00e9m pode ser usado na fabrica\u00e7\u00e3o de cont\u00eaineres, ferrovias<br \/>\nve\u00edculos, torres de petr\u00f3leo, edif\u00edcios portu\u00e1rios, plataformas de petr\u00f3leo e cont\u00eaineres de meios corrosivos contendo enxofre em ind\u00fastrias qu\u00edmicas e de alimentos.<br \/>\nequipamentos de petr\u00f3leo. Al\u00e9m disso, devido \u00e0 apar\u00eancia exclusiva do a\u00e7o resistente \u00e0s intemp\u00e9ries, ele tamb\u00e9m \u00e9 usado com frequ\u00eancia em obras de arte p\u00fablica, em ambientes externos e em outros tipos de instala\u00e7\u00f5es.<br \/>\nescultura e decora\u00e7\u00e3o de paredes externas de edif\u00edcios.<\/div>\n<\/td>\n<\/tr>\n<tr>\n<td colspan=\"1\" rowspan=\"1\">\n<div class=\"magic-10\">Embalagem para exporta\u00e7\u00e3o<\/div>\n<\/td>\n<td colspan=\"4\" rowspan=\"1\">\n<div class=\"magic-11\">Papel \u00e0 prova d'\u00e1gua e fita de a\u00e7o embalada.<br \/>\nEmbalagem padr\u00e3o para exporta\u00e7\u00e3o em condi\u00e7\u00f5es de navegar, adequada para todos os tipos de transporte ou conforme necess\u00e1rio<\/div>\n<\/td>\n<\/tr>\n<tr>\n<td colspan=\"1\" rowspan=\"1\">\n<div class=\"magic-10\">Superf\u00edcie<\/div>\n<\/td>\n<td colspan=\"4\" rowspan=\"1\">\n<div class=\"magic-14\">Preto, revestimento, revestimento colorido, verniz antiferrugem, \u00f3leo antiferrugem, grade, etc.<\/div>\n<\/td>\n<\/tr>\n<\/tbody>\n<\/table>\n<h2 class=\"magic-29\"><span class=\"magic-30\" data-spm-anchor-id=\"a2700.details.0.i45.4d704381X3PZPe\">Aplica\u00e7\u00e3o de chapa de a\u00e7o resistente a intemp\u00e9ries<\/span><\/h2>\n<div class=\"magic-5\">\n<div class=\"magic-6\">\n<div class=\"magic-7\">1<b>\u3001 Paisagem resistente ao clima<\/b><\/p>\n<div><\/div>\n<div>2\u3001<b>Parede cortina \u00e0 prova de intemp\u00e9ries<\/b><\/div>\n<div><\/div>\n<div>3\u3001<b>Escultura meteorol\u00f3gica<\/b><\/div>\n<div><\/div>\n<div>4\u3001<b>Vaso de flores resistente \u00e0s intemp\u00e9ries<\/b><\/div>\n<div><b>\u00a0<\/b><\/div>\n<div>5\u3001<b>Edif\u00edcio resistente a intemp\u00e9ries<\/b><\/div>\n<div><b>\u00a0<\/b><\/div>\n<div>6\u3001<b>Tela \u00e0 prova de intemp\u00e9ries<\/b><\/div>\n<h2>Embalagem do produto<\/h2>\n<div>\n<figure style=\"width: 646px\" class=\"wp-caption alignnone\"><a href=\"https:\/\/keweicorten.com\/pt\"><img decoding=\"async\" title=\"chapa de a\u00e7o corten\" src=\"https:\/\/sc01.alicdn.com\/kf\/HTB1qOM4nrYI8KJjy0Fa762AiVXaL\/231450570\/HTB1qOM4nrYI8KJjy0Fa762AiVXaL.png\" alt=\"\" width=\"646\" height=\"410\" \/><\/a><figcaption class=\"wp-caption-text\">chapa de a\u00e7o corten<\/figcaption><\/figure>\n<\/div>\n<\/div>\n<\/div>\n<\/div>","protected":false},"excerpt":{"rendered":"<table class=\"all magic-1\" style=\"height: 120px;\" width=\"313\">\n<tbody>\n<tr>\n<td colspan=\"1\" rowspan=\"1\">\n<div class=\"magic-2\" data-spm-anchor-id=\"a2700.details.0.i39.73d28eb8YeAqUO\">Nome do produto<\/div>\n<\/td>\n<td colspan=\"1\" rowspan=\"1\">\n<div class=\"magic-3\">Placa de a\u00e7o resistente a intemp\u00e9ries<\/div>\n<\/td>\n<\/tr>\n<tr>\n<td colspan=\"1\" rowspan=\"1\">\n<div class=\"magic-2\">Grau<\/div>\n<\/td>\n<td colspan=\"1\" rowspan=\"1\">\n<div class=\"magic-3\">09CuPCrNi-A, cortenA, cortenB<br \/>\nQ235NH,Q295NH,Q345NH,Q500NH<br \/>\nS235JOW,S355JOW,S355J2WP<\/div>\n<\/td>\n<\/tr>\n<tr>\n<td colspan=\"1\" rowspan=\"1\">\n<div class=\"magic-2\">T\u00e9cnica<\/div>\n<\/td>\n<td colspan=\"1\" rowspan=\"1\">\n<div class=\"magic-3\">Laminado a frio<\/div>\n<\/td>\n<\/tr>\n<tr>\n<td colspan=\"1\" rowspan=\"1\">\n<div class=\"magic-2\">Superf\u00edcie<\/div>\n<\/td>\n<td colspan=\"1\" rowspan=\"1\">\n<div class=\"magic-3\">Tratamento contra ferrugem, limpeza, jateamento ou de acordo com a necessidade do cliente.<\/div>\n<\/td>\n<\/tr>\n<\/tbody>\n<\/table>","protected":false},"featured_media":1244,"comment_status":"open","ping_status":"closed","template":"","meta":{"_eb_attr":"","_monsterinsights_skip_tracking":false,"_monsterinsights_sitenote_active":false,"_monsterinsights_sitenote_note":"","_monsterinsights_sitenote_category":0,"_uf_show_specific_survey":0,"_uf_disable_surveys":false},"product_brand":[],"product_cat":[21],"product_tag":[],"class_list":{"0":"post-1234","1":"product","2":"type-product","3":"status-publish","4":"has-post-thumbnail","6":"product_cat-weather-resistant-steel-plate","8":"first","9":"instock","10":"shipping-taxable","11":"product-type-simple"},"_links":{"self":[{"href":"https:\/\/keweicorten.com\/pt\/wp-json\/wp\/v2\/product\/1234"}],"collection":[{"href":"https:\/\/keweicorten.com\/pt\/wp-json\/wp\/v2\/product"}],"about":[{"href":"https:\/\/keweicorten.com\/pt\/wp-json\/wp\/v2\/types\/product"}],"replies":[{"embeddable":true,"href":"https:\/\/keweicorten.com\/pt\/wp-json\/wp\/v2\/comments?post=1234"}],"version-history":[{"count":1,"href":"https:\/\/keweicorten.com\/pt\/wp-json\/wp\/v2\/product\/1234\/revisions"}],"predecessor-version":[{"id":1245,"href":"https:\/\/keweicorten.com\/pt\/wp-json\/wp\/v2\/product\/1234\/revisions\/1245"}],"wp:featuredmedia":[{"embeddable":true,"href":"https:\/\/keweicorten.com\/pt\/wp-json\/wp\/v2\/media\/1244"}],"wp:attachment":[{"href":"https:\/\/keweicorten.com\/pt\/wp-json\/wp\/v2\/media?parent=1234"}],"wp:term":[{"taxonomy":"product_brand","embeddable":true,"href":"https:\/\/keweicorten.com\/pt\/wp-json\/wp\/v2\/product_brand?post=1234"},{"taxonomy":"product_cat","embeddable":true,"href":"https:\/\/keweicorten.com\/pt\/wp-json\/wp\/v2\/product_cat?post=1234"},{"taxonomy":"product_tag","embeddable":true,"href":"https:\/\/keweicorten.com\/pt\/wp-json\/wp\/v2\/product_tag?post=1234"}],"curies":[{"name":"wp","href":"https:\/\/api.w.org\/{rel}","templated":true}]}}