{"id":1238,"date":"2024-09-18T07:24:58","date_gmt":"2024-09-18T07:24:58","guid":{"rendered":"https:\/\/keweicorten.com\/?post_type=product&#038;p=1238"},"modified":"2024-09-18T07:24:58","modified_gmt":"2024-09-18T07:24:58","slug":"chapa-de-aco-corten-a","status":"publish","type":"product","link":"https:\/\/keweicorten.com\/pt\/chapa-de-aco-corten-a\/","title":{"rendered":"Placa de a\u00e7o Corten A"},"content":{"rendered":"<p>Com sua resist\u00eancia \u00e0s intemp\u00e9ries, excelentes propriedades mec\u00e2nicas, efeitos est\u00e9ticos exclusivos e baixos custos de manuten\u00e7\u00e3o, a chapa de a\u00e7o Corten A se tornou um dos materiais indispens\u00e1veis na arquitetura moderna e no design art\u00edstico. Seja para estruturas externas, projetos paisag\u00edsticos ou cria\u00e7\u00e3o de esculturas, a chapa de a\u00e7o Corten A oferece beleza duradoura e desempenho confi\u00e1vel.<\/p>\n<figure style=\"width: 737px\" class=\"wp-caption alignnone\"><a href=\"https:\/\/keweicorten.com\/pt\/entre-em-contato-conosco\/\"><img fetchpriority=\"high\" decoding=\"async\" title=\"chapa de a\u00e7o corten\" src=\"https:\/\/sc04.alicdn.com\/kf\/Adb7c535562cc4a6297ff891b617ab23aF\/239729424\/Adb7c535562cc4a6297ff891b617ab23aF.jpg\" alt=\"\" width=\"737\" height=\"305\" \/><\/a><figcaption class=\"wp-caption-text\">placa<\/figcaption><\/figure>\n<table class=\"all magic-7\" style=\"height: 280px;\" width=\"734\">\n<tbody>\n<tr>\n<td colspan=\"1\" rowspan=\"1\">\n<div class=\"magic-8\" data-spm-anchor-id=\"a2700.details.0.i39.4da84018QxxdRU\">Nome do produto<\/div>\n<\/td>\n<td colspan=\"1\" rowspan=\"1\">\n<div class=\"magic-9\">Chapa de Corten<\/div>\n<\/td>\n<\/tr>\n<tr>\n<td colspan=\"1\" rowspan=\"1\">\n<div class=\"magic-8\">Local de origem<\/div>\n<\/td>\n<td colspan=\"1\" rowspan=\"1\">\n<div class=\"magic-9\">China<\/div>\n<\/td>\n<\/tr>\n<tr>\n<td colspan=\"1\" rowspan=\"1\">\n<div class=\"magic-8\">Aplicativo<\/div>\n<\/td>\n<td colspan=\"1\" rowspan=\"1\">\n<div class=\"magic-9\">torre de ponte de ve\u00edculo ferrovi\u00e1rio de constru\u00e7\u00e3o<\/div>\n<\/td>\n<\/tr>\n<tr>\n<td colspan=\"1\" rowspan=\"1\">\n<div class=\"magic-8\">Liga ou n\u00e3o<\/div>\n<\/td>\n<td colspan=\"1\" rowspan=\"1\">\n<div class=\"magic-9\">N\u00e3o liga<\/div>\n<\/td>\n<\/tr>\n<tr>\n<td colspan=\"1\" rowspan=\"1\">\n<div class=\"magic-8\">Espessura<\/div>\n<\/td>\n<td colspan=\"1\" rowspan=\"1\">\n<div class=\"magic-9\">1-200 mm ou conforme necess\u00e1rio<\/div>\n<\/td>\n<\/tr>\n<tr>\n<td colspan=\"1\" rowspan=\"1\">\n<div class=\"magic-8\">Padr\u00e3o<\/div>\n<\/td>\n<td colspan=\"1\" rowspan=\"1\">\n<div class=\"magic-9\">ASTM, EN, DIN, ANSI, BS<\/div>\n<\/td>\n<\/tr>\n<tr>\n<td colspan=\"1\" rowspan=\"1\">\n<div class=\"magic-8\">Comprimento<\/div>\n<\/td>\n<td colspan=\"1\" rowspan=\"1\">\n<div class=\"magic-9\">3000-12000 mm, conforme necess\u00e1rio<\/div>\n<\/td>\n<\/tr>\n<tr>\n<td colspan=\"1\" rowspan=\"1\">\n<div class=\"magic-8\">T\u00e9cnica<\/div>\n<\/td>\n<td colspan=\"1\" rowspan=\"1\">\n<div class=\"magic-9\">laminado a quente laminado a frio (conforme solicita\u00e7\u00e3o do cliente)<\/div>\n<\/td>\n<\/tr>\n<tr>\n<td colspan=\"1\" rowspan=\"1\">\n<div class=\"magic-8\">Tratamento de superf\u00edcie<\/div>\n<\/td>\n<td colspan=\"1\" rowspan=\"1\">\n<div class=\"magic-9\">Limpeza, acabamento, jateamento de acordo com a necessidade do cliente<\/div>\n<\/td>\n<\/tr>\n<tr>\n<td colspan=\"1\" rowspan=\"1\">\n<div class=\"magic-8\">Toler\u00e2ncia<\/div>\n<\/td>\n<td colspan=\"1\" rowspan=\"1\">\n<div class=\"magic-9\">\u00b11%<\/div>\n<\/td>\n<\/tr>\n<tr>\n<td colspan=\"1\" rowspan=\"1\">\n<div class=\"magic-8\">Servi\u00e7os de processamento<\/div>\n<\/td>\n<td colspan=\"1\" rowspan=\"1\">\n<div class=\"magic-9\">Soldagem, puncionamento, corte, desbobinamento<\/div>\n<\/td>\n<\/tr>\n<tr>\n<td colspan=\"1\" rowspan=\"1\">\n<div class=\"magic-8\">Faturamento<\/div>\n<\/td>\n<td colspan=\"1\" rowspan=\"1\">\n<div class=\"magic-9\">por peso te\u00f3rico<\/div>\n<\/td>\n<\/tr>\n<tr>\n<td colspan=\"1\" rowspan=\"1\">\n<div class=\"magic-8\">Prazo de entrega<\/div>\n<\/td>\n<td colspan=\"1\" rowspan=\"1\">\n<div class=\"magic-9\">Dentro de 5 a 7 dias \u00fateis<\/div>\n<\/td>\n<\/tr>\n<tr>\n<td colspan=\"1\" rowspan=\"1\">\n<div class=\"magic-8\">Embalagem<\/div>\n<\/td>\n<td colspan=\"1\" rowspan=\"1\">\n<div class=\"magic-9\">Embalagem padr\u00e3o<\/div>\n<\/td>\n<\/tr>\n<\/tbody>\n<\/table>\n<h3>Aplica\u00e7\u00f5es da chapa de a\u00e7o Corten A:<\/h3>\n<ul>\n<li><strong>Arquitetura<\/strong>: Fachadas, revestimento de paredes e esculturas externas.<\/li>\n<li><strong>Pontes e infraestrutura<\/strong>: Usado em partes de pontes e edif\u00edcios onde \u00e9 necess\u00e1rio um desempenho duradouro sem manuten\u00e7\u00e3o frequente.<\/li>\n<li><strong>Paisagismo<\/strong>: Estruturas de jardim, muros de conten\u00e7\u00e3o e elementos decorativos.<\/li>\n<\/ul>","protected":false},"excerpt":{"rendered":"<p>O Corten A \u00e9 normalmente produzido de acordo com normas espec\u00edficas, como ASTM A588 ou A606, que descrevem suas propriedades qu\u00edmicas e mec\u00e2nicas. As espessuras padr\u00e3o das chapas de a\u00e7o Corten A podem variar, normalmente de alguns mil\u00edmetros a v\u00e1rios cent\u00edmetros, dependendo da aplica\u00e7\u00e3o.<\/p>","protected":false},"featured_media":1239,"comment_status":"open","ping_status":"closed","template":"","meta":{"_eb_attr":"","_monsterinsights_skip_tracking":false,"_monsterinsights_sitenote_active":false,"_monsterinsights_sitenote_note":"","_monsterinsights_sitenote_category":0,"_uf_show_specific_survey":0,"_uf_disable_surveys":false},"product_brand":[],"product_cat":[21],"product_tag":[],"class_list":{"0":"post-1238","1":"product","2":"type-product","3":"status-publish","4":"has-post-thumbnail","6":"product_cat-weather-resistant-steel-plate","8":"first","9":"instock","10":"shipping-taxable","11":"product-type-simple"},"_links":{"self":[{"href":"https:\/\/keweicorten.com\/pt\/wp-json\/wp\/v2\/product\/1238"}],"collection":[{"href":"https:\/\/keweicorten.com\/pt\/wp-json\/wp\/v2\/product"}],"about":[{"href":"https:\/\/keweicorten.com\/pt\/wp-json\/wp\/v2\/types\/product"}],"replies":[{"embeddable":true,"href":"https:\/\/keweicorten.com\/pt\/wp-json\/wp\/v2\/comments?post=1238"}],"version-history":[{"count":1,"href":"https:\/\/keweicorten.com\/pt\/wp-json\/wp\/v2\/product\/1238\/revisions"}],"predecessor-version":[{"id":1240,"href":"https:\/\/keweicorten.com\/pt\/wp-json\/wp\/v2\/product\/1238\/revisions\/1240"}],"wp:featuredmedia":[{"embeddable":true,"href":"https:\/\/keweicorten.com\/pt\/wp-json\/wp\/v2\/media\/1239"}],"wp:attachment":[{"href":"https:\/\/keweicorten.com\/pt\/wp-json\/wp\/v2\/media?parent=1238"}],"wp:term":[{"taxonomy":"product_brand","embeddable":true,"href":"https:\/\/keweicorten.com\/pt\/wp-json\/wp\/v2\/product_brand?post=1238"},{"taxonomy":"product_cat","embeddable":true,"href":"https:\/\/keweicorten.com\/pt\/wp-json\/wp\/v2\/product_cat?post=1238"},{"taxonomy":"product_tag","embeddable":true,"href":"https:\/\/keweicorten.com\/pt\/wp-json\/wp\/v2\/product_tag?post=1238"}],"curies":[{"name":"wp","href":"https:\/\/api.w.org\/{rel}","templated":true}]}}