{"id":1241,"date":"2024-09-18T07:36:57","date_gmt":"2024-09-18T07:36:57","guid":{"rendered":"https:\/\/keweicorten.com\/?post_type=product&#038;p=1241"},"modified":"2024-09-18T07:36:57","modified_gmt":"2024-09-18T07:36:57","slug":"chapa-de-aco-corten-q345nh","status":"publish","type":"product","link":"https:\/\/keweicorten.com\/pt\/chapa-de-aco-corten-q345nh\/","title":{"rendered":"chapa de a\u00e7o corten Q345NH"},"content":{"rendered":"<p>O a\u00e7o corten, tamb\u00e9m conhecido como a\u00e7o para intemp\u00e9ries, \u00e9 um tipo de liga de a\u00e7o projetado para resistir \u00e0 corros\u00e3o e \u00e0 abras\u00e3o. O Q345NH \u00e9 um tipo espec\u00edfico de a\u00e7o para intemp\u00e9ries comumente usado em ambientes atmosf\u00e9ricos. Aqui est\u00e3o alguns pontos importantes sobre o Q345NH:<\/p>\n<h2>Caracter\u00edsticas do Q345NH:<\/h2>\n<p>1. Composi\u00e7\u00e3o: a chapa de a\u00e7o corten Q345NH normalmente tem elementos adicionais, como cromo, n\u00edquel e cobre, que aumentam sua resist\u00eancia \u00e0 corros\u00e3o atmosf\u00e9rica.<br \/>\n2. Resist\u00eancia \u00e0 corros\u00e3o: O a\u00e7o forma uma camada protetora de p\u00e1tina quando exposto aos elementos, o que evita mais corros\u00e3o.<br \/>\n3. Propriedades mec\u00e2nicas:<br \/>\n- Resist\u00eancia ao escoamento: Aproximadamente 345 MPa<br \/>\n- Resist\u00eancia \u00e0 tra\u00e7\u00e3o: Tipicamente entre 470-630 MPa<br \/>\n4. Aplica\u00e7\u00f5es: Frequentemente usado em estruturas externas, pontes, esculturas e projetos arquitet\u00f4nicos em que a resist\u00eancia \u00e0s intemp\u00e9ries \u00e9 importante.<\/p>\n<h2>Vantagens da chapa de a\u00e7o corten Q345NH:<\/h2>\n<p>Durabilidade: Longa vida \u00fatil devido \u00e0 resist\u00eancia \u00e0 corros\u00e3o.<br \/>\nBaixa manuten\u00e7\u00e3o: A p\u00e1tina protetora reduz a necessidade de manuten\u00e7\u00e3o regular.<br \/>\nApelo est\u00e9tico: Oferece uma apar\u00eancia r\u00fastica exclusiva que \u00e9 desej\u00e1vel em muitas aplica\u00e7\u00f5es arquitet\u00f4nicas.<\/p>\n<p>Considera\u00e7\u00f5es:<br \/>\nO design adequado \u00e9 necess\u00e1rio para garantir a efic\u00e1cia da p\u00e1tina.<br \/>\n- Pode exigir t\u00e9cnicas especiais de manuseio e soldagem devido \u00e0 sua composi\u00e7\u00e3o de liga.<\/p>\n<figure style=\"width: 606px\" class=\"wp-caption alignnone\"><a href=\"https:\/\/keweicorten.com\/pt\/entre-em-contato-conosco\/\"><img fetchpriority=\"high\" decoding=\"async\" title=\"metal corten\" src=\"https:\/\/sc04.alicdn.com\/kf\/H1bfd17afb11542dd95c1e18de852bb2cJ\/234518937\/H1bfd17afb11542dd95c1e18de852bb2cJ.jpg\" alt=\"\" width=\"606\" height=\"545\" \/><\/a><figcaption class=\"wp-caption-text\">metal corten<\/figcaption><\/figure>\n<table class=\"has-title all magic-9\" style=\"height: 175px;\" width=\"890\">\n<tbody>\n<tr>\n<td colspan=\"1\" rowspan=\"1\">\n<div class=\"magic-10\" data-spm-anchor-id=\"a2700.details.0.i34.6d627765emMXnq\">Nome do produto<\/div>\n<\/td>\n<td colspan=\"4\" rowspan=\"1\">\n<div class=\"magic-11\">Placa de a\u00e7o resistente a intemp\u00e9ries<\/div>\n<\/td>\n<\/tr>\n<tr>\n<td colspan=\"1\" rowspan=\"1\">\n<div class=\"magic-10\">Padr\u00e3o<\/div>\n<\/td>\n<td colspan=\"4\" rowspan=\"1\">\n<div class=\"magic-11\">DIN GB JIS BA AISI ASTM<\/div>\n<\/td>\n<\/tr>\n<tr>\n<td colspan=\"1\" rowspan=\"1\">\n<div class=\"magic-10\">Comprimento<\/div>\n<\/td>\n<td colspan=\"4\" rowspan=\"1\">\n<div class=\"magic-11\">Pode ser personalizado<\/div>\n<\/td>\n<\/tr>\n<tr>\n<td colspan=\"1\" rowspan=\"1\">\n<div class=\"magic-10\">Largura<\/div>\n<\/td>\n<td colspan=\"4\" rowspan=\"1\">\n<div class=\"magic-11\">Pode ser personalizado<\/div>\n<\/td>\n<\/tr>\n<tr>\n<td colspan=\"1\" rowspan=\"1\">\n<div class=\"magic-10\">Espessura<\/div>\n<\/td>\n<td colspan=\"4\" rowspan=\"1\">\n<div class=\"magic-11\">2-100 mm ou pode ser personalizado<\/div>\n<\/td>\n<\/tr>\n<tr>\n<td colspan=\"1\" rowspan=\"1\">\n<div class=\"magic-10\">Material<\/div>\n<\/td>\n<td colspan=\"4\" rowspan=\"1\">\n<div class=\"magic-11\">Q345NH<\/div>\n<\/td>\n<\/tr>\n<tr>\n<td colspan=\"1\" rowspan=\"1\">Fornecimento<\/td>\n<td colspan=\"4\" rowspan=\"1\">Henan, Anyang<\/td>\n<\/tr>\n<tr>\n<td colspan=\"1\" rowspan=\"1\">\n<div class=\"magic-10\">Aplicativo<\/div>\n<\/td>\n<td colspan=\"4\" rowspan=\"1\">\n<div class=\"magic-11\" data-spm-anchor-id=\"a2700.details.0.i41.6d627765emMXnq\">O a\u00e7o para intemperismo \u00e9 usado principalmente em ferrovias, ve\u00edculos, pontes, torres, energia fotovoltaica, engenharia de alta velocidade e outros setores de longo prazo<br \/>\nexposi\u00e7\u00e3o \u00e0 atmosfera do uso de estruturas de a\u00e7o. Tamb\u00e9m pode ser usado na fabrica\u00e7\u00e3o de cont\u00eaineres, ferrovias<br \/>\nve\u00edculos, torres de petr\u00f3leo, edif\u00edcios portu\u00e1rios, plataformas de petr\u00f3leo e cont\u00eaineres de meios corrosivos contendo enxofre em ind\u00fastrias qu\u00edmicas e de alimentos.<br \/>\nequipamentos de petr\u00f3leo. Al\u00e9m disso, devido \u00e0 apar\u00eancia exclusiva do a\u00e7o resistente \u00e0s intemp\u00e9ries, ele tamb\u00e9m \u00e9 usado com frequ\u00eancia em obras de arte p\u00fablica, em ambientes externos e em outros tipos de instala\u00e7\u00f5es.<br \/>\nescultura e decora\u00e7\u00e3o de paredes externas de edif\u00edcios.<\/div>\n<\/td>\n<\/tr>\n<tr>\n<td colspan=\"1\" rowspan=\"1\">\n<div class=\"magic-10\">Embalagem para exporta\u00e7\u00e3o<\/div>\n<\/td>\n<td colspan=\"4\" rowspan=\"1\">\n<div class=\"magic-11\">Papel \u00e0 prova d'\u00e1gua e fita de a\u00e7o embalada.<br \/>\nEmbalagem padr\u00e3o para exporta\u00e7\u00e3o em condi\u00e7\u00f5es de navegar, adequada para todos os tipos de transporte ou conforme necess\u00e1rio<\/div>\n<\/td>\n<\/tr>\n<tr>\n<td colspan=\"1\" rowspan=\"1\">\n<div class=\"magic-10\">Superf\u00edcie<\/div>\n<\/td>\n<td colspan=\"4\" rowspan=\"1\">\n<div class=\"magic-14\">Preto, revestimento, revestimento colorido, verniz antiferrugem, \u00f3leo antiferrugem, grade, etc.<\/div>\n<\/td>\n<\/tr>\n<\/tbody>\n<\/table>\n<figure style=\"width: 808px\" class=\"wp-caption alignnone\"><a href=\"https:\/\/keweicorten.com\/pt\"><img decoding=\"async\" title=\"a\u00e7o para intemp\u00e9ries cor ten\" src=\"https:\/\/sc04.alicdn.com\/kf\/Hd90ee00edc574f218534265cd9014001r\/244098142\/Hd90ee00edc574f218534265cd9014001r.jpg\" alt=\"\" width=\"808\" height=\"606\" \/><\/a><figcaption class=\"wp-caption-text\">a\u00e7o para intemp\u00e9ries cor ten<\/dd>\n<dd><\/figcaption><\/figure>\n<div class=\"magic-25\">\n<h3 class=\"magic-28\"><span class=\"magic-22\" data-spm-anchor-id=\"a2700.details.0.i44.6d627765emMXnq\">Parede cortina \u00e0 prova de intemp\u00e9ries<\/span><\/h3>\n<\/div>\n<div class=\"magic-6\">\n<div class=\"magic-7\"><span class=\"magic-8\">A superf\u00edcie da chapa de a\u00e7o resistente a intemp\u00e9ries pode formar uma camada densa de \u00f3xido com uma cor vermelha ferrugem natural est\u00e1vel e uniforme, que \u00e9 um material atraente para paredes externas de edif\u00edcios.<\/span><\/div>\n<\/div>\n<div><\/div>\n<div>\n<div class=\"J_module\">\n<h2 id=\"ali-anchor-AliMagic-59mjkc\" class=\"magic-0\" data-section=\"AliMagic-59mjkc\" data-section-title=\"Packing and shipping\" data-spm-anchor-id=\"a2700.details.0.i47.6d627765emMXnq\">Embalagem e remessa<\/h2>\n<p>Para garantir melhor a seguran\u00e7a de seus produtos, ser\u00e3o fornecidos servi\u00e7os de embalagem profissionais, ecologicamente corretos, convenientes e eficientes.<\/p>\n<\/div>\n<\/div>\n<div class=\"magic-6\">\n<div>\n<figure style=\"width: 702px\" class=\"wp-caption alignnone\"><a href=\"https:\/\/keweicorten.com\/pt\"><img decoding=\"async\" title=\"cor dez\" src=\"https:\/\/sc04.alicdn.com\/kf\/H7797fd55b837482089a07478ece1cdc1U\/244098142\/H7797fd55b837482089a07478ece1cdc1U.jpg\" alt=\"\" width=\"702\" height=\"437\" \/><\/a><figcaption class=\"wp-caption-text\">cor dez<\/figcaption><\/figure>\n<figure style=\"width: 700px\" class=\"wp-caption alignnone\"><a href=\"https:\/\/keweicorten.com\/pt\"><img loading=\"lazy\" decoding=\"async\" title=\"revestimento de a\u00e7o corten\" src=\"https:\/\/sc04.alicdn.com\/kf\/H8a0f8c737f5141c4a353d7772f3f6b566\/244098142\/H8a0f8c737f5141c4a353d7772f3f6b566.jpg\" alt=\"\" width=\"700\" height=\"525\" \/><\/a><figcaption class=\"wp-caption-text\">revestimento de a\u00e7o corten<\/figcaption><\/figure>\n<div class=\"J_module\">\n<h2 id=\"ali-anchor-AliMagic-hdaj54\" class=\"magic-0\" data-section=\"AliMagic-hdaj54\" data-section-title=\"FAQ\">PERGUNTAS FREQUENTES<\/h2>\n<\/div>\n<div class=\"J_module\">\n<div class=\"detail-decorate-json-renderer-container\">\n<div class=\"magic-4\">\n<div class=\"magic-5\">\n<div class=\"magic-6\">\n<div class=\"magic-7\"><b><span class=\"magic-23\">1. POSSO OBTER ALGUMAS AMOSTRAS? <\/span><\/b><\/p>\n<div><span class=\"magic-23\">Sim. Podemos fornecer amostras, mas voc\u00ea precisa pagar a taxa da amostra e o custo de envio antecipadamente. Reembolsaremos a taxa da amostra depois que voc\u00ea fizer o pedido. Informe-nos sua conta de correio ou envie-nos suas taxas e providenciaremos o envio de uma amostra.<br \/>\n<b class=\"magic-57\">2. VOC\u00ca PODE PRODUZIR DE ACORDO COM AS AMOSTRAS? <\/b><br \/>\nSim, podemos produzir suas amostras ou desenhos t\u00e9cnicos. Podemos construir os moldes e os acess\u00f3rios.<br \/>\n<b class=\"magic-57\">3. QUAIS S\u00c3O SUAS CONDI\u00c7\u00d5ES DE PAGAMENTO? <\/b><br \/>\nPagamento=1000USD, 30% T\/T adiantado, saldo antes do envio. Se tiver outra d\u00favida, entre em contato conosco.<br \/>\n<b class=\"magic-57\">4. QUAIS S\u00c3O SEUS TERMOS DE ENTREGA? <\/b><br \/>\nEXW, FOB, CFR, CIF, DDU.<br \/>\n<b class=\"magic-57\">5. PODEMOS VISITAR SUA F\u00c1BRICA?<\/b><br \/>\nSeja bem-vindo. Assim que tivermos a sua agenda, providenciaremos para que a equipe de vendas profissional acompanhe o seu caso.<br \/>\n<b class=\"magic-57\">6. COMO \u00c9 O PRAZO DE ENTREGA? <\/b><br \/>\nEm geral, de 10 a 25 dias ap\u00f3s o recebimento do pagamento antecipado. O prazo exato de entrega depende dos produtos e da quantidade solicitada.<br \/>\n<b class=\"magic-57\">7. VANTAGENS P\u00d3S-VENDA<\/b>.<br \/>\nGarantia de um ano para os produtos; se voc\u00ea encontrar alguma pe\u00e7a defeituosa pela primeira vez, forneceremos novas pe\u00e7as gratuitamente no pr\u00f3ximo pedido. Como um fabricante experiente, voc\u00ea pode ter certeza da qualidade e do servi\u00e7o p\u00f3s-venda.<\/span><\/div>\n<\/div>\n<\/div>\n<\/div>\n<\/div>\n<\/div>\n<\/div>\n<\/div>\n<\/div>","protected":false},"excerpt":{"rendered":"<p>O Q345NH \u00e9 amplamente utilizado na constru\u00e7\u00e3o e na arte devido \u00e0s suas propriedades exclusivas e apelo est\u00e9tico. Se voc\u00ea tiver perguntas mais espec\u00edficas ou precisar de mais informa\u00e7\u00f5es, fique \u00e0 vontade para perguntar!<\/p>","protected":false},"featured_media":1242,"comment_status":"open","ping_status":"closed","template":"","meta":{"_eb_attr":"","_monsterinsights_skip_tracking":false,"_monsterinsights_sitenote_active":false,"_monsterinsights_sitenote_note":"","_monsterinsights_sitenote_category":0,"_uf_show_specific_survey":0,"_uf_disable_surveys":false},"product_brand":[],"product_cat":[21],"product_tag":[],"class_list":{"0":"post-1241","1":"product","2":"type-product","3":"status-publish","4":"has-post-thumbnail","6":"product_cat-weather-resistant-steel-plate","8":"first","9":"instock","10":"shipping-taxable","11":"product-type-simple"},"_links":{"self":[{"href":"https:\/\/keweicorten.com\/pt\/wp-json\/wp\/v2\/product\/1241"}],"collection":[{"href":"https:\/\/keweicorten.com\/pt\/wp-json\/wp\/v2\/product"}],"about":[{"href":"https:\/\/keweicorten.com\/pt\/wp-json\/wp\/v2\/types\/product"}],"replies":[{"embeddable":true,"href":"https:\/\/keweicorten.com\/pt\/wp-json\/wp\/v2\/comments?post=1241"}],"version-history":[{"count":1,"href":"https:\/\/keweicorten.com\/pt\/wp-json\/wp\/v2\/product\/1241\/revisions"}],"predecessor-version":[{"id":1243,"href":"https:\/\/keweicorten.com\/pt\/wp-json\/wp\/v2\/product\/1241\/revisions\/1243"}],"wp:featuredmedia":[{"embeddable":true,"href":"https:\/\/keweicorten.com\/pt\/wp-json\/wp\/v2\/media\/1242"}],"wp:attachment":[{"href":"https:\/\/keweicorten.com\/pt\/wp-json\/wp\/v2\/media?parent=1241"}],"wp:term":[{"taxonomy":"product_brand","embeddable":true,"href":"https:\/\/keweicorten.com\/pt\/wp-json\/wp\/v2\/product_brand?post=1241"},{"taxonomy":"product_cat","embeddable":true,"href":"https:\/\/keweicorten.com\/pt\/wp-json\/wp\/v2\/product_cat?post=1241"},{"taxonomy":"product_tag","embeddable":true,"href":"https:\/\/keweicorten.com\/pt\/wp-json\/wp\/v2\/product_tag?post=1241"}],"curies":[{"name":"wp","href":"https:\/\/api.w.org\/{rel}","templated":true}]}}