{"id":1277,"date":"2024-09-19T08:11:50","date_gmt":"2024-09-19T08:11:50","guid":{"rendered":"https:\/\/keweicorten.com\/?post_type=product&#038;p=1277"},"modified":"2025-01-15T06:26:18","modified_gmt":"2025-01-15T06:26:18","slug":"tigela-para-fogueira","status":"publish","type":"product","link":"https:\/\/keweicorten.com\/pt\/tigela-para-fogueira\/","title":{"rendered":"tigela de fogo de corten"},"content":{"rendered":"<h2><b data-spm-anchor-id=\"a2700.details.0.i38.54803c56Fst1G1\">\u00a0Projeto de cuba para fogueira externa em a\u00e7o corten <\/b><\/h2>\n<div>O Garden Corten Steel Wood Burning Fire Pit Bowl \u00e9 uma excelente op\u00e7\u00e3o para criar calor e ambiente em espa\u00e7os ao ar livre, proporcionando um visual sofisticado e r\u00fastico que acrescenta personalidade \u00e0 paisagem circundante.<\/div>\n<div>Essas tigelas para fogueiras v\u00eam em uma variedade de formas e tamanhos para se adequar a diferentes espa\u00e7os ao ar livre e s\u00e3o f\u00e1ceis de manter, o que as torna uma escolha popular para os entusiastas da vida ao ar livre.<\/div>\n<div>\n<table class=\"all magic-16\" style=\"height: 216px;\" width=\"816\">\n<tbody>\n<tr>\n<td colspan=\"1\" rowspan=\"1\">\n<div class=\"magic-17\" data-spm-anchor-id=\"a2700.details.0.i44.54803c56Fst1G1\">Nome do produto<\/div>\n<\/td>\n<td colspan=\"4\" rowspan=\"1\">\n<div class=\"magic-18\">Decora\u00e7\u00e3o de jardim Lareira port\u00e1til sem fuma\u00e7a Tigela de fogo de a\u00e7o Design de fogueira de a\u00e7o corten para ambientes externos<\/div>\n<\/td>\n<\/tr>\n<tr>\n<td colspan=\"1\" rowspan=\"1\">\n<div class=\"magic-17\">Material<\/div>\n<\/td>\n<td colspan=\"4\" rowspan=\"1\">\n<div class=\"magic-18\">A\u00e7o corten\/resistente a intemp\u00e9ries<\/div>\n<\/td>\n<\/tr>\n<tr>\n<td colspan=\"1\" rowspan=\"1\">\n<div class=\"magic-17\">Acabamento da superf\u00edcie<\/div>\n<\/td>\n<td colspan=\"4\" rowspan=\"1\">\n<div class=\"magic-18\">Pr\u00e9-ferrugem, conforme a necessidade<\/div>\n<\/td>\n<\/tr>\n<tr>\n<td colspan=\"1\" rowspan=\"1\">\n<div class=\"magic-17\">Tamanho<\/div>\n<\/td>\n<td colspan=\"4\" rowspan=\"1\">\n<div class=\"magic-21\">\n<p>Di\u00e2metro: 800mm-1200mm<\/p>\n<div data-spm-anchor-id=\"a2700.pc-decorate.0.i14.1ac93333diqBDj\">Espessura: 3 mm, personalizado<\/div>\n<\/div>\n<\/td>\n<\/tr>\n<tr>\n<td colspan=\"1\" rowspan=\"1\">\n<div class=\"magic-22\">Recurso<\/div>\n<\/td>\n<td colspan=\"4\" rowspan=\"1\">\n<div class=\"magic-21\">Design est\u00e1vel, f\u00e1cil de montar, resistente a altas temperaturas<\/div>\n<\/td>\n<\/tr>\n<tr>\n<td colspan=\"1\" rowspan=\"1\">\n<div class=\"magic-22\">Servi\u00e7o adicional<\/div>\n<\/td>\n<td colspan=\"1\" rowspan=\"1\">\n<div class=\"magic-21\">Todas as tigelas para fogueiras podem ser fabricadas com base no projeto, desenho, amostra e requisitos detalhados do cliente.<\/div>\n<\/td>\n<\/tr>\n<\/tbody>\n<\/table>\n<\/div>\n<div><a href=\"https:\/\/keweicorten.com\/pt\"><img fetchpriority=\"high\" decoding=\"async\" class=\"alignnone\" title=\"fogueira\" src=\"https:\/\/sc04.alicdn.com\/kf\/H98c98f834b0941fe86f09cf240438fe2D\/252583075\/H98c98f834b0941fe86f09cf240438fe2D.jpg\" alt=\"\" width=\"676\" height=\"676\" \/><\/a><\/div>\n<div>\n<h2>Caracter\u00edsticas das bacias de inc\u00eandio de Corten:<\/h2>\n<ol>\n<li><strong>Material<\/strong>: O a\u00e7o corten desenvolve uma p\u00e1tina semelhante \u00e0 ferrugem com o tempo, dando-lhe uma apar\u00eancia texturizada exclusiva que combina bem com ambientes naturais.<\/li>\n<li><strong>Durabilidade<\/strong>: O a\u00e7o \u00e9 resistente \u00e0 corros\u00e3o e \u00e0s intemp\u00e9ries, o que o torna adequado para uso externo durante todo o ano.<\/li>\n<li><strong>Design<\/strong>: As bacias de inc\u00eandio de corten s\u00e3o oferecidas em v\u00e1rios formatos e tamanhos, geralmente com designs minimalistas que aprimoram a est\u00e9tica de qualquer espa\u00e7o ao ar livre.<\/li>\n<li><strong>Funcionalidade<\/strong>: Eles podem ser usados para cozinhar e aquecer, proporcionando calor e um ponto de encontro central para atividades ao ar livre.<\/li>\n<\/ol>\n<\/div>\n<div><\/div>\n<div>\n<figure style=\"width: 675px\" class=\"wp-caption alignnone\"><a href=\"https:\/\/keweicorten.com\/pt\/entre-em-contato-conosco\/\"><img decoding=\"async\" title=\"fogueira\" src=\"https:\/\/sc04.alicdn.com\/kf\/Hc05888b8a84f48d7891b9c11c4d261b9Q\/252583075\/Hc05888b8a84f48d7891b9c11c4d261b9Q.jpg\" alt=\"\" width=\"675\" height=\"675\" \/><\/a><figcaption class=\"wp-caption-text\">fogueira<\/figcaption><\/figure>\n<\/div>\n<div>\n<h2>Benef\u00edcios das ta\u00e7as de fogo de Corten:<\/h2>\n<ul>\n<li><strong>Est\u00e9tica \u00fanica<\/strong>: A apar\u00eancia r\u00fastica do a\u00e7o corten acrescenta personalidade e eleg\u00e2ncia ao seu jardim ou p\u00e1tio.<\/li>\n<li><strong>Baixa manuten\u00e7\u00e3o<\/strong>: Ao contr\u00e1rio das lareiras de madeira, as lareiras de corten exigem manuten\u00e7\u00e3o m\u00ednima.<\/li>\n<li><strong>Versatilidade<\/strong>: Muitos modelos podem funcionar como mesa quando n\u00e3o estiverem sendo usados para uma fogueira.<\/li>\n<\/ul>\n<\/div>\n<div>\n<figure style=\"width: 673px\" class=\"wp-caption alignnone\"><a href=\"https:\/\/keweicorten.com\/pt\"><img decoding=\"async\" title=\"fogueira de corten\" src=\"https:\/\/sc04.alicdn.com\/kf\/H98c98f834b0941fe86f09cf240438fe2D\/252583075\/H98c98f834b0941fe86f09cf240438fe2D.jpg\" alt=\"\" width=\"673\" height=\"673\" \/><\/a><figcaption class=\"wp-caption-text\">fogueira de corten<\/figcaption><\/figure>\n<\/div>\n<div>\n<div class=\"J_module\">\n<div class=\"detail-decorate-json-renderer-container\">\n<div class=\"magic-4\">\n<div class=\"magic-5\">\n<div class=\"magic-6\">\n<div class=\"magic-7\">\n<p><b data-spm-anchor-id=\"a2700.details.0.i45.54803c56Fst1G1\">Tigela para fogueira externa de a\u00e7o corten para queima de madeira<\/b><\/p>\n<div>\n<p>O Wood Burning Fire Pit \u00e9 um recipiente largo e raso feito de a\u00e7o Corten de 5 mm (3\/16\"), comumente conhecido como a\u00e7o para intemp\u00e9ries, o que n\u00e3o apenas torna esse braseiro extremamente dur\u00e1vel, mas tamb\u00e9m lhe confere um estilo \u00fanico que o diferencia de todos os outros fogos.<\/p>\n<div><\/div>\n<div><span data-spm-anchor-id=\"a2700.details.0.i46.54803c56Fst1G1\">Esse tipo de a\u00e7o tamb\u00e9m \u00e9 feito para mudar ligeiramente com o passar dos anos, dando a ele uma apar\u00eancia ainda mais exclusiva de desgaste que \u00e9 muito procurada. Ele atingir\u00e1 seu pico de p\u00e1tina em 2 a 4 anos e, depois, permanecer\u00e1 nesse estado com pouqu\u00edssimas altera\u00e7\u00f5es.<\/span><\/div>\n<\/div>\n<\/div>\n<\/div>\n<\/div>\n<\/div>\n<\/div>\n<\/div>\n<div class=\"J_module\">\n<div class=\"icbu-pc-images magic-1\">\n<div>\n<div class=\"flex-layout-v\">\n<div class=\"flex-layout-h magic-1\">\n<div class=\"magic-26\"><a href=\"https:\/\/kwijbl.en.alibaba.com\/\" target=\"_blank\" rel=\"noopener nofollow\"><img decoding=\"async\" class=\"magic-27\" src=\"https:\/\/sc04.alicdn.com\/kf\/Hd5663bf2cbbf4b99aabdba5721ae9d7bL\/252583075\/Hd5663bf2cbbf4b99aabdba5721ae9d7bL.jpg\" data-src=\"\/\/sc04.alicdn.com\/kf\/Hd5663bf2cbbf4b99aabdba5721ae9d7bL\/252583075\/Hd5663bf2cbbf4b99aabdba5721ae9d7bL.jpg\" \/><\/a><\/div>\n<\/div>\n<\/div>\n<\/div>\n<\/div>\n<\/div>\n<\/div>","protected":false},"excerpt":{"rendered":"<p>Material: O a\u00e7o resistente a intemp\u00e9ries formar\u00e1 uma camada protetora de \u00f3xido quando exposto ao clima para evitar mais corros\u00e3o.<br \/>\nDesign: As bacias para fogueiras de a\u00e7o para intemp\u00e9ries geralmente t\u00eam um design simples e uma variedade de formas, que podem ser usadas como fogueiras ou como m\u00f3veis decorativos.<br \/>\nDurabilidade: O a\u00e7o para intemp\u00e9ries tem forte resist\u00eancia \u00e0 corros\u00e3o e \u00e9 adequado para uso externo sem se preocupar com os efeitos do mau tempo.<br \/>\nVersatilidade: N\u00e3o apenas para aquecimento e festas, mas tamb\u00e9m para cozinhar ao ar livre<\/p>","protected":false},"featured_media":1278,"comment_status":"open","ping_status":"closed","template":"","meta":{"_eb_attr":"","_monsterinsights_skip_tracking":false,"_monsterinsights_sitenote_active":false,"_monsterinsights_sitenote_note":"","_monsterinsights_sitenote_category":0,"_uf_show_specific_survey":0,"_uf_disable_surveys":false},"product_brand":[],"product_cat":[54],"product_tag":[],"class_list":{"0":"post-1277","1":"product","2":"type-product","3":"status-publish","4":"has-post-thumbnail","6":"product_cat-wood-fire-pit","8":"first","9":"instock","10":"shipping-taxable","11":"product-type-simple"},"_links":{"self":[{"href":"https:\/\/keweicorten.com\/pt\/wp-json\/wp\/v2\/product\/1277"}],"collection":[{"href":"https:\/\/keweicorten.com\/pt\/wp-json\/wp\/v2\/product"}],"about":[{"href":"https:\/\/keweicorten.com\/pt\/wp-json\/wp\/v2\/types\/product"}],"replies":[{"embeddable":true,"href":"https:\/\/keweicorten.com\/pt\/wp-json\/wp\/v2\/comments?post=1277"}],"version-history":[{"count":2,"href":"https:\/\/keweicorten.com\/pt\/wp-json\/wp\/v2\/product\/1277\/revisions"}],"predecessor-version":[{"id":1280,"href":"https:\/\/keweicorten.com\/pt\/wp-json\/wp\/v2\/product\/1277\/revisions\/1280"}],"wp:featuredmedia":[{"embeddable":true,"href":"https:\/\/keweicorten.com\/pt\/wp-json\/wp\/v2\/media\/1278"}],"wp:attachment":[{"href":"https:\/\/keweicorten.com\/pt\/wp-json\/wp\/v2\/media?parent=1277"}],"wp:term":[{"taxonomy":"product_brand","embeddable":true,"href":"https:\/\/keweicorten.com\/pt\/wp-json\/wp\/v2\/product_brand?post=1277"},{"taxonomy":"product_cat","embeddable":true,"href":"https:\/\/keweicorten.com\/pt\/wp-json\/wp\/v2\/product_cat?post=1277"},{"taxonomy":"product_tag","embeddable":true,"href":"https:\/\/keweicorten.com\/pt\/wp-json\/wp\/v2\/product_tag?post=1277"}],"curies":[{"name":"wp","href":"https:\/\/api.w.org\/{rel}","templated":true}]}}