{"id":1281,"date":"2024-09-19T08:33:27","date_gmt":"2024-09-19T08:33:27","guid":{"rendered":"https:\/\/keweicorten.com\/?post_type=product&#038;p=1281"},"modified":"2025-01-15T06:26:04","modified_gmt":"2025-01-15T06:26:04","slug":"tigela-para-fogueira-de-aco-corten","status":"publish","type":"product","link":"https:\/\/keweicorten.com\/pt\/tigela-para-fogueira-de-aco-corten\/","title":{"rendered":"tigela para fogueira de a\u00e7o corten"},"content":{"rendered":"<table class=\"all magic-16\" style=\"height: 213px;\" width=\"675\">\n<tbody>\n<tr>\n<td colspan=\"1\" rowspan=\"1\">\n<div class=\"magic-17\" data-spm-anchor-id=\"a2700.details.0.i44.54803c56Fst1G1\">Nome do produto<\/div>\n<\/td>\n<td colspan=\"4\" rowspan=\"1\">\n<div class=\"magic-18\">Decora\u00e7\u00e3o de jardim Lareira port\u00e1til sem fuma\u00e7a Tigela de fogo de a\u00e7o Design de fogueira de a\u00e7o corten para ambientes externos<\/div>\n<\/td>\n<\/tr>\n<tr>\n<td colspan=\"1\" rowspan=\"1\">\n<div class=\"magic-17\">Material<\/div>\n<\/td>\n<td colspan=\"4\" rowspan=\"1\">\n<div class=\"magic-18\">A\u00e7o corten\/resistente a intemp\u00e9ries<\/div>\n<\/td>\n<\/tr>\n<tr>\n<td colspan=\"1\" rowspan=\"1\">\n<div class=\"magic-17\">Acabamento da superf\u00edcie<\/div>\n<\/td>\n<td colspan=\"4\" rowspan=\"1\">\n<div class=\"magic-18\">Pr\u00e9-ferrugem, conforme a necessidade<\/div>\n<\/td>\n<\/tr>\n<tr>\n<td colspan=\"1\" rowspan=\"1\">\n<div class=\"magic-17\">Tamanho<\/div>\n<\/td>\n<td colspan=\"4\" rowspan=\"1\">\n<div class=\"magic-21\">Di\u00e2metro: 800mm-1200mm<\/p>\n<div data-spm-anchor-id=\"a2700.pc-decorate.0.i14.1ac93333diqBDj\">Espessura: 3 mm, personalizado<\/div>\n<\/div>\n<\/td>\n<\/tr>\n<tr>\n<td colspan=\"1\" rowspan=\"1\">\n<div class=\"magic-22\">Recurso<\/div>\n<\/td>\n<td colspan=\"4\" rowspan=\"1\">\n<div class=\"magic-21\">Design est\u00e1vel, f\u00e1cil de montar, resistente a altas temperaturas<\/div>\n<\/td>\n<\/tr>\n<tr>\n<td colspan=\"1\" rowspan=\"1\">\n<div class=\"magic-22\">Servi\u00e7o adicional<\/div>\n<\/td>\n<td colspan=\"1\" rowspan=\"1\">\n<div class=\"magic-21\">Todas as tigelas para fogueiras podem ser fabricadas com base no projeto, desenho, amostra e requisitos detalhados do cliente.<\/div>\n<\/td>\n<\/tr>\n<\/tbody>\n<\/table>\n<h2>Tigela para fogueira de a\u00e7o corten Caracter\u00edsticas:<\/h2>\n<ol>\n<li>Efeito de aquecimento: A tigela da fogueira de a\u00e7o corten pode gerar calor de forma eficaz e fornecer calor para as noites frias.<\/li>\n<li>Material de a\u00e7o resistente a intemp\u00e9ries: Esse a\u00e7o pode formar uma camada protetora de ferrugem no ambiente externo, com alta durabilidade e resist\u00eancia \u00e0 corros\u00e3o.<\/li>\n<li>Design diversificado: H\u00e1 uma variedade de formas e estilos para escolher, desde estilos simples e modernos at\u00e9 estilos tradicionais, para atender a diferentes necessidades est\u00e9ticas.<\/li>\n<li>Apar\u00eancia exclusiva: Com o passar do tempo, o a\u00e7o resistente \u00e0s intemp\u00e9ries desenvolver\u00e1 uma cor de ferrugem exclusiva, acrescentando um sabor natural.<\/li>\n<li>Baixa manuten\u00e7\u00e3o: As fossas de a\u00e7o s\u00e3o mais dur\u00e1veis e exigem menos manuten\u00e7\u00e3o do que as fossas de madeira.<\/li>\n<li>Versatilidade: Pode ser usado em festas, churrascos ou como decora\u00e7\u00e3o externa.<\/li>\n<\/ol>\n<figure style=\"width: 681px\" class=\"wp-caption alignnone\"><a href=\"https:\/\/keweicorten.com\/pt\"><img fetchpriority=\"high\" decoding=\"async\" title=\"fogueira de corten\" src=\"https:\/\/sc04.alicdn.com\/kf\/He4a60616fc3f4077b11865c42a940e80M\/252583075\/He4a60616fc3f4077b11865c42a940e80M.jpg\" alt=\"\" width=\"681\" height=\"681\" \/><\/a><figcaption class=\"wp-caption-text\">fogueira<\/figcaption><\/figure>\n<p class=\"text-title\"><span data-spm-anchor-id=\"a2700.details.0.i48.54803c56Fst1G1\">Recurso:<\/span><\/p>\n<div class=\"text-content\" data-spm-anchor-id=\"a2700.details.0.i50.54803c56Fst1G1\">Entretenimento a noite toda<\/p>\n<div><\/div>\n<div><span class=\"magic-11\">Constru\u00e7\u00e3o em a\u00e7o corten<\/span><\/div>\n<div><\/div>\n<div>Design vers\u00e1til<\/div>\n<div><\/div>\n<div>Design est\u00e1vel, f\u00e1cil de montar, resistente a altas temperaturas<\/div>\n<div>\n<figure style=\"width: 688px\" class=\"wp-caption alignnone\"><a href=\"https:\/\/keweicorten.com\/pt\/entre-em-contato-conosco\/\"><img decoding=\"async\" title=\"fogueira de a\u00e7o corten\" src=\"https:\/\/sc04.alicdn.com\/kf\/Hf3f21555e1104e5890549829f8f4f0e9w\/252583075\/Hf3f21555e1104e5890549829f8f4f0e9w.jpg\" alt=\"\" width=\"688\" height=\"688\" \/><\/a><figcaption class=\"wp-caption-text\">fogueira de a\u00e7o corten<\/figcaption><\/figure>\n<div class=\"text-content\">O design do Firepit apresenta um recipiente sem costura e suavemente torneado, criado a partir de uma \u00fanica pe\u00e7a de a\u00e7o resistente \u00e0s intemp\u00e9ries,<span data-spm-anchor-id=\"a2700.details.0.i54.54803c56Fst1G1\"> tamb\u00e9m conhecido como a\u00e7o corten, um a\u00e7o especial originalmente desenvolvido para a constru\u00e7\u00e3o de pontes e arranha-c\u00e9us devido \u00e0 sua incr\u00edvel resist\u00eancia.<\/span> A \u00e1gua n\u00e3o danificar\u00e1 nem corroer\u00e1 o recipiente gra\u00e7as \u00e0 camada protetora formada pelo a\u00e7o corten.<\/div>\n<div>\n<figure style=\"width: 709px\" class=\"wp-caption alignnone\"><a href=\"https:\/\/keweicorten.com\/pt\"><img decoding=\"async\" title=\"fogueira para queima de madeira em a\u00e7o corten\" src=\"https:\/\/sc04.alicdn.com\/kf\/H75f4af517494456698484c6c3fdb8945C\/252583075\/H75f4af517494456698484c6c3fdb8945C.jpg\" alt=\"\" width=\"709\" height=\"516\" \/><\/a><figcaption class=\"wp-caption-text\">fogueira para queima de madeira em a\u00e7o corten<\/figcaption><\/figure>\n<\/div>\n<\/div>\n<\/div>","protected":false},"excerpt":{"rendered":"<p>Esta rodada Rusty Red <strong>Tigela para fogueira de a\u00e7o corten<\/strong>\u00a0\u00e9 o recurso perfeito para jardins de baixa manuten\u00e7\u00e3o. Dispon\u00edvel em tamanhos de 60 a 150 cm, \u00e9 adequado para qualquer tamanho de espa\u00e7o ou or\u00e7amento! Come\u00e7ando como um a\u00e7o cinza, assim que o a\u00e7o corten \u00e9 exposto aos elementos, ele naturalmente se adapta \u00e0s intemp\u00e9ries e desenvolve um acabamento rico e atraente.<\/p>","protected":false},"featured_media":1282,"comment_status":"open","ping_status":"closed","template":"","meta":{"_eb_attr":"","_monsterinsights_skip_tracking":false,"_monsterinsights_sitenote_active":false,"_monsterinsights_sitenote_note":"","_monsterinsights_sitenote_category":0,"_uf_show_specific_survey":0,"_uf_disable_surveys":false},"product_brand":[],"product_cat":[54],"product_tag":[],"class_list":{"0":"post-1281","1":"product","2":"type-product","3":"status-publish","4":"has-post-thumbnail","6":"product_cat-wood-fire-pit","8":"first","9":"instock","10":"shipping-taxable","11":"product-type-simple"},"_links":{"self":[{"href":"https:\/\/keweicorten.com\/pt\/wp-json\/wp\/v2\/product\/1281"}],"collection":[{"href":"https:\/\/keweicorten.com\/pt\/wp-json\/wp\/v2\/product"}],"about":[{"href":"https:\/\/keweicorten.com\/pt\/wp-json\/wp\/v2\/types\/product"}],"replies":[{"embeddable":true,"href":"https:\/\/keweicorten.com\/pt\/wp-json\/wp\/v2\/comments?post=1281"}],"version-history":[{"count":1,"href":"https:\/\/keweicorten.com\/pt\/wp-json\/wp\/v2\/product\/1281\/revisions"}],"predecessor-version":[{"id":1283,"href":"https:\/\/keweicorten.com\/pt\/wp-json\/wp\/v2\/product\/1281\/revisions\/1283"}],"wp:featuredmedia":[{"embeddable":true,"href":"https:\/\/keweicorten.com\/pt\/wp-json\/wp\/v2\/media\/1282"}],"wp:attachment":[{"href":"https:\/\/keweicorten.com\/pt\/wp-json\/wp\/v2\/media?parent=1281"}],"wp:term":[{"taxonomy":"product_brand","embeddable":true,"href":"https:\/\/keweicorten.com\/pt\/wp-json\/wp\/v2\/product_brand?post=1281"},{"taxonomy":"product_cat","embeddable":true,"href":"https:\/\/keweicorten.com\/pt\/wp-json\/wp\/v2\/product_cat?post=1281"},{"taxonomy":"product_tag","embeddable":true,"href":"https:\/\/keweicorten.com\/pt\/wp-json\/wp\/v2\/product_tag?post=1281"}],"curies":[{"name":"wp","href":"https:\/\/api.w.org\/{rel}","templated":true}]}}