{"id":1290,"date":"2024-09-20T03:07:47","date_gmt":"2024-09-20T03:07:47","guid":{"rendered":"https:\/\/keweicorten.com\/?post_type=product&#038;p=1290"},"modified":"2025-01-15T06:25:15","modified_gmt":"2025-01-15T06:25:15","slug":"fogueira-com-bola-de-fogo","status":"publish","type":"product","link":"https:\/\/keweicorten.com\/pt\/fogueira-com-bola-de-fogo\/","title":{"rendered":"fogueira com bola de fogo"},"content":{"rendered":"<table>\n<tbody>\n<tr>\n<td colspan=\"1\" rowspan=\"1\">\n<div data-spm-anchor-id=\"a2700.details.0.i33.12296f7bDBOMdC\">Nome do produto<\/div>\n<\/td>\n<td colspan=\"4\" rowspan=\"1\">\n<div>Esfera de a\u00e7o corten com tema country Lareiras externas Esfera<\/div>\n<\/td>\n<\/tr>\n<tr>\n<td colspan=\"1\" rowspan=\"1\">\n<div>Material<\/div>\n<\/td>\n<td colspan=\"4\" rowspan=\"1\">\n<div>A\u00e7o corten, a\u00e7o inoxid\u00e1vel<\/div>\n<\/td>\n<\/tr>\n<tr>\n<td colspan=\"1\" rowspan=\"1\">\n<div>Tamanho<\/div>\n<\/td>\n<td colspan=\"4\" rowspan=\"1\">\n<div>600mm\/800mm\/1000mm1200mm ou personalizado<\/div>\n<\/td>\n<\/tr>\n<tr>\n<td colspan=\"1\" rowspan=\"1\">\n<div>Superf\u00edcie<\/div>\n<\/td>\n<td colspan=\"4\" rowspan=\"1\">\n<div>\u00a0pr\u00e9-incrustado<\/div>\n<\/td>\n<\/tr>\n<tr>\n<td colspan=\"1\" rowspan=\"1\">\n<div>Tecnologia<\/div>\n<\/td>\n<td colspan=\"4\" rowspan=\"1\">\n<div>\u00a0Corte a laser, dobra, perfura\u00e7\u00e3o, soldagem, intemperismo<\/div>\n<\/td>\n<\/tr>\n<tr>\n<td colspan=\"1\" rowspan=\"1\">\n<div>Aplicativo<\/div>\n<\/td>\n<td colspan=\"4\" rowspan=\"1\">\n<div>Decora\u00e7\u00e3o de p\u00e1tios ou \u00e1reas externas<\/div>\n<\/td>\n<\/tr>\n<\/tbody>\n<\/table>\n<div class=\"magic-13\" data-spm-anchor-id=\"a2700.details.0.i42.4bbf1dd4ILKWXr\"><span class=\"magic-26\" data-spm-anchor-id=\"a2700.details.0.i44.4bbf1dd4ILKWXr\">Essa fogueira de bola de fogo a lenha para ambientes externos adicionar\u00e1 um ponto focal exclusivo ao seu espa\u00e7o de entretenimento ao ar livre. A fogueira Fire Ball apresenta uma constru\u00e7\u00e3o em ferro fundido com acabamento oxidado para um visual r\u00fastico e charmoso. Al\u00e9m disso, os recortes de estrelas ajudam a adicionar um ambiente extra ao seu p\u00e1tio. Essa fogueira \u00e9 fornecida em apenas duas pe\u00e7as, portanto, tudo o que voc\u00ea precisa fazer \u00e9 colocar a esfera no suporte do cilindro e ela se mover\u00e1. <\/span><span class=\"magic-25\" style=\"font-family: Arial;\">estar pronto para uso.<\/span><\/div>\n<div data-spm-anchor-id=\"a2700.details.0.i43.4bbf1dd4ILKWXr\">\n<div class=\"text-title\">\n<div>\n<figure style=\"width: 692px\" class=\"wp-caption alignnone\"><a href=\"https:\/\/keweicorten.com\/pt\"><img fetchpriority=\"high\" decoding=\"async\" title=\"esfera de fogo\" src=\"https:\/\/sc04.alicdn.com\/kf\/H0e8d0afa3c4a434eba89d3359ef061381\/235088504\/H0e8d0afa3c4a434eba89d3359ef061381.jpg\" alt=\"\" width=\"692\" height=\"692\" \/><\/a><figcaption class=\"wp-caption-text\">esfera de fogo<\/figcaption><\/figure>\n<\/div>\n<div class=\"magic-23\"><b class=\"magic-24\"><span class=\"magic-4\" data-spm-anchor-id=\"a2700.details.0.i45.4bbf1dd4ILKWXr\">Dicas de seguran\u00e7a<\/span><\/b><\/div>\n<\/div>\n<div class=\"text-content\">\n<div><span class=\"magic-32\" style=\"font-family: Arial;\"><b>\u00a0<\/b><\/span><\/div>\n<p><span class=\"magic-32\" style=\"font-family: Arial;\">Coloque sua fogueira a 3 metros de qualquer estrutura ou quintal vizinho.<\/span><\/div>\n<div class=\"text-content\"><span class=\"magic-32\" style=\"font-family: Arial;\">N\u00e3o coloque sua fogueira sob uma varanda coberta, \u00e1rvores ou em um deck de madeira.<br \/>\nOs materiais inflam\u00e1veis devem estar a mais de 1,5 metro de dist\u00e2ncia antes de iniciar o fogo.<br \/>\nN\u00e3o use sua fogueira se estiver ventando muito ou se estiver muito seco.<br \/>\nNunca deixe sua fogueira sem supervis\u00e3o, pois o vento pode lan\u00e7ar fa\u00edscas rapidamente.<br \/>\nSempre use um ati\u00e7ador ao tentar mover as toras no braseiro.<br \/>\nUse uma tela de prote\u00e7\u00e3o contra fa\u00edscas para manter as brasas dentro da fogueira.<\/span><\/div>\n<div>\n<div class=\"J_module\">\n<div class=\"detail-decorate-json-renderer-container\">\n<div class=\"magic-19\">\n<div class=\"magic-20\">\n<div class=\"magic-21\">\n<div><\/div>\n<div class=\"magic-22\"><span class=\"magic-23\" data-spm-anchor-id=\"a2700.details.0.i42.e46844d4FPSStc\">O Fire Bowl \u00e9 feito de a\u00e7o Corten (ou a\u00e7o para intemp\u00e9ries), uma liga que forma naturalmente uma camada de ferrugem nos primeiros nove meses ou mais de exposi\u00e7\u00e3o ao clima. O interessante \u00e9 que, devido \u00e0 composi\u00e7\u00e3o dessa liga especial, esse revestimento de ferrugem forma uma camada protetora que impede a forma\u00e7\u00e3o de mais ferrugem. O a\u00e7o por baixo permanece intacto, pois a camada externa continua a proteger e a se regenerar \u00e0 medida que \u00e9 exposto \u00e0 \u00e1gua e ao oxig\u00eanio.<\/span><\/div>\n<\/div>\n<\/div>\n<\/div>\n<\/div>\n<\/div>\n<div class=\"J_module\">\n<div class=\"icbu-pc-images magic-1\">\n<div>\n<div class=\"flex-layout-v\">\n<div class=\"flex-layout-h magic-1\">\n<div class=\"magic-24\">\n<figure style=\"width: 715px\" class=\"wp-caption alignnone\"><a href=\"https:\/\/keweicorten.com\/pt\"><img decoding=\"async\" class=\"magic-25\" title=\"fogueira\" src=\"https:\/\/sc04.alicdn.com\/kf\/Hf12500ad95134ae791d1dd097784240aV\/230328874\/Hf12500ad95134ae791d1dd097784240aV.jpg\" alt=\"\" width=\"715\" height=\"536\" data-src=\"\/\/sc04.alicdn.com\/kf\/Hf12500ad95134ae791d1dd097784240aV\/230328874\/Hf12500ad95134ae791d1dd097784240aV.jpg\" data-spm-anchor-id=\"a2700.details.0.i43.e46844d4FPSStc\" \/><\/a><figcaption class=\"wp-caption-text\">fogueira<\/figcaption><\/figure>\n<\/div>\n<\/div>\n<\/div>\n<\/div>\n<\/div>\n<\/div>\n<\/div>\n<\/div>","protected":false},"excerpt":{"rendered":"<p>Product name Corten Steel Country Theme Sphere Outdoor Firepits Sphere Material Corten steel, stainless steel Size 600mm\/800mm\/1000mm1200mm or customized Surface \u00a0pre-rusted Technology \u00a0Laser cut, bending, punching, welding,weathering Application Outdoor Or Courtyard Decor This outdoor wood-burning fire ball fire pit will add a unique focal point to your outdoor entertaining space. The fire ball fire pit [&hellip;]<\/p>","protected":false},"featured_media":1291,"comment_status":"open","ping_status":"closed","template":"","meta":{"_eb_attr":"","_monsterinsights_skip_tracking":false,"_monsterinsights_sitenote_active":false,"_monsterinsights_sitenote_note":"","_monsterinsights_sitenote_category":0,"_uf_show_specific_survey":0,"_uf_disable_surveys":false},"product_brand":[],"product_cat":[54],"product_tag":[],"class_list":{"0":"post-1290","1":"product","2":"type-product","3":"status-publish","4":"has-post-thumbnail","6":"product_cat-wood-fire-pit","8":"first","9":"instock","10":"shipping-taxable","11":"product-type-simple"},"_links":{"self":[{"href":"https:\/\/keweicorten.com\/pt\/wp-json\/wp\/v2\/product\/1290"}],"collection":[{"href":"https:\/\/keweicorten.com\/pt\/wp-json\/wp\/v2\/product"}],"about":[{"href":"https:\/\/keweicorten.com\/pt\/wp-json\/wp\/v2\/types\/product"}],"replies":[{"embeddable":true,"href":"https:\/\/keweicorten.com\/pt\/wp-json\/wp\/v2\/comments?post=1290"}],"version-history":[{"count":1,"href":"https:\/\/keweicorten.com\/pt\/wp-json\/wp\/v2\/product\/1290\/revisions"}],"predecessor-version":[{"id":1292,"href":"https:\/\/keweicorten.com\/pt\/wp-json\/wp\/v2\/product\/1290\/revisions\/1292"}],"wp:featuredmedia":[{"embeddable":true,"href":"https:\/\/keweicorten.com\/pt\/wp-json\/wp\/v2\/media\/1291"}],"wp:attachment":[{"href":"https:\/\/keweicorten.com\/pt\/wp-json\/wp\/v2\/media?parent=1290"}],"wp:term":[{"taxonomy":"product_brand","embeddable":true,"href":"https:\/\/keweicorten.com\/pt\/wp-json\/wp\/v2\/product_brand?post=1290"},{"taxonomy":"product_cat","embeddable":true,"href":"https:\/\/keweicorten.com\/pt\/wp-json\/wp\/v2\/product_cat?post=1290"},{"taxonomy":"product_tag","embeddable":true,"href":"https:\/\/keweicorten.com\/pt\/wp-json\/wp\/v2\/product_tag?post=1290"}],"curies":[{"name":"wp","href":"https:\/\/api.w.org\/{rel}","templated":true}]}}