{"id":1293,"date":"2024-09-20T03:24:33","date_gmt":"2024-09-20T03:24:33","guid":{"rendered":"https:\/\/keweicorten.com\/?post_type=product&#038;p=1293"},"modified":"2025-01-15T06:25:05","modified_gmt":"2025-01-15T06:25:05","slug":"esfera-de-fogo","status":"publish","type":"product","link":"https:\/\/keweicorten.com\/pt\/esfera-de-fogo\/","title":{"rendered":"fogueira em formato de bola"},"content":{"rendered":"<p>Uma fogueira em forma de bola de jardim \u00e9 uma fogueira art\u00edstica ao ar livre, geralmente apresentada como uma esfera com um recorte elaborado na superf\u00edcie, como \u00e1rvores, animais, formas geom\u00e9tricas ou paisagens naturais. Esses designs ocos permitem que a luz da chama passe atrav\u00e9s da esfera, criando um efeito visual \u00fanico que \u00e9 bonito e pr\u00e1tico. Elas s\u00e3o usadas com frequ\u00eancia em p\u00e1tios, terra\u00e7os ou jardins, tanto como decora\u00e7\u00e3o de paisagens quanto para fornecer calor e luz para reuni\u00f5es ao ar livre.<\/p>\n<p>Em termos de material, a bola de fogo para jardim geralmente \u00e9 feita de materiais resistentes a altas temperaturas, como a\u00e7o Corten ou ferro fundido, que podem ser usados por muito tempo em diferentes condi\u00e7\u00f5es clim\u00e1ticas e, com o tempo, o a\u00e7o resistente ao desgaste formar\u00e1 uma camada natural de ferrugem, real\u00e7ando ainda mais sua beleza.<\/p>\n<ul>\n<li><strong>Queima de madeira<\/strong>: Esse tipo de fogueira \u00e9 projetado para queimar madeira, oferecendo uma experi\u00eancia aut\u00eantica de fogo ao ar livre. Ela proporciona calor e ambiente, o que a torna perfeita para festas no jardim, reuni\u00f5es ao ar livre ou simplesmente para relaxar em seu quintal.<\/li>\n<li><strong>Forma de esfera<\/strong>: O design esf\u00e9rico n\u00e3o s\u00f3 tem uma apar\u00eancia exclusiva, mas tamb\u00e9m ajuda a conter o fogo, permitindo uma melhor circula\u00e7\u00e3o de ar para manter o fogo aceso com efici\u00eancia.<\/li>\n<\/ul>\n<figure style=\"width: 600px\" class=\"wp-caption alignnone\"><a href=\"https:\/\/keweicorten.com\/pt\/entre-em-contato-conosco\/\"><img fetchpriority=\"high\" decoding=\"async\" title=\"fogueira em formato de bola\" src=\"https:\/\/sc04.alicdn.com\/kf\/H346972e3a97f45569d86468b4be3ba7eE\/268101461\/H346972e3a97f45569d86468b4be3ba7eE.jpg\" alt=\"\" width=\"600\" height=\"600\" \/><\/a><figcaption class=\"wp-caption-text\">fogueira em formato de bola<\/figcaption><\/figure>\n<table class=\"is-zebra all magic-18\" style=\"height: 253px;\" width=\"666\">\n<tbody>\n<tr>\n<td colspan=\"1\" rowspan=\"1\">\n<div class=\"magic-19\" data-spm-anchor-id=\"a2700.details.0.i39.61a77bc0e2PXFi\"><b>Nome do produto<\/b><\/div>\n<\/td>\n<td colspan=\"1\" rowspan=\"1\">\n<div class=\"magic-20\">Esfera de fogo de a\u00e7o corten com corte a laser para fogueira de metal<\/div>\n<\/td>\n<\/tr>\n<tr>\n<td colspan=\"1\" rowspan=\"1\">\n<div class=\"magic-19\"><b>Tipo<\/b><\/div>\n<\/td>\n<td colspan=\"1\" rowspan=\"1\">\n<div class=\"magic-20\">Fogueira Sphere<\/div>\n<\/td>\n<\/tr>\n<tr>\n<td colspan=\"1\" rowspan=\"1\">\n<div class=\"magic-19\"><b>Material<\/b><\/div>\n<\/td>\n<td colspan=\"1\" rowspan=\"1\">\n<div class=\"magic-20\">A\u00e7o corten, a\u00e7o inoxid\u00e1vel<\/div>\n<\/td>\n<\/tr>\n<tr>\n<td colspan=\"1\" rowspan=\"1\">\n<div class=\"magic-19\"><b>Tamanho<\/b><\/div>\n<\/td>\n<td colspan=\"1\" rowspan=\"1\">\n<div class=\"magic-20\">Diameter:600mm,800mm,1000mm.   Espessura: 3 mm<\/div>\n<\/td>\n<\/tr>\n<tr>\n<td colspan=\"1\" rowspan=\"1\">\n<div class=\"magic-19\"><b>Tecnologia<\/b><\/div>\n<\/td>\n<td colspan=\"1\" rowspan=\"1\">\n<div class=\"magic-20\">Revis\u00e3o, corte a laser, dobra, perfura\u00e7\u00e3o, soldagem, ferrugem<\/div>\n<\/td>\n<\/tr>\n<tr>\n<td colspan=\"1\" rowspan=\"1\">\n<div class=\"magic-19\"><b>Tratamento de superf\u00edcie<\/b><\/div>\n<\/td>\n<td colspan=\"1\" rowspan=\"1\">\n<div class=\"magic-20\">Pr\u00e9-enferrujado, pintado de preto, pode ser personalizado<\/div>\n<\/td>\n<\/tr>\n<tr>\n<td colspan=\"1\" rowspan=\"1\">\n<div class=\"magic-19\"><b>Pacote<\/b><\/div>\n<\/td>\n<td colspan=\"1\" rowspan=\"1\">\n<div class=\"magic-20\">Parte interna: Papel de espuma antidesgaste, parte externa: Caixa de papel\u00e3o<\/div>\n<\/td>\n<\/tr>\n<tr>\n<td colspan=\"1\" rowspan=\"1\">\n<div class=\"magic-19\"><b>MOQ<\/b><\/div>\n<\/td>\n<td colspan=\"1\" rowspan=\"1\">\n<div class=\"magic-20\">10 pe\u00e7as<\/div>\n<\/td>\n<\/tr>\n<tr>\n<td colspan=\"1\" rowspan=\"1\">\n<div class=\"magic-19\"><b>OEM E ODM<\/b><\/div>\n<\/td>\n<td colspan=\"1\" rowspan=\"1\">\n<div class=\"magic-20\">O servi\u00e7o personalizado est\u00e1 dispon\u00edvel.<\/div>\n<\/td>\n<\/tr>\n<\/tbody>\n<\/table>\n<figure style=\"width: 750px\" class=\"wp-caption alignnone\"><a href=\"https:\/\/keweicorten.com\/pt\"><img decoding=\"async\" title=\"bola de fogo\" src=\"https:\/\/sc01.alicdn.com\/kf\/H7386550bb1674ba28c2ba45229edb1fe5\/235950374\/H7386550bb1674ba28c2ba45229edb1fe5.jpg\" alt=\"\" width=\"750\" height=\"558\" \/><\/a><figcaption class=\"wp-caption-text\">bola de fogo<\/figcaption><\/figure>","protected":false},"excerpt":{"rendered":"<p><span data-spm-anchor-id=\"a2700.details.0.i40.4b3768b038lsUz\">Sua esfera de 1000 mm \u00e9 feita de a\u00e7o corten com 4 mm de espessura e apresenta um acabamento em p\u00e1tina de ferrugem.<\/span><\/p>\n<div>Cada cuba de fogo vem com uma placa de metal numerada, garantindo que cada cova de fogo artesanal seja uma obra de arte exclusiva.<\/div>","protected":false},"featured_media":1294,"comment_status":"open","ping_status":"closed","template":"","meta":{"_eb_attr":"","_monsterinsights_skip_tracking":false,"_monsterinsights_sitenote_active":false,"_monsterinsights_sitenote_note":"","_monsterinsights_sitenote_category":0,"_uf_show_specific_survey":0,"_uf_disable_surveys":false},"product_brand":[],"product_cat":[62,20],"product_tag":[],"class_list":{"0":"post-1293","1":"product","2":"type-product","3":"status-publish","4":"has-post-thumbnail","6":"product_cat-corten-sculpture","7":"product_cat-fire-pit","9":"first","10":"instock","11":"shipping-taxable","12":"product-type-simple"},"_links":{"self":[{"href":"https:\/\/keweicorten.com\/pt\/wp-json\/wp\/v2\/product\/1293"}],"collection":[{"href":"https:\/\/keweicorten.com\/pt\/wp-json\/wp\/v2\/product"}],"about":[{"href":"https:\/\/keweicorten.com\/pt\/wp-json\/wp\/v2\/types\/product"}],"replies":[{"embeddable":true,"href":"https:\/\/keweicorten.com\/pt\/wp-json\/wp\/v2\/comments?post=1293"}],"version-history":[{"count":1,"href":"https:\/\/keweicorten.com\/pt\/wp-json\/wp\/v2\/product\/1293\/revisions"}],"predecessor-version":[{"id":1295,"href":"https:\/\/keweicorten.com\/pt\/wp-json\/wp\/v2\/product\/1293\/revisions\/1295"}],"wp:featuredmedia":[{"embeddable":true,"href":"https:\/\/keweicorten.com\/pt\/wp-json\/wp\/v2\/media\/1294"}],"wp:attachment":[{"href":"https:\/\/keweicorten.com\/pt\/wp-json\/wp\/v2\/media?parent=1293"}],"wp:term":[{"taxonomy":"product_brand","embeddable":true,"href":"https:\/\/keweicorten.com\/pt\/wp-json\/wp\/v2\/product_brand?post=1293"},{"taxonomy":"product_cat","embeddable":true,"href":"https:\/\/keweicorten.com\/pt\/wp-json\/wp\/v2\/product_cat?post=1293"},{"taxonomy":"product_tag","embeddable":true,"href":"https:\/\/keweicorten.com\/pt\/wp-json\/wp\/v2\/product_tag?post=1293"}],"curies":[{"name":"wp","href":"https:\/\/api.w.org\/{rel}","templated":true}]}}