{"id":1296,"date":"2024-09-20T07:01:54","date_gmt":"2024-09-20T07:01:54","guid":{"rendered":"https:\/\/keweicorten.com\/?post_type=product&#038;p=1296"},"modified":"2025-01-15T06:24:54","modified_gmt":"2025-01-15T06:24:54","slug":"telas-de-jardim-de-corten","status":"publish","type":"product","link":"https:\/\/keweicorten.com\/pt\/telas-de-jardim-de-corten\/","title":{"rendered":"telas de jardim de corten"},"content":{"rendered":"<h2>Principais recursos das telas Corten para jardim:<\/h2>\n<ol>\n<li><strong>Material<\/strong>:\n<ul>\n<li><strong>A\u00e7o corten<\/strong>: Conhecido por suas propriedades resistentes \u00e0s intemp\u00e9ries, o a\u00e7o corten forma uma apar\u00eancia est\u00e1vel semelhante \u00e0 ferrugem ap\u00f3s ser exposto aos elementos. Essa p\u00e1tina protege o a\u00e7o contra corros\u00e3o adicional, tornando-o ideal para uso externo de longo prazo.<\/li>\n<li><strong>Baixa manuten\u00e7\u00e3o<\/strong>: Ap\u00f3s a forma\u00e7\u00e3o da camada protetora de ferrugem, as telas requerem pouqu\u00edssima manuten\u00e7\u00e3o, pois a p\u00e1tina protege o metal subjacente contra degrada\u00e7\u00e3o adicional.<\/li>\n<\/ul>\n<\/li>\n<li><strong>Design<\/strong>:\n<ul>\n<li><strong>Recortes padronizados<\/strong>: As telas de jardim de corten normalmente apresentam padr\u00f5es intrincados cortados a laser ou \u00e0 m\u00e3o, que variam de desenhos geom\u00e9tricos abstratos a motivos inspirados na natureza, como folhas, \u00e1rvores ou flores. Esses recortes permitem a passagem da luz, criando sombras e efeitos visuais impressionantes.<\/li>\n<li><strong>Personaliz\u00e1vel<\/strong>: Muitas telas de corten podem ser personalizadas para atender \u00e0s prefer\u00eancias individuais de design, incluindo tamanho, padr\u00e3o e formato.<\/li>\n<\/ul>\n<\/li>\n<li><strong>Usos<\/strong>:\n<ul>\n<li><strong>Telas de privacidade<\/strong>: As telas de corten podem ser usadas para criar \u00e1reas externas privativas, protegendo partes do seu jardim ou p\u00e1tio da vista e, ao mesmo tempo, mantendo uma sensa\u00e7\u00e3o de abertura e ventila\u00e7\u00e3o devido aos designs recortados.<\/li>\n<li><strong>Divisores de jardim<\/strong>: Elas tamb\u00e9m podem servir como divis\u00f3rias, ajudando a separar diferentes \u00e1reas do jardim para diferentes usos (por exemplo, \u00e1reas de jantar, de descanso ou de plantio).<\/li>\n<li><strong>Elementos decorativos<\/strong>: Al\u00e9m de suas aplica\u00e7\u00f5es pr\u00e1ticas, as telas de corten s\u00e3o frequentemente usadas apenas para fins est\u00e9ticos, acrescentando um elemento art\u00edstico ao seu espa\u00e7o externo.<\/li>\n<li><strong>Suporte para plantas trepadeiras<\/strong>: As telas de corten tamb\u00e9m podem funcionar como treli\u00e7as para plantas trepadeiras, acrescentando vegeta\u00e7\u00e3o \u00e0 sua apar\u00eancia met\u00e1lica.<\/li>\n<\/ul>\n<\/li>\n<li><strong>Resist\u00eancia \u00e0s intemp\u00e9ries<\/strong>:\n<ul>\n<li><strong>Dur\u00e1vel em todas as condi\u00e7\u00f5es<\/strong>: O processo de intemperismo do a\u00e7o corten \u00e9 o que lhe confere resist\u00eancia, de modo que as telas de corten podem resistir \u00e0 chuva, ao vento e ao sol sem se deteriorar estruturalmente.<\/li>\n<\/ul>\n<\/li>\n<li><strong>Tamanhos e instala\u00e7\u00e3o<\/strong>:\n<ul>\n<li><strong>Versatilidade<\/strong>: As telas de jardim Corten est\u00e3o dispon\u00edveis em v\u00e1rios tamanhos para atender a diferentes espa\u00e7os e necessidades.<\/li>\n<li><strong>Independente ou montado na parede<\/strong>: Elas podem ser instaladas no solo como telas independentes ou fixadas em estruturas existentes, como paredes ou cercas.<\/li>\n<\/ul>\n<\/li>\n<\/ol>\n<h2>Benef\u00edcios das telas Corten para jardim:<\/h2>\n<ul>\n<li><strong>Apelo est\u00e9tico<\/strong>: O acabamento em ferrugem natural combina bem com uma variedade de ambientes externos, proporcionando um tom quente e terroso que contrasta lindamente com a vegeta\u00e7\u00e3o.<\/li>\n<li><strong>Durabilidade<\/strong>: Projetadas para resistir aos elementos externos, as telas de jardim de corten s\u00e3o uma adi\u00e7\u00e3o duradoura a qualquer jardim.<\/li>\n<li><strong>Manuten\u00e7\u00e3o m\u00ednima<\/strong>: Depois que a p\u00e1tina enferrujada se forma, as telas quase n\u00e3o precisam de manuten\u00e7\u00e3o.<\/li>\n<\/ul>\n<table border=\"1\" data-spm-anchor-id=\"a2700.details.0.i38.253559f23mRDXW\">\n<tbody>\n<tr>\n<td>Nome do produto<\/td>\n<td>\u00a0telas corten privacidade a\u00e7o corten fabricante de tela corten vazia tela ferrugem<\/td>\n<\/tr>\n<tr>\n<td>Material<\/td>\n<td>A\u00e7o cor-ten, a\u00e7o carbono, a\u00e7o inoxid\u00e1vel<\/td>\n<\/tr>\n<tr>\n<td>Acabamento<\/td>\n<td>Enferrujado,Preto<\/td>\n<\/tr>\n<tr>\n<td>Tamanho normal<\/td>\n<td>38X15cm, 60X32cm, 48x24cm ou personalizado<\/td>\n<\/tr>\n<tr>\n<td>Design<\/td>\n<td>Aceitar personalizado<\/td>\n<\/tr>\n<tr>\n<td>Aplicativo<\/td>\n<td>Decora\u00e7\u00e3o de gramado externo<\/td>\n<\/tr>\n<\/tbody>\n<\/table>\n<figure style=\"width: 704px\" class=\"wp-caption alignnone\"><a href=\"https:\/\/keweicorten.com\/pt\"><img fetchpriority=\"high\" decoding=\"async\" title=\"telas corten\" src=\"https:\/\/sc04.alicdn.com\/kf\/H73a20dbdfcdc4f58a6724b94790c8cb8Z\/272909659\/H73a20dbdfcdc4f58a6724b94790c8cb8Z.jpg\" alt=\"\" width=\"704\" height=\"704\" \/><\/a><figcaption class=\"wp-caption-text\">telas corten<\/figcaption><\/figure>","protected":false},"excerpt":{"rendered":"<p>A tela de a\u00e7o Corten que voc\u00ea v\u00ea aqui cria um visual marcante para sua casa e jardim devido \u00e0 sua apar\u00eancia org\u00e2nica. Quando enferrujado, o a\u00e7o Corten desenvolve uma superf\u00edcie rica e profunda de \u00f3xido vermelho-marrom.<\/p>","protected":false},"featured_media":1297,"comment_status":"open","ping_status":"closed","template":"","meta":{"_eb_attr":"","_monsterinsights_skip_tracking":false,"_monsterinsights_sitenote_active":false,"_monsterinsights_sitenote_note":"","_monsterinsights_sitenote_category":0,"_uf_show_specific_survey":0,"_uf_disable_surveys":false},"product_brand":[],"product_cat":[57],"product_tag":[],"class_list":{"0":"post-1296","1":"product","2":"type-product","3":"status-publish","4":"has-post-thumbnail","6":"product_cat-screen-panel","8":"first","9":"instock","10":"shipping-taxable","11":"product-type-simple"},"_links":{"self":[{"href":"https:\/\/keweicorten.com\/pt\/wp-json\/wp\/v2\/product\/1296"}],"collection":[{"href":"https:\/\/keweicorten.com\/pt\/wp-json\/wp\/v2\/product"}],"about":[{"href":"https:\/\/keweicorten.com\/pt\/wp-json\/wp\/v2\/types\/product"}],"replies":[{"embeddable":true,"href":"https:\/\/keweicorten.com\/pt\/wp-json\/wp\/v2\/comments?post=1296"}],"version-history":[{"count":1,"href":"https:\/\/keweicorten.com\/pt\/wp-json\/wp\/v2\/product\/1296\/revisions"}],"predecessor-version":[{"id":1298,"href":"https:\/\/keweicorten.com\/pt\/wp-json\/wp\/v2\/product\/1296\/revisions\/1298"}],"wp:featuredmedia":[{"embeddable":true,"href":"https:\/\/keweicorten.com\/pt\/wp-json\/wp\/v2\/media\/1297"}],"wp:attachment":[{"href":"https:\/\/keweicorten.com\/pt\/wp-json\/wp\/v2\/media?parent=1296"}],"wp:term":[{"taxonomy":"product_brand","embeddable":true,"href":"https:\/\/keweicorten.com\/pt\/wp-json\/wp\/v2\/product_brand?post=1296"},{"taxonomy":"product_cat","embeddable":true,"href":"https:\/\/keweicorten.com\/pt\/wp-json\/wp\/v2\/product_cat?post=1296"},{"taxonomy":"product_tag","embeddable":true,"href":"https:\/\/keweicorten.com\/pt\/wp-json\/wp\/v2\/product_tag?post=1296"}],"curies":[{"name":"wp","href":"https:\/\/api.w.org\/{rel}","templated":true}]}}