{"id":1299,"date":"2024-09-20T07:17:42","date_gmt":"2024-09-20T07:17:42","guid":{"rendered":"https:\/\/keweicorten.com\/?post_type=product&#038;p=1299"},"modified":"2025-01-15T06:24:46","modified_gmt":"2025-01-15T06:24:46","slug":"paineis-de-tela-metalica-para-privacidade","status":"publish","type":"product","link":"https:\/\/keweicorten.com\/pt\/paineis-de-tela-metalica-para-privacidade\/","title":{"rendered":"pain\u00e9is de tela met\u00e1lica para privacidade"},"content":{"rendered":"<p>Os pain\u00e9is met\u00e1licos de tela de privacidade s\u00e3o uma solu\u00e7\u00e3o elegante e dur\u00e1vel para adicionar privacidade e valor est\u00e9tico aos espa\u00e7os externos. Esses pain\u00e9is de privacidade de metal s\u00e3o normalmente feitos de materiais como a\u00e7o corten, alum\u00ednio ou a\u00e7o inoxid\u00e1vel e v\u00eam em uma variedade de designs, incluindo padr\u00f5es geom\u00e9tricos, motivos inspirados na natureza ou formas abstratas.<\/p>\n<p>Alguns tipos populares incluem:<\/p>\n<ul>\n<li><strong>Pain\u00e9is de a\u00e7o corten<\/strong>: Desenvolvem um acabamento natural semelhante \u00e0 ferrugem com o tempo, combinando bem com jardins e ambientes externos.<\/li>\n<li><strong>Pain\u00e9is de alum\u00ednio<\/strong>: Leve e resistente \u00e0 ferrugem, dispon\u00edvel em v\u00e1rios acabamentos e cores.<\/li>\n<li><strong>Pain\u00e9is cortados a laser<\/strong>: Apresentam recortes intrincados e decorativos que permitem a passagem de luz e proporcionam privacidade.<\/li>\n<\/ul>\n<table class=\"all magic-4\">\n<tbody>\n<tr>\n<td colspan=\"1\" rowspan=\"1\">\n<div class=\"magic-5\" data-spm-anchor-id=\"a2700.details.0.i37.3f646f66fyuP5C\">Nome do produto<\/div>\n<\/td>\n<td colspan=\"4\" rowspan=\"1\">\n<div class=\"magic-6\">Outdoor Modern Style Graphics Screen Fence Rusty Metal Steel Privacy Screen<\/div>\n<\/td>\n<\/tr>\n<tr>\n<td colspan=\"1\" rowspan=\"1\">\n<div class=\"magic-5\">Material<\/div>\n<\/td>\n<td colspan=\"4\" rowspan=\"1\">\n<div class=\"magic-6\">A\u00e7o corten, a\u00e7o inoxid\u00e1vel<\/div>\n<\/td>\n<\/tr>\n<tr>\n<td colspan=\"1\" rowspan=\"1\">\n<div class=\"magic-5\">Tamanho<\/div>\n<\/td>\n<td colspan=\"4\" rowspan=\"1\">\n<div class=\"magic-6\">1800*900mm, 2mm de espessura ou personalizado<\/div>\n<\/td>\n<\/tr>\n<tr>\n<td colspan=\"1\" rowspan=\"1\">\n<div class=\"magic-5\">Superf\u00edcie<\/div>\n<\/td>\n<td colspan=\"4\" rowspan=\"1\">\n<div class=\"magic-6\">\u00a0pr\u00e9-incrustado<\/div>\n<\/td>\n<\/tr>\n<tr>\n<td colspan=\"1\" rowspan=\"1\">\n<div class=\"magic-5\">Tecnologia<\/div>\n<\/td>\n<td colspan=\"4\" rowspan=\"1\">\n<div class=\"magic-6\">\u00a0Corte a laser, dobra, perfura\u00e7\u00e3o, soldagem, intemperismo<\/div>\n<\/td>\n<\/tr>\n<tr>\n<td colspan=\"1\" rowspan=\"1\">\n<div class=\"magic-5\">Aplicativo<\/div>\n<\/td>\n<td colspan=\"4\" rowspan=\"1\">\n<div class=\"magic-9\">Decora\u00e7\u00e3o de p\u00e1tios ou \u00e1reas externas<\/div>\n<\/td>\n<\/tr>\n<\/tbody>\n<\/table>\n<p><span data-spm-anchor-id=\"a2700.details.0.i37.5d654e69Sbz9JA\">Painel de tela a laser - design exclusivo<\/span><br \/>\nPainel de tela s\u00f3lida, com 2 a 3 mm de espessura<br \/>\nCom revestimento em p\u00f3, revestimento antiferrugem ou revestimento de tinta<br \/>\nPendurado na parede, fixado na coluna com parafusos ou fixado no p\u00e9 em solo duro<br \/>\nResistente ao desgaste, com capacidade para anos de manuten\u00e7\u00e3o e uso sem problemas<br \/>\nEle pode ser usado em ambientes internos ou externos.<br \/>\nTamanho padr\u00e3o: 900x1800mm ou personalizado.<\/p>\n<figure style=\"width: 750px\" class=\"wp-caption alignnone\"><a href=\"https:\/\/keweicorten.com\/pt\/entre-em-contato-conosco\/\"><img fetchpriority=\"high\" decoding=\"async\" title=\"painel divisor de sala\" src=\"https:\/\/sc04.alicdn.com\/kf\/H64e3151244ed4b99824b11960bcb95b1N\/253038816\/H64e3151244ed4b99824b11960bcb95b1N.jpg\" alt=\"\" width=\"750\" height=\"542\" \/><\/a><figcaption class=\"wp-caption-text\">painel divisor de sala<\/figcaption><\/figure>","protected":false},"excerpt":{"rendered":"<p>Detalhes do material: A\u00e7o corten, a\u00e7o galvanizado ou material personalizado Acabamento: Desenvolve acabamento em p\u00e1tina enferrujada, acabamento com revestimento em p\u00f3, pintura etc.<\/p>\n<p>A p\u00e1tina protege contra corros\u00e3o adicional<\/p>\n<p>Pode ser usado em ambientes residenciais e comerciais<\/p>","protected":false},"featured_media":1300,"comment_status":"open","ping_status":"closed","template":"","meta":{"_eb_attr":"","_monsterinsights_skip_tracking":false,"_monsterinsights_sitenote_active":false,"_monsterinsights_sitenote_note":"","_monsterinsights_sitenote_category":0,"_uf_show_specific_survey":0,"_uf_disable_surveys":false},"product_brand":[],"product_cat":[57],"product_tag":[],"class_list":{"0":"post-1299","1":"product","2":"type-product","3":"status-publish","4":"has-post-thumbnail","6":"product_cat-screen-panel","8":"first","9":"instock","10":"shipping-taxable","11":"product-type-simple"},"_links":{"self":[{"href":"https:\/\/keweicorten.com\/pt\/wp-json\/wp\/v2\/product\/1299"}],"collection":[{"href":"https:\/\/keweicorten.com\/pt\/wp-json\/wp\/v2\/product"}],"about":[{"href":"https:\/\/keweicorten.com\/pt\/wp-json\/wp\/v2\/types\/product"}],"replies":[{"embeddable":true,"href":"https:\/\/keweicorten.com\/pt\/wp-json\/wp\/v2\/comments?post=1299"}],"version-history":[{"count":1,"href":"https:\/\/keweicorten.com\/pt\/wp-json\/wp\/v2\/product\/1299\/revisions"}],"predecessor-version":[{"id":1301,"href":"https:\/\/keweicorten.com\/pt\/wp-json\/wp\/v2\/product\/1299\/revisions\/1301"}],"wp:featuredmedia":[{"embeddable":true,"href":"https:\/\/keweicorten.com\/pt\/wp-json\/wp\/v2\/media\/1300"}],"wp:attachment":[{"href":"https:\/\/keweicorten.com\/pt\/wp-json\/wp\/v2\/media?parent=1299"}],"wp:term":[{"taxonomy":"product_brand","embeddable":true,"href":"https:\/\/keweicorten.com\/pt\/wp-json\/wp\/v2\/product_brand?post=1299"},{"taxonomy":"product_cat","embeddable":true,"href":"https:\/\/keweicorten.com\/pt\/wp-json\/wp\/v2\/product_cat?post=1299"},{"taxonomy":"product_tag","embeddable":true,"href":"https:\/\/keweicorten.com\/pt\/wp-json\/wp\/v2\/product_tag?post=1299"}],"curies":[{"name":"wp","href":"https:\/\/api.w.org\/{rel}","templated":true}]}}