{"id":1308,"date":"2024-09-23T02:48:35","date_gmt":"2024-09-23T02:48:35","guid":{"rendered":"https:\/\/keweicorten.com\/?post_type=product&#038;p=1308"},"modified":"2025-01-15T06:24:20","modified_gmt":"2025-01-15T06:24:20","slug":"tigela-de-agua-de-aco-corten","status":"publish","type":"product","link":"https:\/\/keweicorten.com\/pt\/tigela-de-agua-de-aco-corten\/","title":{"rendered":"Tigela de \u00e1gua de a\u00e7o corten"},"content":{"rendered":"<p>Os bebedouros de a\u00e7o corten s\u00e3o uma adi\u00e7\u00e3o popular aos jardins modernos e espa\u00e7os ao ar livre devido \u00e0 sua apar\u00eancia r\u00fastica e desgastada que se desenvolve com o tempo. O a\u00e7o, tamb\u00e9m conhecido como a\u00e7o de intemperismo, forma uma apar\u00eancia est\u00e1vel de ferrugem ap\u00f3s ser exposto aos elementos, dando-lhe uma cor marrom-alaranjada terrosa distinta. Essas tigelas podem servir como pontos focais impressionantes, fontes de \u00e1gua ou at\u00e9 mesmo banheiras para p\u00e1ssaros em jardins.<\/p>\n<h2>As caracter\u00edsticas dos bebedouros de a\u00e7o corten incluem:<\/h2>\n<ul>\n<li><strong>Durabilidade<\/strong>: O a\u00e7o corten \u00e9 altamente resistente \u00e0 corros\u00e3o, o que significa que durar\u00e1 muitos anos em ambientes externos.<\/li>\n<li><strong>Apelo est\u00e9tico<\/strong>: A superf\u00edcie naturalmente oxidante cria uma p\u00e1tina vibrante que combina bem com a natureza e com designs contempor\u00e2neos.<\/li>\n<li><strong>Variedade de tamanhos<\/strong>: As tigelas de \u00e1gua s\u00e3o fornecidas em uma variedade de tamanhos, desde pequenas tigelas decorativas at\u00e9 grandes elementos que podem fazer parte de uma paisagem de jardim maior.<\/li>\n<li><strong>Versatilidade<\/strong>: Essas tigelas de \u00e1gua de a\u00e7o corten podem ser usadas como elementos aut\u00f4nomos, parte de um sistema de fonte de \u00e1gua ou colocadas com pedras ou plantas decorativas.<\/li>\n<\/ul>\n<div class=\"J_module\">\n<div class=\"detail-decorate-json-renderer-container\">\n<div class=\"magic-1\">\n<div class=\"magic-2\">\n<div class=\"magic-3\">\n<div class=\"magic-4\"><span class=\"magic-8\"><span class=\"magic-5\" style=\"font-family: Arial;\">As tigelas de \u00e1gua de a\u00e7o corten s\u00e3o usadas para fogueira de acampamento ou fonte de chuva em jardins e quintais.<span data-spm-anchor-id=\"a2700.details.0.i42.1cc76ac413SX1S\"> O material de a\u00e7o corten \u00e9 r\u00fastico, forte e se cobre com uma camada protetora de ferrugem ao longo do tempo.<\/span><\/span><\/span><\/div>\n<\/div>\n<\/div>\n<\/div>\n<\/div>\n<\/div>\n<div class=\"J_module\">\n<div class=\"icbu-pc-images magic-10\">\n<div>\n<div class=\"flex-layout-h\">\n<div class=\"flex-layout-v magic-11\">\n<table class=\"all magic-39\">\n<tbody>\n<tr>\n<td colspan=\"1\" rowspan=\"1\">\n<div class=\"magic-40\" data-spm-anchor-id=\"a2700.details.0.i43.1cc76ac413SX1S\"><b>Nome do produto\u00a0<\/b><\/div>\n<\/td>\n<td colspan=\"1\" rowspan=\"1\">\n<div class=\"magic-41\">Fogueira de metal<\/div>\n<\/td>\n<\/tr>\n<tr>\n<td colspan=\"1\" rowspan=\"1\">\n<div class=\"magic-40\"><b>Material\u00a0<\/b><\/div>\n<\/td>\n<td colspan=\"1\" rowspan=\"1\">\n<div class=\"magic-41\">a\u00e7o corten, a\u00e7o inoxid\u00e1vel, alum\u00ednio e a\u00e7o<\/div>\n<\/td>\n<\/tr>\n<tr>\n<td colspan=\"1\" rowspan=\"1\">\n<div class=\"magic-40\"><b>Tamanho<\/b><\/div>\n<\/td>\n<td colspan=\"1\" rowspan=\"1\">\n<div class=\"magic-41\">60 cm, 70 cm, 80 cm, 90 cm, 100 cm, 120 cm, 150 cm de di\u00e2metro, fornecemos o tamanho personalizado de acordo com sua necessidade<\/div>\n<\/td>\n<\/tr>\n<tr>\n<td colspan=\"1\" rowspan=\"1\">\n<div class=\"magic-40\"><b>Espessura\u00a0<\/b><\/div>\n<\/td>\n<td colspan=\"1\" rowspan=\"1\">\n<div class=\"magic-41\">2 mm, 3 mm, 4 mm<\/div>\n<\/td>\n<\/tr>\n<tr>\n<td colspan=\"1\" rowspan=\"1\">\n<div class=\"magic-40\"><b>Acabamento\u00a0<\/b><\/div>\n<\/td>\n<td colspan=\"1\" rowspan=\"1\">\n<div class=\"magic-41\">\u00a0Ferrugem natural \/ revestimento em p\u00f3 preto de alta temperatura<\/div>\n<\/td>\n<\/tr>\n<tr>\n<td colspan=\"1\" rowspan=\"1\">\n<div class=\"magic-40\"><b>Embalagem<\/b><\/div>\n<\/td>\n<td colspan=\"1\" rowspan=\"1\">\n<div class=\"magic-41\">Embalagem de caixa marrom r\u00edgida 3K+ com etiqueta colorida<\/div>\n<\/td>\n<\/tr>\n<tr>\n<td colspan=\"1\" rowspan=\"1\">\n<div class=\"magic-40\"><b>Uso<\/b><\/div>\n<\/td>\n<td colspan=\"1\" rowspan=\"1\">\n<div class=\"magic-41\">Decora\u00e7\u00e3o de casa e jardim<\/div>\n<\/td>\n<\/tr>\n<\/tbody>\n<\/table>\n<\/div>\n<\/div>\n<\/div>\n<\/div>\n<\/div>","protected":false},"excerpt":{"rendered":"<p class=\"magic-47\"><span class=\"magic-43\" style=\"color: #0f0202; font-family: Georgia;\">Nossa vantagem :<\/span><\/p>\n<p class=\"magic-47\"><span class=\"magic-43\" style=\"color: #0f0202; font-family: Georgia;\">A. Designs cl\u00e1ssicos e a melhor qualidade a pre\u00e7os competitivos<\/span><\/p>\n<p class=\"magic-47\"><span class=\"magic-43\" style=\"color: #0f0202; font-family: Georgia;\">B. Centenas de estilos diferentes para uma ampla escolha<\/p>\n<p>C. Cores de imita\u00e7\u00e3o tradicionais ou antigas, \u00e0 escolha<\/p>\n<p>D. Servi\u00e7o confi\u00e1vel com coopera\u00e7\u00e3o imediata e estreita.<\/span><\/p>","protected":false},"featured_media":1309,"comment_status":"open","ping_status":"closed","template":"","meta":{"_eb_attr":"","_monsterinsights_skip_tracking":false,"_monsterinsights_sitenote_active":false,"_monsterinsights_sitenote_note":"","_monsterinsights_sitenote_category":0,"_uf_show_specific_survey":0,"_uf_disable_surveys":false},"product_brand":[],"product_cat":[54],"product_tag":[],"class_list":{"0":"post-1308","1":"product","2":"type-product","3":"status-publish","4":"has-post-thumbnail","6":"product_cat-wood-fire-pit","8":"first","9":"instock","10":"shipping-taxable","11":"product-type-simple"},"_links":{"self":[{"href":"https:\/\/keweicorten.com\/pt\/wp-json\/wp\/v2\/product\/1308"}],"collection":[{"href":"https:\/\/keweicorten.com\/pt\/wp-json\/wp\/v2\/product"}],"about":[{"href":"https:\/\/keweicorten.com\/pt\/wp-json\/wp\/v2\/types\/product"}],"replies":[{"embeddable":true,"href":"https:\/\/keweicorten.com\/pt\/wp-json\/wp\/v2\/comments?post=1308"}],"version-history":[{"count":1,"href":"https:\/\/keweicorten.com\/pt\/wp-json\/wp\/v2\/product\/1308\/revisions"}],"predecessor-version":[{"id":1310,"href":"https:\/\/keweicorten.com\/pt\/wp-json\/wp\/v2\/product\/1308\/revisions\/1310"}],"wp:featuredmedia":[{"embeddable":true,"href":"https:\/\/keweicorten.com\/pt\/wp-json\/wp\/v2\/media\/1309"}],"wp:attachment":[{"href":"https:\/\/keweicorten.com\/pt\/wp-json\/wp\/v2\/media?parent=1308"}],"wp:term":[{"taxonomy":"product_brand","embeddable":true,"href":"https:\/\/keweicorten.com\/pt\/wp-json\/wp\/v2\/product_brand?post=1308"},{"taxonomy":"product_cat","embeddable":true,"href":"https:\/\/keweicorten.com\/pt\/wp-json\/wp\/v2\/product_cat?post=1308"},{"taxonomy":"product_tag","embeddable":true,"href":"https:\/\/keweicorten.com\/pt\/wp-json\/wp\/v2\/product_tag?post=1308"}],"curies":[{"name":"wp","href":"https:\/\/api.w.org\/{rel}","templated":true}]}}