{"id":1311,"date":"2024-09-23T03:00:44","date_gmt":"2024-09-23T03:00:44","guid":{"rendered":"https:\/\/keweicorten.com\/?post_type=product&#038;p=1311"},"modified":"2025-01-15T06:24:07","modified_gmt":"2025-01-15T06:24:07","slug":"tigela-metalica-para-recursos-hidricos","status":"publish","type":"product","link":"https:\/\/keweicorten.com\/pt\/tigela-metalica-para-recursos-hidricos\/","title":{"rendered":"tigela met\u00e1lica para recursos h\u00eddricos"},"content":{"rendered":"<h2>Tigela met\u00e1lica para recursos h\u00eddricos:<\/h2>\n<p>Resist\u00eancia \u00e0 corros\u00e3o: O a\u00e7o para intemp\u00e9ries tem forte resist\u00eancia \u00e0 corros\u00e3o e pode manter boas condi\u00e7\u00f5es mesmo se exposto ao vento e \u00e0 chuva por um longo per\u00edodo fora de casa.<br \/>\nBeleza natural: Com o tempo, a superf\u00edcie apresentar\u00e1 gradualmente uma textura \u00fanica de ferrugem, formando uma apar\u00eancia natural de marrom alaranjado, muito alinhada com a combina\u00e7\u00e3o de estilo de design moderno e natural.<br \/>\nProte\u00e7\u00e3o ambiental: O a\u00e7o resistente \u00e0s intemp\u00e9ries \u00e9 um material ecologicamente correto, o a\u00e7o corro\u00eddo n\u00e3o requer manuten\u00e7\u00e3o adicional e n\u00e3o causar\u00e1 impacto no meio ambiente.<br \/>\nVersatilidade: A tigela de a\u00e7o resistente \u00e0s intemp\u00e9ries pode ser usada para recursos h\u00eddricos no p\u00e1tio, como banho para p\u00e1ssaros, lago para peixes ou decora\u00e7\u00e3o de paisagens, ou como parte de uma fonte.<br \/>\nOp\u00e7\u00f5es de tamanho: Dependendo dos requisitos de espa\u00e7o, as bacias de a\u00e7o resistentes \u00e0s intemp\u00e9ries est\u00e3o dispon\u00edveis em uma variedade de tamanhos, desde pequenas bacias de \u00e1gua decorativas at\u00e9 grandes piscinas para paisagismo.<br \/>\nCen\u00e1rio de uso:<br \/>\n1. \u00c1gua para paisagismo<br \/>\n2. Projeto da fonte<br \/>\n3. Decora\u00e7\u00e3o do centro do p\u00e1tio<\/p>\n<p>As bacias de a\u00e7o corten t\u00eam muitos benef\u00edcios, tanto est\u00e9ticos quanto pr\u00e1ticos. Elas t\u00eam um toque industrial, mas n\u00e3o s\u00e3o duras ou frias, e seus belos tons acobreados acrescentam profundidade e contraste a um esquema. O Corten Steel Fire Pit \u00e9 o recurso perfeito para jardins de baixa manuten\u00e7\u00e3o. Fogueiras de a\u00e7o corten. Descubra a durabilidade e a beleza r\u00fastica de uma fogueira de a\u00e7o corten. Nas variedades de queima de madeira e g\u00e1s, cada fogueira de a\u00e7o corten desenvolve um acabamento de p\u00e1tina exclusivo e serve n\u00e3o apenas como um recurso de fogo, mas como uma obra de arte.<\/p>\n<figure style=\"width: 627px\" class=\"wp-caption alignnone\"><a href=\"https:\/\/keweicorten.com\/pt\"><img fetchpriority=\"high\" decoding=\"async\" title=\"tigela de \u00e1gua para jardim\" src=\"https:\/\/sc04.alicdn.com\/kf\/H75f6bcdaad934358a327cd4efdbeb9ae2\/238887437\/H75f6bcdaad934358a327cd4efdbeb9ae2.jpg\" alt=\"\" width=\"627\" height=\"627\" \/><\/a><figcaption class=\"wp-caption-text\">tigela de \u00e1gua para jardim<\/figcaption><\/figure>\n<p><b><span class=\"magic-15\" data-spm-anchor-id=\"a2700.details.0.i42.7d417f93rLNuig\">A fogueira \u00e9 usada em uma variedade de ambientes internos ou externos, como jardins externos, festas e churrascos. <\/span><\/b><\/p>","protected":false},"excerpt":{"rendered":"<p>Fogueiras de a\u00e7o corten. Descubra a durabilidade e a beleza r\u00fastica de uma fogueira de a\u00e7o corten. Nas variedades de queima de madeira e g\u00e1s, cada fogueira de a\u00e7o corten desenvolve um acabamento de p\u00e1tina exclusivo e serve n\u00e3o apenas como um recurso de fogo, mas como uma obra de arte.<\/p>","protected":false},"featured_media":1312,"comment_status":"open","ping_status":"closed","template":"","meta":{"_eb_attr":"","_monsterinsights_skip_tracking":false,"_monsterinsights_sitenote_active":false,"_monsterinsights_sitenote_note":"","_monsterinsights_sitenote_category":0,"_uf_show_specific_survey":0,"_uf_disable_surveys":false},"product_brand":[],"product_cat":[54],"product_tag":[],"class_list":{"0":"post-1311","1":"product","2":"type-product","3":"status-publish","4":"has-post-thumbnail","6":"product_cat-wood-fire-pit","8":"first","9":"instock","10":"shipping-taxable","11":"product-type-simple"},"_links":{"self":[{"href":"https:\/\/keweicorten.com\/pt\/wp-json\/wp\/v2\/product\/1311"}],"collection":[{"href":"https:\/\/keweicorten.com\/pt\/wp-json\/wp\/v2\/product"}],"about":[{"href":"https:\/\/keweicorten.com\/pt\/wp-json\/wp\/v2\/types\/product"}],"replies":[{"embeddable":true,"href":"https:\/\/keweicorten.com\/pt\/wp-json\/wp\/v2\/comments?post=1311"}],"version-history":[{"count":1,"href":"https:\/\/keweicorten.com\/pt\/wp-json\/wp\/v2\/product\/1311\/revisions"}],"predecessor-version":[{"id":1313,"href":"https:\/\/keweicorten.com\/pt\/wp-json\/wp\/v2\/product\/1311\/revisions\/1313"}],"wp:featuredmedia":[{"embeddable":true,"href":"https:\/\/keweicorten.com\/pt\/wp-json\/wp\/v2\/media\/1312"}],"wp:attachment":[{"href":"https:\/\/keweicorten.com\/pt\/wp-json\/wp\/v2\/media?parent=1311"}],"wp:term":[{"taxonomy":"product_brand","embeddable":true,"href":"https:\/\/keweicorten.com\/pt\/wp-json\/wp\/v2\/product_brand?post=1311"},{"taxonomy":"product_cat","embeddable":true,"href":"https:\/\/keweicorten.com\/pt\/wp-json\/wp\/v2\/product_cat?post=1311"},{"taxonomy":"product_tag","embeddable":true,"href":"https:\/\/keweicorten.com\/pt\/wp-json\/wp\/v2\/product_tag?post=1311"}],"curies":[{"name":"wp","href":"https:\/\/api.w.org\/{rel}","templated":true}]}}