{"id":1314,"date":"2024-09-23T06:19:58","date_gmt":"2024-09-23T06:19:58","guid":{"rendered":"https:\/\/keweicorten.com\/?post_type=product&#038;p=1314"},"modified":"2025-01-15T06:23:53","modified_gmt":"2025-01-15T06:23:53","slug":"churrasqueira-a-carvao-de-aco-corten-para-uso-externo","status":"publish","type":"product","link":"https:\/\/keweicorten.com\/pt\/churrasqueira-a-carvao-de-aco-corten-para-uso-externo\/","title":{"rendered":"Churrasqueira a carv\u00e3o de a\u00e7o corten para uso externo"},"content":{"rendered":"<p>Uma churrasqueira a carv\u00e3o de a\u00e7o corten para uso externo combina a durabilidade e o charme r\u00fastico do a\u00e7o resistente \u00e0s intemp\u00e9ries com a funcionalidade de uma churrasqueira a carv\u00e3o. O a\u00e7o corten desenvolve uma camada protetora de ferrugem com o tempo, o que lhe confere uma apar\u00eancia \u00fanica e o torna resistente \u00e0 corros\u00e3o, ideal para uso ao ar livre.<\/p>\n<p>Caracter\u00edsticas:<br \/>\n1. durabilidade: O a\u00e7o corten pode resistir a condi\u00e7\u00f5es clim\u00e1ticas adversas, o que o torna uma \u00f3tima op\u00e7\u00e3o para churrasqueiras externas feitas para durar.<br \/>\n2. Est\u00e9tica r\u00fastica: A camada de ferrugem que se forma naturalmente lhe confere uma apar\u00eancia bonita e terrosa que complementa os espa\u00e7os externos.<br \/>\n3. Baixa manuten\u00e7\u00e3o: A camada de ferrugem protege o a\u00e7o por baixo, portanto, requer manuten\u00e7\u00e3o m\u00ednima.<br \/>\n4. Reten\u00e7\u00e3o de calor: O a\u00e7o corten ret\u00e9m bem o calor, o que o torna eficiente para grelhar e cozinhar.<br \/>\n5. Versatilidade de design: Muitas churrasqueiras de a\u00e7o Corten t\u00eam designs elegantes e modernos que podem servir tanto como equipamento de cozinha funcional quanto como elemento decorativo para o seu p\u00e1tio ou jardim.<\/p>\n<p>Muitos fabricantes de churrasqueiras a carv\u00e3o de a\u00e7o Corten para uso externo oferecem uma garantia de qualidade para assegurar que o produto atenda \u00e0s expectativas do cliente. A garantia pode abranger a estrutura e a durabilidade da churrasqueira, a qualidade dos materiais usados e a funcionalidade da churrasqueira.<\/p>\n<figure style=\"width: 700px\" class=\"wp-caption alignnone\"><a href=\"https:\/\/keweicorten.com\/pt\"><img fetchpriority=\"high\" decoding=\"async\" title=\"churrasqueira\" src=\"https:\/\/sc04.alicdn.com\/kf\/He0ed5e93b12c40358fb48f957cefcb69S\/252624420\/He0ed5e93b12c40358fb48f957cefcb69S.jpg\" alt=\"\" width=\"700\" height=\"700\" \/><\/a><figcaption class=\"wp-caption-text\">churrasqueira<\/figcaption><\/figure>\n<h3 class=\"magic-5\"><span class=\"magic-6\"><span data-spm-anchor-id=\"a2700.details.0.i39.5eaf3f8dvvep9e\">Garden Party Wood Charcoal Corten metal BBQ Grill Fire pit<\/span><\/span><\/h3>\n<div class=\"magic-7\">\n<div class=\"magic-8\">\n<div class=\"magic-9\">\n<div>O fluxo mostra detalhes do tamanho e da espessura da mat\u00e9ria-prima:<\/div>\n<p>1. a escala de fogo ou a altura do cone \u00e9 geralmente de 27 cm, enrolada com uma folha de metal corten de 2,0 mm.<\/p>\n<div>2. a placa de cozimento: chapa de a\u00e7o de 10 mm laminada a frio O di\u00e2metro \u00e9 de 100 cm<br \/>\n3. a c\u00e2mara de inc\u00eandio usando a\u00e7o Corten de 2,0 mm de espessura<br \/>\n4. o funil de cinzas: a\u00e7o corten de 2 mm<br \/>\n5.Corpo inferior: a\u00e7o corten Espessura: 2 mm Tamanho: 700*500*500 mm<\/div>\n<div>\n<figure style=\"width: 700px\" class=\"wp-caption alignnone\"><a href=\"https:\/\/keweicorten.com\/pt\/entre-em-contato-conosco\/\"><img decoding=\"async\" title=\"grelha para fumantes\" src=\"https:\/\/sc04.alicdn.com\/kf\/H3251a163a5d842c7bd1860b59de2a48bk\/252624420\/H3251a163a5d842c7bd1860b59de2a48bk.jpg\" alt=\"\" width=\"700\" height=\"700\" \/><\/a><figcaption class=\"wp-caption-text\">grelha para fumantes<\/figcaption><\/figure>\n<\/div>\n<\/div>\n<\/div>\n<\/div>","protected":false},"excerpt":{"rendered":"<p>A Corten Steel Charcoal BBQ Outdoor Grill combines the durability and rustic charm of weathering steel with the functionality of a charcoal grill. Corten steel develops a protective layer of rust over time, which gives it a unique appearance and makes it resistant to corrosion, ideal for outdoor use. Features: 1.Durability: Corten steel can withstand [&hellip;]<\/p>","protected":false},"featured_media":1315,"comment_status":"open","ping_status":"closed","template":"","meta":{"_eb_attr":"","_monsterinsights_skip_tracking":false,"_monsterinsights_sitenote_active":false,"_monsterinsights_sitenote_note":"","_monsterinsights_sitenote_category":0,"_uf_show_specific_survey":0,"_uf_disable_surveys":false},"product_brand":[],"product_cat":[63],"product_tag":[],"class_list":{"0":"post-1314","1":"product","2":"type-product","3":"status-publish","4":"has-post-thumbnail","6":"product_cat-steel-bbq-grill","8":"first","9":"instock","10":"shipping-taxable","11":"product-type-simple"},"_links":{"self":[{"href":"https:\/\/keweicorten.com\/pt\/wp-json\/wp\/v2\/product\/1314"}],"collection":[{"href":"https:\/\/keweicorten.com\/pt\/wp-json\/wp\/v2\/product"}],"about":[{"href":"https:\/\/keweicorten.com\/pt\/wp-json\/wp\/v2\/types\/product"}],"replies":[{"embeddable":true,"href":"https:\/\/keweicorten.com\/pt\/wp-json\/wp\/v2\/comments?post=1314"}],"version-history":[{"count":1,"href":"https:\/\/keweicorten.com\/pt\/wp-json\/wp\/v2\/product\/1314\/revisions"}],"predecessor-version":[{"id":1316,"href":"https:\/\/keweicorten.com\/pt\/wp-json\/wp\/v2\/product\/1314\/revisions\/1316"}],"wp:featuredmedia":[{"embeddable":true,"href":"https:\/\/keweicorten.com\/pt\/wp-json\/wp\/v2\/media\/1315"}],"wp:attachment":[{"href":"https:\/\/keweicorten.com\/pt\/wp-json\/wp\/v2\/media?parent=1314"}],"wp:term":[{"taxonomy":"product_brand","embeddable":true,"href":"https:\/\/keweicorten.com\/pt\/wp-json\/wp\/v2\/product_brand?post=1314"},{"taxonomy":"product_cat","embeddable":true,"href":"https:\/\/keweicorten.com\/pt\/wp-json\/wp\/v2\/product_cat?post=1314"},{"taxonomy":"product_tag","embeddable":true,"href":"https:\/\/keweicorten.com\/pt\/wp-json\/wp\/v2\/product_tag?post=1314"}],"curies":[{"name":"wp","href":"https:\/\/api.w.org\/{rel}","templated":true}]}}