{"id":1322,"date":"2024-09-23T07:02:46","date_gmt":"2024-09-23T07:02:46","guid":{"rendered":"https:\/\/keweicorten.com\/?post_type=product&#038;p=1322"},"modified":"2024-09-23T07:02:46","modified_gmt":"2024-09-23T07:02:46","slug":"placa-de-aco-corten-q450nqr1","status":"publish","type":"product","link":"https:\/\/keweicorten.com\/pt\/placa-de-aco-corten-q450nqr1\/","title":{"rendered":"Placa de a\u00e7o corten Q450NQR1"},"content":{"rendered":"<p>A chapa de a\u00e7o Corten Q450NQR1 \u00e9 um tipo de a\u00e7o estrutural de alta resist\u00eancia e baixa liga (HSLA) usado principalmente por sua maior resist\u00eancia \u00e0 corros\u00e3o atmosf\u00e9rica, o que a torna ideal para aplica\u00e7\u00f5es externas. Faz parte da fam\u00edlia de a\u00e7os Corten, frequentemente usados em estruturas arquitet\u00f4nicas, externas e aplica\u00e7\u00f5es industriais em que se deseja durabilidade e apar\u00eancia r\u00fastica.<\/p>\n<h2>\u00a0Principais caracter\u00edsticas da chapa de a\u00e7o corten Q450NQR1:<\/h2>\n<p>1. Resist\u00eancia \u00e0 corros\u00e3o: Desenvolve uma apar\u00eancia est\u00e1vel de ferrugem ap\u00f3s a exposi\u00e7\u00e3o \u00e0s intemp\u00e9ries, o que o protege de mais corros\u00e3o.<br \/>\n2. Alta resist\u00eancia: O \"Q\" no nome refere-se \u00e0 sua resist\u00eancia ao escoamento, que \u00e9 de 450 MPa, tornando-o adequado para fins estruturais.<br \/>\n3. Durabilidade: Oferece excelentes propriedades mec\u00e2nicas para uso prolongado em ambientes adversos.<br \/>\n4. Manuten\u00e7\u00e3o m\u00ednima: Devido \u00e0 sua camada de ferrugem natural, requer menos manuten\u00e7\u00e3o em compara\u00e7\u00e3o com superf\u00edcies pintadas ou revestidas.<\/p>\n<p>Aplica\u00e7\u00f5es t\u00edpicas:<br \/>\n- Pontes<br \/>\n- Estruturas de jardim e mob\u00edlia externa<br \/>\n- Esculturas e instala\u00e7\u00f5es de arte<br \/>\n- Cont\u00eaineres de transporte<br \/>\n- Chamin\u00e9s ou silos industriais<\/p>\n<figure id=\"attachment_1324\" aria-describedby=\"caption-attachment-1324\" style=\"width: 359px\" class=\"wp-caption alignnone\"><img fetchpriority=\"high\" decoding=\"async\" class=\"wp-image-1324\" src=\"https:\/\/keweicorten.com\/wp-content\/uploads\/2024\/09\/\u8010\u5019\u677f-300x300.jpg\" alt=\"\" width=\"359\" height=\"359\" srcset=\"https:\/\/keweicorten.com\/wp-content\/uploads\/2024\/09\/\u8010\u5019\u677f-300x300.jpg 300w, https:\/\/keweicorten.com\/wp-content\/uploads\/2024\/09\/\u8010\u5019\u677f-150x150.jpg 150w, https:\/\/keweicorten.com\/wp-content\/uploads\/2024\/09\/\u8010\u5019\u677f-12x12.jpg 12w, https:\/\/keweicorten.com\/wp-content\/uploads\/2024\/09\/\u8010\u5019\u677f-600x600.jpg 600w, https:\/\/keweicorten.com\/wp-content\/uploads\/2024\/09\/\u8010\u5019\u677f-100x100.jpg 100w, https:\/\/keweicorten.com\/wp-content\/uploads\/2024\/09\/\u8010\u5019\u677f.jpg 700w\" sizes=\"(max-width: 359px) 100vw, 359px\" \/><figcaption id=\"caption-attachment-1324\" class=\"wp-caption-text\">a\u00e7o corten<\/figcaption><\/figure>","protected":false},"excerpt":{"rendered":"<p>Resiste aos efeitos corrosivos da chuva, neve, gelo, neblina e outras condi\u00e7\u00f5es clim\u00e1ticas, formando um<\/p>\n<p>revestimento oxidado marrom-escuro no metal, inibindo assim a penetra\u00e7\u00e3o mais profunda e eliminando a necessidade de anos de pintura e ferrugem dispendiosa<\/p>\n<p>manuten\u00e7\u00e3o.<\/p>","protected":false},"featured_media":1323,"comment_status":"open","ping_status":"closed","template":"","meta":{"_eb_attr":"","_monsterinsights_skip_tracking":false,"_monsterinsights_sitenote_active":false,"_monsterinsights_sitenote_note":"","_monsterinsights_sitenote_category":0,"_uf_show_specific_survey":0,"_uf_disable_surveys":false},"product_brand":[],"product_cat":[21],"product_tag":[],"class_list":{"0":"post-1322","1":"product","2":"type-product","3":"status-publish","4":"has-post-thumbnail","6":"product_cat-weather-resistant-steel-plate","8":"first","9":"instock","10":"shipping-taxable","11":"product-type-simple"},"_links":{"self":[{"href":"https:\/\/keweicorten.com\/pt\/wp-json\/wp\/v2\/product\/1322"}],"collection":[{"href":"https:\/\/keweicorten.com\/pt\/wp-json\/wp\/v2\/product"}],"about":[{"href":"https:\/\/keweicorten.com\/pt\/wp-json\/wp\/v2\/types\/product"}],"replies":[{"embeddable":true,"href":"https:\/\/keweicorten.com\/pt\/wp-json\/wp\/v2\/comments?post=1322"}],"version-history":[{"count":1,"href":"https:\/\/keweicorten.com\/pt\/wp-json\/wp\/v2\/product\/1322\/revisions"}],"predecessor-version":[{"id":1325,"href":"https:\/\/keweicorten.com\/pt\/wp-json\/wp\/v2\/product\/1322\/revisions\/1325"}],"wp:featuredmedia":[{"embeddable":true,"href":"https:\/\/keweicorten.com\/pt\/wp-json\/wp\/v2\/media\/1323"}],"wp:attachment":[{"href":"https:\/\/keweicorten.com\/pt\/wp-json\/wp\/v2\/media?parent=1322"}],"wp:term":[{"taxonomy":"product_brand","embeddable":true,"href":"https:\/\/keweicorten.com\/pt\/wp-json\/wp\/v2\/product_brand?post=1322"},{"taxonomy":"product_cat","embeddable":true,"href":"https:\/\/keweicorten.com\/pt\/wp-json\/wp\/v2\/product_cat?post=1322"},{"taxonomy":"product_tag","embeddable":true,"href":"https:\/\/keweicorten.com\/pt\/wp-json\/wp\/v2\/product_tag?post=1322"}],"curies":[{"name":"wp","href":"https:\/\/api.w.org\/{rel}","templated":true}]}}