{"id":1327,"date":"2024-09-23T07:09:51","date_gmt":"2024-09-23T07:09:51","guid":{"rendered":"https:\/\/keweicorten.com\/?post_type=product&#038;p=1327"},"modified":"2024-09-23T07:09:51","modified_gmt":"2024-09-23T07:09:51","slug":"placa-de-aco-corten-q550nh","status":"publish","type":"product","link":"https:\/\/keweicorten.com\/pt\/placa-de-aco-corten-q550nh\/","title":{"rendered":"Placa de a\u00e7o corten Q550NH"},"content":{"rendered":"<p>A chapa de a\u00e7o corten Q550NH \u00e9 outro a\u00e7o de alta resist\u00eancia e baixa liga (HSLA), semelhante a outros tipos de a\u00e7o corten ou para intemp\u00e9ries, mas com um limite de escoamento maior do que o Q450NQR1. Ele foi projetado especificamente para uso em aplica\u00e7\u00f5es estruturais que exigem for\u00e7a e resist\u00eancia \u00e0 corros\u00e3o em ambientes atmosf\u00e9ricos.<\/p>\n<h2>Principais caracter\u00edsticas da chapa de a\u00e7o corten Q550NH:<\/h2>\n<p>1. Alta resist\u00eancia ao escoamento: O \"550\" indica uma resist\u00eancia ao escoamento de 550 MPa, o que o torna ideal para usos estruturais pesados.<br \/>\n2. Resist\u00eancia \u00e0 corros\u00e3o: Como outros a\u00e7os corten, o Q550NH forma uma camada de \u00f3xido est\u00e1vel e autoprotetora quando exposto \u00e0s condi\u00e7\u00f5es atmosf\u00e9ricas, reduzindo a necessidade de pintura ou revestimento.<br \/>\n3. Robustez e durabilidade: Adequado para uso em ambientes adversos, como zonas industriais e ambientes externos, onde a longevidade \u00e9 crucial.<br \/>\n4. **Baixa manuten\u00e7\u00e3o: A camada de ferrugem do a\u00e7o resistente \u00e0s intemp\u00e9ries serve como prote\u00e7\u00e3o, reduzindo a necessidade de manuten\u00e7\u00e3o ao longo do tempo.<br \/>\n5. Soldabilidade aprimorada: Sua composi\u00e7\u00e3o de liga permite facilidade de soldagem, tornando-o vers\u00e1til na constru\u00e7\u00e3o e na fabrica\u00e7\u00e3o.<\/p>\n<p>Aplica\u00e7\u00f5es t\u00edpicas:<br \/>\n- Pontes e suportes estruturais<br \/>\n- Elementos arquitet\u00f4nicos externos<br \/>\n- Estruturas de jardim e paisagismo<br \/>\n- Fachadas e revestimentos de edif\u00edcios<br \/>\n- Infraestrutura industrial, como silos, chamin\u00e9s e usinas de energia<br \/>\n- Cont\u00eaineres de remessa e ve\u00edculos de transporte<\/p>\n<p>A chapa de a\u00e7o corten Q550NH \u00e9 ideal quando a alta resist\u00eancia e a resist\u00eancia \u00e0 corros\u00e3o s\u00e3o fundamentais. Entre em contato comigo se desejar informa\u00e7\u00f5es ou aplica\u00e7\u00f5es mais espec\u00edficas!<\/p>\n<table border=\"1\" width=\"747\" cellspacing=\"0\" cellpadding=\"0\">\n<tbody>\n<tr class=\"firstRow\">\n<td width=\"196\" height=\"27\">Commodity<\/td>\n<td width=\"548\" height=\"27\">Placa\/folha de a\u00e7o corten\/corten A\/B\/ SPA-H pre\u00e7o do a\u00e7o corten<\/td>\n<\/tr>\n<tr>\n<td width=\"196\" height=\"62\">caracter\u00edstica<\/td>\n<td width=\"548\" height=\"62\">A superf\u00edcie do a\u00e7o corten pode formar uma camada de oxida\u00e7\u00e3o marrom-escura, que inibe a penetra\u00e7\u00e3o mais profunda, para economizar o custo da necessidade de pintura e da dispendiosa manuten\u00e7\u00e3o de preven\u00e7\u00e3o de ferrugem ao longo dos anos.<\/td>\n<\/tr>\n<tr>\n<td rowspan=\"3\" width=\"196\" height=\"79\">Tamanho<\/td>\n<td width=\"548\" height=\"26\">Espessura: 1,6 mm a 80 mm<\/td>\n<\/tr>\n<tr>\n<td width=\"548\" height=\"26\">Largura: 900 mm a 2100 mm<\/td>\n<\/tr>\n<tr>\n<td width=\"548\" height=\"27\">Comprimento: 1m-11,8m<\/td>\n<\/tr>\n<tr>\n<td rowspan=\"4\" width=\"196\" height=\"105\">O que podemos fornecer<\/td>\n<td width=\"548\" height=\"26\">Fornecer bobinas diretamente<\/td>\n<\/tr>\n<tr>\n<td width=\"548\" height=\"26\">Decoil para folha conforme o comprimento solicitado<\/td>\n<\/tr>\n<tr>\n<td width=\"548\" height=\"26\">Pode ser cortado em qualquer formato e processado de acordo com o desenho.<\/td>\n<\/tr>\n<tr>\n<td width=\"548\" height=\"27\">Pode soldar tubos redondos, quadrados, retangulares, barras angulares, etc.<\/td>\n<\/tr>\n<tr>\n<td width=\"196\" height=\"27\">Certificado<\/td>\n<td width=\"548\" height=\"27\" data-spm-anchor-id=\"a2700.details.0.i74.5fe220238AtyJw\">ISO, SGS, MTC<\/td>\n<\/tr>\n<\/tbody>\n<\/table>\n<figure id=\"attachment_1331\" aria-describedby=\"caption-attachment-1331\" style=\"width: 434px\" class=\"wp-caption alignnone\"><img fetchpriority=\"high\" decoding=\"async\" class=\"wp-image-1331\" src=\"https:\/\/keweicorten.com\/wp-content\/uploads\/2024\/09\/\u8010\u5019\u94a2\u677f_\u8010\u5019\u94a2\u677f_\u5c71\u4e1c\u6c83\u5361\u91d1\u5c5e\u5236\u54c1\u6709\u9650\u516c\u53f8_3f14be75-300x300.jpg\" alt=\"\" width=\"434\" height=\"434\" srcset=\"https:\/\/keweicorten.com\/wp-content\/uploads\/2024\/09\/\u8010\u5019\u94a2\u677f_\u8010\u5019\u94a2\u677f_\u5c71\u4e1c\u6c83\u5361\u91d1\u5c5e\u5236\u54c1\u6709\u9650\u516c\u53f8_3f14be75-300x300.jpg 300w, https:\/\/keweicorten.com\/wp-content\/uploads\/2024\/09\/\u8010\u5019\u94a2\u677f_\u8010\u5019\u94a2\u677f_\u5c71\u4e1c\u6c83\u5361\u91d1\u5c5e\u5236\u54c1\u6709\u9650\u516c\u53f8_3f14be75-150x150.jpg 150w, https:\/\/keweicorten.com\/wp-content\/uploads\/2024\/09\/\u8010\u5019\u94a2\u677f_\u8010\u5019\u94a2\u677f_\u5c71\u4e1c\u6c83\u5361\u91d1\u5c5e\u5236\u54c1\u6709\u9650\u516c\u53f8_3f14be75-12x12.jpg 12w, https:\/\/keweicorten.com\/wp-content\/uploads\/2024\/09\/\u8010\u5019\u94a2\u677f_\u8010\u5019\u94a2\u677f_\u5c71\u4e1c\u6c83\u5361\u91d1\u5c5e\u5236\u54c1\u6709\u9650\u516c\u53f8_3f14be75-600x600.jpg 600w, https:\/\/keweicorten.com\/wp-content\/uploads\/2024\/09\/\u8010\u5019\u94a2\u677f_\u8010\u5019\u94a2\u677f_\u5c71\u4e1c\u6c83\u5361\u91d1\u5c5e\u5236\u54c1\u6709\u9650\u516c\u53f8_3f14be75-100x100.jpg 100w, https:\/\/keweicorten.com\/wp-content\/uploads\/2024\/09\/\u8010\u5019\u94a2\u677f_\u8010\u5019\u94a2\u677f_\u5c71\u4e1c\u6c83\u5361\u91d1\u5c5e\u5236\u54c1\u6709\u9650\u516c\u53f8_3f14be75.jpg 700w\" sizes=\"(max-width: 434px) 100vw, 434px\" \/><figcaption id=\"caption-attachment-1331\" class=\"wp-caption-text\">chapa de a\u00e7o desgastada pelo tempo<\/figcaption><\/figure>\n<figure id=\"attachment_1332\" aria-describedby=\"caption-attachment-1332\" style=\"width: 429px\" class=\"wp-caption alignnone\"><img decoding=\"async\" class=\"wp-image-1332\" src=\"https:\/\/keweicorten.com\/wp-content\/uploads\/2024\/09\/\u8010\u5019\u94a2\u677f_\u8010\u5019\u94a2\u677f_\u5c71\u4e1c\u6c83\u5361\u91d1\u5c5e\u5236\u54c1\u6709\u9650\u516c\u53f8_4b932984-300x300.jpg\" alt=\"\" width=\"429\" height=\"429\" srcset=\"https:\/\/keweicorten.com\/wp-content\/uploads\/2024\/09\/\u8010\u5019\u94a2\u677f_\u8010\u5019\u94a2\u677f_\u5c71\u4e1c\u6c83\u5361\u91d1\u5c5e\u5236\u54c1\u6709\u9650\u516c\u53f8_4b932984-300x300.jpg 300w, https:\/\/keweicorten.com\/wp-content\/uploads\/2024\/09\/\u8010\u5019\u94a2\u677f_\u8010\u5019\u94a2\u677f_\u5c71\u4e1c\u6c83\u5361\u91d1\u5c5e\u5236\u54c1\u6709\u9650\u516c\u53f8_4b932984-150x150.jpg 150w, https:\/\/keweicorten.com\/wp-content\/uploads\/2024\/09\/\u8010\u5019\u94a2\u677f_\u8010\u5019\u94a2\u677f_\u5c71\u4e1c\u6c83\u5361\u91d1\u5c5e\u5236\u54c1\u6709\u9650\u516c\u53f8_4b932984-12x12.jpg 12w, https:\/\/keweicorten.com\/wp-content\/uploads\/2024\/09\/\u8010\u5019\u94a2\u677f_\u8010\u5019\u94a2\u677f_\u5c71\u4e1c\u6c83\u5361\u91d1\u5c5e\u5236\u54c1\u6709\u9650\u516c\u53f8_4b932984-600x600.jpg 600w, https:\/\/keweicorten.com\/wp-content\/uploads\/2024\/09\/\u8010\u5019\u94a2\u677f_\u8010\u5019\u94a2\u677f_\u5c71\u4e1c\u6c83\u5361\u91d1\u5c5e\u5236\u54c1\u6709\u9650\u516c\u53f8_4b932984-100x100.jpg 100w, https:\/\/keweicorten.com\/wp-content\/uploads\/2024\/09\/\u8010\u5019\u94a2\u677f_\u8010\u5019\u94a2\u677f_\u5c71\u4e1c\u6c83\u5361\u91d1\u5c5e\u5236\u54c1\u6709\u9650\u516c\u53f8_4b932984.jpg 700w\" sizes=\"(max-width: 429px) 100vw, 429px\" \/><figcaption id=\"caption-attachment-1332\" class=\"wp-caption-text\">pre\u00e7o da chapa de a\u00e7o corten<\/figcaption><\/figure>\n<figure id=\"attachment_1333\" aria-describedby=\"caption-attachment-1333\" style=\"width: 427px\" class=\"wp-caption alignnone\"><img decoding=\"async\" class=\"wp-image-1333\" src=\"https:\/\/keweicorten.com\/wp-content\/uploads\/2024\/09\/\u8010\u5019\u94a2\u677f_\u8010\u5019\u94a2\u677f_\u5c71\u4e1c\u6c83\u5361\u91d1\u5c5e\u5236\u54c1\u6709\u9650\u516c\u53f8_175f6748-300x300.jpg\" alt=\"\" width=\"427\" height=\"427\" srcset=\"https:\/\/keweicorten.com\/wp-content\/uploads\/2024\/09\/\u8010\u5019\u94a2\u677f_\u8010\u5019\u94a2\u677f_\u5c71\u4e1c\u6c83\u5361\u91d1\u5c5e\u5236\u54c1\u6709\u9650\u516c\u53f8_175f6748-300x300.jpg 300w, https:\/\/keweicorten.com\/wp-content\/uploads\/2024\/09\/\u8010\u5019\u94a2\u677f_\u8010\u5019\u94a2\u677f_\u5c71\u4e1c\u6c83\u5361\u91d1\u5c5e\u5236\u54c1\u6709\u9650\u516c\u53f8_175f6748-150x150.jpg 150w, https:\/\/keweicorten.com\/wp-content\/uploads\/2024\/09\/\u8010\u5019\u94a2\u677f_\u8010\u5019\u94a2\u677f_\u5c71\u4e1c\u6c83\u5361\u91d1\u5c5e\u5236\u54c1\u6709\u9650\u516c\u53f8_175f6748-12x12.jpg 12w, https:\/\/keweicorten.com\/wp-content\/uploads\/2024\/09\/\u8010\u5019\u94a2\u677f_\u8010\u5019\u94a2\u677f_\u5c71\u4e1c\u6c83\u5361\u91d1\u5c5e\u5236\u54c1\u6709\u9650\u516c\u53f8_175f6748-600x600.jpg 600w, https:\/\/keweicorten.com\/wp-content\/uploads\/2024\/09\/\u8010\u5019\u94a2\u677f_\u8010\u5019\u94a2\u677f_\u5c71\u4e1c\u6c83\u5361\u91d1\u5c5e\u5236\u54c1\u6709\u9650\u516c\u53f8_175f6748-100x100.jpg 100w, https:\/\/keweicorten.com\/wp-content\/uploads\/2024\/09\/\u8010\u5019\u94a2\u677f_\u8010\u5019\u94a2\u677f_\u5c71\u4e1c\u6c83\u5361\u91d1\u5c5e\u5236\u54c1\u6709\u9650\u516c\u53f8_175f6748.jpg 700w\" sizes=\"(max-width: 427px) 100vw, 427px\" \/><figcaption id=\"caption-attachment-1333\" class=\"wp-caption-text\">pre\u00e7o da chapa de corten<\/figcaption><\/figure>","protected":false},"excerpt":{"rendered":"<div class=\"fr\">\n<p>Placa de a\u00e7o corten Q550NH<br \/>\nA chapa de a\u00e7o corten, devido \u00e0s suas caracter\u00edsticas exclusivas de alta qualidade, pode suportar o ambiente de trabalho severo por um longo tempo, com boa plasticidade.<\/p>\n<\/div>\n<div><a class=\"pconmore mmv\" href=\"https:\/\/keweicorten.com\/pt\/entre-em-contato-conosco\/\" rel=\"nofollow\">Enviar consulta<\/a><\/div>","protected":false},"featured_media":1329,"comment_status":"open","ping_status":"closed","template":"","meta":{"_eb_attr":"","_monsterinsights_skip_tracking":false,"_monsterinsights_sitenote_active":false,"_monsterinsights_sitenote_note":"","_monsterinsights_sitenote_category":0,"_uf_show_specific_survey":0,"_uf_disable_surveys":false},"product_brand":[],"product_cat":[21],"product_tag":[],"class_list":{"0":"post-1327","1":"product","2":"type-product","3":"status-publish","4":"has-post-thumbnail","6":"product_cat-weather-resistant-steel-plate","8":"first","9":"instock","10":"shipping-taxable","11":"product-type-simple"},"_links":{"self":[{"href":"https:\/\/keweicorten.com\/pt\/wp-json\/wp\/v2\/product\/1327"}],"collection":[{"href":"https:\/\/keweicorten.com\/pt\/wp-json\/wp\/v2\/product"}],"about":[{"href":"https:\/\/keweicorten.com\/pt\/wp-json\/wp\/v2\/types\/product"}],"replies":[{"embeddable":true,"href":"https:\/\/keweicorten.com\/pt\/wp-json\/wp\/v2\/comments?post=1327"}],"version-history":[{"count":1,"href":"https:\/\/keweicorten.com\/pt\/wp-json\/wp\/v2\/product\/1327\/revisions"}],"predecessor-version":[{"id":1334,"href":"https:\/\/keweicorten.com\/pt\/wp-json\/wp\/v2\/product\/1327\/revisions\/1334"}],"wp:featuredmedia":[{"embeddable":true,"href":"https:\/\/keweicorten.com\/pt\/wp-json\/wp\/v2\/media\/1329"}],"wp:attachment":[{"href":"https:\/\/keweicorten.com\/pt\/wp-json\/wp\/v2\/media?parent=1327"}],"wp:term":[{"taxonomy":"product_brand","embeddable":true,"href":"https:\/\/keweicorten.com\/pt\/wp-json\/wp\/v2\/product_brand?post=1327"},{"taxonomy":"product_cat","embeddable":true,"href":"https:\/\/keweicorten.com\/pt\/wp-json\/wp\/v2\/product_cat?post=1327"},{"taxonomy":"product_tag","embeddable":true,"href":"https:\/\/keweicorten.com\/pt\/wp-json\/wp\/v2\/product_tag?post=1327"}],"curies":[{"name":"wp","href":"https:\/\/api.w.org\/{rel}","templated":true}]}}