{"id":1338,"date":"2024-09-24T03:00:13","date_gmt":"2024-09-24T03:00:13","guid":{"rendered":"https:\/\/keweicorten.com\/?post_type=product&#038;p=1338"},"modified":"2025-01-15T06:23:24","modified_gmt":"2025-01-15T06:23:24","slug":"tela-decorativa-de-aco-corten","status":"publish","type":"product","link":"https:\/\/keweicorten.com\/pt\/tela-decorativa-de-aco-corten\/","title":{"rendered":"Tela decorativa de a\u00e7o corten"},"content":{"rendered":"<p>As telas decorativas de a\u00e7o corten s\u00e3o amplamente usadas na arquitetura e no paisagismo por sua apar\u00eancia enferrujada natural, durabilidade e capacidade de se misturar aos elementos externos. Essas telas decorativas de a\u00e7o corten geralmente s\u00e3o cortadas a laser com padr\u00f5es complexos, oferecendo funcionalidade e um forte apelo visual. Com o passar do tempo, o a\u00e7o corten desenvolve uma p\u00e1tina protetora e desgastada, dando-lhe uma sensa\u00e7\u00e3o org\u00e2nica e terrosa que aprimora o espa\u00e7o ao redor.<\/p>\n<h2>Caracter\u00edsticas das telas decorativas de a\u00e7o corten:<\/h2>\n<p>1. Resist\u00eancia \u00e0s intemp\u00e9ries: O a\u00e7o corten foi projetado para resistir \u00e0s intemp\u00e9ries e envelhecer perfeitamente, formando uma camada protetora de ferrugem que impede a corros\u00e3o mais profunda.<br \/>\n2. Personaliza\u00e7\u00e3o: A tecnologia de corte a laser permite a cria\u00e7\u00e3o de padr\u00f5es altamente detalhados e intrincados. Os designs mais populares incluem:<br \/>\nFormas geom\u00e9tricas<br \/>\nPadr\u00f5es bot\u00e2nicos (folhas, flores)<br \/>\nArte abstrata<br \/>\nMotivos culturais ou tradicionais<br \/>\nFuncional e est\u00e9tico: Essas telas decorativas de a\u00e7o corten podem servir como elementos decorativos e pr\u00e1ticos. Elas podem proporcionar privacidade, atuar como quebra-vento ou servir como pano de fundo para o paisagismo, tudo isso com um toque art\u00edstico.<br \/>\nBaixa manuten\u00e7\u00e3o: Depois de desenvolver a p\u00e1tina desejada, o a\u00e7o corten requer pouqu\u00edssima manuten\u00e7\u00e3o, o que o torna uma solu\u00e7\u00e3o dur\u00e1vel e duradoura para a decora\u00e7\u00e3o de ambientes externos.<br \/>\nSustentabilidade: O a\u00e7o corten \u00e9 ecologicamente correto porque \u00e9 100% recicl\u00e1vel, o que o torna uma op\u00e7\u00e3o sustent\u00e1vel para constru\u00e7\u00e3o e projeto.<\/p>\n<h2>\u00a0Aplicativos:<\/h2>\n<p>Divisores de jardim: Funcionam bem para separar os espa\u00e7os do jardim ou esconder \u00e1reas inest\u00e9ticas (como caixas de utilidades), mantendo uma est\u00e9tica org\u00e2nica.<br \/>\nPain\u00e9is de parede: Como pain\u00e9is de parede externa ou interna, eles proporcionam textura e profundidade a qualquer projeto arquitet\u00f4nico.<br \/>\nCercas: Eles podem criar op\u00e7\u00f5es de cercas com estilo para espa\u00e7os residenciais e comerciais.<br \/>\nRecursos de ilumina\u00e7\u00e3o: Os designs recortados permitem a passagem da luz, lan\u00e7ando sombras interessantes e tornando-os uma \u00f3tima op\u00e7\u00e3o para efeitos de ilumina\u00e7\u00e3o ambiente.<\/p>\n<figure style=\"width: 696px\" class=\"wp-caption alignnone\"><a href=\"https:\/\/keweicorten.com\/pt\/products\/\"><img fetchpriority=\"high\" decoding=\"async\" title=\"Divis\u00f3ria de parede \" src=\"https:\/\/sc04.alicdn.com\/kf\/H4df5cef3da1544f3880850cf79b606a88\/276435419\/H4df5cef3da1544f3880850cf79b606a88.jpg\" alt=\"\" width=\"696\" height=\"696\" \/><\/a><figcaption class=\"wp-caption-text\">Divis\u00f3ria de parede<\/figcaption><\/figure>\n<figure style=\"width: 698px\" class=\"wp-caption alignnone\"><a href=\"https:\/\/keweicorten.com\/pt\/produto\/telas-de-jardim-de-corten\/\"><img decoding=\"async\" title=\"tela met\u00e1lica de a\u00e7o corten\" src=\"https:\/\/sc02.alicdn.com\/kf\/HTB1vuNWXbYI8KJjy0Faq6zAiVXaA\/227652262\/HTB1vuNWXbYI8KJjy0Faq6zAiVXaA.jpg\" alt=\"\" width=\"698\" height=\"495\" \/><\/a><figcaption class=\"wp-caption-text\">tela met\u00e1lica de a\u00e7o corten<\/figcaption><\/figure>","protected":false},"excerpt":{"rendered":"<table class=\"all magic-4\" style=\"height: 148px;\" width=\"392\">\n<tbody>\n<tr>\n<td colspan=\"1\" rowspan=\"1\">\n<div class=\"magic-5\" data-spm-anchor-id=\"a2700.details.0.i38.b14314aab64Y8q\">Nome do produto<\/div>\n<\/td>\n<td colspan=\"4\" rowspan=\"1\">\n<div class=\"magic-6\">Pain\u00e9is de parede de metal para ambientes externos Pain\u00e9is de tela de a\u00e7o corten cortados a laser<\/div>\n<\/td>\n<\/tr>\n<tr>\n<td colspan=\"1\" rowspan=\"1\">\n<div class=\"magic-5\">Material<\/div>\n<\/td>\n<td colspan=\"4\" rowspan=\"1\">\n<div class=\"magic-6\">A\u00e7o corten, a\u00e7o inoxid\u00e1vel<\/div>\n<\/td>\n<\/tr>\n<tr>\n<td colspan=\"1\" rowspan=\"1\">\n<div class=\"magic-5\">Tamanho<\/div>\n<\/td>\n<td colspan=\"4\" rowspan=\"1\">\n<div class=\"magic-6\">1800*900mm, 2mm de espessura ou personalizado<\/div>\n<\/td>\n<\/tr>\n<tr>\n<td colspan=\"1\" rowspan=\"1\">\n<div class=\"magic-5\">Superf\u00edcie<\/div>\n<\/td>\n<td colspan=\"4\" rowspan=\"1\">\n<div class=\"magic-6\">\u00a0pr\u00e9-incrustado<\/div>\n<\/td>\n<\/tr>\n<tr>\n<td colspan=\"1\" rowspan=\"1\">\n<div class=\"magic-5\">Tecnologia<\/div>\n<\/td>\n<td colspan=\"4\" rowspan=\"1\">\n<div class=\"magic-6\">\u00a0Corte a laser, dobra, perfura\u00e7\u00e3o, soldagem, intemperismo<\/div>\n<\/td>\n<\/tr>\n<tr>\n<td colspan=\"1\" rowspan=\"1\">\n<div class=\"magic-5\">Aplicativo<\/div>\n<\/td>\n<td colspan=\"4\" rowspan=\"1\">\n<div class=\"magic-9\">Decora\u00e7\u00e3o de p\u00e1tios ou \u00e1reas externas<\/div>\n<\/td>\n<\/tr>\n<\/tbody>\n<\/table>","protected":false},"featured_media":1339,"comment_status":"open","ping_status":"closed","template":"","meta":{"_eb_attr":"","_monsterinsights_skip_tracking":false,"_monsterinsights_sitenote_active":false,"_monsterinsights_sitenote_note":"","_monsterinsights_sitenote_category":0,"_uf_show_specific_survey":0,"_uf_disable_surveys":false},"product_brand":[],"product_cat":[57],"product_tag":[],"class_list":{"0":"post-1338","1":"product","2":"type-product","3":"status-publish","4":"has-post-thumbnail","6":"product_cat-screen-panel","8":"first","9":"instock","10":"shipping-taxable","11":"product-type-simple"},"_links":{"self":[{"href":"https:\/\/keweicorten.com\/pt\/wp-json\/wp\/v2\/product\/1338"}],"collection":[{"href":"https:\/\/keweicorten.com\/pt\/wp-json\/wp\/v2\/product"}],"about":[{"href":"https:\/\/keweicorten.com\/pt\/wp-json\/wp\/v2\/types\/product"}],"replies":[{"embeddable":true,"href":"https:\/\/keweicorten.com\/pt\/wp-json\/wp\/v2\/comments?post=1338"}],"version-history":[{"count":1,"href":"https:\/\/keweicorten.com\/pt\/wp-json\/wp\/v2\/product\/1338\/revisions"}],"predecessor-version":[{"id":1340,"href":"https:\/\/keweicorten.com\/pt\/wp-json\/wp\/v2\/product\/1338\/revisions\/1340"}],"wp:featuredmedia":[{"embeddable":true,"href":"https:\/\/keweicorten.com\/pt\/wp-json\/wp\/v2\/media\/1339"}],"wp:attachment":[{"href":"https:\/\/keweicorten.com\/pt\/wp-json\/wp\/v2\/media?parent=1338"}],"wp:term":[{"taxonomy":"product_brand","embeddable":true,"href":"https:\/\/keweicorten.com\/pt\/wp-json\/wp\/v2\/product_brand?post=1338"},{"taxonomy":"product_cat","embeddable":true,"href":"https:\/\/keweicorten.com\/pt\/wp-json\/wp\/v2\/product_cat?post=1338"},{"taxonomy":"product_tag","embeddable":true,"href":"https:\/\/keweicorten.com\/pt\/wp-json\/wp\/v2\/product_tag?post=1338"}],"curies":[{"name":"wp","href":"https:\/\/api.w.org\/{rel}","templated":true}]}}