{"id":1347,"date":"2024-09-24T07:19:21","date_gmt":"2024-09-24T07:19:21","guid":{"rendered":"https:\/\/keweicorten.com\/?post_type=product&#038;p=1347"},"modified":"2025-01-15T06:23:06","modified_gmt":"2025-01-15T06:23:06","slug":"churrasqueira-a-carvao-para-uso-externo","status":"publish","type":"product","link":"https:\/\/keweicorten.com\/pt\/churrasqueira-a-carvao-para-uso-externo\/","title":{"rendered":"Churrasqueira a carv\u00e3o para uso externo"},"content":{"rendered":"<h2>Aplica\u00e7\u00e3o do a\u00e7o Corten em churrasqueiras a carv\u00e3o para uso externo<\/h2>\n<p>Durabilidade a longo prazo: a resist\u00eancia \u00e0s intemp\u00e9ries do a\u00e7o Corten o torna ideal para churrasqueiras externas. Ao contr\u00e1rio das churrasqueiras de a\u00e7o tradicionais, o a\u00e7o Corten pode suportar o uso prolongado ao ar livre sem manuten\u00e7\u00e3o frequente ou preocupa\u00e7\u00f5es com ferrugem.<br \/>\nEle \u00e9 particularmente adequado para uso em climas \u00famidos ou vari\u00e1veis, pois n\u00e3o sofre corros\u00e3o r\u00e1pida devido \u00e0 exposi\u00e7\u00e3o \u00e0 chuva e \u00e0 umidade, como o a\u00e7o comum.<\/p>\n<p>Efici\u00eancia t\u00e9rmica e condutividade t\u00e9rmica: embora o a\u00e7o corten seja conhecido principalmente por sua resist\u00eancia a intemp\u00e9ries, ele tamb\u00e9m tem boa condutividade t\u00e9rmica. Isso significa que ele pode efetivamente distribuir o calor de maneira uniforme durante o processo de grelhar, de modo que o alimento seja aquecido mais uniformemente, melhorando assim o efeito do churrasco.<br \/>\nAl\u00e9m disso, a espessura do a\u00e7o Corten \u00e9 geralmente maior, o que significa que ele pode armazenar calor, retendo-o continuamente com menor consumo de combust\u00edvel.<\/p>\n<p>Funcionalidade e diversidade: as churrasqueiras a carv\u00e3o externas de corten s\u00e3o geralmente projetadas como dispositivos multifuncionais que podem ser usados como grelha ou braseiro, aumentando ainda mais a variedade de cen\u00e1rios em que podem ser usadas. Sua durabilidade e resist\u00eancia \u00e0 corros\u00e3o permitem que suportem altas temperaturas, enquanto sua est\u00e9tica a torna um ponto focal visual para reuni\u00f5es ao ar livre.<\/p>\n<table class=\"all magic-17\" style=\"height: 250px;\" width=\"734\">\n<tbody>\n<tr>\n<td colspan=\"2\" rowspan=\"1\">\n<div class=\"magic-18\" data-spm-anchor-id=\"a2700.details.0.i39.133e3f8dQmxxUd\">Nome do produto<\/div>\n<\/td>\n<td colspan=\"3\" rowspan=\"1\">\n<div class=\"magic-21\">Garden Party Wood Charcoal Corten metal BBQ Grill Fire pit<\/div>\n<\/td>\n<\/tr>\n<tr>\n<td colspan=\"2\" rowspan=\"1\">\n<div class=\"magic-18\">Mat\u00e9ria-prima<\/div>\n<\/td>\n<td colspan=\"3\" rowspan=\"1\">\n<div class=\"magic-21\">Chapa de metal Corten, a\u00e7o inoxid\u00e1vel 304 de grau aliment\u00edcio<\/div>\n<\/td>\n<\/tr>\n<tr>\n<td colspan=\"2\" rowspan=\"1\">\n<div class=\"magic-23\">Tamanho a escolher<\/div>\n<\/td>\n<td colspan=\"3\" rowspan=\"1\">\n<div class=\"magic-25\">500*500*1000mm e tipo redondo, tamb\u00e9m aceita OEM personalizado<\/div>\n<\/td>\n<\/tr>\n<tr>\n<td colspan=\"2\" rowspan=\"1\">\n<div class=\"magic-18\">Tipo de combust\u00edvel<\/div>\n<\/td>\n<td colspan=\"3\" rowspan=\"1\">\n<div class=\"magic-21\">Geralmente \u00e9 feito de carv\u00e3o vegetal, mas tamb\u00e9m pode ser alterado para g\u00e1s\/propano<\/div>\n<\/td>\n<\/tr>\n<tr>\n<td colspan=\"2\" rowspan=\"1\">\n<div class=\"magic-23\">Certifica\u00e7\u00e3o<\/div>\n<\/td>\n<td colspan=\"3\" rowspan=\"1\">\n<div class=\"magic-25\">CE\/ 3C\/ CAS<\/div>\n<\/td>\n<\/tr>\n<tr>\n<td colspan=\"2\" rowspan=\"1\">\n<div class=\"magic-23\">Pacote<\/div>\n<\/td>\n<td colspan=\"3\" rowspan=\"1\">\n<div class=\"magic-25\">Embalagem cartonada com paletes<\/div>\n<\/td>\n<\/tr>\n<tr>\n<td colspan=\"2\" rowspan=\"1\">\n<div class=\"magic-23\">MOQ<\/div>\n<\/td>\n<td colspan=\"3\" rowspan=\"1\">\n<div class=\"magic-25\">1pcs e 80pcs para um cont\u00eainer de 20GP<\/div>\n<\/td>\n<\/tr>\n<tr>\n<td colspan=\"2\" rowspan=\"1\">\n<div class=\"magic-23\">Mercado principal<\/div>\n<\/td>\n<td colspan=\"3\" rowspan=\"1\">\n<div class=\"magic-25\">Europa\/ EUA\/ Austr\u00e1lia<\/div>\n<\/td>\n<\/tr>\n<\/tbody>\n<\/table>\n<figure style=\"width: 700px\" class=\"wp-caption alignnone\"><a href=\"https:\/\/keweicorten.com\/pt\"><img fetchpriority=\"high\" decoding=\"async\" title=\"Fogueira\" src=\"https:\/\/sc04.alicdn.com\/kf\/H3251a163a5d842c7bd1860b59de2a48bk\/252624420\/H3251a163a5d842c7bd1860b59de2a48bk.jpg\" alt=\"\" width=\"700\" height=\"700\" \/><\/a><figcaption class=\"wp-caption-text\">Fogueira<\/figcaption><\/figure>\n<figure style=\"width: 700px\" class=\"wp-caption alignnone\"><a href=\"https:\/\/keweicorten.com\/pt\/products\/\"><img decoding=\"async\" title=\"Churrasqueira a lenha\" src=\"https:\/\/sc04.alicdn.com\/kf\/H10865e80ce434dcf8b929e7e39ebec96l\/252624420\/H10865e80ce434dcf8b929e7e39ebec96l.jpg\" alt=\"\" width=\"700\" height=\"700\" \/><\/a><figcaption class=\"wp-caption-text\">Churrasqueira a lenha<\/figcaption><\/figure>","protected":false},"excerpt":{"rendered":"<p class=\"magic-5\"><span class=\"magic-6\"><span data-spm-anchor-id=\"a2700.details.0.i44.133e3f8dQmxxUd\">Garden Party Wood Charcoal Corten metal BBQ Grill Fire pit<\/span><\/span><\/p>\n<p class=\"magic-5\"><span style=\"font-size: 16px;\">O fluxo mostra detalhes do tamanho e da espessura da mat\u00e9ria-prima:<\/span><\/p>\n<div class=\"magic-7\">\n<div class=\"magic-8\">\n<div class=\"magic-9\">1. a escala de fogo ou a altura do cone \u00e9 geralmente de 27 cm, enrolada com uma folha de metal corten de 2,0 mm.<\/p>\n<div>2. a placa de cozimento: chapa de a\u00e7o de 10 mm laminada a frio O di\u00e2metro \u00e9 de 100 cm<br \/>\n3. a c\u00e2mara de inc\u00eandio usando a\u00e7o Corten de 2,0 mm de espessura<br \/>\n4. o funil de cinzas: a\u00e7o corten de 2 mm<br \/>\n5.Corpo inferior: a\u00e7o corten Espessura: 2 mm Tamanho: 700*500*500 mm<\/div>\n<\/div>\n<\/div>\n<\/div>","protected":false},"featured_media":1348,"comment_status":"open","ping_status":"closed","template":"","meta":{"_eb_attr":"","_monsterinsights_skip_tracking":false,"_monsterinsights_sitenote_active":false,"_monsterinsights_sitenote_note":"","_monsterinsights_sitenote_category":0,"_uf_show_specific_survey":0,"_uf_disable_surveys":false},"product_brand":[],"product_cat":[63],"product_tag":[],"class_list":{"0":"post-1347","1":"product","2":"type-product","3":"status-publish","4":"has-post-thumbnail","6":"product_cat-steel-bbq-grill","8":"first","9":"instock","10":"shipping-taxable","11":"product-type-simple"},"_links":{"self":[{"href":"https:\/\/keweicorten.com\/pt\/wp-json\/wp\/v2\/product\/1347"}],"collection":[{"href":"https:\/\/keweicorten.com\/pt\/wp-json\/wp\/v2\/product"}],"about":[{"href":"https:\/\/keweicorten.com\/pt\/wp-json\/wp\/v2\/types\/product"}],"replies":[{"embeddable":true,"href":"https:\/\/keweicorten.com\/pt\/wp-json\/wp\/v2\/comments?post=1347"}],"version-history":[{"count":1,"href":"https:\/\/keweicorten.com\/pt\/wp-json\/wp\/v2\/product\/1347\/revisions"}],"predecessor-version":[{"id":1352,"href":"https:\/\/keweicorten.com\/pt\/wp-json\/wp\/v2\/product\/1347\/revisions\/1352"}],"wp:featuredmedia":[{"embeddable":true,"href":"https:\/\/keweicorten.com\/pt\/wp-json\/wp\/v2\/media\/1348"}],"wp:attachment":[{"href":"https:\/\/keweicorten.com\/pt\/wp-json\/wp\/v2\/media?parent=1347"}],"wp:term":[{"taxonomy":"product_brand","embeddable":true,"href":"https:\/\/keweicorten.com\/pt\/wp-json\/wp\/v2\/product_brand?post=1347"},{"taxonomy":"product_cat","embeddable":true,"href":"https:\/\/keweicorten.com\/pt\/wp-json\/wp\/v2\/product_cat?post=1347"},{"taxonomy":"product_tag","embeddable":true,"href":"https:\/\/keweicorten.com\/pt\/wp-json\/wp\/v2\/product_tag?post=1347"}],"curies":[{"name":"wp","href":"https:\/\/api.w.org\/{rel}","templated":true}]}}