{"id":1356,"date":"2024-09-24T07:39:02","date_gmt":"2024-09-24T07:39:02","guid":{"rendered":"https:\/\/keweicorten.com\/?post_type=product&#038;p=1356"},"modified":"2024-09-24T07:39:02","modified_gmt":"2024-09-24T07:39:02","slug":"chapas-de-aco-corten-astm-a242","status":"publish","type":"product","link":"https:\/\/keweicorten.com\/pt\/chapas-de-aco-corten-astm-a242\/","title":{"rendered":"Chapas de a\u00e7o corten ASTM A242"},"content":{"rendered":"<p>As chapas de a\u00e7o Corten ASTM A242 s\u00e3o um a\u00e7o de alta resist\u00eancia e baixa liga, comumente chamado de a\u00e7o Corten. Ele foi projetado para ter melhores propriedades de resist\u00eancia \u00e0 corros\u00e3o, especialmente em condi\u00e7\u00f5es atmosf\u00e9ricas, em compara\u00e7\u00e3o com os a\u00e7os carbono padr\u00e3o. As chapas de a\u00e7o Corten ASTM A242 s\u00e3o obtidas por meio de sua composi\u00e7\u00e3o qu\u00edmica exclusiva, que forma uma apar\u00eancia est\u00e1vel semelhante \u00e0 ferrugem ap\u00f3s a exposi\u00e7\u00e3o ao clima, protegendo o a\u00e7o de mais corros\u00e3o.<\/p>\n<h2>Caracter\u00edsticas das chapas de a\u00e7o corten ASTM A242:<\/h2>\n<ol>\n<li><strong>Resist\u00eancia \u00e0 corros\u00e3o<\/strong>: Desenvolve uma camada protetora de \u00f3xido (p\u00e1tina) quando exposto \u00e0s intemp\u00e9ries, o que evita a forma\u00e7\u00e3o de ferrugem.<\/li>\n<li><strong>Alta resist\u00eancia<\/strong>: Tem boa resist\u00eancia \u00e0 tra\u00e7\u00e3o, o que o torna adequado para aplica\u00e7\u00f5es estruturais.<\/li>\n<li><strong>Durabilidade<\/strong>: Resiste a condi\u00e7\u00f5es clim\u00e1ticas adversas, o que o torna ideal para uso externo, como em fachadas arquitet\u00f4nicas, esculturas e fogueiras de jardim.<\/li>\n<\/ol>\n<figure style=\"width: 650px\" class=\"wp-caption alignnone\"><a href=\"https:\/\/keweicorten.com\/pt\"><img fetchpriority=\"high\" decoding=\"async\" title=\"chapas de corten\" src=\"https:\/\/image.made-in-china.com\/2f0j00LkoVQuIcOqRb\/ASTM-A242-Steel-Corten-a-Provides-ASTM-A242-Steel-Plate-and-Customized-Steel-Profiles.jpg\" alt=\"A\u00e7o ASTM A242 A Corten a fornece chapas de a\u00e7o ASTM A242 e personalizado ...\" width=\"650\" height=\"650\" \/><\/a><figcaption class=\"wp-caption-text\">chapas de corten<\/figcaption><\/figure>\n<figure style=\"width: 651px\" class=\"wp-caption alignnone\"><a href=\"https:\/\/keweicorten.com\/pt\"><img decoding=\"async\" title=\"placa de corten\" src=\"https:\/\/www.amardeepsteel.com\/images\/corten-steel-irsm-41-97-steel-plates.jpg\" alt=\"Fornecedor de chapas e folhas de a\u00e7o corten IRSM 41-97\" width=\"651\" height=\"367\" \/><\/a><figcaption class=\"wp-caption-text\">placa de corten<\/figcaption><\/figure>\n<table style=\"height: 285px;\" border=\"1\" width=\"959\" cellspacing=\"1\" cellpadding=\"1\">\n<tbody>\n<tr>\n<td>Tipo de tubo de a\u00e7o<\/td>\n<td>Tubo soldado com costura reta Tubo de a\u00e7o cs para material de constru\u00e7\u00e3o<\/td>\n<\/tr>\n<tr>\n<td>Di\u00e2metro externo (mm)<\/td>\n<td>10,3-1219 mm<\/td>\n<\/tr>\n<tr>\n<td>Espessura da parede (mm)<\/td>\n<td>1,5-30 mm<\/td>\n<\/tr>\n<tr>\n<td>Comprimento<\/td>\n<td>Comprimento aleat\u00f3rio: 5-12m<\/td>\n<\/tr>\n<tr>\n<td>Padr\u00e3o<\/td>\n<td>API5L , ASTM A106 Gr.B, ASTM A53 Gr.B,<br \/>\nASTMA179\/A192\/A213\/A210\/370WP91,WP11,WP22 GB5310-2009,GB3087-2008,GB6479-2013,GB9948-2013,<br \/>\nGB\/T8163-2008, GB8162-2008,GB\/T17396-2009<\/td>\n<\/tr>\n<tr>\n<td>Material<\/td>\n<td>20#, A53B, A106B, API 5L<br \/>\nST37.0,ST35.8,St37.2,St35.4\/8,St42,St45,St52,St52.4<br \/>\nSTP G38, STP G42, STPT42, STB42, STS42, STPT49, STS49<\/td>\n<\/tr>\n<tr>\n<td>Superf\u00edcie<\/td>\n<td>Pintura preta, tinta de verniz, \u00f3leo antiferrugem, galvanizado a quente, galvanizado a frio, 3PE, etc.<\/td>\n<\/tr>\n<tr>\n<td>Embalagem<\/td>\n<td>Embalagem solta, embalada em feixes (m\u00e1ximo de 3 toneladas), tubos agrupados com duas eslingas em ambas as extremidades para facilitar o carregamento e o descarregamento, extremidade<br \/>\ncom tampas de pl\u00e1stico ou conforme a necessidade<\/td>\n<\/tr>\n<tr>\n<td>Aplicativo<\/td>\n<td>API5L ISO 9001:2008 TUV SGS BV etc.<\/td>\n<\/tr>\n<\/tbody>\n<\/table>","protected":false},"excerpt":{"rendered":"<p>Placa de a\u00e7o corten a242 de 10 mm de espessura Chapas de a\u00e7o corten ASTM A242<\/p>\n<p>&nbsp;<\/p>\n<div><\/div>","protected":false},"featured_media":1357,"comment_status":"open","ping_status":"closed","template":"","meta":{"_eb_attr":"","_monsterinsights_skip_tracking":false,"_monsterinsights_sitenote_active":false,"_monsterinsights_sitenote_note":"","_monsterinsights_sitenote_category":0,"_uf_show_specific_survey":0,"_uf_disable_surveys":false},"product_brand":[],"product_cat":[21],"product_tag":[],"class_list":{"0":"post-1356","1":"product","2":"type-product","3":"status-publish","4":"has-post-thumbnail","6":"product_cat-weather-resistant-steel-plate","8":"first","9":"instock","10":"shipping-taxable","11":"product-type-simple"},"_links":{"self":[{"href":"https:\/\/keweicorten.com\/pt\/wp-json\/wp\/v2\/product\/1356"}],"collection":[{"href":"https:\/\/keweicorten.com\/pt\/wp-json\/wp\/v2\/product"}],"about":[{"href":"https:\/\/keweicorten.com\/pt\/wp-json\/wp\/v2\/types\/product"}],"replies":[{"embeddable":true,"href":"https:\/\/keweicorten.com\/pt\/wp-json\/wp\/v2\/comments?post=1356"}],"version-history":[{"count":1,"href":"https:\/\/keweicorten.com\/pt\/wp-json\/wp\/v2\/product\/1356\/revisions"}],"predecessor-version":[{"id":1358,"href":"https:\/\/keweicorten.com\/pt\/wp-json\/wp\/v2\/product\/1356\/revisions\/1358"}],"wp:featuredmedia":[{"embeddable":true,"href":"https:\/\/keweicorten.com\/pt\/wp-json\/wp\/v2\/media\/1357"}],"wp:attachment":[{"href":"https:\/\/keweicorten.com\/pt\/wp-json\/wp\/v2\/media?parent=1356"}],"wp:term":[{"taxonomy":"product_brand","embeddable":true,"href":"https:\/\/keweicorten.com\/pt\/wp-json\/wp\/v2\/product_brand?post=1356"},{"taxonomy":"product_cat","embeddable":true,"href":"https:\/\/keweicorten.com\/pt\/wp-json\/wp\/v2\/product_cat?post=1356"},{"taxonomy":"product_tag","embeddable":true,"href":"https:\/\/keweicorten.com\/pt\/wp-json\/wp\/v2\/product_tag?post=1356"}],"curies":[{"name":"wp","href":"https:\/\/api.w.org\/{rel}","templated":true}]}}