{"id":1359,"date":"2024-09-24T07:49:55","date_gmt":"2024-09-24T07:49:55","guid":{"rendered":"https:\/\/keweicorten.com\/?post_type=product&#038;p=1359"},"modified":"2024-09-24T07:49:55","modified_gmt":"2024-09-24T07:49:55","slug":"placa-de-aco-corten-para-intemperies-a588","status":"publish","type":"product","link":"https:\/\/keweicorten.com\/pt\/placa-de-aco-corten-para-intemperies-a588\/","title":{"rendered":"A588 CORTEN Weathering Steel Plate"},"content":{"rendered":"<h2>Caracter\u00edsticas da chapa de a\u00e7o para intemp\u00e9ries A588 CORTEN <span style=\"font-size: 16px;\">:<\/span><\/h2>\n<ol>\n<li><strong>Resist\u00eancia \u00e0 corros\u00e3o aprimorada<\/strong>: Assim como o A242, o A588 forma uma camada protetora de \u00f3xido quando exposto ao clima, o que minimiza a corros\u00e3o adicional.<\/li>\n<li><strong>Alta resist\u00eancia<\/strong>: Oferece excelente resist\u00eancia estrutural e pode suportar condi\u00e7\u00f5es ambientais adversas.<\/li>\n<li><strong>Soldabilidade<\/strong>: O a\u00e7o A588 pode ser soldado facilmente, o que o torna adequado para v\u00e1rios projetos estruturais.<\/li>\n<li><strong>Durabilidade<\/strong>: Resiste a temperaturas extremas, o que o torna ideal para uso externo e instala\u00e7\u00f5es de longa dura\u00e7\u00e3o.<\/li>\n<\/ol>\n<h3>Composi\u00e7\u00e3o:<\/h3>\n<p>O a\u00e7o A588 normalmente cont\u00e9m pequenas quantidades de cobre, cromo, n\u00edquel e f\u00f3sforo, que contribuem para suas caracter\u00edsticas de intemperismo.<\/p>\n<p>H\u00e1 v\u00e1rios benef\u00edcios associados \u00e0 chapa de a\u00e7o Corten A588 que permitem que ela seja usada em aplica\u00e7\u00f5es industriais em todo o mundo. Os benef\u00edcios da chapa de a\u00e7o para intemp\u00e9ries A588 incluem:<\/p>\n<ul>\n<li>Baixa manuten\u00e7\u00e3o<\/li>\n<li>Economia de custos<\/li>\n<li>Velocidade de constru\u00e7\u00e3o<\/li>\n<li>Seguro<\/li>\n<li>Favor\u00e1vel ao meio ambiente<\/li>\n<li>Esteticamente atraente<\/li>\n<\/ul>\n<p>A especifica\u00e7\u00e3o A588 CORTEN Weathering Steel Plate destina-se principalmente ao uso em aplica\u00e7\u00f5es sem pintura, em que a economia de peso ou a durabilidade adicional s\u00e3o importantes, juntamente com o ciclo de vida mais longo devido \u00e0s suas propriedades de resist\u00eancia \u00e0 corros\u00e3o e\/ou para obter uma apar\u00eancia esteticamente agrad\u00e1vel.<\/p>\n<figure style=\"width: 650px\" class=\"wp-caption alignnone\"><a href=\"https:\/\/keweicorten.com\/pt\/products\/\"><img fetchpriority=\"high\" decoding=\"async\" title=\"A588 CORTEN Weathering Steel Plate \" src=\"https:\/\/www.csteelindia.com\/images\/astm-a242-corten-plates.jpg\" alt=\"A\u00e7o corten Chapa de a\u00e7o corten A\u00e7o para intemp\u00e9ries - vrogue.co\" width=\"650\" height=\"366\" \/><\/a><figcaption class=\"wp-caption-text\">A588 CORTEN Weathering Steel Plate<\/figcaption><\/figure>\n<figure style=\"width: 650px\" class=\"wp-caption alignnone\"><a href=\"https:\/\/keweicorten.com\/pt\/entre-em-contato-conosco\/\"><img decoding=\"async\" title=\"chapas de corten\" src=\"https:\/\/www.cortensteels.com\/uploads\/202130314\/weathering-corten-steel-plate-a58823590722739.jpg\" alt=\"China Weathering Corten Steel Plate A588 Fabricantes, fornecedores ...\" width=\"650\" height=\"650\" \/><\/a><figcaption class=\"wp-caption-text\">chapas de corten<\/figcaption><\/figure>\n<figure style=\"width: 650px\" class=\"wp-caption alignnone\"><a href=\"https:\/\/keweicorten.com\/pt\/products\/\"><img decoding=\"async\" title=\"chapa de a\u00e7o corten\" src=\"https:\/\/th.bing.com\/th\/id\/R.40d0e63328c61babd24d04e063856bdb?rik=NpoNYTQbDSmrgQ&amp;riu=http%3a%2f%2fwww.gescosteel.com%2fphoto%2fpt32409668-a387_gr_5_steel_plate_a387_pressure_vessel_plates_a387_hot_rolled_steel_sheet_10_mm_thickness_a387_11_alloy_steel_plate.jpg&amp;ehk=B1K4358OD3RHH2%2fZ8nb4DSuUIux5ccqh8DKyh0EV76Y%3d&amp;risl=&amp;pid=ImgRaw&amp;r=0\" alt=\"Placa de a\u00e7o A387 Gr.5 Placas para vasos de press\u00e3o A387 Placas de a\u00e7o laminado a quente A387 ...\" width=\"650\" height=\"463\" \/><\/a><figcaption class=\"wp-caption-text\">chapa de a\u00e7o corten<\/figcaption><\/figure>","protected":false},"excerpt":{"rendered":"<p>A chapa de a\u00e7o corten A588 para intemp\u00e9ries \u00e9 outro tipo de a\u00e7o estrutural de alta resist\u00eancia e baixa liga com maior resist\u00eancia \u00e0 corros\u00e3o atmosf\u00e9rica. \u00c9 frequentemente chamado de \"a\u00e7o para intemp\u00e9ries\" e \u00e9 amplamente utilizado em aplica\u00e7\u00f5es externas devido \u00e0 sua capacidade de formar uma camada protetora de ferrugem, semelhante \u00e0 ASTM A242.<\/p>","protected":false},"featured_media":1360,"comment_status":"open","ping_status":"closed","template":"","meta":{"_eb_attr":"","_monsterinsights_skip_tracking":false,"_monsterinsights_sitenote_active":false,"_monsterinsights_sitenote_note":"","_monsterinsights_sitenote_category":0,"_uf_show_specific_survey":0,"_uf_disable_surveys":false},"product_brand":[],"product_cat":[21],"product_tag":[],"class_list":{"0":"post-1359","1":"product","2":"type-product","3":"status-publish","4":"has-post-thumbnail","6":"product_cat-weather-resistant-steel-plate","8":"first","9":"instock","10":"shipping-taxable","11":"product-type-simple"},"_links":{"self":[{"href":"https:\/\/keweicorten.com\/pt\/wp-json\/wp\/v2\/product\/1359"}],"collection":[{"href":"https:\/\/keweicorten.com\/pt\/wp-json\/wp\/v2\/product"}],"about":[{"href":"https:\/\/keweicorten.com\/pt\/wp-json\/wp\/v2\/types\/product"}],"replies":[{"embeddable":true,"href":"https:\/\/keweicorten.com\/pt\/wp-json\/wp\/v2\/comments?post=1359"}],"version-history":[{"count":1,"href":"https:\/\/keweicorten.com\/pt\/wp-json\/wp\/v2\/product\/1359\/revisions"}],"predecessor-version":[{"id":1361,"href":"https:\/\/keweicorten.com\/pt\/wp-json\/wp\/v2\/product\/1359\/revisions\/1361"}],"wp:featuredmedia":[{"embeddable":true,"href":"https:\/\/keweicorten.com\/pt\/wp-json\/wp\/v2\/media\/1360"}],"wp:attachment":[{"href":"https:\/\/keweicorten.com\/pt\/wp-json\/wp\/v2\/media?parent=1359"}],"wp:term":[{"taxonomy":"product_brand","embeddable":true,"href":"https:\/\/keweicorten.com\/pt\/wp-json\/wp\/v2\/product_brand?post=1359"},{"taxonomy":"product_cat","embeddable":true,"href":"https:\/\/keweicorten.com\/pt\/wp-json\/wp\/v2\/product_cat?post=1359"},{"taxonomy":"product_tag","embeddable":true,"href":"https:\/\/keweicorten.com\/pt\/wp-json\/wp\/v2\/product_tag?post=1359"}],"curies":[{"name":"wp","href":"https:\/\/api.w.org\/{rel}","templated":true}]}}